{"id":7382,"date":"2017-01-23T11:24:28","date_gmt":"2017-01-23T10:24:28","guid":{"rendered":"https:\/\/www.elha.de\/?page_id=7382"},"modified":"2025-05-22T16:33:41","modified_gmt":"2025-05-22T14:33:41","slug":"machine-design","status":"publish","type":"page","link":"https:\/\/www.elha.de\/en\/maschinen\/fertigungsmodule\/maschinenaufbau\/","title":{"rendered":"Machine design"},"content":{"rendered":"\n<div id=\"container\">\r\n\t\r\n\t\r\n\t\t<img decoding=\"async\" id=\"fm-msk\" src=\"https:\/\/www.elha.de\/wp-content\/uploads\/fm-design-heads.jpg\">\r\n\t\t<img decoding=\"async\" id=\"fm-rev\" src=\"https:\/\/www.elha.de\/wp-content\/uploads\/fm-design-revolvers.jpg\">\r\n\t\r\n\t<img decoding=\"async\" id=\"fm-pfeile\" src=\"https:\/\/www.elha.de\/wp-content\/uploads\/fm-aufbau-doppelpfeil.png\">\r\n\r\n\t<div class=\"elem\" id=\"elem_msk\">\r\n\t\t<img decoding=\"async\" src=\"https:\/\/www.elha.de\/wp-content\/uploads\/mehrspindelkoepfe-icon.png\" data-toggle=\"popover\" data-placement=\"bottom\" title=\"Mehrspindelk\u00f6pfe\" data-content=\"MSK\u00b4s sind die prozessspezifischen Schl\u00fcsselkomponenten f\u00fcr h\u00f6chste Produktivit\u00e4t\">\r\n\t<\/div>\r\n\r\n\t<div class=\"elem\" id=\"elem_ram\">\r\n\t\t<img decoding=\"async\" src=\"https:\/\/www.elha.de\/wp-content\/uploads\/hydrostatischer-ram-icon.png\" data-toggle=\"popover\" data-placement=\"right\" title=\"Hydrostatischer Ram\" data-content=\"Hydrostatischer Ram f\u00fcr maximale Steifigkeit und D\u00e4mpfung zur Erreichung exzellenter Performance und Genauigkeiten, auch bei schwerer Zerspanung\">\r\n\t<\/div>\r\n\r\n\t<div class=\"elem\" id=\"elem_fein\">\r\n\t\t<img decoding=\"async\" src=\"https:\/\/www.elha.de\/wp-content\/uploads\/spindelfeineinstellung-icon.png\" data-toggle=\"popover\" data-placement=\"bottom\" title=\"Spindelfeineinstellung\" data-content=\"Einfaches, schnelles und hochgenaues Einstellen der Spindeln f\u00fcr beste Bearbeitungspr\u00e4zision\">\r\n\t<\/div>\r\n\r\n\t<div class=\"elem\" id=\"elem_srr\">\r\n\t\t<img decoding=\"async\" src=\"https:\/\/www.elha.de\/wp-content\/uploads\/spindelreihenrevolver-icon.png\" data-toggle=\"popover\" data-placement=\"top\" title=\"Spindelreihenrevolver\" data-content=\"H\u00f6here Flexibilit\u00e4t durch gr\u00f6\u00dfere Anzahl unterschiedlicher Werkzeuge; bis zu max. 128 direkt angetriebene Werkzeuge\">\r\n\t<\/div>\r\n\r\n\t<div class=\"elem\" id=\"elem_achs\">\r\n\t\t<img decoding=\"async\" src=\"https:\/\/www.elha.de\/wp-content\/uploads\/doppelte-achsantriebe-icon.png\" data-toggle=\"popover\" data-placement=\"bottom\" title=\"Doppelte Achsantriebe\" data-content=\"F\u00fcr kraftvolle, hochgenaue und \u00e4u\u00dferst dynamische Bearbeitungsvorsch\u00fcbe und Eilg\u00e4nge\">\r\n\t<\/div>\r\n\r\n\t<div class=\"elem\" id=\"elem_spann\">\r\n\t\t<img decoding=\"async\" src=\"https:\/\/www.elha.de\/wp-content\/uploads\/spannvorrichtung-icon.png\" data-toggle=\"popover\" data-placement=\"bottom\" title=\"Spannvorrichtung\" data-content=\"Prozessspezifische, hydraulisch wirkende und automatisch schaltende Werkst\u00fcckspannung f\u00fcr Ein- bzw. Mehrfachspanung, entwickelt von ELHA\">\r\n\t<\/div>\r\n<\/div>\r\n\r\n\r\n\r\n<div class=\"columns mb-5\">\r\n\t<div id=\"prod\" class=\"column text-right\" style=\"width:50%;\">\r\n\t\t<p class=\"text-size5\">Maximale Produktivit\u00e4t<\/p>\r\n\t\t<p>durch ausschlie\u00dflichen Einsatz von<br>prozessoptimierten Mehrspindelk\u00f6pfen<\/p>\r\n\t<\/div>\r\n\r\n\t<div id=\"flex\" class=\"column\" style=\"width:50%;\">\r\n\t\t<p class=\"text-size5\">Maximale Flexibilit\u00e4t<\/p>\r\n\t\t<p>mit bis zu 4 Spindelreihenrevolvern und<br>128 direkt angetriebenen Werkzeugen<br>(siehe auch <a href=\"https:\/\/www.elha.de\/maschinen\/transferzentren\/\">FM SMART<\/a>)<\/p>\r\n\t<\/div>\r\n<\/div>\r\n\r\n<!--more-->\r\n\r\n<div class=\"clearfix\">\r\n\t<a href=\"https:\/\/www.elha.de\/maschinen\/fertigungsmodule\/konzept\/\" class=\"btn float-left\">&lt; vorherige Seite<\/a>\r\n\t<a href=\"https:\/\/www.elha.de\/maschinen\/fertigungsmodule\/basismaschinentypen-spezifikationen\/\" class=\"btn float-right\">n\u00e4chste Seite &gt;<\/a>\r\n<\/div>\n\n\n\n<style>\n@import url(\"https:\/\/www.elha.de\/wp-content\/themes\/blocksy-child\/css\/twentytwenty.css\");\n\n\/********** TWENTYTWENTY **********\/\n\n@keyframes handle {\n\t0% {\n\t\tbackground-color: #666;\n\t\t-webkit-box-shadow: 0px 0px 10px rgba(255, 0, 0, 0);\n\t\t-moz-box-shadow: 0px 0px 10px rgba(255, 0, 0, 0);\n\t\tbox-shadow: 0px 0px 10px rgba(255, 0, 0, 0);\n\t}\n\t50% {\n\t\tbackground-color: #f00;\n\t\t-webkit-box-shadow: 0px 0px 50px rgba(255, 0, 0, 1);\n\t\t-moz-box-shadow: 0px 0px 50px rgba(255, 0, 0, 1);\n\t\tbox-shadow: 0px 0px 50px rgba(255, 0, 0, 1);\n\t}\n\t100% {\n\t\tbackground-color: #666;\n\t\t-webkit-box-shadow: 0px 0px 10px rgba(255, 0, 0, 0);\n\t\t-moz-box-shadow: 0px 0px 10px rgba(255, 0, 0, 0);\n\t\tbox-shadow: 0px 0px 10px rgba(255, 0, 0, 0);\n\t}\n}\n\n.twentytwenty-handle {\n\ttop: 76.7%;\n\tbackground-color: #666;\n\n\t-webkit-animation: handle 1s infinite;\n\t-moz-animation: handle 1s infinite;\n\tanimation: handle 1s infinite;\n\n\t-webkit-transition: background-color 1s;\n\t-moz-transition: background-color 1s;\n\ttransition: background-color 1s;\n\n\t-webkit-transition: box-shadow 1s;\n\t-moz-transition: box-shadow 1s;\n\ttransition: box-shadow 1s;\n\n\t-webkit-box-shadow: 0px 0px 50px rgba(255, 0, 0, 1);\n\t-moz-box-shadow: 0px 0px 50px rgba(255, 0, 0, 1);\n\tbox-shadow: 0px 0px 50px rgba(255, 0, 0, 1);\n}\n\n.twentytwenty-handle:hover {\n\tbackground-color: #0084ba;\n\n\t-webkit-animation: none;\n\t-moz-animation: none;\n\tanimation: none;\n\n\t-webkit-box-shadow: 0px 0px 50px rgba(0, 132, 186, 1);\n\t-moz-box-shadow: 0px 0px 50px rgba(0, 132, 186, 1);\n\tbox-shadow: 0px 0px 50px rgba(0, 132, 186, 1);\n}\n\n.twentytwenty-overlay { display: none; }\n\n\/********** GROSSBILD **********\/\n\n#container {\n\tposition: relative;\n\twidth: 640px;\n\tmax-width: 100%;\n\tmargin-left: auto;\n\tmargin-right: auto;\n}\n\n\/********** PFEILE **********\/\n\n@keyframes pfeile {\n\t0% {\n\t\topacity: 0;\n\t\t-ms-transform: scale(0.4, 1);\n\t\t-webkit-transform: scale(0.4, 1);\n\t\t-moz-transform: scale(0.4, 1);\n\t\ttransform: scale(0.4, 1);\n\t}\n\t50% {\n\t\topacity: 1;\n\t\t-ms-transform: scale(1.4, 1);\n\t\t-webkit-transform: scale(1.4, 1);\n\t\t-moz-transform: scale(1.4, 1);\n\t\ttransform: scale(1.4, 1);\n\t}\n\t100% {\n\t\topacity: 0;\n\t\t-ms-transform: scale(1.4, 1);\n\t\t-webkit-transform: scale(1.4, 1);\n\t\t-moz-transform: scale(1.4, 1);\n\t\ttransform: scale(1.4, 1);\n\t}\n}\n\n#fm-pfeile {\n\tz-index:30;\n\theight:auto;\n\tleft:50%;\n\ttop:76.7%;\n\tmargin-left:-150px;\n\tmargin-top:-25px;\n\n\t-webkit-animation: pfeile 1s infinite;\n\t-moz-animation: pfeile 1s infinite;\n\tanimation: pfeile 1s infinite;\n}\n\n@media only screen and (max-width: 640px) {\n\t#fm-pfeile {\n\t\twidth:200px;\n\t\tmargin-left:-100px;\n\t\tmargin-top:-16.66px;\n\t}\n}\n\n\/********** ELEMENTE **********\/\n\n.elem {\n\tz-index: 100;\n\tposition: absolute;\n\twidth: 60px;\n\theight: auto;\n\tmargin-left: -30px;\n\tmargin-top: -30px;\n\tcursor: pointer;\n\tfilter: drop-shadow(2px 2px 5px rgba(0,0,0,0.5));\n}\n\n\n@media only screen and (max-width: 640px) {\n\t.elem {\n\t\twidth: 40px;\n\t\tmargin-left: -20px;\n\t\tmargin-top: -20px;\n\t}\n}\n\n#elem_msk { left:26.6%; top:44.7%; }\n#elem_ram { left:56%; top:44.2%; }\n#elem_fein { left:38%; top:22%; }\n#elem_srr { left:71.3%; top:27.1%; }\n#elem_achs { left:36%; top:4.8%; }\n#elem_spann { left:56%; top:60%; }\n\n\/********** POPOVER **********\/\n\n.popover {\n\twidth: 185px;\n\tpadding: 0;\n\n\t-webkit-box-shadow: 2px 2px 5px 0px rgba(0,0,0,0.5);\n\t-moz-box-shadow: 2px 2px 5px 0px rgba(0,0,0,0.5);\n\tbox-shadow: 2px 2px 5px 0px rgba(0,0,0,0.5);\n}\n\n.popover-title {\n\tfont-size: 14px;\n\tmargin: 0 !important;\n\tpadding: 10px;\n\tbackground-image: none;\n\tbackground-color: #666;\n\tcolor: #fff;\n}\n\n.popover-content {\n\tpadding: 10px;\n\tbackground: #fff;\n\tfont-size: 14px;\n\tline-height: 1.25;\n}\n\n\n@media only screen and (max-width: 479px) {\n\t.popover { width: 150px; }\n\n\t.popover-title {\n\t\tpadding: 5px;\n\t\tfont-size: 12px;\n\t}\n\n\t.popover-content {\n\t\tpadding: 5px;\n\t\tfont-size: 10px;\n\t\tline-height: 12px;\n\t}\n}\n<\/style>\n\n\n\n<script src=\"https:\/\/www.elha.de\/wp-content\/themes\/blocksy-child\/js\/tooltip.js\"><\/script>\r\n<script src=\"https:\/\/www.elha.de\/wp-content\/themes\/blocksy-child\/js\/popover.js\"><\/script>\r\n<script src=\"https:\/\/www.elha.de\/wp-content\/themes\/blocksy-child\/js\/jquery.event.move.js\"><\/script>\r\n<script src=\"https:\/\/www.elha.de\/wp-content\/themes\/blocksy-child\/js\/jquery.twentytwenty.js\"><\/script>\r\n\r\n<script>\r\n\tjQuery(window).load(function() {\r\n\t\tjQuery('[data-toggle=\"popover\"]').popover({trigger: \"click hover\"});\r\n\t\tjQuery(\"#container\").twentytwenty({callback: sliderupdate});\r\n\t});\r\n\r\n\tfunction sliderupdate(pos) {\r\n\t\tdocument.getElementById(\"fm-pfeile\").style.visibility = \"hidden\";\r\n\t\tdocument.getElementById(\"prod\").style.opacity= Math.min(pos * 2, 1);\r\n\t\tdocument.getElementById(\"flex\").style.opacity= Math.min((1-pos)*2, 1);\r\n\t\tdocument.getElementById(\"elem_fein\").style.visibility = (pos < 0.433) ? \"hidden\" : \"visible\";\r\n\t\tdocument.getElementById(\"elem_msk\").style.visibility = (pos < 0.318) ? \"hidden\" : \"visible\";\r\n\t\tdocument.getElementById(\"elem_srr\").style.visibility = (pos > 0.658) ? \"hidden\" : \"visible\";\r\n\t}\r\n<\/script>\n","protected":false},"excerpt":{"rendered":"<p>\t\tMaximum productivity<br \/>\n\t\tthrough the exclusive use of<br \/>process-optimised multi-spindle heads<\/p>\n<p>\t\tMaximum flexibility<br \/>\n\t\twith up to 4 drum type turrets and<br \/>128 directly driven tools<br \/>(see also FM SMART)<\/p>","protected":false},"author":1,"featured_media":7391,"parent":105,"menu_order":3,"comment_status":"closed","ping_status":"closed","template":"","meta":{"footnotes":""},"class_list":["post-7382","page","type-page","status-publish","has-post-thumbnail","hentry"],"blocksy_meta":{"styles_descriptor":{"styles":{"desktop":"","tablet":"","mobile":""},"google_fonts":[],"version":6},"page_title_panel":"","has_hero_section":"default","a620eb67825c6ddd02c82c88675dc92f":"","hero_section":"type-1","hero_elements":[{"id":"custom_title","enabled":true,"heading_tag":"h1","title":"Home page"},{"id":"custom_description","enabled":true,"description_visibility":{"desktop":true,"tablet":true,"mobile":false}},{"id":"custom_meta","enabled":false,"meta_elements":[{"id":"author","enabled":true,"label":"Von","has_author_avatar":"yes","avatar_size":25},{"id":"post_date","enabled":true,"label":"Am","date_format_source":"default","date_format":"M j, Y"},{"id":"comments","enabled":true}],"page_meta_elements":{"joined":true,"articles_count":true,"comments":true}},{"id":"breadcrumbs","enabled":false}],"724c81e22db57ad6a6213cd19bf3ff9d":"","hero_alignment1":"CT_CSS_SKIP_RULE","hero_margin":40,"hero_alignment2":"center","hero_vertical_alignment":"center","8b49417e1570edd538e45a1a172145e6":"","hero_structure":"narrow","c959fb35493391471d8042636eb021c9":"","page_title_bg_type":"featured_image","custom_hero_background":{"attachment_id":null},"parallax":{"desktop":false,"tablet":false,"mobile":false},"f2d9d73ef0bab3aec16688076383a3c9":"","hero_height":"250px","pageTitleFont":{"family":"Default","variation":"Default","size":{"desktop":"32px","tablet":"30px","mobile":"25px"},"line-height":"CT_CSS_SKIP_RULE","letter-spacing":"CT_CSS_SKIP_RULE","text-transform":"CT_CSS_SKIP_RULE","text-decoration":"CT_CSS_SKIP_RULE"},"pageTitleFontColor":{"default":{"color":"CT_CSS_SKIP_RULEDEFAULT"}},"2e6673c842bd2f335ed20da59ed86752":"","pageMetaFont":{"family":"Default","variation":"n6","size":"12px","line-height":"1.3","letter-spacing":"CT_CSS_SKIP_RULE","text-transform":"uppercase","text-decoration":"CT_CSS_SKIP_RULE"},"pageMetaFontColor":{"default":{"color":"CT_CSS_SKIP_RULEDEFAULT"},"hover":{"color":"CT_CSS_SKIP_RULEDEFAULT"}},"page_meta_button_type_font_colors":{"default":{"color":"CT_CSS_SKIP_RULEDEFAULT"},"hover":{"color":"CT_CSS_SKIP_RULEDEFAULT"}},"page_meta_button_type_background_colors":{"default":{"color":"CT_CSS_SKIP_RULEDEFAULT"},"hover":{"color":"CT_CSS_SKIP_RULEDEFAULT"}},"4ec22bd7526a93cc7e61f24a582e5aca":"","pageExcerptFont":{"family":"Default","variation":"Default","size":"CT_CSS_SKIP_RULE","line-height":"CT_CSS_SKIP_RULE","letter-spacing":"CT_CSS_SKIP_RULE","text-transform":"CT_CSS_SKIP_RULE","text-decoration":"CT_CSS_SKIP_RULE"},"pageExcerptColor":{"default":{"color":"CT_CSS_SKIP_RULEDEFAULT"}},"176f785e42ff583973dd2114f1ebaaa3":"","breadcrumbsFont":{"family":"Default","variation":"n6","size":"12px","line-height":"CT_CSS_SKIP_RULE","letter-spacing":"CT_CSS_SKIP_RULE","text-transform":"uppercase","text-decoration":"CT_CSS_SKIP_RULE"},"breadcrumbsFontColor":{"default":{"color":"CT_CSS_SKIP_RULEDEFAULT"},"initial":{"color":"CT_CSS_SKIP_RULEDEFAULT"},"hover":{"color":"CT_CSS_SKIP_RULEDEFAULT"}},"f9a2e65910dd3b7e953a8f4f8d0f6e95":"","pageTitleOverlay":{"default":{"color":"CT_CSS_SKIP_RULE"}},"d8fa43474e13f2571d2b43e9e218e6cc":"","pageTitleBackground":{"background_type":"color","background_pattern":"type-1","background_image":{"attachment_id":null,"x":0,"y":0},"gradient":"linear-gradient(135deg,rgba(6,147,227,1) 0%,rgb(155,81,224) 100%)","background_repeat":"no-repeat","background_size":"auto","background_attachment":"scroll","patternColor":{"default":{"color":"#e5e7ea"}},"overlayColor":{"default":{"color":"CT_CSS_SKIP_RULE"}},"backgroundColor":{"default":{"color":"var(--theme-palette-color-6)"}}},"40db62d5946273a3836ba347de4fd994":"","pageTitlePadding":{"top":"50px","bottom":"50px","left":"auto","right":"auto","linked":true},"8627098832292dd68922c9c47536c240":"","page_structure_type":"default","fd2c7c2eadf77100cb2679532afd96a6":"","content_style_source":"inherit","content_style":"wide","vertical_spacing_source":"inherit","content_area_spacing":"both","background":{"background_type":"color","background_pattern":"type-1","background_image":{"attachment_id":null,"x":0,"y":0},"gradient":"linear-gradient(135deg,rgba(6,147,227,1) 0%,rgb(155,81,224) 100%)","background_repeat":"no-repeat","background_size":"auto","background_attachment":"scroll","patternColor":{"default":{"color":"#e5e7ea"}},"overlayColor":{"default":{"color":"CT_CSS_SKIP_RULE"}},"backgroundColor":{"default":{"color":"CT_CSS_SKIP_RULE"}}},"content_background":{"background_type":"color","background_pattern":"type-1","background_image":{"attachment_id":null,"x":0,"y":0},"gradient":"linear-gradient(135deg,rgba(6,147,227,1) 0%,rgb(155,81,224) 100%)","background_repeat":"no-repeat","background_size":"auto","background_attachment":"scroll","patternColor":{"default":{"color":"#e5e7ea"}},"overlayColor":{"default":{"color":"CT_CSS_SKIP_RULE"}},"backgroundColor":{"default":{"color":"var(--theme-palette-color-8)"}}},"content_boxed_shadow":{"inherit":false,"blur":18,"spread":-6,"v_offset":12,"h_offset":0,"inset":false,"enable":true,"color":{"color":"rgba(34, 56, 101, 0.04)"}},"boxed_content_spacing":{"desktop":{"top":"40px","bottom":"40px","left":"40px","right":"40px","linked":true},"tablet":{"top":"35px","bottom":"35px","left":"35px","right":"35px","linked":true},"mobile":{"top":"20px","bottom":"20px","left":"20px","right":"20px","linked":true}},"content_boxed_radius":{"top":"3px","bottom":"3px","left":"3px","right":"3px","linked":true},"4246617aa274d79d0a9658335122f46b":"","disable_featured_image":"yes","disable_header":"no","disable_footer":"no"},"_links":{"self":[{"href":"https:\/\/www.elha.de\/en\/wp-json\/wp\/v2\/pages\/7382","targetHints":{"allow":["GET"]}}],"collection":[{"href":"https:\/\/www.elha.de\/en\/wp-json\/wp\/v2\/pages"}],"about":[{"href":"https:\/\/www.elha.de\/en\/wp-json\/wp\/v2\/types\/page"}],"author":[{"embeddable":true,"href":"https:\/\/www.elha.de\/en\/wp-json\/wp\/v2\/users\/1"}],"replies":[{"embeddable":true,"href":"https:\/\/www.elha.de\/en\/wp-json\/wp\/v2\/comments?post=7382"}],"version-history":[{"count":0,"href":"https:\/\/www.elha.de\/en\/wp-json\/wp\/v2\/pages\/7382\/revisions"}],"up":[{"embeddable":true,"href":"https:\/\/www.elha.de\/en\/wp-json\/wp\/v2\/pages\/105"}],"wp:featuredmedia":[{"embeddable":true,"href":"https:\/\/www.elha.de\/en\/wp-json\/wp\/v2\/media\/7391"}],"wp:attachment":[{"href":"https:\/\/www.elha.de\/en\/wp-json\/wp\/v2\/media?parent=7382"}],"curies":[{"name":"wp","href":"https:\/\/api.w.org\/{rel}","templated":true}]}}