{"id":101,"date":"2015-11-08T20:26:06","date_gmt":"2015-11-08T19:26:06","guid":{"rendered":"https:\/\/www.elha.de\/?page_id=101"},"modified":"2025-07-30T15:08:13","modified_gmt":"2025-07-30T13:08:13","slug":"ramas","status":"publish","type":"page","link":"https:\/\/www.elha.de\/es\/kompetenzen\/branchen\/","title":{"rendered":"Industrias"},"content":{"rendered":"<p class=\"mb-5\">\r\n\tGracias a d\u00e9cadas de experiencia en la construcci\u00f3n de m\u00e1quinas especiales y al esfuerzo por abrir constantemente nuevos campos de actividad con ideas innovadoras para el mecanizado productivo, ELHA ha adquirido una amplia experiencia en soluciones. Las soluciones de fabricaci\u00f3n de ELHA para industrias clave ofrecen tecnolog\u00edas personalizadas para numerosas industrias en las que se utilizan m\u00e1quinas herramienta. Descubra aqu\u00ed en qu\u00e9 industrias clave se encuentra ELHA.\r\n<\/p>\r\n\r\n<div class=\"columns mb-5\">\r\n\t<div class=\"column col-6\">\r\n\t\t<img decoding=\"async\" src=\"https:\/\/www.elha.de\/wp-content\/uploads\/branchen-automotive.jpg\" alt=\"Automoci\u00f3n\">\r\n\t<\/div>\r\n\r\n\t<div class=\"column col-6\">\r\n\t\t<h2>Automoci\u00f3n<\/h2>\r\n\t\t<p>\r\n\t\t\tELHA ofrece soluciones de fabricaci\u00f3n altamente productivas basadas en m\u00f3dulos de fabricaci\u00f3n FM para fabricantes de equipos originales y proveedores de la industria del autom\u00f3vil. Se trata de centros de transferencia sin cambio de herramientas con tiempos improductivos m\u00ednimos y procesos de mecanizado eficientes gracias a accionamientos de herramientas optimizados para la producci\u00f3n en serie de piezas de automoci\u00f3n y materiales de todo tipo.\r\n\t\t<\/p>\r\n\t<\/div>\r\n<\/div>\r\n\r\n\r\n\r\n<div class=\"columns mb-5\">\r\n\t<div class=\"column col-6\">\r\n\t\t<img decoding=\"async\" src=\"https:\/\/www.elha.de\/wp-content\/uploads\/branchen-energie.jpg\" alt=\"Energ\u00eda\">\r\n\t<\/div>\r\n\r\n\t<div class=\"column col-6\">\r\n\t\t<h2>Energ\u00eda<\/h2>\r\n\t\t<p>\r\n\t\t\tPiezas de gran tama\u00f1o, alta precisi\u00f3n, eficacia y flexibilidad en el procesamiento mec\u00e1nico. \u00c9stas son las elevadas exigencias que se plantean a la tecnolog\u00eda de maquinaria en casi todos los \u00e1mbitos de producci\u00f3n de la tecnolog\u00eda energ\u00e9tica. ELHA le ofrece tecnolog\u00edas a medida para estos retos en forma de centros verticales de torneado\/fresado para piezas grandes, centros de mecanizado especiales y m\u00e1quinas especiales.\r\n\t\t<\/p>\r\n\t<\/div>\r\n<\/div>\r\n\r\n\r\n\r\n<div class=\"columns mb-5\">\r\n\t<div class=\"column col-6\">\r\n\t\t<img decoding=\"async\" src=\"https:\/\/www.elha.de\/wp-content\/uploads\/branchen-grosswaelzlager-460x307.jpg\" alt=\"Rodamientos giratorios\">\r\n\t<\/div>\r\n\r\n\t<div class=\"column col-6\">\r\n\t\t<h2>Rodamientos giratorios \/ coronas giratorias<\/h2>\r\n\t\t<p>\r\n\t\t\tLa m\u00e1xima precisi\u00f3n de mecanizado y la calidad de las superficies, sobre todo en el torneado de las superficies de rodadura de los elementos rodantes, as\u00ed como el taladrado y el roscado potentes y din\u00e1micos, son los mayores retos en la fabricaci\u00f3n de grandes rodamientos. Benef\u00edciese de la dilatada experiencia de ELHA en este campo y de las rentables soluciones de fabricaci\u00f3n que ELHA puede ofrecerle.\r\n\t\t<\/p>\r\n\t<\/div>\r\n<\/div>\r\n\r\n\r\n\r\n<div class=\"columns mb-5\">\r\n\t<div class=\"column col-6\">\r\n\t\t<img decoding=\"async\" src=\"https:\/\/www.elha.de\/wp-content\/uploads\/infrastructure-rails.jpg\" alt=\"Infraestructura\">\r\n\t<\/div>\r\n\r\n\t<div class=\"column col-6\">\r\n\t\t<h2>Infraestructura<\/h2>\r\n\t\t<p>\r\n\t\t\tRobustas unidades de trabajo, potentes husillos de fresado y largos recorridos: estos son los elementos centrales de nuestra tecnolog\u00eda de m\u00e1quinas para el exigente mecanizado de ra\u00edles.\r\n\t\t\tELHA desarrolla soluciones a medida que satisfacen los elevados requisitos de este sector.\r\n\t\t\tAdem\u00e1s, ELHA tambi\u00e9n ofrece soluciones que aumentan la productividad de los componentes asociados, como los tacos de soporte.\r\n\t\t<\/p>\r\n\t<\/div>\r\n<\/div>\r\n\r\n\r\n<div class=\"columns mb-5\">\r\n\t<div class=\"column col-6\">\r\n\t\t<img decoding=\"async\" src=\"https:\/\/www.elha.de\/wp-content\/uploads\/defence2.png\" alt=\"Imagen simb\u00f3lica para aplicaciones de fabricaci\u00f3n militar: Carro de combate con fuerzas navales, a\u00e9reas y terrestres - es sin\u00f3nimo de componentes complejos, materiales de alta resistencia y mecanizado fiable en tecnolog\u00eda de defensa.\">\r\n\t<\/div>\r\n\r\n\t<div class=\"column col-6\">\r\n\t\t<h2>Defensa<\/h2>\r\n\t\t<p>\r\n\t\t\tMateriales de alta resistencia, procesos sujetos a documentaci\u00f3n y m\u00e1xima seguridad de proceso: la fabricaci\u00f3n en el sector de la tecnolog\u00eda militar plantea requisitos especiales. ELHA desarrolla soluciones de maquinaria precisas y fiables para componentes peque\u00f1os y grandes. Ya se trate de carcasas, componentes de chasis o interfaces para sensores, nuestras m\u00e1quinas garantizan calidad, trazabilidad y eficacia, incluso con tama\u00f1os de lote variables. Conf\u00ede en nuestra dilatada experiencia y en la fiable tecnolog\u00eda de mecanizado \u00abMade in Germany\u00bb.\r\n\t\t<\/p>\r\n\t<\/div>\r\n<\/div>\r\n\r\n\r\n<div class=\"columns mb-5\">\r\n\t<div class=\"column col-6\">\r\n\t\t<img decoding=\"async\" src=\"https:\/\/www.elha.de\/wp-content\/uploads\/branchen-aerospace.jpg\" alt=\"Aeroespacial\">\r\n\t<\/div>\r\n\r\n\t<div class=\"column col-6\">\r\n\t\t<h2>Aeroespacial<\/h2>\r\n\t\t<p>\r\n\t\t\tUna gran estabilidad de la m\u00e1quina, husillos de fresado potentes y estables para materiales dif\u00edciles de cortar como el titanio y una precisi\u00f3n absoluta caracterizan la mayor\u00eda de las aplicaciones de la industria aeroespacial. ELHA le ofrece soluciones rentables para estas aplicaciones en forma de grandes centros de torneado y fresado verticales y centros de mecanizado especiales con el m\u00e1ximo rendimiento y la m\u00e1xima fiabilidad.\r\n\t\t<\/p>\r\n\t<\/div>\r\n<\/div>\r\n\r\n\r\n<div class=\"columns mb-5\">\r\n\t<div class=\"column col-6\">\r\n\t\t<img decoding=\"async\" src=\"https:\/\/www.elha.de\/wp-content\/uploads\/branchen-maschinenbau.jpg\" alt=\"Ingenier\u00eda mec\u00e1nica\">\r\n\t<\/div>\r\n\r\n\t<div class=\"column col-6\">\r\n\t\t<h2>Ingenier\u00eda mec\u00e1nica<\/h2>\r\n\t\t<p>\r\n\t\t\tPara la amplia gama de aplicaciones en ingenier\u00eda mec\u00e1nica, siempre hay requisitos para la producci\u00f3n de mecanizado que no pueden realizarse tecnol\u00f3gica o econ\u00f3micamente con soluciones est\u00e1ndar. ELHA es el socio adecuado para usted, con d\u00e9cadas de experiencia en el desarrollo y construcci\u00f3n de todo tipo de m\u00e1quinas especiales con tecnolog\u00edas innovadoras, m\u00e1xima fiabilidad y m\u00e1xima calidad made in Germany. El espectro abarca desde grandes centros verticales de torneado\/fresado y centros de mecanizado especiales hasta mesas giratorias indexadas\/planetarias y otras m\u00e1quinas especiales.\r\n\t\t<\/p>\r\n\t<\/div>\r\n<\/div>","protected":false},"excerpt":{"rendered":"<p>\tGracias a d\u00e9cadas de experiencia en la construcci\u00f3n de m\u00e1quinas especiales y al empe\u00f1o por abrir constantemente nuevos campos de actividad con ideas innovadoras para el mecanizado productivo, ELHA ha desarrollado un<\/p>","protected":false},"author":1,"featured_media":6593,"parent":6616,"menu_order":1,"comment_status":"closed","ping_status":"closed","template":"","meta":{"footnotes":""},"class_list":["post-101","page","type-page","status-publish","has-post-thumbnail","hentry"],"blocksy_meta":{"styles_descriptor":{"styles":{"desktop":"","tablet":"","mobile":""},"google_fonts":[],"version":6},"page_title_panel":"","has_hero_section":"default","b7c9dadb909e85cc64920ea2b17f3992":"","hero_section":"type-1","hero_elements":[{"id":"custom_title","enabled":true,"heading_tag":"h1","title":"P\u00e1gina de inicio"},{"id":"custom_description","enabled":true,"description_visibility":{"desktop":true,"tablet":true,"mobile":false}},{"id":"custom_meta","enabled":false,"meta_elements":[{"id":"author","enabled":true,"label":"Von","has_author_avatar":"yes","avatar_size":25},{"id":"post_date","enabled":true,"label":"Am","date_format_source":"default","date_format":"M j, Y"},{"id":"comments","enabled":true}],"page_meta_elements":{"joined":true,"articles_count":true,"comments":true}},{"id":"breadcrumbs","enabled":false}],"c6bb72f75c11df6691cfb7bef04e05b0":"","hero_alignment1":"CT_CSS_SKIP_RULE","hero_margin":40,"hero_alignment2":"center","hero_vertical_alignment":"center","1c2619b916c4ca4349c29532d10eee46":"","hero_structure":"narrow","9becdf007a86588afe645449f08e16a8":"","page_title_bg_type":"featured_image","custom_hero_background":{"attachment_id":null},"parallax":{"desktop":false,"tablet":false,"mobile":false},"1cfb5f3d26de05ac8942784cae29e7cc":"","hero_height":"250px","pageTitleFont":{"family":"Default","variation":"Default","size":{"desktop":"32px","tablet":"30px","mobile":"25px"},"line-height":"CT_CSS_SKIP_RULE","letter-spacing":"CT_CSS_SKIP_RULE","text-transform":"CT_CSS_SKIP_RULE","text-decoration":"CT_CSS_SKIP_RULE"},"pageTitleFontColor":{"default":{"color":"CT_CSS_SKIP_RULEDEFAULT"}},"da0f20432b252a6a4ff64e490f4ca4b9":"","pageMetaFont":{"family":"Default","variation":"n6","size":"12px","line-height":"1.3","letter-spacing":"CT_CSS_SKIP_RULE","text-transform":"uppercase","text-decoration":"CT_CSS_SKIP_RULE"},"pageMetaFontColor":{"default":{"color":"CT_CSS_SKIP_RULEDEFAULT"},"hover":{"color":"CT_CSS_SKIP_RULEDEFAULT"}},"page_meta_button_type_font_colors":{"default":{"color":"CT_CSS_SKIP_RULEDEFAULT"},"hover":{"color":"CT_CSS_SKIP_RULEDEFAULT"}},"page_meta_button_type_background_colors":{"default":{"color":"CT_CSS_SKIP_RULEDEFAULT"},"hover":{"color":"CT_CSS_SKIP_RULEDEFAULT"}},"3484ebcafb880545cb8a7c4e58bd07fd":"","pageExcerptFont":{"family":"Default","variation":"Default","size":"CT_CSS_SKIP_RULE","line-height":"CT_CSS_SKIP_RULE","letter-spacing":"CT_CSS_SKIP_RULE","text-transform":"CT_CSS_SKIP_RULE","text-decoration":"CT_CSS_SKIP_RULE"},"pageExcerptColor":{"default":{"color":"CT_CSS_SKIP_RULEDEFAULT"}},"dc7ef1e4e1bb474119f5ae39513c2afd":"","breadcrumbsFont":{"family":"Default","variation":"n6","size":"12px","line-height":"CT_CSS_SKIP_RULE","letter-spacing":"CT_CSS_SKIP_RULE","text-transform":"uppercase","text-decoration":"CT_CSS_SKIP_RULE"},"breadcrumbsFontColor":{"default":{"color":"CT_CSS_SKIP_RULEDEFAULT"},"initial":{"color":"CT_CSS_SKIP_RULEDEFAULT"},"hover":{"color":"CT_CSS_SKIP_RULEDEFAULT"}},"cda927a8b2f46d54a9da858387a93808":"","pageTitleOverlay":{"default":{"color":"CT_CSS_SKIP_RULE"}},"88cda62591c15d0960491b933e90d8bf":"","pageTitleBackground":{"background_type":"color","background_pattern":"type-1","background_image":{"attachment_id":null,"x":0,"y":0},"gradient":"linear-gradient(135deg,rgba(6,147,227,1) 0%,rgb(155,81,224) 100%)","background_repeat":"no-repeat","background_size":"auto","background_attachment":"scroll","patternColor":{"default":{"color":"#e5e7ea"}},"overlayColor":{"default":{"color":"CT_CSS_SKIP_RULE"}},"backgroundColor":{"default":{"color":"var(--theme-palette-color-6)"}}},"9cca3867d58fe6ad967e330affe1dc9a":"","pageTitlePadding":{"top":"50px","bottom":"50px","left":"auto","right":"auto","linked":true},"f5ae910180e3ae52fb89f368b0ecbac3":"","page_structure_type":"default","7f40a5bc0490adf98aa0f48a0b88a882":"","content_style_source":"inherit","content_style":"wide","vertical_spacing_source":"inherit","content_area_spacing":"both","background":{"background_type":"color","background_pattern":"type-1","background_image":{"attachment_id":null,"x":0,"y":0},"gradient":"linear-gradient(135deg,rgba(6,147,227,1) 0%,rgb(155,81,224) 100%)","background_repeat":"no-repeat","background_size":"auto","background_attachment":"scroll","patternColor":{"default":{"color":"#e5e7ea"}},"overlayColor":{"default":{"color":"CT_CSS_SKIP_RULE"}},"backgroundColor":{"default":{"color":"CT_CSS_SKIP_RULE"}}},"content_background":{"background_type":"color","background_pattern":"type-1","background_image":{"attachment_id":null,"x":0,"y":0},"gradient":"linear-gradient(135deg,rgba(6,147,227,1) 0%,rgb(155,81,224) 100%)","background_repeat":"no-repeat","background_size":"auto","background_attachment":"scroll","patternColor":{"default":{"color":"#e5e7ea"}},"overlayColor":{"default":{"color":"CT_CSS_SKIP_RULE"}},"backgroundColor":{"default":{"color":"var(--theme-palette-color-8)"}}},"content_boxed_shadow":{"inherit":false,"blur":18,"spread":-6,"v_offset":12,"h_offset":0,"inset":false,"enable":true,"color":{"color":"rgba(34, 56, 101, 0.04)"}},"boxed_content_spacing":{"desktop":{"top":"40px","bottom":"40px","left":"40px","right":"40px","linked":true},"tablet":{"top":"35px","bottom":"35px","left":"35px","right":"35px","linked":true},"mobile":{"top":"20px","bottom":"20px","left":"20px","right":"20px","linked":true}},"content_boxed_radius":{"top":"3px","bottom":"3px","left":"3px","right":"3px","linked":true},"34a482aed54dd7783ad2ba88f0007270":"","disable_featured_image":"yes","disable_header":"no","disable_footer":"no"},"_links":{"self":[{"href":"https:\/\/www.elha.de\/es\/wp-json\/wp\/v2\/pages\/101","targetHints":{"allow":["GET"]}}],"collection":[{"href":"https:\/\/www.elha.de\/es\/wp-json\/wp\/v2\/pages"}],"about":[{"href":"https:\/\/www.elha.de\/es\/wp-json\/wp\/v2\/types\/page"}],"author":[{"embeddable":true,"href":"https:\/\/www.elha.de\/es\/wp-json\/wp\/v2\/users\/1"}],"replies":[{"embeddable":true,"href":"https:\/\/www.elha.de\/es\/wp-json\/wp\/v2\/comments?post=101"}],"version-history":[{"count":0,"href":"https:\/\/www.elha.de\/es\/wp-json\/wp\/v2\/pages\/101\/revisions"}],"up":[{"embeddable":true,"href":"https:\/\/www.elha.de\/es\/wp-json\/wp\/v2\/pages\/6616"}],"wp:featuredmedia":[{"embeddable":true,"href":"https:\/\/www.elha.de\/es\/wp-json\/wp\/v2\/media\/6593"}],"wp:attachment":[{"href":"https:\/\/www.elha.de\/es\/wp-json\/wp\/v2\/media?parent=101"}],"curies":[{"name":"wp","href":"https:\/\/api.w.org\/{rel}","templated":true}]}}