{"id":1143,"date":"2017-01-25T11:08:13","date_gmt":"2017-01-25T10:08:13","guid":{"rendered":"https:\/\/www.elha.de\/?page_id=1143"},"modified":"2026-01-22T10:26:51","modified_gmt":"2026-01-22T09:26:51","slug":"contacto","status":"publish","type":"page","link":"https:\/\/www.elha.de\/es\/kontakt\/","title":{"rendered":"Contacto"},"content":{"rendered":"<div class=\"wpcf7 no-js\" id=\"wpcf7-f1102-o1\" lang=\"de-DE\" dir=\"ltr\" data-wpcf7-id=\"1102\">\n<div class=\"screen-reader-response\"><p role=\"status\" aria-live=\"polite\" aria-atomic=\"true\"><\/p> <ul><\/ul><\/div>\n<form action=\"\/es\/wp-json\/wp\/v2\/pages\/1143#wpcf7-f1102-o1\" method=\"post\" class=\"wpcf7-form init\" aria-label=\"Formulario de contacto\" novalidate=\"novalidate\" data-status=\"init\" data-trp-original-action=\"\/es\/wp-json\/wp\/v2\/pages\/1143#wpcf7-f1102-o1\">\n<fieldset class=\"hidden-fields-container\"><input type=\"hidden\" name=\"_wpcf7\" value=\"1102\" \/><input type=\"hidden\" name=\"_wpcf7_version\" value=\"6.1.5\" \/><input type=\"hidden\" name=\"_wpcf7_locale\" value=\"de_DE\" \/><input type=\"hidden\" name=\"_wpcf7_unit_tag\" value=\"wpcf7-f1102-o1\" \/><input type=\"hidden\" name=\"_wpcf7_container_post\" value=\"0\" \/><input type=\"hidden\" name=\"_wpcf7_posted_data_hash\" value=\"\" \/>\n<\/fieldset>\n<div class=\"columns mb-5\">\n\t<div class=\"column col-6 col-sm-12\">\n\t\t<p>\n\t\t\tNombre\n\t\t\t<span class=\"wpcf7-form-control-wrap\" data-name=\"name1\"><input size=\"40\" maxlength=\"400\" class=\"wpcf7-form-control wpcf7-text wpcf7-validates-as-required\" aria-required=\"true\" aria-invalid=\"false\" value=\"\" type=\"text\" name=\"name1\" \/><\/span>\n\t\t<\/p>\n\n\t\t<p>\n\t\t\tCorreo electr\u00f3nico\n\t\t\t<span class=\"wpcf7-form-control-wrap\" data-name=\"mail\"><input size=\"40\" maxlength=\"400\" class=\"wpcf7-form-control wpcf7-email wpcf7-validates-as-required wpcf7-text wpcf7-validates-as-email\" aria-required=\"true\" aria-invalid=\"false\" value=\"\" type=\"email\" name=\"mail\" \/><\/span>\n\t\t<\/p>\n\n\t\t<p>\n\t\t\tTel\u00e9fono\n\t\t\t<span class=\"wpcf7-form-control-wrap\" data-name=\"telefon\"><input size=\"40\" maxlength=\"400\" class=\"wpcf7-form-control wpcf7-text wpcf7-validates-as-required\" aria-required=\"true\" aria-invalid=\"false\" value=\"\" type=\"text\" name=\"telefon\" \/><\/span>\n\t\t<\/p>\n\n\t\t<p>\n\t\t\tEmpresa\n\t\t\t<span class=\"wpcf7-form-control-wrap\" data-name=\"unternehmen\"><input size=\"40\" maxlength=\"400\" class=\"wpcf7-form-control wpcf7-text wpcf7-validates-as-required\" aria-required=\"true\" aria-invalid=\"false\" value=\"\" type=\"text\" name=\"unternehmen\" \/><\/span>\n\t\t<\/p>\n\t<\/div>\n\n\t<div class=\"column col-6 col-sm-12\">\n\t\t<p>\n\t\t\tMensaje\n\t\t\t<span class=\"wpcf7-form-control-wrap\" data-name=\"nachricht\"><textarea cols=\"40\" rows=\"10\" maxlength=\"2000\" class=\"wpcf7-form-control wpcf7-textarea wpcf7-validates-as-required\" aria-required=\"true\" aria-invalid=\"false\" name=\"nachricht\"><\/textarea><\/span>\n\t\t<\/p>\n\n\t\t<p>\n\t\t\tConfirmar imagen captcha*<br>\n\t\t\t<input type=\"hidden\" name=\"_wpcf7_captcha_challenge_captcha-1\" value=\"4281661656\" \/><img loading=\"lazy\" decoding=\"async\" class=\"wpcf7-form-control wpcf7-captchac wpcf7-captcha-captcha-1\" width=\"72\" height=\"24\" alt=\"captcha\" src=\"https:\/\/www.elha.de\/wp-content\/uploads\/wpcf7_captcha\/4281661656.png\" \/>\n\t\t\t<span class=\"wpcf7-form-control-wrap\" data-name=\"captcha-1\"><input size=\"40\" class=\"wpcf7-form-control wpcf7-captchar\" autocomplete=\"off\" aria-invalid=\"false\" value=\"\" type=\"text\" name=\"captcha-1\" \/><\/span>\n\t\t<\/p>\n\n\t\t<p>\nAl enviar el formulario, acepta la pol\u00edtica de privacidad de ELHA <a href=\"https:\/\/www.elha.de\/es\/declaracion-de-proteccion-de-datos\/\" target=\"_blank\">ENLACE<\/a>\n<\/p>\n\n<p>\n*Campo obligatorio\n<\/p>\n\n\t\t<input class=\"wpcf7-form-control wpcf7-submit has-spinner btn btn-primary mt-4\" type=\"submit\" value=\"Enviar\" \/>\n\t<\/div>\n<\/div><div class=\"wpcf7-response-output\" aria-hidden=\"true\"><\/div>\n<input type=\"hidden\" name=\"trp-form-language\" value=\"es\"\/><\/form>\n<\/div>\n\r\n\r\n<div class=\"columns mb-5\">\r\n\t<div class=\"column col-12\">\r\n\t\t<p class=\"mb-4\">\r\n\t\t\tNuestras dos plantas de H\u00f6velhof en Westfalia Oriental est\u00e1n situadas en uno de los clusters de ingenier\u00eda mec\u00e1nica m\u00e1s importantes de Alemania, en Westfalia Oriental-Lippe. Nuestras instalaciones est\u00e1n a pocos kil\u00f3metros de las autopistas A33 y A2.\r\n\t\t<\/p>\r\n\t<\/div>\r\n\r\n\t<div class=\"column col-6 col-sm-12\">\r\n\t\t<a href=\"https:\/\/www.elha.de\/wp-content\/uploads\/elha-maschinenbau-werk1.jpg\" class=\"lightbox elha-image-lightbox\">\r\n\t\t\t<img decoding=\"async\" src=\"https:\/\/www.elha.de\/wp-content\/uploads\/elha-maschinenbau-werk1-460x307.jpg\" alt=\"ELHA-MASCHINENBAU Liemke GmbH &amp; Co. KG, planta 1 - H\u00f6velhof, Allee 16\">\r\n\t\t<\/a>\r\n\t\t<h2 class=\"mt-1 mb-1\">Planta 1<\/h2>\r\n\t\t<p class=\"mb-4\">\r\n\t\t\t<strong>Allee 16<br>\r\n\t\t\tD-33161 H\u00f6velhof<\/strong><br><br>\r\n\t\t\tTel\u00e9fono: +49 5257 508-0<br>\r\n\t\t\tFax: +49 5257 508-118<br>\r\n\t\t\t<a href=\"mailto:info@elha.de\">info@elha.de<\/a>\r\n\t\t<\/p>\r\n\t<\/div>\r\n\r\n\t<div class=\"column col-6 col-sm-12\">\r\n\t\t<a href=\"https:\/\/www.elha.de\/wp-content\/uploads\/elha-maschinenbau-werk2.jpg\" class=\"lightbox elha-image-lightbox\">\r\n\t\t\t<img decoding=\"async\" src=\"https:\/\/www.elha.de\/wp-content\/uploads\/elha-maschinenbau-werk2-460x307.jpg\" alt=\"ELHA-MASCHINENBAU Liemke GmbH &amp; Co. KG, planta 2 - H\u00f6velhof, Otto-Hahn-Stra\u00dfe 27\">\r\n\t\t<\/a>\r\n\t\t<h2 class=\"mt-1 mb-1\">Planta 2<\/h2>\r\n\t\t<p>\r\n\t\t\t<strong>Otto-Hahn-Stra\u00dfe 27<br>\r\n\t\t\tD-33161 H\u00f6velhof<\/strong><br><br>\r\n\t\t\tTel\u00e9fono: +49 5257 508-0<br>\r\n\t\t\tFax: +49 5257 508-208<br>\r\n\t\t\t<a href=\"mailto:info@elha.de\">info@elha.de<\/a>\r\n\t\t<\/p>\r\n\t<\/div>\r\n<\/div>\n\n\n\n<div id=\"googlemap\" class=\"elha-external-embed mb-3\" style=\"height:500px;\">\r\n\t<img decoding=\"async\" src=\"https:\/\/www.elha.de\/wp-content\/uploads\/google-maps.jpg\" alt=\"Google Maps\">\r\n\t<button class=\"btn btn-primary\" onclick=\"enablemaps()\">Cargar contenido externo<\/button>\r\n\t<span>Aceptar la transferencia de datos a Google y cargar el mapa - <a href=\"https:\/\/www.elha.de\/es\/declaracion-de-proteccion-de-datos\/\">Pol\u00edtica de privacidad<\/a><\/span>\r\n<\/div>\r\n\r\n<p>\r\n\t<a href=\"https:\/\/www.elha.de\/wp-content\/uploads\/anfahrt-elha-maschinenbau.pdf\" target=\"_blank\" rel=\"noopener\">Aqu\u00ed<\/a>\r\n\tpuede descargar un mapa de nuestras dos plantas\r\n<\/p>\r\n\r\n<script>\r\n\tfunction enablemaps() {\r\n\t\tgooglemap.classList.remove('elha-external-embed')\r\n\t\tvar script = document.createElement('script');\r\n\t\tscript.type = 'text\/javascript';\r\n\t\tscript.setAttribute('src','https:\/\/maps.googleapis.com\/maps\/api\/js?key=AIzaSyCa6E6VsOq4BYUaKp1R6nAbLFkibBBOqfs&amp;sensor=false');\r\n\t\tscript.onload = function() {initmaps()}\r\n\t\tdocument.head.appendChild(script);\r\n\t}\r\n\r\n\tfunction initmaps() {\r\n\t\tvar map = new google.maps.Map(document.getElementById(\"googlemap\"), {\r\n\t\t\tcenter: new google.maps.LatLng(51.82344,8.658456),\r\n\t\t\tzoom: 13,\r\n\t\t\tgestureHandling: 'greedy'\r\n\t\t});\r\n\r\n\t\tvar marker1 = new google.maps.Marker({\r\n\t\t\tposition: new google.maps.LatLng(51.8215716, 8.660850799999935),\r\n\t\t\tmap: map,\r\n\t\t\ttitle: 'ELHA Werk 1'\r\n\t\t});\r\n\r\n\t\tvar marker2 = new google.maps.Marker({\r\n\t\t\tposition: new google.maps.LatLng(51.83267, 8.652810000000045),\r\n\t\t\tmap: map,\r\n\t\t\ttitle: 'ELHA Werk 2'\r\n\t\t});\r\n\r\n\t\tvar infowindow1 = new google.maps.InfoWindow({\r\n\t\t\tcontent: '<h6>ELHA-MASCHINENBAU Liemke GmbH & Co. KG<br>Werk 1<\/h6>Allee 16<br>33161 H\u00f6velhof'\r\n\t\t});\r\n\r\n\t\tvar infowindow2 = new google.maps.InfoWindow({\r\n\t\t\tcontent: '<h6>ELHA-MASCHINENBAU Liemke GmbH & Co. KG<br>Werk 2<\/h6>Otto-Hahn-Stra\u00dfe 27<br>33161 H\u00f6velhof'\r\n\t\t});\r\n\r\n\t\tmarker1.addListener('click', function() {\r\n\t\t\tinfowindow1.open(map, marker1);\r\n\t\t});\r\n\r\n\t\tmarker2.addListener('click', function() {\r\n\t\t\tinfowindow2.open(map, marker2);\r\n\t\t});\r\n\t}\r\n<\/script>","protected":false},"excerpt":{"rendered":"<p>\t\t\tDer Standort unserer beiden Werke im ostwestf\u00e4lischen H\u00f6velhof liegt in einem der bedeutendsten Maschinenbau-Cluster Deutschlands, in Ostwestfalen-Lippe. Unser Standort ist wenige Kilometer von A33 und<\/p>","protected":false},"author":1,"featured_media":981,"parent":0,"menu_order":10,"comment_status":"closed","ping_status":"closed","template":"","meta":{"footnotes":""},"class_list":["post-1143","page","type-page","status-publish","has-post-thumbnail","hentry"],"blocksy_meta":{"styles_descriptor":{"styles":{"desktop":"","tablet":"","mobile":""},"google_fonts":[],"version":6},"page_title_panel":"","has_hero_section":"default","0428a6bb79573f4dafff2cbf26e4cb48":"","hero_section":"type-1","hero_elements":[{"id":"custom_title","enabled":true,"heading_tag":"h1","title":"P\u00e1gina de inicio"},{"id":"custom_description","enabled":true,"description_visibility":{"desktop":true,"tablet":true,"mobile":false}},{"id":"custom_meta","enabled":false,"meta_elements":[{"id":"author","enabled":true,"label":"Von","has_author_avatar":"yes","avatar_size":25},{"id":"post_date","enabled":true,"label":"Am","date_format_source":"default","date_format":"M j, Y"},{"id":"comments","enabled":true}],"page_meta_elements":{"joined":true,"articles_count":true,"comments":true}},{"id":"breadcrumbs","enabled":false}],"078e8c7484f36280de41ddd8e2a3f92f":"","hero_alignment1":"CT_CSS_SKIP_RULE","hero_margin":40,"hero_alignment2":"center","hero_vertical_alignment":"center","db702b7e8cc5f28323565ea4739eda0c":"","hero_structure":"narrow","64e7f8a66be2b25d7d03522defd6e9cd":"","page_title_bg_type":"featured_image","custom_hero_background":{"attachment_id":null},"parallax":{"desktop":false,"tablet":false,"mobile":false},"00af16159f6af9848757f1457d083dba":"","hero_height":"250px","pageTitleFont":{"family":"Default","variation":"Default","size":{"desktop":"32px","tablet":"30px","mobile":"25px"},"line-height":"CT_CSS_SKIP_RULE","letter-spacing":"CT_CSS_SKIP_RULE","text-transform":"CT_CSS_SKIP_RULE","text-decoration":"CT_CSS_SKIP_RULE"},"pageTitleFontColor":{"default":{"color":"CT_CSS_SKIP_RULEDEFAULT"}},"70a62b0c3fa4ff0a64318b59dd0e3ecf":"","pageMetaFont":{"family":"Default","variation":"n6","size":"12px","line-height":"1.3","letter-spacing":"CT_CSS_SKIP_RULE","text-transform":"uppercase","text-decoration":"CT_CSS_SKIP_RULE"},"pageMetaFontColor":{"default":{"color":"CT_CSS_SKIP_RULEDEFAULT"},"hover":{"color":"CT_CSS_SKIP_RULEDEFAULT"}},"page_meta_button_type_font_colors":{"default":{"color":"CT_CSS_SKIP_RULEDEFAULT"},"hover":{"color":"CT_CSS_SKIP_RULEDEFAULT"}},"page_meta_button_type_background_colors":{"default":{"color":"CT_CSS_SKIP_RULEDEFAULT"},"hover":{"color":"CT_CSS_SKIP_RULEDEFAULT"}},"96fcd737943a9e380fd17b4c82a73c79":"","pageExcerptFont":{"family":"Default","variation":"Default","size":"CT_CSS_SKIP_RULE","line-height":"CT_CSS_SKIP_RULE","letter-spacing":"CT_CSS_SKIP_RULE","text-transform":"CT_CSS_SKIP_RULE","text-decoration":"CT_CSS_SKIP_RULE"},"pageExcerptColor":{"default":{"color":"CT_CSS_SKIP_RULEDEFAULT"}},"f064239d6594c63fc045b858e8900ad6":"","breadcrumbsFont":{"family":"Default","variation":"n6","size":"12px","line-height":"CT_CSS_SKIP_RULE","letter-spacing":"CT_CSS_SKIP_RULE","text-transform":"uppercase","text-decoration":"CT_CSS_SKIP_RULE"},"breadcrumbsFontColor":{"default":{"color":"CT_CSS_SKIP_RULEDEFAULT"},"initial":{"color":"CT_CSS_SKIP_RULEDEFAULT"},"hover":{"color":"CT_CSS_SKIP_RULEDEFAULT"}},"cec7ce895c8ad9d910fa139e0eccf555":"","pageTitleOverlay":{"default":{"color":"CT_CSS_SKIP_RULE"}},"32fc0b164d6a321774e97738064e12f3":"","pageTitleBackground":{"background_type":"color","background_pattern":"type-1","background_image":{"attachment_id":null,"x":0,"y":0},"gradient":"linear-gradient(135deg,rgba(6,147,227,1) 0%,rgb(155,81,224) 100%)","background_repeat":"no-repeat","background_size":"auto","background_attachment":"scroll","patternColor":{"default":{"color":"#e5e7ea"}},"overlayColor":{"default":{"color":"CT_CSS_SKIP_RULE"}},"backgroundColor":{"default":{"color":"var(--theme-palette-color-6)"}}},"da84571ad6c38508aefde33c3871a6b2":"","pageTitlePadding":{"top":"50px","bottom":"50px","left":"auto","right":"auto","linked":true},"8c4a760360e33b2af4d6940177dfd86d":"","page_structure_type":"default","0c69b5bf3a374d89e267ae76c8aba004":"","content_style_source":"inherit","content_style":"wide","vertical_spacing_source":"inherit","content_area_spacing":"both","background":{"background_type":"color","background_pattern":"type-1","background_image":{"attachment_id":null,"x":0,"y":0},"gradient":"linear-gradient(135deg,rgba(6,147,227,1) 0%,rgb(155,81,224) 100%)","background_repeat":"no-repeat","background_size":"auto","background_attachment":"scroll","patternColor":{"default":{"color":"#e5e7ea"}},"overlayColor":{"default":{"color":"CT_CSS_SKIP_RULE"}},"backgroundColor":{"default":{"color":"CT_CSS_SKIP_RULE"}}},"content_background":{"background_type":"color","background_pattern":"type-1","background_image":{"attachment_id":null,"x":0,"y":0},"gradient":"linear-gradient(135deg,rgba(6,147,227,1) 0%,rgb(155,81,224) 100%)","background_repeat":"no-repeat","background_size":"auto","background_attachment":"scroll","patternColor":{"default":{"color":"#e5e7ea"}},"overlayColor":{"default":{"color":"CT_CSS_SKIP_RULE"}},"backgroundColor":{"default":{"color":"var(--theme-palette-color-8)"}}},"content_boxed_shadow":{"inherit":false,"blur":18,"spread":-6,"v_offset":12,"h_offset":0,"inset":false,"enable":true,"color":{"color":"rgba(34, 56, 101, 0.04)"}},"boxed_content_spacing":{"desktop":{"top":"40px","bottom":"40px","left":"40px","right":"40px","linked":true},"tablet":{"top":"35px","bottom":"35px","left":"35px","right":"35px","linked":true},"mobile":{"top":"20px","bottom":"20px","left":"20px","right":"20px","linked":true}},"content_boxed_radius":{"top":"3px","bottom":"3px","left":"3px","right":"3px","linked":true},"835db682f13e0a1d508599633835f761":"","disable_featured_image":"yes","disable_header":"no","disable_footer":"no"},"_links":{"self":[{"href":"https:\/\/www.elha.de\/es\/wp-json\/wp\/v2\/pages\/1143","targetHints":{"allow":["GET"]}}],"collection":[{"href":"https:\/\/www.elha.de\/es\/wp-json\/wp\/v2\/pages"}],"about":[{"href":"https:\/\/www.elha.de\/es\/wp-json\/wp\/v2\/types\/page"}],"author":[{"embeddable":true,"href":"https:\/\/www.elha.de\/es\/wp-json\/wp\/v2\/users\/1"}],"replies":[{"embeddable":true,"href":"https:\/\/www.elha.de\/es\/wp-json\/wp\/v2\/comments?post=1143"}],"version-history":[{"count":0,"href":"https:\/\/www.elha.de\/es\/wp-json\/wp\/v2\/pages\/1143\/revisions"}],"wp:featuredmedia":[{"embeddable":true,"href":"https:\/\/www.elha.de\/es\/wp-json\/wp\/v2\/media\/981"}],"wp:attachment":[{"href":"https:\/\/www.elha.de\/es\/wp-json\/wp\/v2\/media?parent=1143"}],"curies":[{"name":"wp","href":"https:\/\/api.w.org\/{rel}","templated":true}]}}