{"id":11611,"date":"2023-05-16T10:45:13","date_gmt":"2023-05-16T08:45:13","guid":{"rendered":"https:\/\/www.elha.de\/?page_id=11611"},"modified":"2026-02-19T08:39:14","modified_gmt":"2026-02-19T07:39:14","slug":"conformidad","status":"publish","type":"page","link":"https:\/\/www.elha.de\/es\/compliance\/","title":{"rendered":"Conformidad"},"content":{"rendered":"<p>Carola Sieling y Anne-Kathrin Titze son las defensoras del pueblo de ELHA-MASCHINENBAU Liemke GmbH &amp; Co. KG en materia de cumplimiento. Los defensores del pueblo est\u00e1n a disposici\u00f3n de los empleados y terceros como contactos externos independientes para obtener informaci\u00f3n sobre delitos e infracciones legales. Tambi\u00e9n son centros internos de denuncia de conformidad con la Ley de Protecci\u00f3n de Denunciantes.<\/p>\n\n\n\n<p>La Sra. Carola Sieling, abogada, y la Sra. Anne-Kathrin Titze, abogada, est\u00e1n obligadas profesionalmente a guardar secreto y, si se les solicita, har\u00e1n un seguimiento de la informaci\u00f3n sin dar nombres. La informaci\u00f3n s\u00f3lo se transmitir\u00e1 a ELHA-MASCHINENBAU Liemke GmbH &amp; Co. KG s\u00f3lo previa consulta y de acuerdo con la persona que facilita la informaci\u00f3n. El objetivo es ayudar a la empresa a aclarar las infracciones en materia de cumplimiento y a denunciar las infracciones en virtud de la Ley de Protecci\u00f3n de los Denunciantes sin que el denunciante tenga que temer ninguna desventaja.<\/p>\n\n\n\n<h2 class=\"wp-block-heading has-palette-color-1-color has-text-color has-link-color wp-elements-3ff8a13b50f08648cd31d162eb03498b\">Datos de contacto<\/h2>\n\n\n\n<p><strong>Defensores del Pueblo<\/strong><br>Abogada Carola Sieling y abogada Anne-Kathrin Titze<br>Bufete Sieling<br>Klingenderstrasse 5<br>DE-33100 Paderborn<br><br>Tel\u00e9fono: +49 5251 1428742<br>Fax: +49 5251 1428744<br>E-Mail: <a href=\"mailto:ombudsperson.elha-maschinenbau@kanzlei-sieling.de\">ombudsperson.elha-maschinenbau@kanzlei-sieling.de<\/a><\/p>\n\n\n\n<p><\/p>","protected":false},"excerpt":{"rendered":"<p>Frau Rechtsanw\u00e4ltin Carola Sieling und Frau Rechtsanw\u00e4ltin Anne-Kathrin Titze sind Ombudspersonen der Firma ELHA-MASCHINENBAU Liemke GmbH &amp; Co. KG in Compliance-Fragen. Die Ombudspersonen stehen den<\/p>","protected":false},"author":26,"featured_media":11612,"parent":0,"menu_order":13,"comment_status":"closed","ping_status":"closed","template":"","meta":{"footnotes":""},"class_list":["post-11611","page","type-page","status-publish","has-post-thumbnail","hentry"],"blocksy_meta":[],"_links":{"self":[{"href":"https:\/\/www.elha.de\/es\/wp-json\/wp\/v2\/pages\/11611","targetHints":{"allow":["GET"]}}],"collection":[{"href":"https:\/\/www.elha.de\/es\/wp-json\/wp\/v2\/pages"}],"about":[{"href":"https:\/\/www.elha.de\/es\/wp-json\/wp\/v2\/types\/page"}],"author":[{"embeddable":true,"href":"https:\/\/www.elha.de\/es\/wp-json\/wp\/v2\/users\/26"}],"replies":[{"embeddable":true,"href":"https:\/\/www.elha.de\/es\/wp-json\/wp\/v2\/comments?post=11611"}],"version-history":[{"count":0,"href":"https:\/\/www.elha.de\/es\/wp-json\/wp\/v2\/pages\/11611\/revisions"}],"wp:featuredmedia":[{"embeddable":true,"href":"https:\/\/www.elha.de\/es\/wp-json\/wp\/v2\/media\/11612"}],"wp:attachment":[{"href":"https:\/\/www.elha.de\/es\/wp-json\/wp\/v2\/media?parent=11611"}],"curies":[{"name":"wp","href":"https:\/\/api.w.org\/{rel}","templated":true}]}}