{"id":12021,"date":"2024-05-15T16:16:34","date_gmt":"2024-05-15T14:16:34","guid":{"rendered":"https:\/\/www.elha.de\/?page_id=12021"},"modified":"2025-05-23T09:30:17","modified_gmt":"2025-05-23T07:30:17","slug":"accesibilidad","status":"publish","type":"page","link":"https:\/\/www.elha.de\/es\/barrierefreiheit\/","title":{"rendered":"Accesibilidad"},"content":{"rendered":"<p>La presente declaraci\u00f3n se elabor\u00f3 el 15 de mayo de 2024 y se basa en una autoevaluaci\u00f3n.<\/p>\n\n\n\n<p>La Barrierefreiheitsst\u00e4rkungsgesetz (BFSG) es la transposici\u00f3n de la Ley Europea de Accesibilidad a la legislaci\u00f3n alemana y obliga a las empresas alemanas a garantizar la accesibilidad.<\/p>\n\n\n\n<p>ELHA-MASCHINENBAU se esfuerza por hacer accesible el sitio web www.elha.de. Este sitio web es en gran medida compatible con BFSG.<\/p>\n\n\n\n<p><strong>Los siguientes puntos pueden representar una restricci\u00f3n:<\/strong><\/p>\n\n\n\n<ul class=\"wp-block-list\">\n<li>Algunas im\u00e1genes no contienen textos alternativos<\/li>\n\n\n\n<li>Los formularios de entrada no contienen alternativas a CAPTCHA<\/li>\n\n\n\n<li>Los v\u00eddeos no contienen subt\u00edtulos<\/li>\n<\/ul>\n\n\n\n<p><strong>El siguiente contenido est\u00e1 restringido:<\/strong><\/p>\n\n\n\n<ul class=\"wp-block-list\">\n<li>M\u00e1quinas \/ m\u00f3dulos de producci\u00f3n \/ configuraci\u00f3n de la m\u00e1quina: no controlable por teclado<\/li>\n\n\n\n<li>M\u00e1quinas \/ M\u00f3dulo de cinem\u00e1tica paralela: el modelo 3D no puede controlarse por teclado<\/li>\n\n\n\n<li>Empresa \/ Socio comercial: El mapa general no se puede controlar mediante el teclado<\/li>\n<\/ul>\n\n\n\n<p>Si observa alguna deficiencia en relaci\u00f3n con el dise\u00f1o sin barreras, puede ponerse en contacto con nosotros a trav\u00e9s de nuestro <a href=\"https:\/\/www.elha.de\/es\/contacto\/\">Formulario de contacto<\/a> p\u00f3ngase en contacto con nosotros.<\/p>","protected":false},"excerpt":{"rendered":"<p>La presente declaraci\u00f3n se elabor\u00f3 el 15 de mayo de 2024 y se basa en una autoevaluaci\u00f3n.<\/p>\n<p>Das Barrierefreiheitsst\u00e4rkungsgesetz (BFSG) ist die Umsetzung des European Accessibility Act in deutsches Recht und verpflichtet deutsche<\/p>","protected":false},"author":1,"featured_media":0,"parent":0,"menu_order":14,"comment_status":"closed","ping_status":"closed","template":"","meta":{"footnotes":""},"class_list":["post-12021","page","type-page","status-publish","hentry"],"blocksy_meta":[],"_links":{"self":[{"href":"https:\/\/www.elha.de\/es\/wp-json\/wp\/v2\/pages\/12021","targetHints":{"allow":["GET"]}}],"collection":[{"href":"https:\/\/www.elha.de\/es\/wp-json\/wp\/v2\/pages"}],"about":[{"href":"https:\/\/www.elha.de\/es\/wp-json\/wp\/v2\/types\/page"}],"author":[{"embeddable":true,"href":"https:\/\/www.elha.de\/es\/wp-json\/wp\/v2\/users\/1"}],"replies":[{"embeddable":true,"href":"https:\/\/www.elha.de\/es\/wp-json\/wp\/v2\/comments?post=12021"}],"version-history":[{"count":0,"href":"https:\/\/www.elha.de\/es\/wp-json\/wp\/v2\/pages\/12021\/revisions"}],"wp:attachment":[{"href":"https:\/\/www.elha.de\/es\/wp-json\/wp\/v2\/media?parent=12021"}],"curies":[{"name":"wp","href":"https:\/\/api.w.org\/{rel}","templated":true}]}}