{"id":12074,"date":"2024-06-04T12:17:23","date_gmt":"2024-06-04T10:17:23","guid":{"rendered":"https:\/\/www.elha.de\/?page_id=12074"},"modified":"2025-05-23T08:57:26","modified_gmt":"2025-05-23T06:57:26","slug":"3dmd","status":"publish","type":"page","link":"https:\/\/www.elha.de\/es\/maschinen\/parallelkinematik-module\/3dmd\/","title":{"rendered":"Fabricaci\u00f3n aditiva con m\u00f3dulos de cinem\u00e1tica paralela: proceso 3DMD con mecanizado de piezas grandes"},"content":{"rendered":"<h2 class=\"wp-block-heading\">\u00bfEn qu\u00e9 consiste el proceso 3DMD?<\/h2>\n\n\n\n<p>La deposici\u00f3n din\u00e1mica de material (3DMD) combina la soldadura por deposici\u00f3n l\u00e1ser basada en polvo con la fabricaci\u00f3n aditiva de componentes met\u00e1licos. En este proceso, un l\u00e1ser funde el material, que luego se aplica a un sustrato. Este m\u00e9todo acelera la producci\u00f3n, reduce el consumo de energ\u00eda y minimiza la distorsi\u00f3n.<\/p>\n\n\n\n<h2 class=\"wp-block-heading\">El reto del tama\u00f1o en la fabricaci\u00f3n aditiva<\/h2>\n\n\n\n<p>La fabricaci\u00f3n aditiva tiene una limitaci\u00f3n notable: mientras que produce piezas peque\u00f1as con gran precisi\u00f3n, los componentes grandes suelen carecer de detalle y calidad. El m\u00f3dulo h\u00edbrido de cinem\u00e1tica paralela, dotado de un proceso DED (deposici\u00f3n de energ\u00eda dirigida) o 3DMD, aborda este problema y permite la producci\u00f3n econ\u00f3mica de componentes grandes sin sacrificar la precisi\u00f3n.<\/p>\n\n\n\n<h2 class=\"wp-block-heading\">Versatilidad y aplicaciones de 3DMD<\/h2>\n\n\n\n<p>Originalmente, el proceso 3DMD se utilizaba principalmente para el revestimiento de componentes. Sin embargo, su capacidad para procesar diferentes aleaciones y metales mediante una alimentaci\u00f3n de polvo basada en boquillas lo hace extremadamente vers\u00e1til. Entre sus aplicaciones se incluyen:<\/p>\n\n\n\n<ul class=\"wp-block-list\">\n<li>Recubrimientos protectores que prolongan la vida \u00fatil de los componentes<\/li>\n\n\n\n<li>Tratamientos superficiales especializados<\/li>\n\n\n\n<li>Caracter\u00edsticas de refuerzo para una construcci\u00f3n ligera que permite ahorrar costes de material<\/li>\n\n\n\n<li>Reparaci\u00f3n de componentes y fabricaci\u00f3n aditiva tradicional<\/li>\n<\/ul>\n\n\n\n<div class=\"wp-block-media-text is-stacked-on-mobile\" style=\"grid-template-columns:48% auto\"><figure class=\"wp-block-media-text__media\"><img loading=\"lazy\" decoding=\"async\" width=\"467\" height=\"388\" src=\"https:\/\/www.elha.de\/wp-content\/uploads\/Ponticon-extruder-detail-not-installed.png\" alt=\"\" class=\"wp-image-12281 size-full\" srcset=\"https:\/\/www.elha.de\/wp-content\/uploads\/Ponticon-extruder-detail-not-installed.png 467w, https:\/\/www.elha.de\/wp-content\/uploads\/Ponticon-extruder-detail-not-installed-460x382.png 460w\" sizes=\"auto, (max-width: 467px) 100vw, 467px\" \/><\/figure><div class=\"wp-block-media-text__content\">\n<h2 class=\"wp-block-heading\">Especificaciones de la m\u00e1quina para un rendimiento \u00f3ptimo de 3DMD<\/h2>\n\n\n\n<p>La implantaci\u00f3n del proceso 3DMD requiere m\u00e1quinas que permitan tanto secuencias r\u00e1pidas como la m\u00e1xima precisi\u00f3n, al tiempo que ofrezcan una gran rigidez y capacidad din\u00e1mica. El dise\u00f1o del m\u00f3dulo de cinem\u00e1tica paralela permite altas velocidades de superficie de hasta 1.000 cm\u00b2\/min y velocidades de volumen de construcci\u00f3n de hasta 600 cm\u00b3\/h. Est\u00e1 dise\u00f1ado espec\u00edficamente para mantener una velocidad constante en todas las direcciones y orientaciones con el fin de permanecer lo m\u00e1s cerca posible del molde final y favorecer una producci\u00f3n eficiente.<\/p>\n<\/div><\/div>\n\n\n\n<div style=\"height:50px\" aria-hidden=\"true\" class=\"wp-block-spacer\"><\/div>\n\n\n\n<h2 class=\"wp-block-heading\">Fabricaci\u00f3n de precisi\u00f3n de piezas de gran tama\u00f1o: La integraci\u00f3n de 3DMD en el m\u00f3dulo de cinem\u00e1tica paralela (PKM)<\/h2>\n\n\n\n<p>ELHA-MASCHINENBAU junto con <a href=\"https:\/\/www.cognibotics.com\/en\" rel=\"nofollow noopener\" target=\"_blank\">Cognibotics <\/a>y el socio tecnol\u00f3gico <a href=\"https:\/\/ponticon.de\/en\/\" rel=\"nofollow noopener\" target=\"_blank\">Ponticon<\/a> ha integrado con \u00e9xito el proceso de deposici\u00f3n din\u00e1mica de material (3DMD) en el PKM. Esta colaboraci\u00f3n ha dado lugar a un sistema vers\u00e1til capaz de gestionar la producci\u00f3n y el mecanizado de componentes complejos fabricados a partir de una amplia gama de aleaciones y metales elementales.&nbsp;<\/p>\n\n\n\n<ul class=\"wp-block-list\">\n<li>El m\u00f3dulo h\u00edbrido de cinem\u00e1tica paralela se encarga tanto de la producci\u00f3n como del posprocesamiento de piezas complejas de diferentes aleaciones y metales en una sola operaci\u00f3n de sujeci\u00f3n. Esto incluye:\n<ul class=\"wp-block-list\">\n<li>Fabricaci\u00f3n aditiva<\/li>\n\n\n\n<li>Revestimiento<\/li>\n\n\n\n<li>Repare<\/li>\n\n\n\n<li>Postprocesado y mecanizado en la misma sujeci\u00f3n<\/li>\n<\/ul>\n<\/li>\n\n\n\n<li><strong>Producci\u00f3n a gran escala<\/strong>Admite la producci\u00f3n de componentes de gran superficie dentro de un \u00e1rea de trabajo de hasta 3 x 2 metros en las dimensiones Y x Z, con una gran superficie en la dimensi\u00f3n X, lo que garantiza resultados precisos y estructuras con forma casi de red.<\/li>\n\n\n\n<li><strong>Din\u00e1mica excepcional<\/strong>Alcanza aceleraciones m\u00e1ximas de 2,5 G, lo que aumenta significativamente la velocidad de producci\u00f3n y las capacidades operativas, especialmente para los cambios de direcci\u00f3n y la precisi\u00f3n de los contornos.<\/li>\n\n\n\n<li><strong>Producci\u00f3n de microestructuras<\/strong>Crea microestructuras 3D con un grosor de pared m\u00ednimo de 500 \u03bcm y una rugosidad superficial de unos 20 \u03bcm.<\/li>\n<\/ul>\n\n\n\n<div class=\"elha-youtube-lightbox\"><a href=\"https:\/\/www.youtube-nocookie.com\/embed\/D-Etv-_tdkg\" class=\"lightbox\" rel=\"nofollow noopener\" target=\"_blank\"><img decoding=\"async\" src=\"https:\/\/www.elha.de\/wp-content\/uploads\/Thumbnail-Additive-Fertigung.jpg\" alt=\"\"><\/a><span>Acepta la transmisi\u00f3n de datos a YouTube y reproduce el v\u00eddeo - <a href=\"https:\/\/www.elha.de\/es\/declaracion-de-proteccion-de-datos\/\">Pol\u00edtica de privacidad<\/a><\/span><\/div>\n\n\n\n<div style=\"height:50px\" aria-hidden=\"true\" class=\"wp-block-spacer\"><\/div>\n\n\n\n<h2 class=\"wp-block-heading\">Fabricaci\u00f3n aditiva h\u00edbrida m\u00f3vil como soluci\u00f3n llave en mano<\/h2>\n\n\n\n<p>Adem\u00e1s, se ha dise\u00f1ado una versi\u00f3n m\u00e1s compacta de la PKM que cabe en un contenedor est\u00e1ndar de 40 pies y ofrece un \u00e1rea de trabajo de 1,2 x 1,2 x 2,5 metros. Este dise\u00f1o facilita el transporte y permite la fabricaci\u00f3n aditiva y el mecanizado en una sola instalaci\u00f3n. Ofrece la versatilidad necesaria para gestionar tanto la producci\u00f3n como las reparaciones, ya sean internas o in situ. Adem\u00e1s, un avanzado sistema de calibraci\u00f3n restablece r\u00e1pidamente la precisi\u00f3n tras el transporte, garantizando una exactitud constante en cualquier entorno.<\/p>\n\n\n\n<div class=\"elha-youtube-lightbox\"><a href=\"https:\/\/www.youtube-nocookie.com\/embed\/xCw57h0mDZU\" class=\"lightbox\" rel=\"nofollow noopener\" target=\"_blank\"><img decoding=\"async\" src=\"https:\/\/www.elha.de\/wp-content\/uploads\/Screenshot-2024-11-06-143623.png\" alt=\"\"><\/a><span>Acepta la transmisi\u00f3n de datos a YouTube y reproduce el v\u00eddeo - <a href=\"https:\/\/www.elha.de\/es\/declaracion-de-proteccion-de-datos\/\">Pol\u00edtica de privacidad<\/a><\/span><\/div>\n\n\n\n<div style=\"height:50px\" aria-hidden=\"true\" class=\"wp-block-spacer\"><\/div>\n\n\n\n<div class=\"wp-block-group is-layout-constrained wp-block-group-is-layout-constrained\">\n<div class=\"wp-block-group is-layout-constrained wp-block-group-is-layout-constrained\">\n<div class=\"wp-block-group is-layout-constrained wp-block-group-is-layout-constrained\">\n<div class=\"wp-block-group is-layout-constrained wp-block-group-is-layout-constrained\">\n<div class=\"wp-block-group is-layout-constrained wp-block-group-is-layout-constrained\">\n<div class=\"wp-block-group is-layout-constrained wp-block-group-is-layout-constrained\">\n<h2 class=\"wp-block-heading\">Informaci\u00f3n general sobre el proceso 3DMD<\/h2>\n<\/div>\n\n\n\n<p>En colaboraci\u00f3n con Ponticon, nos hemos centrado en el denominado proceso 3DMD, que, en combinaci\u00f3n con el m\u00f3dulo de cinem\u00e1tica paralela, garantiza unos ritmos de producci\u00f3n extremadamente r\u00e1pidos y precisos. El \u00e1rea de trabajo de la PKM, que mide hasta 4.000 x 3.000 x 2.000 mm y ofrece la opci\u00f3n de mecanizado en 3 y 5 ejes, abre nuevas dimensiones para la fabricaci\u00f3n aditiva.<\/p>\n<\/div>\n\n\n\n<p><strong>R\u00e1pido<\/strong><br>La cinem\u00e1tica altamente din\u00e1mica de la PKM permite producciones de hasta 1.000 cm\u00b2\/min y velocidades de producci\u00f3n de hasta 600 cm\u00b3\/h.<\/p>\n<\/div>\n\n\n\n<p><strong>Preciso<\/strong><br>La cinem\u00e1tica altamente din\u00e1mica permite producciones de hasta 1.000 cm\u00b2\/min y velocidades de producci\u00f3n de hasta 600 cm\u00b3\/h.<\/p>\n<\/div>\n\n\n\n<p><strong>Flexible<\/strong><br>Combinaci\u00f3n de diferentes sistemas de aleaci\u00f3n y metales elementales con alimentaci\u00f3n de polvo basada en boquillas.<\/p>\n<\/div>\n\n\n\n<figure class=\"wp-block-image size-large is-resized\"><img loading=\"lazy\" decoding=\"async\" width=\"940\" height=\"203\" src=\"https:\/\/www.elha.de\/wp-content\/uploads\/ELHAxPonticon-banner-940x203.png\" alt=\"\" class=\"wp-image-12060\" style=\"width:940px;height:auto\" srcset=\"https:\/\/www.elha.de\/wp-content\/uploads\/ELHAxPonticon-banner-940x203.png 940w, https:\/\/www.elha.de\/wp-content\/uploads\/ELHAxPonticon-banner-460x100.png 460w, https:\/\/www.elha.de\/wp-content\/uploads\/ELHAxPonticon-banner.png 980w\" sizes=\"auto, (max-width: 940px) 100vw, 940px\" \/><\/figure>\n<\/div>\n\n\n\n<div class=\"wp-block-columns is-layout-flex wp-container-core-columns-is-layout-28f84493 wp-block-columns-is-layout-flex\">\n<div class=\"wp-block-column is-layout-flow wp-block-column-is-layout-flow\">\n<h3 class=\"wp-block-heading\">Revestimiento l\u00e1ser<\/h3>\n\n\n\n<figure class=\"wp-block-image size-large\"><img loading=\"lazy\" decoding=\"async\" width=\"940\" height=\"529\" src=\"https:\/\/www.elha.de\/wp-content\/uploads\/3dmd-laser-cladding-940x529.png\" alt=\"\" class=\"wp-image-12053\" srcset=\"https:\/\/www.elha.de\/wp-content\/uploads\/3dmd-laser-cladding-940x529.png 940w, https:\/\/www.elha.de\/wp-content\/uploads\/3dmd-laser-cladding-460x259.png 460w, https:\/\/www.elha.de\/wp-content\/uploads\/3dmd-laser-cladding.png 1280w\" sizes=\"auto, (max-width: 940px) 100vw, 940px\" \/><\/figure>\n<\/div>\n\n\n\n<div class=\"wp-block-column is-layout-flow wp-block-column-is-layout-flow\">\n<h3 class=\"wp-block-heading\">Recubrimiento l\u00e1ser<\/h3>\n\n\n\n<figure class=\"wp-block-image size-large\"><img loading=\"lazy\" decoding=\"async\" width=\"940\" height=\"516\" src=\"https:\/\/www.elha.de\/wp-content\/uploads\/3dmd-laser-coating-940x516.jpg\" alt=\"\" class=\"wp-image-12054\" srcset=\"https:\/\/www.elha.de\/wp-content\/uploads\/3dmd-laser-coating-940x516.jpg 940w, https:\/\/www.elha.de\/wp-content\/uploads\/3dmd-laser-coating-460x252.jpg 460w, https:\/\/www.elha.de\/wp-content\/uploads\/3dmd-laser-coating.jpg 1280w\" sizes=\"auto, (max-width: 940px) 100vw, 940px\" \/><\/figure>\n<\/div>\n<\/div>\n\n\n\n<div style=\"height:50px\" aria-hidden=\"true\" class=\"wp-block-spacer\"><\/div>\n\n\n\n<hr class=\"wp-block-separator has-alpha-channel-opacity is-style-wide\"\/>\n\n\n\n<div class=\"wp-block-columns is-layout-flex wp-container-core-columns-is-layout-28f84493 wp-block-columns-is-layout-flex\">\n<div class=\"wp-block-column is-layout-flow wp-block-column-is-layout-flow\" style=\"flex-basis:70%\">\n<p><strong>M\u00e1s informaci\u00f3n sobre la PKM:<\/strong><br>Haga clic aqu\u00ed para acceder a la p\u00e1gina de informaci\u00f3n general<\/p>\n\n\n\n<div class=\"wp-block-buttons is-layout-flex wp-block-buttons-is-layout-flex\">\n<div class=\"wp-block-button\"><a class=\"wp-block-button__link wp-element-button\" href=\"https:\/\/www.elha.de\/es\/maquinas\/modulos-de-cinematica-paralela\/\">M\u00e1s informaci\u00f3n<\/a><\/div>\n<\/div>\n<\/div>\n\n\n\n<div class=\"wp-block-column is-layout-flow wp-block-column-is-layout-flow\" style=\"flex-basis:66.66%\">\n<figure class=\"wp-block-image size-full is-resized has-custom-border\"><img loading=\"lazy\" decoding=\"async\" width=\"915\" height=\"600\" src=\"https:\/\/www.elha.de\/wp-content\/uploads\/ELHA-PKM-Frontansicht-1.jpg\" alt=\"\" class=\"wp-image-11573\" style=\"border-style:none;border-width:0px;border-radius:0px;width:278px;height:auto\" srcset=\"https:\/\/www.elha.de\/wp-content\/uploads\/ELHA-PKM-Frontansicht-1.jpg 915w, https:\/\/www.elha.de\/wp-content\/uploads\/ELHA-PKM-Frontansicht-1-460x302.jpg 460w\" sizes=\"auto, (max-width: 915px) 100vw, 915px\" \/><\/figure>\n<\/div>\n<\/div>\n\n\n\n<div class=\"wp-block-group is-layout-constrained wp-block-group-is-layout-constrained\">\n<div class=\"wp-block-columns is-layout-flex wp-container-core-columns-is-layout-28f84493 wp-block-columns-is-layout-flex\">\n<div class=\"wp-block-column is-layout-flow wp-block-column-is-layout-flow\" style=\"flex-basis:50%\">\n<p><strong>P\u00f3ngase en contacto con nosotros:<\/strong><br>\u00bfQuiere saber m\u00e1s sobre la PKM?<\/p>\n\n\n\n<div class=\"wp-block-buttons is-layout-flex wp-block-buttons-is-layout-flex\">\n<div class=\"wp-block-button\"><a class=\"wp-block-button__link wp-element-button\" href=\"https:\/\/www.elha.de\/es\/contacto\/\">Al formulario<\/a><\/div>\n<\/div>\n<\/div>\n\n\n\n<div class=\"wp-block-column is-layout-flow wp-block-column-is-layout-flow\" style=\"flex-basis:33.33%\">\n<figure class=\"wp-block-image size-full is-resized\"><img loading=\"lazy\" decoding=\"async\" width=\"940\" height=\"627\" src=\"https:\/\/www.elha.de\/wp-content\/uploads\/elha-maschinenbau-werk2.jpg\" alt=\"\" class=\"wp-image-981\" style=\"width:281px;height:auto\" srcset=\"https:\/\/www.elha.de\/wp-content\/uploads\/elha-maschinenbau-werk2.jpg 940w, https:\/\/www.elha.de\/wp-content\/uploads\/elha-maschinenbau-werk2-460x307.jpg 460w\" sizes=\"auto, (max-width: 940px) 100vw, 940px\" \/><\/figure>\n<\/div>\n<\/div>\n<\/div>","protected":false},"excerpt":{"rendered":"<p>\u00bfEn qu\u00e9 consiste el proceso 3DMD?<\/p>\n<p>La deposici\u00f3n din\u00e1mica de material (3DMD) combina la soldadura por deposici\u00f3n l\u00e1ser basada en polvo con la fabricaci\u00f3n aditiva de componentes met\u00e1licos. En este proceso, un l\u00e1ser funde el material,<\/p>","protected":false},"author":26,"featured_media":12054,"parent":11617,"menu_order":2,"comment_status":"closed","ping_status":"closed","template":"","meta":{"footnotes":""},"class_list":["post-12074","page","type-page","status-publish","has-post-thumbnail","hentry"],"blocksy_meta":[],"_links":{"self":[{"href":"https:\/\/www.elha.de\/es\/wp-json\/wp\/v2\/pages\/12074","targetHints":{"allow":["GET"]}}],"collection":[{"href":"https:\/\/www.elha.de\/es\/wp-json\/wp\/v2\/pages"}],"about":[{"href":"https:\/\/www.elha.de\/es\/wp-json\/wp\/v2\/types\/page"}],"author":[{"embeddable":true,"href":"https:\/\/www.elha.de\/es\/wp-json\/wp\/v2\/users\/26"}],"replies":[{"embeddable":true,"href":"https:\/\/www.elha.de\/es\/wp-json\/wp\/v2\/comments?post=12074"}],"version-history":[{"count":0,"href":"https:\/\/www.elha.de\/es\/wp-json\/wp\/v2\/pages\/12074\/revisions"}],"up":[{"embeddable":true,"href":"https:\/\/www.elha.de\/es\/wp-json\/wp\/v2\/pages\/11617"}],"wp:featuredmedia":[{"embeddable":true,"href":"https:\/\/www.elha.de\/es\/wp-json\/wp\/v2\/media\/12054"}],"wp:attachment":[{"href":"https:\/\/www.elha.de\/es\/wp-json\/wp\/v2\/media?parent=12074"}],"curies":[{"name":"wp","href":"https:\/\/api.w.org\/{rel}","templated":true}]}}