{"id":12076,"date":"2024-06-04T14:06:05","date_gmt":"2024-06-04T12:06:05","guid":{"rendered":"https:\/\/www.elha.de\/?page_id=12076"},"modified":"2025-05-23T08:56:28","modified_gmt":"2025-05-23T06:56:28","slug":"corte-de-alta-velocidad","status":"publish","type":"page","link":"https:\/\/www.elha.de\/es\/maschinen\/parallelkinematik-module\/high-speed-cutting\/","title":{"rendered":"Corte de alta velocidad (HSC)"},"content":{"rendered":"<h2 class=\"wp-block-heading\">Corte a alta velocidad de h\u00e9lices de grandes buques: superar los retos con m\u00f3dulos de cinem\u00e1tica paralela<\/h2>\n\n\n\n<figure class=\"wp-block-image size-full\"><img loading=\"lazy\" decoding=\"async\" width=\"940\" height=\"529\" src=\"https:\/\/www.elha.de\/wp-content\/uploads\/SigmaTau-pkm-HSC-application-MMG-propeller.jpg\" alt=\"SigmaTau \/ PKM para aplicaciones de corte de alta velocidad como una h\u00e9lice de MMG.\" class=\"wp-image-12215\" srcset=\"https:\/\/www.elha.de\/wp-content\/uploads\/SigmaTau-pkm-HSC-application-MMG-propeller.jpg 940w, https:\/\/www.elha.de\/wp-content\/uploads\/SigmaTau-pkm-HSC-application-MMG-propeller-460x259.jpg 460w\" sizes=\"auto, (max-width: 940px) 100vw, 940px\" \/><\/figure>\n\n\n\n<h2 class=\"wp-block-heading\">Retos actuales en el fresado a alta velocidad de h\u00e9lices de grandes buques<\/h2>\n\n\n\n<p>El mecanizado de h\u00e9lices de grandes buques presenta varios retos. Debido al tama\u00f1o de estos componentes, se necesitan m\u00e1quinas avanzadas que permitan un mecanizado r\u00e1pido, fiable y preciso. Los aspectos importantes en este sentido son:<\/p>\n\n\n\n<ul class=\"wp-block-list\">\n<li><strong>Tiempo de tramitaci\u00f3n:<\/strong> Los altos \u00edndices de arranque de virutas son cruciales para cumplir los plazos de producci\u00f3n.<\/li>\n\n\n\n<li><strong>Calidad de la superficie:<\/strong> Un acabado superficial de alta calidad es crucial para el rendimiento \u00f3ptimo de una h\u00e9lice. Lograr una excelente calidad superficial durante el proceso de mecanizado puede reducir significativamente los costes operativos, ya que se pueden minimizar los pasos de acabado adicionales, como el tiempo de pulido prolongado.<\/li>\n<\/ul>\n\n\n\n<h2 class=\"wp-block-heading\">C\u00f3mo los m\u00f3dulos de cinem\u00e1tica paralela (PKM) dominan el mecanizado a alta velocidad de grandes piezas de fundici\u00f3n<\/h2>\n\n\n\n<p>Gracias a sus propiedades \u00fanicas, la PKM ha demostrado su eficacia en el fresado de alta velocidad:<\/p>\n\n\n\n<ul class=\"wp-block-list\">\n<li><strong>Procesamiento r\u00e1pido y preciso:<\/strong> La combinaci\u00f3n de una estructura r\u00edgida y ligera garantiza un rendimiento constante incluso a altas velocidades de avance, lo que reduce el tiempo de mecanizado y aumenta la fiabilidad.<\/li>\n\n\n\n<li><strong>Amplio espacio de trabajo:<\/strong> La PKM est\u00e1 dise\u00f1ada para componentes de gran tama\u00f1o y ofrece espacio suficiente para componentes masivos.<\/li>\n\n\n\n<li><strong>Dise\u00f1o compacto:<\/strong> El dise\u00f1o minimiza la inversi\u00f3n inicial en cimentaciones y ofrece flexibilidad a la hora de adaptarse a los sistemas existentes. Adem\u00e1s, la estructura modular ligera reduce significativamente el consumo de energ\u00eda en comparaci\u00f3n con las soluciones convencionales.<\/li>\n\n\n\n<li><strong>Fijaci\u00f3n \u00fanica:<\/strong> El gran volumen de trabajo y el alcance de la m\u00e1quina permiten procesar un lado completo de la h\u00e9lice sin necesidad de volver a sujetarla.<\/li>\n<\/ul>\n\n\n\n<div class=\"elha-youtube-lightbox\"><a href=\"https:\/\/www.youtube-nocookie.com\/embed\/NcHrPPTe8sc\" class=\"lightbox\" rel=\"nofollow noopener\" target=\"_blank\"><img decoding=\"async\" src=\"https:\/\/www.elha.de\/wp-content\/uploads\/Thumbnail-MMG-Propeller.png\" alt=\"\"><\/a><span>Acepta la transmisi\u00f3n de datos a YouTube y reproduce el v\u00eddeo - <a href=\"https:\/\/www.elha.de\/es\/declaracion-de-proteccion-de-datos\/\">Pol\u00edtica de privacidad<\/a><\/span><\/div>\n\n\n\n<h2 class=\"wp-block-heading\">Excelente calidad de superficie con m\u00f3dulos de cinem\u00e1tica paralela<\/h2>\n\n\n\n<p>La PKM utiliza t\u00e9cnicas avanzadas para lograr superficies excepcionales:<\/p>\n\n\n\n<ul class=\"wp-block-list\">\n<li><strong>Simulaci\u00f3n de procesos:<\/strong> Planificaci\u00f3n precisa de trayectorias y herramientas gracias al gemelo digital<\/li>\n\n\n\n<li><strong>Movimiento de 5 ejes:<\/strong> La capacidad del PKM para moverse libremente alrededor de la h\u00e9lice, sin singularidades, garantiza una precisi\u00f3n constante del contorno.<\/li>\n\n\n\n<li><strong>R\u00e1pida realineaci\u00f3n de herramientas:<\/strong> Realineaci\u00f3n de herramientas 5 veces m\u00e1s r\u00e1pida gracias a la alta aceleraci\u00f3n y a la cinem\u00e1tica paralela.<\/li>\n\n\n\n<li><strong>Calibraci\u00f3n y compensaci\u00f3n:<\/strong> Aumenta la precisi\u00f3n de la m\u00e1quina y compensa las influencias externas.<\/li>\n<\/ul>\n\n\n\n<div class=\"wp-block-media-text is-stacked-on-mobile\" style=\"grid-template-columns:49% auto\"><figure class=\"wp-block-media-text__media\"><img loading=\"lazy\" decoding=\"async\" width=\"940\" height=\"529\" src=\"https:\/\/www.elha.de\/wp-content\/uploads\/SigmaTau-pkm-HSC-application-MMG-propeller-team.jpg\" alt=\"SigmaTau \/ PKM para aplicaciones de corte de alta velocidad como una gran h\u00e9lice de MMG. El equipo que trabaja en el SigmaTau presenta el resultado del corte de alta velocidad en la h\u00e9lice.\" class=\"wp-image-12217 size-full\" srcset=\"https:\/\/www.elha.de\/wp-content\/uploads\/SigmaTau-pkm-HSC-application-MMG-propeller-team.jpg 940w, https:\/\/www.elha.de\/wp-content\/uploads\/SigmaTau-pkm-HSC-application-MMG-propeller-team-460x259.jpg 460w\" sizes=\"auto, (max-width: 940px) 100vw, 940px\" \/><\/figure><div class=\"wp-block-media-text__content\">\n<p style=\"padding-top:0;padding-right:0;padding-bottom:0;padding-left:0\">Demostraci\u00f3n conjunta y validaci\u00f3n de procesos de ELHA-MASCHINENBAU y Cognibotics en Lund, Suecia, junto con el fabricante de h\u00e9lices MMG y el fabricante de herramientas Pokolm.<\/p>\n<\/div><\/div>\n\n\n\n<p><strong><strong>Klaus Saffian - Director de Producci\u00f3n de MMG:<\/strong><\/strong><\/p>\n\n\n\n<p>\"Como fabricante de grandes h\u00e9lices para barcos, nos enfrent\u00e1bamos a numerosos retos con el coste del mecanizado a alta velocidad de nuestros grandes componentes.<br>Por eso hemos probado el robot SigmaTau ST 3000 y estamos muy impresionados con su rendimiento. El ST 3000 procesa piezas de fundici\u00f3n de diferentes tama\u00f1os con notable eficacia, y los competitivos tiempos de procesamiento nos ayudan a cumplir nuestros requisitos de producci\u00f3n. La excepcional calidad de la superficie reduce los pasos posteriores de pulido, haciendo que nuestro proceso sea m\u00e1s r\u00e1pido y rentable.\"<\/p>\n\n\n\n<h2 class=\"wp-block-heading\">Informaci\u00f3n general sobre la metalurgia<\/h2>\n\n\n\n<p><strong>R\u00e1pido<\/strong><br>Velocidad del husillo de hasta 80.000 rpm, velocidad de avance de hasta 50 m\/min. <br>R\u00e1pida desviaci\u00f3n de la herramienta gracias a la cinem\u00e1tica espasm\u00f3dica y paralela.<\/p>\n\n\n\n<p><strong>Preciso<\/strong><br>Gran precisi\u00f3n de contorno y alta repetibilidad.<\/p>\n\n\n\n<div class=\"elha-youtube-lightbox\"><a href=\"https:\/\/www.youtube-nocookie.com\/embed\/wiarOrI8ncI\" class=\"lightbox\" rel=\"nofollow noopener\" target=\"_blank\"><img decoding=\"async\" src=\"https:\/\/www.elha.de\/wp-content\/uploads\/thumbnail-pkm-machining-examples.jpg\" alt=\"\"><\/a><span>Acepta la transmisi\u00f3n de datos a YouTube y reproduce el v\u00eddeo - <a href=\"https:\/\/www.elha.de\/es\/declaracion-de-proteccion-de-datos\/\">Pol\u00edtica de privacidad<\/a><\/span><\/div>\n\n\n\n<div style=\"height:50px\" aria-hidden=\"true\" class=\"wp-block-spacer\"><\/div>\n\n\n\n<div class=\"wp-block-columns is-layout-flex wp-container-core-columns-is-layout-28f84493 wp-block-columns-is-layout-flex\">\n<div class=\"wp-block-column is-layout-flow wp-block-column-is-layout-flow\">\n<p><strong>Visite MMG:<\/strong><br>Haga clic aqu\u00ed para acceder al sitio web<\/p>\n\n\n\n<div class=\"wp-block-buttons is-layout-flex wp-container-core-buttons-is-layout-6f59021e wp-block-buttons-is-layout-flex\" style=\"margin-top:0;margin-bottom:0\">\n<div class=\"wp-block-button\"><a class=\"wp-block-button__link wp-element-button\" href=\"https:\/\/mecklenburger-metallguss.com\/\" rel=\"nofollow noopener\" target=\"_blank\">M\u00e1s informaci\u00f3n<\/a><\/div>\n<\/div>\n<\/div>\n\n\n\n<div class=\"wp-block-column is-layout-flow wp-block-column-is-layout-flow\">\n<p><strong>M\u00e1s informaci\u00f3n sobre la PKM:<\/strong><br>Pulse aqu\u00ed para volver a la p\u00e1gina de resumen<\/p>\n\n\n\n<div class=\"wp-block-buttons is-layout-flex wp-block-buttons-is-layout-flex\">\n<div class=\"wp-block-button\"><a class=\"wp-block-button__link wp-element-button\" href=\"https:\/\/www.elha.de\/es\/maquinas\/modulos-de-cinematica-paralela\/\">M\u00e1s informaci\u00f3n<\/a><\/div>\n<\/div>\n<\/div>\n\n\n\n<div class=\"wp-block-column is-layout-flow wp-block-column-is-layout-flow\">\n<p><strong><strong>P\u00f3ngase en contacto con nosotros:<\/strong><\/strong><br>\u00bfTiene alguna pregunta sobre la PKM?<\/p>\n\n\n\n<div class=\"wp-block-buttons is-layout-flex wp-block-buttons-is-layout-flex\">\n<div class=\"wp-block-button\"><a class=\"wp-block-button__link wp-element-button\" href=\"https:\/\/www.elha.de\/es\/contacto\/\">Al formulario<\/a><\/div>\n<\/div>\n<\/div>\n<\/div>","protected":false},"excerpt":{"rendered":"<p>Corte a alta velocidad de h\u00e9lices de grandes buques: superar los retos con m\u00f3dulos de cinem\u00e1tica paralela<\/p>\n<p>Retos actuales en el fresado a alta velocidad de h\u00e9lices de grandes buques<\/p>\n<p>Die Bearbeitung gro\u00dfer Schiffspropeller, stellt mehrere Herausforderungen dar. Aufgrund der Gr\u00f6\u00dfe<\/p>","protected":false},"author":26,"featured_media":0,"parent":11617,"menu_order":4,"comment_status":"closed","ping_status":"closed","template":"","meta":{"footnotes":""},"class_list":["post-12076","page","type-page","status-publish","hentry"],"blocksy_meta":[],"_links":{"self":[{"href":"https:\/\/www.elha.de\/es\/wp-json\/wp\/v2\/pages\/12076","targetHints":{"allow":["GET"]}}],"collection":[{"href":"https:\/\/www.elha.de\/es\/wp-json\/wp\/v2\/pages"}],"about":[{"href":"https:\/\/www.elha.de\/es\/wp-json\/wp\/v2\/types\/page"}],"author":[{"embeddable":true,"href":"https:\/\/www.elha.de\/es\/wp-json\/wp\/v2\/users\/26"}],"replies":[{"embeddable":true,"href":"https:\/\/www.elha.de\/es\/wp-json\/wp\/v2\/comments?post=12076"}],"version-history":[{"count":0,"href":"https:\/\/www.elha.de\/es\/wp-json\/wp\/v2\/pages\/12076\/revisions"}],"up":[{"embeddable":true,"href":"https:\/\/www.elha.de\/es\/wp-json\/wp\/v2\/pages\/11617"}],"wp:attachment":[{"href":"https:\/\/www.elha.de\/es\/wp-json\/wp\/v2\/media?parent=12076"}],"curies":[{"name":"wp","href":"https:\/\/api.w.org\/{rel}","templated":true}]}}