{"id":12079,"date":"2024-06-04T14:09:42","date_gmt":"2024-06-04T12:09:42","guid":{"rendered":"https:\/\/www.elha.de\/?page_id=12079"},"modified":"2025-10-10T11:03:52","modified_gmt":"2025-10-10T09:03:52","slug":"perforacion-por-vibracion","status":"publish","type":"page","link":"https:\/\/www.elha.de\/es\/maschinen\/parallelkinematik-module\/vibration-drilling\/","title":{"rendered":"Perforaci\u00f3n vibratoria en la producci\u00f3n a gran escala"},"content":{"rendered":"<p>En la producci\u00f3n de gran volumen, donde el taladrado a trav\u00e9s de diferentes pilas de material es rutinario, la PKM proporciona la precisi\u00f3n y rigidez necesarias para un proceso seguro y eficaz. La posibilidad de utilizar el mismo husillo para taladrar y recortar en la misma configuraci\u00f3n aumenta la eficacia operativa y reduce los tiempos de inactividad.&nbsp;<\/p>\n\n\n\n<div class=\"elha-youtube-lightbox\"><a href=\"https:\/\/www.youtube-nocookie.com\/embed\/XexKRja5yss\" class=\"lightbox\" rel=\"nofollow noopener\" target=\"_blank\"><img decoding=\"async\" src=\"https:\/\/www.elha.de\/wp-content\/uploads\/thumbnail-vibration-drilling-play.jpg\" alt=\"\"><\/a><span>Acepta la transmisi\u00f3n de datos a YouTube y reproduce el v\u00eddeo - <a href=\"https:\/\/www.elha.de\/es\/declaracion-de-proteccion-de-datos\/\">Pol\u00edtica de privacidad<\/a><\/span><\/div>\n\n\n\n<h2 class=\"wp-block-heading\">M\u00f3dulo de cinem\u00e1tica paralela para perforaci\u00f3n vibratoria&nbsp;<\/h2>\n\n\n\n<p>La PKM ofrece soluciones transformadoras a los retos de la perforaci\u00f3n vibratoria en proyectos de fabricaci\u00f3n a gran escala, como los que se encuentran en la construcci\u00f3n aeroespacial. La PKM se caracteriza por las siguientes caracter\u00edsticas en este exigente entorno:&nbsp;<\/p>\n\n\n\n<p>\u25cf <strong>Dise\u00f1o modular<\/strong>El dise\u00f1o modular de la PKM permite configurarla f\u00e1cilmente en distintas orientaciones y la hace extremadamente adaptable a diferentes requisitos de producci\u00f3n y espacios de trabajo.&nbsp;<\/p>\n\n\n\n<p><strong>\u25cf Control y software:<\/strong> La completa integraci\u00f3n del control del husillo con el control de la m\u00e1quina garantiza un funcionamiento y una funcionalidad precisos, aumentando la eficacia y la calidad de las operaciones de taladrado.&nbsp;<\/p>\n\n\n\n<p><strong>\u25cf Integraci\u00f3n sin fisuras:<\/strong> La PKM presenta una configuraci\u00f3n simplificada del efector final del husillo, posible gracias a su tecnolog\u00eda rob\u00f3tica totalmente paralela. Esta integraci\u00f3n perfecta permite una f\u00e1cil adaptaci\u00f3n a diferentes aplicaciones de perforaci\u00f3n sin necesidad de una reconfiguraci\u00f3n exhaustiva.&nbsp;<\/p>\n\n\n\n<p>\u25cf <strong>Tecnolog\u00eda de vibraci\u00f3n:<\/strong> La PKM incorpora una avanzada tecnolog\u00eda de vibraci\u00f3n que favorece el proceso de perforaci\u00f3n. Este innovador enfoque garantiza que las virutas se descompongan en peque\u00f1os fragmentos, lo que reduce el riesgo de enredos que pueden afectar a la calidad del orificio y a la eficacia del proceso de perforaci\u00f3n.&nbsp;<\/p>\n\n\n\n<p><\/p>\n\n\n\n<div style=\"height:17px\" aria-hidden=\"true\" class=\"wp-block-spacer\"><\/div>\n\n\n\n<div class=\"wp-block-media-text is-stacked-on-mobile\"><figure class=\"wp-block-media-text__media\"><img loading=\"lazy\" decoding=\"async\" width=\"940\" height=\"529\" src=\"https:\/\/www.elha.de\/wp-content\/uploads\/Vibi-core-pkm-940x529.png\" alt=\"\" class=\"wp-image-12333 size-full\" srcset=\"https:\/\/www.elha.de\/wp-content\/uploads\/Vibi-core-pkm-940x529.png 940w, https:\/\/www.elha.de\/wp-content\/uploads\/Vibi-core-pkm-460x259.png 460w, https:\/\/www.elha.de\/wp-content\/uploads\/Vibi-core-pkm.png 1200w\" sizes=\"auto, (max-width: 940px) 100vw, 940px\" \/><\/figure><div class=\"wp-block-media-text__content\">\n<h3 class=\"wp-block-heading text-size4\">PKM con husillo Vibicore y herramientas de corte Seco&nbsp;<\/h3>\n\n\n\n<p>La PKM, equipada con el husillo vibratorio VibiCore y las herramientas de corte Seco, ofrece al operario un mayor control sobre el proceso de taladrado. En las pruebas, este husillo ha demostrado patrones de taladrado optimizados controlados por CN que se adaptan a cada capa de material y producen orificios precisos y limpios.&nbsp;<\/p>\n<\/div><\/div>\n\n\n\n<h2 class=\"wp-block-heading\">Simulaci\u00f3n del proceso de taladrado PKM de orificios de remaches para alas de aviones&nbsp;<\/h2>\n\n\n\n<div class=\"elha-youtube-lightbox\"><a href=\"https:\/\/www.youtube-nocookie.com\/embed\/pAFHwYID5uY\" class=\"lightbox\" rel=\"nofollow noopener\" target=\"_blank\"><img decoding=\"async\" src=\"https:\/\/www.elha.de\/wp-content\/uploads\/YouTube_Thumbnail_small.png\" alt=\"\"><\/a><span>Acepta la transmisi\u00f3n de datos a YouTube y reproduce el v\u00eddeo - <a href=\"https:\/\/www.elha.de\/es\/declaracion-de-proteccion-de-datos\/\">Pol\u00edtica de privacidad<\/a><\/span><\/div>\n\n\n\n<p>Un pie de presi\u00f3n controlada ayuda a estabilizar las capas de material durante los ensayos de taladrado, reduciendo el riesgo de desprendimiento y permitiendo una eliminaci\u00f3n eficaz de las virutas afiladas, lo que contribuye a mantener la limpieza y la integridad de la pieza de trabajo. El pie de presi\u00f3n tambi\u00e9n cuenta con un codificador lineal integrado que permite controlar con precisi\u00f3n la profundidad axial y el avellanado, resultados que prometen agujeros de alta calidad constante.&nbsp;<\/p>\n\n\n\n<div style=\"height:17px\" aria-hidden=\"true\" class=\"wp-block-spacer\"><\/div>\n\n\n\n<div class=\"wp-block-media-text is-stacked-on-mobile\"><figure class=\"wp-block-media-text__media\"><img loading=\"lazy\" decoding=\"async\" width=\"1422\" height=\"794\" src=\"https:\/\/www.elha.de\/wp-content\/uploads\/vibicores-oscillation-movement.avif\" alt=\"\" class=\"wp-image-12334 size-full\"\/><\/figure><div class=\"wp-block-media-text__content\">\n<h3 class=\"wp-block-heading\">El movimiento oscilante de Vibicore&nbsp;<\/h3>\n\n\n\n<p>La curva de oscilaci\u00f3n de una operaci\u00f3n t\u00edpica de taladrado vibratorio con el husillo Vibicore muestra c\u00f3mo el movimiento vibratorio se superpone al movimiento de avance de la broca. Este patr\u00f3n de movimiento puede verse en la ilustraci\u00f3n anterior. Difiere de los enfoques anteriores del mercado y optimiza el tiempo de corte mediante un espesor de viruta uniforme y controlado.&nbsp;<\/p>\n<\/div><\/div>\n\n\n\n<div class=\"wp-block-columns is-layout-flex wp-container-core-columns-is-layout-28f84493 wp-block-columns-is-layout-flex\">\n<div class=\"wp-block-column is-layout-flow wp-block-column-is-layout-flow\">\n<h3 class=\"wp-block-heading\">El resultado: virutas cortas y excelentes resultados de perforaci\u00f3n&nbsp;<\/h3>\n\n\n\n<p>El proceso facilita el taladrado en seco y permite producir orificios impecables en una sola operaci\u00f3n de sujeci\u00f3n, lo que elimina la necesidad de repasar o limpiar. Este m\u00e9todo permite un montaje unidireccional eficaz.&nbsp;<\/p>\n<\/div>\n\n\n\n<div class=\"wp-block-column is-layout-flow wp-block-column-is-layout-flow\">\n<figure class=\"wp-block-image size-large\"><img loading=\"lazy\" decoding=\"async\" width=\"940\" height=\"411\" src=\"https:\/\/www.elha.de\/wp-content\/uploads\/vibidrill-spanor-940x411.png\" alt=\"\" class=\"wp-image-12335\" srcset=\"https:\/\/www.elha.de\/wp-content\/uploads\/vibidrill-spanor-940x411.png 940w, https:\/\/www.elha.de\/wp-content\/uploads\/vibidrill-spanor-460x201.png 460w, https:\/\/www.elha.de\/wp-content\/uploads\/vibidrill-spanor.png 1276w\" sizes=\"auto, (max-width: 940px) 100vw, 940px\" \/><\/figure>\n<\/div>\n<\/div>\n\n\n\n<div style=\"height:50px\" aria-hidden=\"true\" class=\"wp-block-spacer\"><\/div>\n\n\n\n<p><strong><em>Proyecto financiado por Vinnova: <\/em><\/strong><em>El proyecto VIBIDRILL, financiado por Vinnova y fruto de la colaboraci\u00f3n entre Cognibotics, VibiCore y RISE, se centra en mejorar la precisi\u00f3n y la eficiencia de la perforaci\u00f3n mediante una integraci\u00f3n tecnol\u00f3gica avanzada. Esta iniciativa utiliza la tecnolog\u00eda de perforaci\u00f3n vibratoria de VibiCore operada con los sistemas rob\u00f3ticos de SigmaTau. El objetivo del proyecto es aumentar la eficacia de la tecnolog\u00eda de perforaci\u00f3n vibratoria robotizada para mejorar la calidad de los orificios y acelerar los procesos de producci\u00f3n en entornos de fabricaci\u00f3n de gran tama\u00f1o. El proyecto VIBIDRILL pretende desarrollar y validar esta tecnolog\u00eda para satisfacer los requisitos de precisi\u00f3n y eficacia de la industria.<\/em>&nbsp;<\/p>","protected":false},"excerpt":{"rendered":"<p>En la producci\u00f3n de gran volumen, donde el taladrado a trav\u00e9s de diferentes pilas de material es rutinario, la PKM ofrece la precisi\u00f3n y rigidez necesarias para un proceso seguro y eficaz.<\/p>","protected":false},"author":26,"featured_media":12332,"parent":11617,"menu_order":5,"comment_status":"closed","ping_status":"closed","template":"","meta":{"footnotes":""},"class_list":["post-12079","page","type-page","status-publish","has-post-thumbnail","hentry"],"blocksy_meta":{"disable_featured_image":"yes","styles_descriptor":{"styles":{"desktop":"","tablet":"","mobile":""},"google_fonts":[],"version":6}},"_links":{"self":[{"href":"https:\/\/www.elha.de\/es\/wp-json\/wp\/v2\/pages\/12079","targetHints":{"allow":["GET"]}}],"collection":[{"href":"https:\/\/www.elha.de\/es\/wp-json\/wp\/v2\/pages"}],"about":[{"href":"https:\/\/www.elha.de\/es\/wp-json\/wp\/v2\/types\/page"}],"author":[{"embeddable":true,"href":"https:\/\/www.elha.de\/es\/wp-json\/wp\/v2\/users\/26"}],"replies":[{"embeddable":true,"href":"https:\/\/www.elha.de\/es\/wp-json\/wp\/v2\/comments?post=12079"}],"version-history":[{"count":0,"href":"https:\/\/www.elha.de\/es\/wp-json\/wp\/v2\/pages\/12079\/revisions"}],"up":[{"embeddable":true,"href":"https:\/\/www.elha.de\/es\/wp-json\/wp\/v2\/pages\/11617"}],"wp:featuredmedia":[{"embeddable":true,"href":"https:\/\/www.elha.de\/es\/wp-json\/wp\/v2\/media\/12332"}],"wp:attachment":[{"href":"https:\/\/www.elha.de\/es\/wp-json\/wp\/v2\/media?parent=12079"}],"curies":[{"name":"wp","href":"https:\/\/api.w.org\/{rel}","templated":true}]}}