{"id":1416,"date":"2016-05-10T15:36:00","date_gmt":"2016-05-10T13:36:00","guid":{"rendered":"https:\/\/www.elha.de\/?page_id=1416"},"modified":"2025-04-07T12:16:16","modified_gmt":"2025-04-07T10:16:16","slug":"maquinas","status":"publish","type":"page","link":"https:\/\/www.elha.de\/es\/maschinen\/","title":{"rendered":"M\u00e1quinas"},"content":{"rendered":"<div class=\"columns\"><div class=\"column mb-3 col-4 col-md-6\"><a href=\"https:\/\/www.elha.de\/es\/maschinen\/fertigungsmodule\/\" class=\"elha-image-link border\"><img loading=\"lazy\" decoding=\"async\" width=\"460\" height=\"307\" src=\"https:\/\/www.elha.de\/wp-content\/uploads\/produktbild-fm.jpg\" class=\"attachment-cropimage size-cropimage wp-post-image\" alt=\"\" \/><\/a><div class=\"text-bold mt-1 mb-1\" style=\"font-size:20px;\"><a href=\"https:\/\/www.elha.de\/es\/maschinen\/fertigungsmodule\/\">M\u00f3dulos de producci\u00f3n<\/a><\/div><div>\n\r\n\tEn el \u00e1mbito de los m\u00f3dulos de producci\u00f3n ELHA, trabajamos con nuestros clientes para desarrollar soluciones personalizadas y altamente productivas para el mecanizado de piezas predominantemente de automoci\u00f3n. Como l\u00edder del mercado en el \u00e1mbito de los llamados<\/div><\/div><div class=\"column mb-3 col-4 col-md-6\"><a href=\"https:\/\/www.elha.de\/es\/maschinen\/transferzentren\/\" class=\"elha-image-link border\"><img loading=\"lazy\" decoding=\"async\" width=\"460\" height=\"307\" src=\"https:\/\/www.elha.de\/wp-content\/uploads\/produktbild-fm-smart.jpg\" class=\"attachment-cropimage size-cropimage wp-post-image\" alt=\"\" \/><\/a><div class=\"text-bold mt-1 mb-1\" style=\"font-size:20px;\"><a href=\"https:\/\/www.elha.de\/es\/maschinen\/transferzentren\/\">Centros de transferencia<\/a><\/div><div>\nELHA-MASCHINENBAU es conocida desde hace muchos a\u00f1os como l\u00edder del mercado de centros de transferencia de alta productividad, principalmente en el \u00e1mbito de la producci\u00f3n de autom\u00f3viles a gran escala. M\u00e1s de 350 unidades instaladas y en funcionamiento con procesos<\/div><\/div><div class=\"column mb-3 col-4 col-md-6\"><a href=\"https:\/\/www.elha.de\/es\/maschinen\/vertikale-dreh-fraeszentren\/\" class=\"elha-image-link border\"><img loading=\"lazy\" decoding=\"async\" width=\"460\" height=\"307\" src=\"https:\/\/www.elha.de\/wp-content\/uploads\/produktbild-vtm.jpg\" class=\"attachment-cropimage size-cropimage wp-post-image\" alt=\"\" \/><\/a><div class=\"text-bold mt-1 mb-1\" style=\"font-size:20px;\"><a href=\"https:\/\/www.elha.de\/es\/maschinen\/vertikale-dreh-fraeszentren\/\">Centros de torneado y fresado verticales<\/a><\/div><div>\n\r\nCon los centros verticales de torneado\/fresado de la serie VTM, ELHA establece nuevos est\u00e1ndares en el mecanizado vertical multitarea de grandes componentes rotativos y c\u00fabicos gracias al uso de tecnolog\u00edas innovadoras.<\/div><\/div><div class=\"column mb-3 col-4 col-md-6\"><a href=\"https:\/\/www.elha.de\/es\/maschinen\/rundtisch-bearbeitungszentren\/\" class=\"elha-image-link border\"><img loading=\"lazy\" decoding=\"async\" width=\"460\" height=\"307\" src=\"https:\/\/www.elha.de\/wp-content\/uploads\/produktbild-rtx.jpg\" class=\"attachment-cropimage size-cropimage wp-post-image\" alt=\"\" \/><\/a><div class=\"text-bold mt-1 mb-1\" style=\"font-size:20px;\"><a href=\"https:\/\/www.elha.de\/es\/maschinen\/rundtisch-bearbeitungszentren\/\">Centros de mecanizado de mesa giratoria<\/a><\/div><div>\n\r\nELHA RTX - Este t\u00e9rmino es sin\u00f3nimo de muchos a\u00f1os de experiencia en la construcci\u00f3n de centros de mecanizado de mesa giratoria en diversos dise\u00f1os. Las m\u00e1quinas de este tipo se utilizan preferentemente para taladrar y mecanizar.<\/div><\/div><div class=\"column mb-3 col-4 col-md-6\"><a href=\"https:\/\/www.elha.de\/es\/maschinen\/spezial-bearbeitungszentren\/\" class=\"elha-image-link border\"><img loading=\"lazy\" decoding=\"async\" width=\"460\" height=\"307\" src=\"https:\/\/www.elha.de\/wp-content\/uploads\/produktbild-smx.jpg\" class=\"attachment-cropimage size-cropimage wp-post-image\" alt=\"\" \/><\/a><div class=\"text-bold mt-1 mb-1\" style=\"font-size:20px;\"><a href=\"https:\/\/www.elha.de\/es\/maschinen\/spezial-bearbeitungszentren\/\">Centros de mecanizado especiales<\/a><\/div><div>\n\r\nLas m\u00e1quinas ELHA SMX representan la gama de centros de mecanizado especiales. Las m\u00e1quinas SMX tienen configuraciones de eje, husillo y mesa que suelen ser familiares de los centros de mecanizado est\u00e1ndar. En t\u00e9rminos de dimensionamiento, dise\u00f1o\/especificaci\u00f3n<\/div><\/div><div class=\"column mb-3 col-4 col-md-6\"><a href=\"https:\/\/www.elha.de\/es\/maschinen\/sondermaschinen\/\" class=\"elha-image-link border\"><img loading=\"lazy\" decoding=\"async\" width=\"460\" height=\"307\" src=\"https:\/\/www.elha.de\/wp-content\/uploads\/produktbild-spx.jpg\" class=\"attachment-cropimage size-cropimage wp-post-image\" alt=\"\" \/><\/a><div class=\"text-bold mt-1 mb-1\" style=\"font-size:20px;\"><a href=\"https:\/\/www.elha.de\/es\/maschinen\/sondermaschinen\/\">M\u00e1quinas especiales<\/a><\/div><div>\n\r\nSPX - La cl\u00e1sica m\u00e1quina ELHA a medida. Cuando los conceptos o sistemas est\u00e1ndar alcanzan sus l\u00edmites en t\u00e9rminos de productividad, flexibilidad o estabilidad y disponibilidad del proceso a largo plazo, una m\u00e1quina ELHA SPX es la soluci\u00f3n ideal.<\/div><\/div><div class=\"column mb-3 col-4 col-md-6\"><a href=\"https:\/\/www.elha.de\/es\/maschinen\/parallelkinematik-module\/\" class=\"elha-image-link border\"><img loading=\"lazy\" decoding=\"async\" width=\"460\" height=\"307\" src=\"https:\/\/www.elha.de\/wp-content\/uploads\/PKM-460x307.png\" class=\"attachment-cropimage size-cropimage wp-post-image\" alt=\"\" \/><\/a><div class=\"text-bold mt-1 mb-1\" style=\"font-size:20px;\"><a href=\"https:\/\/www.elha.de\/es\/maschinen\/parallelkinematik-module\/\">M\u00f3dulos de cinem\u00e1tica paralela<\/a><\/div><div>\n\n\n\n\n\n\nEl ELHA PKM es una m\u00e1quina modular que puede equiparse con una amplia gama de efectores finales. En comparaci\u00f3n con los robots de serie, ofrece<\/div><\/div><\/div>","protected":false},"excerpt":{"rendered":"<p>El ELHA PKM es una m\u00e1quina modular que puede equiparse con una amplia gama de efectores finales. En comparaci\u00f3n con los robots de serie, ofrece<\/p>","protected":false},"author":1,"featured_media":0,"parent":0,"menu_order":5,"comment_status":"closed","ping_status":"closed","template":"","meta":{"footnotes":""},"class_list":["post-1416","page","type-page","status-publish","hentry"],"blocksy_meta":{"styles_descriptor":{"styles":{"desktop":"","tablet":"","mobile":""},"google_fonts":[],"version":6}},"_links":{"self":[{"href":"https:\/\/www.elha.de\/es\/wp-json\/wp\/v2\/pages\/1416","targetHints":{"allow":["GET"]}}],"collection":[{"href":"https:\/\/www.elha.de\/es\/wp-json\/wp\/v2\/pages"}],"about":[{"href":"https:\/\/www.elha.de\/es\/wp-json\/wp\/v2\/types\/page"}],"author":[{"embeddable":true,"href":"https:\/\/www.elha.de\/es\/wp-json\/wp\/v2\/users\/1"}],"replies":[{"embeddable":true,"href":"https:\/\/www.elha.de\/es\/wp-json\/wp\/v2\/comments?post=1416"}],"version-history":[{"count":0,"href":"https:\/\/www.elha.de\/es\/wp-json\/wp\/v2\/pages\/1416\/revisions"}],"wp:attachment":[{"href":"https:\/\/www.elha.de\/es\/wp-json\/wp\/v2\/media?parent=1416"}],"curies":[{"name":"wp","href":"https:\/\/api.w.org\/{rel}","templated":true}]}}