{"id":1649,"date":"2016-05-13T14:44:26","date_gmt":"2016-05-13T12:44:26","guid":{"rendered":"https:\/\/www.elha.de\/?page_id=1649"},"modified":"2026-01-22T08:52:14","modified_gmt":"2026-01-22T07:52:14","slug":"centros-de-mecanizado-de-mesa-giratoria","status":"publish","type":"page","link":"https:\/\/www.elha.de\/es\/maschinen\/rundtisch-bearbeitungszentren\/","title":{"rendered":"Centros de mecanizado de mesa giratoria"},"content":{"rendered":"<p>\r\nELHA RTX - Este t\u00e9rmino es sin\u00f3nimo de muchos a\u00f1os de experiencia en la construcci\u00f3n de centros de mecanizado de mesa giratoria en diversos dise\u00f1os. Las m\u00e1quinas de este tipo se utilizan preferentemente para el taladrado y roscado de piezas de brida o grandes rodamientos de rodillos o coronas giratorias para la industria de la energ\u00eda e\u00f3lica y otras \u00e1reas de la ingenier\u00eda mec\u00e1nica.\r\n<\/p>\r\n\r\n<h2>Ejemplos de referencia<\/h2>\r\n\r\n<div class=\"columns\"><div class=\"column mb-3 col-4 col-md-6\"><a href=\"https:\/\/www.elha.de\/es\/maschinen\/rundtisch-bearbeitungszentren\/rtx-5161-2-spindel-rundtisch-bearbeitungszentrum-d6100\/\" class=\"elha-image-link border\"><img loading=\"lazy\" decoding=\"async\" width=\"460\" height=\"171\" src=\"https:\/\/www.elha.de\/wp-content\/uploads\/rtx-5161-banner.jpg\" class=\"attachment-cropimage size-cropimage wp-post-image\" alt=\"\" \/><\/a><div class=\"text-bold mt-1 mb-1\" style=\"font-size:20px;\"><a href=\"https:\/\/www.elha.de\/es\/maschinen\/rundtisch-bearbeitungszentren\/rtx-5161-2-spindel-rundtisch-bearbeitungszentrum-d6100\/\">RTX 5161 - Centro de mecanizado de mesa giratoria de 2 husillos \u00d86100<\/a><\/div><div>\n\r\n\r\n\t\r\n\t\t\r\n\t\t\tLa m\u00e1quina es adecuada para operaciones de taladrado vertical de 2 husillos, torneado-fresado, mandrinado, avellanado, escariado y roscado en un c\u00edrculo de pernos. La potencia de las unidades es suficiente para<\/div><\/div><div class=\"column mb-3 col-4 col-md-6\"><a href=\"https:\/\/www.elha.de\/es\/maschinen\/rundtisch-bearbeitungszentren\/rtx-5280-2-spindel-rundtisch-bearbeitungszentrum-d820\/\" class=\"elha-image-link border\"><img loading=\"lazy\" decoding=\"async\" width=\"460\" height=\"171\" src=\"https:\/\/www.elha.de\/wp-content\/uploads\/rtx-5280-banner.jpg\" class=\"attachment-cropimage size-cropimage wp-post-image\" alt=\"Banner RTX 5280\" \/><\/a><div class=\"text-bold mt-1 mb-1\" style=\"font-size:20px;\"><a href=\"https:\/\/www.elha.de\/es\/maschinen\/rundtisch-bearbeitungszentren\/rtx-5280-2-spindel-rundtisch-bearbeitungszentrum-d820\/\">RTX 5280 - Centro de mecanizado de mesa giratoria de 2 husillos \u00d8820<\/a><\/div><div>\n\r\n\t\r\n\t\t\r\n\t\t\tLa m\u00e1quina es adecuada para taladrado vertical de 1 o 2 husillos, mandrinado, avellanado, escariado c\u00f3nico y roscado de orificios dispuestos en c\u00edrculos de orificios. El rendimiento de las dos unidades de husillo<\/div><\/div><div class=\"column mb-3 col-4 col-md-6\"><a href=\"https:\/\/www.elha.de\/es\/maschinen\/rundtisch-bearbeitungszentren\/rtx-5211-2-spindel-rundtisch-bearbeitungszentrum-d4000\/\" class=\"elha-image-link border\"><img loading=\"lazy\" decoding=\"async\" width=\"460\" height=\"171\" src=\"https:\/\/www.elha.de\/wp-content\/uploads\/rtx-5211-banner.jpg\" class=\"attachment-cropimage size-cropimage wp-post-image\" alt=\"\" \/><\/a><div class=\"text-bold mt-1 mb-1\" style=\"font-size:20px;\"><a href=\"https:\/\/www.elha.de\/es\/maschinen\/rundtisch-bearbeitungszentren\/rtx-5211-2-spindel-rundtisch-bearbeitungszentrum-d4000\/\">RTX 5211 - Centro de mecanizado de mesa giratoria de 2 husillos \u00d84000<\/a><\/div><div>\n\r\n\t\r\n\t\t\r\n\t\t\tEl centro de mecanizado RTX 5211 es adecuado para el taladrado y roscado monohusillo o bimusillo de piezas anulares de hasta 4000 mm de di\u00e1metro y<\/div><\/div><\/div>\r\n\r\n<p class=\"text-center\">\r\n\t\r\n\t\r\n\t\t<a href=\"https:\/\/www.elha.de\/wp-content\/uploads\/FS-EN-012026.pdf\" target=\"_blank\" class=\"btn btn-primary btn-lg mr-4\" rel=\"noopener\">Descargar folleto<\/a>\r\n\t\r\n\t<a href=\"https:\/\/www.elha.de\/es\/contacto\/\"  class=\"btn btn-primary btn-lg\">P\u00f3ngase en contacto con nosotros<\/a>\r\n<\/p>\n\n\n\n<p><\/p>","protected":false},"excerpt":{"rendered":"<p>\t\t\tEl centro de mecanizado RTX 5211 es adecuado para el taladrado y roscado monohusillo o bimusillo de piezas anulares de hasta 4000 mm de di\u00e1metro y<\/p>","protected":false},"author":1,"featured_media":4063,"parent":1416,"menu_order":4,"comment_status":"closed","ping_status":"closed","template":"","meta":{"footnotes":""},"class_list":["post-1649","page","type-page","status-publish","has-post-thumbnail","hentry"],"blocksy_meta":{"page_title_panel":"","has_hero_section":"default","4abfe30a0ffa2be788d87407de7fb91a":"","hero_section":"type-1","hero_elements":[{"id":"custom_title","enabled":true,"heading_tag":"h1","title":"P\u00e1gina de inicio"},{"id":"custom_description","enabled":true,"description_visibility":{"desktop":true,"tablet":true,"mobile":false}},{"id":"custom_meta","enabled":false,"meta_elements":[{"id":"author","enabled":true,"label":"Von","has_author_avatar":"yes","avatar_size":25},{"id":"post_date","enabled":true,"label":"Am","date_format_source":"default","date_format":"M j, Y"},{"id":"comments","enabled":true}],"page_meta_elements":{"joined":true,"articles_count":true,"comments":true}},{"id":"breadcrumbs","enabled":false}],"209053d500374e1943b7201fc1ef1a1d":"","hero_alignment1":"CT_CSS_SKIP_RULE","hero_margin":40,"hero_alignment2":"center","hero_vertical_alignment":"center","2fb4dc530d42d0293b2002b5d19cac33":"","hero_structure":"narrow","4e2ea0acaad7001a759f489d43cbf6c7":"","page_title_bg_type":"featured_image","custom_hero_background":{"attachment_id":null},"parallax":{"desktop":false,"tablet":false,"mobile":false},"d07d26dee70eeb28d6b8f1263db890ea":"","hero_height":"250px","pageTitleFont":{"family":"Default","variation":"Default","size":{"desktop":"32px","tablet":"30px","mobile":"25px"},"line-height":"CT_CSS_SKIP_RULE","letter-spacing":"CT_CSS_SKIP_RULE","text-transform":"CT_CSS_SKIP_RULE","text-decoration":"CT_CSS_SKIP_RULE"},"pageTitleFontColor":{"default":{"color":"CT_CSS_SKIP_RULEDEFAULT"}},"pageMetaFont":{"family":"Default","variation":"n6","size":"12px","line-height":"1.3","letter-spacing":"CT_CSS_SKIP_RULE","text-transform":"uppercase","text-decoration":"CT_CSS_SKIP_RULE"},"pageMetaFontColor":{"default":{"color":"CT_CSS_SKIP_RULEDEFAULT"},"hover":{"color":"CT_CSS_SKIP_RULEDEFAULT"}},"page_meta_button_type_font_colors":{"default":{"color":"CT_CSS_SKIP_RULEDEFAULT"},"hover":{"color":"CT_CSS_SKIP_RULEDEFAULT"}},"page_meta_button_type_background_colors":{"default":{"color":"CT_CSS_SKIP_RULEDEFAULT"},"hover":{"color":"CT_CSS_SKIP_RULEDEFAULT"}},"pageExcerptFont":{"family":"Default","variation":"Default","size":"CT_CSS_SKIP_RULE","line-height":"CT_CSS_SKIP_RULE","letter-spacing":"CT_CSS_SKIP_RULE","text-transform":"CT_CSS_SKIP_RULE","text-decoration":"CT_CSS_SKIP_RULE"},"pageExcerptColor":{"default":{"color":"CT_CSS_SKIP_RULEDEFAULT"}},"breadcrumbsFont":{"family":"Default","variation":"Default","size":"CT_CSS_SKIP_RULE","line-height":"CT_CSS_SKIP_RULE","letter-spacing":"CT_CSS_SKIP_RULE","text-transform":"CT_CSS_SKIP_RULE","text-decoration":"CT_CSS_SKIP_RULE"},"breadcrumbsFontColor":{"default":{"color":"CT_CSS_SKIP_RULEDEFAULT"},"initial":{"color":"CT_CSS_SKIP_RULEDEFAULT"},"hover":{"color":"CT_CSS_SKIP_RULEDEFAULT"}},"pageTitleOverlay":{"default":{"color":"CT_CSS_SKIP_RULE"}},"pageTitleBackground":{"background_type":"color","background_pattern":"type-1","background_image":{"attachment_id":null,"x":0,"y":0},"gradient":"linear-gradient(135deg,rgba(6,147,227,1) 0%,rgb(155,81,224) 100%)","background_repeat":"no-repeat","background_size":"auto","background_attachment":"scroll","patternColor":{"default":{"color":"#e5e7ea"}},"overlayColor":{"default":{"color":"CT_CSS_SKIP_RULE"}},"backgroundColor":{"default":{"color":"var(--theme-palette-color-6)"}}},"pageTitlePadding":{"top":"50px","bottom":"50px","left":"auto","right":"auto","linked":true},"aad6d6839c91b62b87240c5b164c0f1f":"","page_structure_type":"default","23a9307fbff1cc0d2defd253b4d8ef01":"","content_style_source":"inherit","content_style":"wide","vertical_spacing_source":"inherit","content_area_spacing":"both","background":{"background_type":"color","background_pattern":"type-1","background_image":{"attachment_id":null,"x":0,"y":0},"gradient":"linear-gradient(135deg,rgba(6,147,227,1) 0%,rgb(155,81,224) 100%)","background_repeat":"no-repeat","background_size":"auto","background_attachment":"scroll","patternColor":{"default":{"color":"#e5e7ea"}},"overlayColor":{"default":{"color":"CT_CSS_SKIP_RULE"}},"backgroundColor":{"default":{"color":"CT_CSS_SKIP_RULE"}}},"content_background":{"background_type":"color","background_pattern":"type-1","background_image":{"attachment_id":null,"x":0,"y":0},"gradient":"linear-gradient(135deg,rgba(6,147,227,1) 0%,rgb(155,81,224) 100%)","background_repeat":"no-repeat","background_size":"auto","background_attachment":"scroll","patternColor":{"default":{"color":"#e5e7ea"}},"overlayColor":{"default":{"color":"CT_CSS_SKIP_RULE"}},"backgroundColor":{"default":{"color":"var(--theme-palette-color-8)"}}},"content_boxed_shadow":{"inherit":false,"blur":18,"spread":-6,"v_offset":12,"h_offset":0,"inset":false,"enable":true,"color":{"color":"rgba(34, 56, 101, 0.04)"}},"boxed_content_spacing":{"desktop":{"top":"40px","bottom":"40px","left":"40px","right":"40px","linked":true},"tablet":{"top":"35px","bottom":"35px","left":"35px","right":"35px","linked":true},"mobile":{"top":"20px","bottom":"20px","left":"20px","right":"20px","linked":true}},"content_boxed_radius":{"top":"3px","bottom":"3px","left":"3px","right":"3px","linked":true},"c4f7049002221181280d49f6e8ec7fe3":"","disable_featured_image":"yes","disable_header":"no","disable_footer":"no","styles_descriptor":{"styles":{"desktop":"","tablet":"","mobile":""},"google_fonts":[],"version":6}},"_links":{"self":[{"href":"https:\/\/www.elha.de\/es\/wp-json\/wp\/v2\/pages\/1649","targetHints":{"allow":["GET"]}}],"collection":[{"href":"https:\/\/www.elha.de\/es\/wp-json\/wp\/v2\/pages"}],"about":[{"href":"https:\/\/www.elha.de\/es\/wp-json\/wp\/v2\/types\/page"}],"author":[{"embeddable":true,"href":"https:\/\/www.elha.de\/es\/wp-json\/wp\/v2\/users\/1"}],"replies":[{"embeddable":true,"href":"https:\/\/www.elha.de\/es\/wp-json\/wp\/v2\/comments?post=1649"}],"version-history":[{"count":0,"href":"https:\/\/www.elha.de\/es\/wp-json\/wp\/v2\/pages\/1649\/revisions"}],"up":[{"embeddable":true,"href":"https:\/\/www.elha.de\/es\/wp-json\/wp\/v2\/pages\/1416"}],"wp:featuredmedia":[{"embeddable":true,"href":"https:\/\/www.elha.de\/es\/wp-json\/wp\/v2\/media\/4063"}],"wp:attachment":[{"href":"https:\/\/www.elha.de\/es\/wp-json\/wp\/v2\/media?parent=1649"}],"curies":[{"name":"wp","href":"https:\/\/api.w.org\/{rel}","templated":true}]}}