{"id":1651,"date":"2016-05-13T14:48:21","date_gmt":"2016-05-13T12:48:21","guid":{"rendered":"https:\/\/www.elha.de\/?page_id=1651"},"modified":"2026-01-22T08:53:00","modified_gmt":"2026-01-22T07:53:00","slug":"centros-de-mecanizado-especiales","status":"publish","type":"page","link":"https:\/\/www.elha.de\/es\/maschinen\/spezial-bearbeitungszentren\/","title":{"rendered":"Centros de mecanizado especiales"},"content":{"rendered":"<p>\r\nLas m\u00e1quinas ELHA SMX representan la gama de centros de mecanizado especiales. Las m\u00e1quinas SMX tienen configuraciones de eje, husillo y mesa que suelen ser familiares de los centros de mecanizado est\u00e1ndar. Sin embargo, en t\u00e9rminos de dimensionamiento, dise\u00f1o\/especificaci\u00f3n y equipamiento de los componentes funcionales, estas m\u00e1quinas se desarrollan completamente a medida de los requisitos del cliente. Como resultado, nuestros clientes se benefician de soluciones de producci\u00f3n personalizadas que ofrecen una productividad significativamente mayor en comparaci\u00f3n con las m\u00e1quinas est\u00e1ndar, pero tambi\u00e9n una mayor disponibilidad, procesos m\u00e1s estables y flexibilidad individual.\t\r\n<\/p>\r\n\r\n<h2>Ejemplos de referencia<\/h2>\r\n\r\n<div class=\"columns\"><div class=\"column mb-3 col-4 col-md-6\"><a href=\"https:\/\/www.elha.de\/es\/maschinen\/spezial-bearbeitungszentren\/smx-5239-6-achsen-horizontal-grossbearbeitungszentrum\/\" class=\"elha-image-link border\"><img loading=\"lazy\" decoding=\"async\" width=\"460\" height=\"307\" src=\"https:\/\/www.elha.de\/wp-content\/uploads\/smx-5239-ohne-verkleidung.jpg\" class=\"attachment-cropimage size-cropimage wp-post-image\" alt=\"\" srcset=\"https:\/\/www.elha.de\/wp-content\/uploads\/smx-5239-ohne-verkleidung.jpg 1280w, https:\/\/www.elha.de\/wp-content\/uploads\/smx-5239-ohne-verkleidung-460x307.jpg 460w, https:\/\/www.elha.de\/wp-content\/uploads\/smx-5239-ohne-verkleidung-940x626.jpg 940w\" sizes=\"auto, (max-width: 460px) 100vw, 460px\" \/><\/a><div class=\"text-bold mt-1 mb-1\" style=\"font-size:20px;\"><a href=\"https:\/\/www.elha.de\/es\/maschinen\/spezial-bearbeitungszentren\/smx-5239-6-achsen-horizontal-grossbearbeitungszentrum\/\">SMX 5239 - Centro de mecanizado horizontal de gran tama\u00f1o de 6 ejes<\/a><\/div><div>\n\r\n\t\r\n\t\t\r\n\t\t\tEsta m\u00e1quina marca un nuevo hito para los grandes centros de mecanizado horizontal en t\u00e9rminos de dimensiones, estabilidad y flexibilidad. La SMX 5239 se ha dise\u00f1ado para el mecanizado de componentes de bastidores de m\u00e1quinas herramienta.<\/div><\/div><div class=\"column mb-3 col-4 col-md-6\"><a href=\"https:\/\/www.elha.de\/es\/maschinen\/spezial-bearbeitungszentren\/smx-5181-horizontales-spezial-bearbeitungszentrum-mit-hv-fraeskopf\/\" class=\"elha-image-link border\"><img loading=\"lazy\" decoding=\"async\" width=\"460\" height=\"171\" src=\"https:\/\/www.elha.de\/wp-content\/uploads\/smx-5181-banner.jpg\" class=\"attachment-cropimage size-cropimage wp-post-image\" alt=\"\" \/><\/a><div class=\"text-bold mt-1 mb-1\" style=\"font-size:20px;\"><a href=\"https:\/\/www.elha.de\/es\/maschinen\/spezial-bearbeitungszentren\/smx-5181-horizontales-spezial-bearbeitungszentrum-mit-hv-fraeskopf\/\">SMX 5181 - Centro de mecanizado especial horizontal con cabezal de fresado HV<\/a><\/div><div>\n\r\n\t\r\n\t\t\r\n\t\t\tEste centro de mecanizado se ha dise\u00f1ado para el mecanizado completo de componentes l\u00e1ser planos de TRUMPF. Los conjuntos de m\u00e1quinas est\u00e1n dise\u00f1ados para el mecanizado din\u00e1mico, de alta precisi\u00f3n y flexible de componentes de gran tama\u00f1o.<\/div><\/div><div class=\"column mb-3 col-4 col-md-6\"><a href=\"https:\/\/www.elha.de\/es\/maschinen\/spezial-bearbeitungszentren\/smx-5189-2-spindel-horizontal-bearbeitungszentrum\/\" class=\"elha-image-link border\"><img loading=\"lazy\" decoding=\"async\" width=\"460\" height=\"171\" src=\"https:\/\/www.elha.de\/wp-content\/uploads\/smx-5189-banner.jpg\" class=\"attachment-cropimage size-cropimage wp-post-image\" alt=\"\" \/><\/a><div class=\"text-bold mt-1 mb-1\" style=\"font-size:20px;\"><a href=\"https:\/\/www.elha.de\/es\/maschinen\/spezial-bearbeitungszentren\/smx-5189-2-spindel-horizontal-bearbeitungszentrum\/\">SMX 5189 - Centro de mecanizado horizontal de 2 husillos<\/a><\/div><div>\n\r\n\t\r\n\t\t\r\n\t\t\tEsta m\u00e1quina se ha dise\u00f1ado para el mecanizado de carcasas de pinzas de freno de camiones en una posici\u00f3n de sujeci\u00f3n. Se pueden mecanizar diferentes variantes de piezas en los mismos dispositivos de sujeci\u00f3n, ya que los puntos de sujeci\u00f3n son<\/div><\/div><div class=\"column mb-3 col-4 col-md-6\"><a href=\"https:\/\/www.elha.de\/es\/maschinen\/spezial-bearbeitungszentren\/smx-5224-horizontales-5-achsen-spezial-bearbeitungszentrum-fuer-titanzerspanung\/\" class=\"elha-image-link border\"><img loading=\"lazy\" decoding=\"async\" width=\"460\" height=\"171\" src=\"https:\/\/www.elha.de\/wp-content\/uploads\/smx-5224-banner.jpg\" class=\"attachment-cropimage size-cropimage wp-post-image\" alt=\"\" \/><\/a><div class=\"text-bold mt-1 mb-1\" style=\"font-size:20px;\"><a href=\"https:\/\/www.elha.de\/es\/maschinen\/spezial-bearbeitungszentren\/smx-5224-horizontales-5-achsen-spezial-bearbeitungszentrum-fuer-titanzerspanung\/\">SMX 5224 - Centro de mecanizado especial horizontal de 5 ejes<\/a><\/div><div>\n\r\n\t\r\n\t\t\r\n\t\t\tEste nuevo centro de mecanizado horizontal especial de 5 ejes representa una nueva generaci\u00f3n de m\u00e1quinas ultraestables y potentes con propiedades excepcionales para el mecanizado de los materiales m\u00e1s dif\u00edciles de cortar como el titanio, Inconel<\/div><\/div><\/div>\r\n\r\n<p class=\"text-center\">\r\n\t\r\n\t\r\n\t\t<a href=\"https:\/\/www.elha.de\/wp-content\/uploads\/FS-EN-012026.pdf\" target=\"_blank\" class=\"btn btn-primary btn-lg mr-4\" rel=\"noopener\">Descargar folleto<\/a>\r\n\t\r\n\t<a href=\"https:\/\/www.elha.de\/es\/contacto\/\"  class=\"btn btn-primary btn-lg mr-4\">P\u00f3ngase en contacto con nosotros<\/a>\r\n<\/p>\n\n\n\n<p><\/p>","protected":false},"excerpt":{"rendered":"<p>\t\t\tEste nuevo centro de mecanizado horizontal especial de 5 ejes representa una nueva generaci\u00f3n de m\u00e1quinas ultraestables y potentes con propiedades excepcionales para el mecanizado de los materiales m\u00e1s dif\u00edciles de cortar como el titanio, Inconel<\/p>","protected":false},"author":1,"featured_media":4069,"parent":1416,"menu_order":5,"comment_status":"closed","ping_status":"closed","template":"","meta":{"footnotes":""},"class_list":["post-1651","page","type-page","status-publish","has-post-thumbnail","hentry"],"blocksy_meta":{"page_title_panel":"","has_hero_section":"default","b7f349f4438e230ef72feff3198e3d39":"","hero_section":"type-1","hero_elements":[{"id":"custom_title","enabled":true,"heading_tag":"h1","title":"P\u00e1gina de inicio"},{"id":"custom_description","enabled":true,"description_visibility":{"desktop":true,"tablet":true,"mobile":false}},{"id":"custom_meta","enabled":false,"meta_elements":[{"id":"author","enabled":true,"label":"Von","has_author_avatar":"yes","avatar_size":25},{"id":"post_date","enabled":true,"label":"Am","date_format_source":"default","date_format":"M j, Y"},{"id":"comments","enabled":true}],"page_meta_elements":{"joined":true,"articles_count":true,"comments":true}},{"id":"breadcrumbs","enabled":false}],"1f5425206e1daf10fa28715bc391e564":"","hero_alignment1":"CT_CSS_SKIP_RULE","hero_margin":40,"hero_alignment2":"center","hero_vertical_alignment":"center","6ffa1840468390149ed389e5e670588b":"","hero_structure":"narrow","ec2abe7d2e9d792186ee8d7f6ecfd448":"","page_title_bg_type":"featured_image","custom_hero_background":{"attachment_id":null},"parallax":{"desktop":false,"tablet":false,"mobile":false},"e8ae49f8732a0838f8b7fe1cfecffa9c":"","hero_height":"250px","pageTitleFont":{"family":"Default","variation":"Default","size":{"desktop":"32px","tablet":"30px","mobile":"25px"},"line-height":"CT_CSS_SKIP_RULE","letter-spacing":"CT_CSS_SKIP_RULE","text-transform":"CT_CSS_SKIP_RULE","text-decoration":"CT_CSS_SKIP_RULE"},"pageTitleFontColor":{"default":{"color":"CT_CSS_SKIP_RULEDEFAULT"}},"pageMetaFont":{"family":"Default","variation":"n6","size":"12px","line-height":"1.3","letter-spacing":"CT_CSS_SKIP_RULE","text-transform":"uppercase","text-decoration":"CT_CSS_SKIP_RULE"},"pageMetaFontColor":{"default":{"color":"CT_CSS_SKIP_RULEDEFAULT"},"hover":{"color":"CT_CSS_SKIP_RULEDEFAULT"}},"page_meta_button_type_font_colors":{"default":{"color":"CT_CSS_SKIP_RULEDEFAULT"},"hover":{"color":"CT_CSS_SKIP_RULEDEFAULT"}},"page_meta_button_type_background_colors":{"default":{"color":"CT_CSS_SKIP_RULEDEFAULT"},"hover":{"color":"CT_CSS_SKIP_RULEDEFAULT"}},"pageExcerptFont":{"family":"Default","variation":"Default","size":"CT_CSS_SKIP_RULE","line-height":"CT_CSS_SKIP_RULE","letter-spacing":"CT_CSS_SKIP_RULE","text-transform":"CT_CSS_SKIP_RULE","text-decoration":"CT_CSS_SKIP_RULE"},"pageExcerptColor":{"default":{"color":"CT_CSS_SKIP_RULEDEFAULT"}},"breadcrumbsFont":{"family":"Default","variation":"Default","size":"CT_CSS_SKIP_RULE","line-height":"CT_CSS_SKIP_RULE","letter-spacing":"CT_CSS_SKIP_RULE","text-transform":"CT_CSS_SKIP_RULE","text-decoration":"CT_CSS_SKIP_RULE"},"breadcrumbsFontColor":{"default":{"color":"CT_CSS_SKIP_RULEDEFAULT"},"initial":{"color":"CT_CSS_SKIP_RULEDEFAULT"},"hover":{"color":"CT_CSS_SKIP_RULEDEFAULT"}},"pageTitleOverlay":{"default":{"color":"CT_CSS_SKIP_RULE"}},"pageTitleBackground":{"background_type":"color","background_pattern":"type-1","background_image":{"attachment_id":null,"x":0,"y":0},"gradient":"linear-gradient(135deg,rgba(6,147,227,1) 0%,rgb(155,81,224) 100%)","background_repeat":"no-repeat","background_size":"auto","background_attachment":"scroll","patternColor":{"default":{"color":"#e5e7ea"}},"overlayColor":{"default":{"color":"CT_CSS_SKIP_RULE"}},"backgroundColor":{"default":{"color":"var(--theme-palette-color-6)"}}},"pageTitlePadding":{"top":"50px","bottom":"50px","left":"auto","right":"auto","linked":true},"8a77aadaea6635e3eb66fbe1d704bd35":"","page_structure_type":"default","ba9191f93bb7b70bcef185ed6719f5f1":"","content_style_source":"inherit","content_style":"wide","vertical_spacing_source":"inherit","content_area_spacing":"both","background":{"background_type":"color","background_pattern":"type-1","background_image":{"attachment_id":null,"x":0,"y":0},"gradient":"linear-gradient(135deg,rgba(6,147,227,1) 0%,rgb(155,81,224) 100%)","background_repeat":"no-repeat","background_size":"auto","background_attachment":"scroll","patternColor":{"default":{"color":"#e5e7ea"}},"overlayColor":{"default":{"color":"CT_CSS_SKIP_RULE"}},"backgroundColor":{"default":{"color":"CT_CSS_SKIP_RULE"}}},"content_background":{"background_type":"color","background_pattern":"type-1","background_image":{"attachment_id":null,"x":0,"y":0},"gradient":"linear-gradient(135deg,rgba(6,147,227,1) 0%,rgb(155,81,224) 100%)","background_repeat":"no-repeat","background_size":"auto","background_attachment":"scroll","patternColor":{"default":{"color":"#e5e7ea"}},"overlayColor":{"default":{"color":"CT_CSS_SKIP_RULE"}},"backgroundColor":{"default":{"color":"var(--theme-palette-color-8)"}}},"content_boxed_shadow":{"inherit":false,"blur":18,"spread":-6,"v_offset":12,"h_offset":0,"inset":false,"enable":true,"color":{"color":"rgba(34, 56, 101, 0.04)"}},"boxed_content_spacing":{"desktop":{"top":"40px","bottom":"40px","left":"40px","right":"40px","linked":true},"tablet":{"top":"35px","bottom":"35px","left":"35px","right":"35px","linked":true},"mobile":{"top":"20px","bottom":"20px","left":"20px","right":"20px","linked":true}},"content_boxed_radius":{"top":"3px","bottom":"3px","left":"3px","right":"3px","linked":true},"6f6ed70b3e110d50611eb3023e4cae4c":"","disable_featured_image":"yes","disable_header":"no","disable_footer":"no","styles_descriptor":{"styles":{"desktop":"","tablet":"","mobile":""},"google_fonts":[],"version":6}},"_links":{"self":[{"href":"https:\/\/www.elha.de\/es\/wp-json\/wp\/v2\/pages\/1651","targetHints":{"allow":["GET"]}}],"collection":[{"href":"https:\/\/www.elha.de\/es\/wp-json\/wp\/v2\/pages"}],"about":[{"href":"https:\/\/www.elha.de\/es\/wp-json\/wp\/v2\/types\/page"}],"author":[{"embeddable":true,"href":"https:\/\/www.elha.de\/es\/wp-json\/wp\/v2\/users\/1"}],"replies":[{"embeddable":true,"href":"https:\/\/www.elha.de\/es\/wp-json\/wp\/v2\/comments?post=1651"}],"version-history":[{"count":0,"href":"https:\/\/www.elha.de\/es\/wp-json\/wp\/v2\/pages\/1651\/revisions"}],"up":[{"embeddable":true,"href":"https:\/\/www.elha.de\/es\/wp-json\/wp\/v2\/pages\/1416"}],"wp:featuredmedia":[{"embeddable":true,"href":"https:\/\/www.elha.de\/es\/wp-json\/wp\/v2\/media\/4069"}],"wp:attachment":[{"href":"https:\/\/www.elha.de\/es\/wp-json\/wp\/v2\/media?parent=1651"}],"curies":[{"name":"wp","href":"https:\/\/api.w.org\/{rel}","templated":true}]}}