{"id":1653,"date":"2016-05-13T14:48:43","date_gmt":"2016-05-13T12:48:43","guid":{"rendered":"https:\/\/www.elha.de\/?page_id=1653"},"modified":"2026-01-22T08:58:12","modified_gmt":"2026-01-22T07:58:12","slug":"maquinas-especiales","status":"publish","type":"page","link":"https:\/\/www.elha.de\/es\/maschinen\/sondermaschinen\/","title":{"rendered":"M\u00e1quinas especiales"},"content":{"rendered":"<p>\r\nSPX - La cl\u00e1sica m\u00e1quina ELHA hecha a medida. All\u00ed donde los conceptos o sistemas est\u00e1ndar alcanzan sus l\u00edmites en t\u00e9rminos de productividad, flexibilidad o estabilidad y disponibilidad del proceso a largo plazo, una m\u00e1quina ELHA SPX es la soluci\u00f3n adecuada. Benef\u00edciese de d\u00e9cadas de experiencia de ELHA en m\u00e1quinas especiales de corte de metales, especialmente para aplicaciones de taladrado, roscado y fresado.\r\n<\/p>\r\n\r\n<h2>Ejemplos de referencia<\/h2>\r\n\r\n<div class=\"columns\"><div class=\"column mb-3 col-4 col-md-6\"><a href=\"https:\/\/www.elha.de\/es\/maschinen\/sondermaschinen\/spx-5207-6-spindel-tiefloch-bohr-bearbeitungszentrum\/\" class=\"elha-image-link border\"><img loading=\"lazy\" decoding=\"async\" width=\"460\" height=\"171\" src=\"https:\/\/www.elha.de\/wp-content\/uploads\/spx-5207-banner.jpg\" class=\"attachment-cropimage size-cropimage wp-post-image\" alt=\"Centro de taladrado profundo y mecanizado SPX 5207 de 6 husillos\" \/><\/a><div class=\"text-bold mt-1 mb-1\" style=\"font-size:20px;\"><a href=\"https:\/\/www.elha.de\/es\/maschinen\/sondermaschinen\/spx-5207-6-spindel-tiefloch-bohr-bearbeitungszentrum\/\">SPX 5207 - Centro de taladrado profundo y mecanizado de 6 husillos<\/a><\/div><div>\n\r\n\t\r\n\t\tLa m\u00e1quina es adecuada para el taladrado horizontal profundo con 6 husillos de orificios situados en c\u00edrculos de pernos. Para ello, las unidades de trabajo de husillo motorizadas est\u00e1n dispuestas a 6x 60\u00b0 sobre una placa base y<\/div><\/div><div class=\"column mb-3 col-4 col-md-6\"><a href=\"https:\/\/www.elha.de\/es\/maschinen\/sondermaschinen\/spx-5111-horizontales-2-spindel-drehfraes-bearbeitungszentrum\/\" class=\"elha-image-link border\"><img loading=\"lazy\" decoding=\"async\" width=\"460\" height=\"171\" src=\"https:\/\/www.elha.de\/wp-content\/uploads\/spx-5111-banner.jpg\" class=\"attachment-cropimage size-cropimage wp-post-image\" alt=\"\" \/><\/a><div class=\"text-bold mt-1 mb-1\" style=\"font-size:20px;\"><a href=\"https:\/\/www.elha.de\/es\/maschinen\/sondermaschinen\/spx-5111-horizontales-2-spindel-drehfraes-bearbeitungszentrum\/\">SPX 5111 - Centro de mecanizado de torneado y fresado horizontal de 2 husillos<\/a><\/div><div>\n\r\n\t\r\n\t\tEsta m\u00e1quina est\u00e1 especialmente dise\u00f1ada para procesar cilindros de impresi\u00f3n (\u00d8 m\u00e1x. 800 mm; longitud m\u00e1x. 2.000 mm). El \u00e1mbito de procesamiento incluye el torneado de la superficie lateral,<\/div><\/div><div class=\"column mb-3 col-4 col-md-6\"><a href=\"https:\/\/www.elha.de\/es\/maschinen\/sondermaschinen\/spx-5176-2-spindel-horizontal-bearbeitungszentrum\/\" class=\"elha-image-link border\"><img loading=\"lazy\" decoding=\"async\" width=\"460\" height=\"171\" src=\"https:\/\/www.elha.de\/wp-content\/uploads\/spx-5176-banner.jpg\" class=\"attachment-cropimage size-cropimage wp-post-image\" alt=\"\" \/><\/a><div class=\"text-bold mt-1 mb-1\" style=\"font-size:20px;\"><a href=\"https:\/\/www.elha.de\/es\/maschinen\/sondermaschinen\/spx-5176-2-spindel-horizontal-bearbeitungszentrum\/\">SPX 5176 - Centro de mecanizado horizontal de 2 husillos<\/a><\/div><div>\n\r\n\t\r\n\t\tEsta m\u00e1quina se dise\u00f1\u00f3 principalmente para el taladrado y fresado horizontal multihusillo de rodillos pesados. Para poder mecanizar tambi\u00e9n otras piezas de trabajo, la primera<\/div><\/div><div class=\"column mb-3 col-4 col-md-6\"><a href=\"https:\/\/www.elha.de\/es\/maschinen\/sondermaschinen\/spx-5134-schienenbohranlage\/\" class=\"elha-image-link border\"><img loading=\"lazy\" decoding=\"async\" width=\"460\" height=\"171\" src=\"https:\/\/www.elha.de\/wp-content\/uploads\/spx-5134-banner.jpg\" class=\"attachment-cropimage size-cropimage wp-post-image\" alt=\"Pancarta SPX 5134\" \/><\/a><div class=\"text-bold mt-1 mb-1\" style=\"font-size:20px;\"><a href=\"https:\/\/www.elha.de\/es\/maschinen\/sondermaschinen\/spx-5134-schienenbohranlage\/\">SPX 5134 - Taladradora de ra\u00edles<\/a><\/div><div>\n\r\n\t\r\n\t\tEsta m\u00e1quina es adecuada para taladrar y biselar por ambos lados perfiles de carril de diversas formas y dimensiones. El taladrado se realiza con una unidad de 2 ejes orientable \u00b115\u00b0.<\/div><\/div><div class=\"column mb-3 col-4 col-md-6\"><a href=\"https:\/\/www.elha.de\/es\/maschinen\/sondermaschinen\/spx-4979-planetentisch-bearbeitungszentrum\/\" class=\"elha-image-link border\"><img loading=\"lazy\" decoding=\"async\" width=\"460\" height=\"171\" src=\"https:\/\/www.elha.de\/wp-content\/uploads\/spx-4979-banner.jpg\" class=\"attachment-cropimage size-cropimage wp-post-image\" alt=\"\" \/><\/a><div class=\"text-bold mt-1 mb-1\" style=\"font-size:20px;\"><a href=\"https:\/\/www.elha.de\/es\/maschinen\/sondermaschinen\/spx-4979-planetentisch-bearbeitungszentrum\/\">SPX 4979 - Centro de mecanizado de mesa planetaria<\/a><\/div><div>\n\r\n\t\r\n\t\tLa m\u00e1quina es adecuada para mecanizar consolas de tren de rodaje izquierdas o derechas de fundici\u00f3n en fr\u00edo de aluminio en una sola operaci\u00f3n de sujeci\u00f3n. Mecanizado de 5 caras sujetando las piezas en mesas planetarias CNC. Carga autom\u00e1tica<\/div><\/div><\/div>\r\n\r\n<p class=\"text-center\">\r\n\t\r\n\t\r\n\t\t<a href=\"https:\/\/www.elha.de\/wp-content\/uploads\/FS-EN-012026.pdf\" target=\"_blank\" class=\"btn btn-primary btn-lg mr-4\" rel=\"noopener\">Descargar folleto<\/a>\r\n\t\r\n\t<a href=\"https:\/\/www.elha.de\/es\/contacto\/\"  class=\"btn btn-primary btn-lg mr-4\">P\u00f3ngase en contacto con nosotros<\/a>\r\n<\/p>","protected":false},"excerpt":{"rendered":"<p>\t\tLa m\u00e1quina es adecuada para mecanizar consolas de tren de rodaje izquierdas o derechas de fundici\u00f3n en fr\u00edo de aluminio en una sola operaci\u00f3n de sujeci\u00f3n. Mecanizado de 5 caras sujetando las piezas en mesas planetarias CNC. Carga autom\u00e1tica<\/p>","protected":false},"author":1,"featured_media":4078,"parent":1416,"menu_order":6,"comment_status":"closed","ping_status":"closed","template":"","meta":{"footnotes":""},"class_list":["post-1653","page","type-page","status-publish","has-post-thumbnail","hentry"],"blocksy_meta":{"styles_descriptor":{"styles":{"desktop":"","tablet":"","mobile":""},"google_fonts":[],"version":6},"page_title_panel":"","has_hero_section":"default","c15ce041b8ea8c79736482f38761ecfa":"","hero_section":"type-1","hero_elements":[{"id":"custom_title","enabled":true,"heading_tag":"h1","title":"P\u00e1gina de inicio"},{"id":"custom_description","enabled":true,"description_visibility":{"desktop":true,"tablet":true,"mobile":false}},{"id":"custom_meta","enabled":false,"meta_elements":[{"id":"author","enabled":true,"label":"Von","has_author_avatar":"yes","avatar_size":25},{"id":"post_date","enabled":true,"label":"Am","date_format_source":"default","date_format":"M j, Y"},{"id":"comments","enabled":true}],"page_meta_elements":{"joined":true,"articles_count":true,"comments":true}},{"id":"breadcrumbs","enabled":false}],"b62addcac89a9ffed509f8f479dafe67":"","hero_alignment1":"CT_CSS_SKIP_RULE","hero_margin":40,"hero_alignment2":"center","hero_vertical_alignment":"center","15476ddcfc2db09e9f906e6efed33d53":"","hero_structure":"narrow","db62cb0e95f5dfe82707268b6f4f6f5c":"","page_title_bg_type":"featured_image","custom_hero_background":{"attachment_id":null},"parallax":{"desktop":false,"tablet":false,"mobile":false},"aaa76436a2f7d916e3b1679dcefe5f22":"","hero_height":"250px","pageTitleFont":{"family":"Default","variation":"Default","size":{"desktop":"32px","tablet":"30px","mobile":"25px"},"line-height":"CT_CSS_SKIP_RULE","letter-spacing":"CT_CSS_SKIP_RULE","text-transform":"CT_CSS_SKIP_RULE","text-decoration":"CT_CSS_SKIP_RULE"},"pageTitleFontColor":{"default":{"color":"CT_CSS_SKIP_RULEDEFAULT"}},"pageMetaFont":{"family":"Default","variation":"n6","size":"12px","line-height":"1.3","letter-spacing":"CT_CSS_SKIP_RULE","text-transform":"uppercase","text-decoration":"CT_CSS_SKIP_RULE"},"pageMetaFontColor":{"default":{"color":"CT_CSS_SKIP_RULEDEFAULT"},"hover":{"color":"CT_CSS_SKIP_RULEDEFAULT"}},"page_meta_button_type_font_colors":{"default":{"color":"CT_CSS_SKIP_RULEDEFAULT"},"hover":{"color":"CT_CSS_SKIP_RULEDEFAULT"}},"page_meta_button_type_background_colors":{"default":{"color":"CT_CSS_SKIP_RULEDEFAULT"},"hover":{"color":"CT_CSS_SKIP_RULEDEFAULT"}},"pageExcerptFont":{"family":"Default","variation":"Default","size":"CT_CSS_SKIP_RULE","line-height":"CT_CSS_SKIP_RULE","letter-spacing":"CT_CSS_SKIP_RULE","text-transform":"CT_CSS_SKIP_RULE","text-decoration":"CT_CSS_SKIP_RULE"},"pageExcerptColor":{"default":{"color":"CT_CSS_SKIP_RULEDEFAULT"}},"breadcrumbsFont":{"family":"Default","variation":"Default","size":"CT_CSS_SKIP_RULE","line-height":"CT_CSS_SKIP_RULE","letter-spacing":"CT_CSS_SKIP_RULE","text-transform":"CT_CSS_SKIP_RULE","text-decoration":"CT_CSS_SKIP_RULE"},"breadcrumbsFontColor":{"default":{"color":"CT_CSS_SKIP_RULEDEFAULT"},"initial":{"color":"CT_CSS_SKIP_RULEDEFAULT"},"hover":{"color":"CT_CSS_SKIP_RULEDEFAULT"}},"pageTitleOverlay":{"default":{"color":"CT_CSS_SKIP_RULE"}},"pageTitleBackground":{"background_type":"color","background_pattern":"type-1","background_image":{"attachment_id":null,"x":0,"y":0},"gradient":"linear-gradient(135deg,rgba(6,147,227,1) 0%,rgb(155,81,224) 100%)","background_repeat":"no-repeat","background_size":"auto","background_attachment":"scroll","patternColor":{"default":{"color":"#e5e7ea"}},"overlayColor":{"default":{"color":"CT_CSS_SKIP_RULE"}},"backgroundColor":{"default":{"color":"var(--theme-palette-color-6)"}}},"pageTitlePadding":{"top":"50px","bottom":"50px","left":"auto","right":"auto","linked":true},"7e7cdfebba93188b487b3b06ed73245f":"","page_structure_type":"default","3aa8c666cfcf40d1c155409033ad86fb":"","content_style_source":"inherit","content_style":"wide","vertical_spacing_source":"inherit","content_area_spacing":"both","background":{"background_type":"color","background_pattern":"type-1","background_image":{"attachment_id":null,"x":0,"y":0},"gradient":"linear-gradient(135deg,rgba(6,147,227,1) 0%,rgb(155,81,224) 100%)","background_repeat":"no-repeat","background_size":"auto","background_attachment":"scroll","patternColor":{"default":{"color":"#e5e7ea"}},"overlayColor":{"default":{"color":"CT_CSS_SKIP_RULE"}},"backgroundColor":{"default":{"color":"CT_CSS_SKIP_RULE"}}},"content_background":{"background_type":"color","background_pattern":"type-1","background_image":{"attachment_id":null,"x":0,"y":0},"gradient":"linear-gradient(135deg,rgba(6,147,227,1) 0%,rgb(155,81,224) 100%)","background_repeat":"no-repeat","background_size":"auto","background_attachment":"scroll","patternColor":{"default":{"color":"#e5e7ea"}},"overlayColor":{"default":{"color":"CT_CSS_SKIP_RULE"}},"backgroundColor":{"default":{"color":"var(--theme-palette-color-8)"}}},"content_boxed_shadow":{"inherit":false,"blur":18,"spread":-6,"v_offset":12,"h_offset":0,"inset":false,"enable":true,"color":{"color":"rgba(34, 56, 101, 0.04)"}},"boxed_content_spacing":{"desktop":{"top":"40px","bottom":"40px","left":"40px","right":"40px","linked":true},"tablet":{"top":"35px","bottom":"35px","left":"35px","right":"35px","linked":true},"mobile":{"top":"20px","bottom":"20px","left":"20px","right":"20px","linked":true}},"content_boxed_radius":{"top":"3px","bottom":"3px","left":"3px","right":"3px","linked":true},"c42a64023d49bfbb47c75dad353dde25":"","disable_featured_image":"yes","disable_header":"no","disable_footer":"no"},"_links":{"self":[{"href":"https:\/\/www.elha.de\/es\/wp-json\/wp\/v2\/pages\/1653","targetHints":{"allow":["GET"]}}],"collection":[{"href":"https:\/\/www.elha.de\/es\/wp-json\/wp\/v2\/pages"}],"about":[{"href":"https:\/\/www.elha.de\/es\/wp-json\/wp\/v2\/types\/page"}],"author":[{"embeddable":true,"href":"https:\/\/www.elha.de\/es\/wp-json\/wp\/v2\/users\/1"}],"replies":[{"embeddable":true,"href":"https:\/\/www.elha.de\/es\/wp-json\/wp\/v2\/comments?post=1653"}],"version-history":[{"count":0,"href":"https:\/\/www.elha.de\/es\/wp-json\/wp\/v2\/pages\/1653\/revisions"}],"up":[{"embeddable":true,"href":"https:\/\/www.elha.de\/es\/wp-json\/wp\/v2\/pages\/1416"}],"wp:featuredmedia":[{"embeddable":true,"href":"https:\/\/www.elha.de\/es\/wp-json\/wp\/v2\/media\/4078"}],"wp:attachment":[{"href":"https:\/\/www.elha.de\/es\/wp-json\/wp\/v2\/media?parent=1653"}],"curies":[{"name":"wp","href":"https:\/\/api.w.org\/{rel}","templated":true}]}}