{"id":24,"date":"2015-11-08T00:29:08","date_gmt":"2015-11-07T23:29:08","guid":{"rendered":"https:\/\/www.elha.de\/?page_id=24"},"modified":"2025-04-07T12:10:08","modified_gmt":"2025-04-07T10:10:08","slug":"empresa","status":"publish","type":"page","link":"https:\/\/www.elha.de\/es\/unternehmen\/","title":{"rendered":"La empresa"},"content":{"rendered":"<p>\nELHA-MASCHINENBAU Liemke GmbH &amp; Co. KG es una empresa familiar tradicional que lleva m\u00e1s de 90 a\u00f1os afirm\u00e1ndose gracias a su experiencia y amplios conocimientos t\u00e9cnicos en el campo de las m\u00e1quinas-herramienta de corte de metales. Nuestros productos se caracterizan por una productividad m\u00e1xima, conceptos innovadores y rentabilidad.\n<\/p>\n\n\n\n<div style=\"height:40px\" aria-hidden=\"true\" class=\"wp-block-spacer\"><\/div>\n\n\n<div class=\"columns\"><div class=\"column mb-3 col-4 col-md-6\"><a href=\"https:\/\/www.elha.de\/es\/unternehmen\/ueber-uns\/\" class=\"elha-image-link border\"><img loading=\"lazy\" decoding=\"async\" width=\"460\" height=\"171\" src=\"https:\/\/www.elha.de\/wp-content\/uploads\/werk2-montagehalle.jpg\" class=\"attachment-cropimage size-cropimage wp-post-image\" alt=\"\" \/><\/a><div class=\"text-bold mt-1 mb-1\" style=\"font-size:20px;\"><a href=\"https:\/\/www.elha.de\/es\/unternehmen\/ueber-uns\/\">Qui\u00e9nes somos<\/a><\/div><div>\n\n\tCon el nombre de LH (m\u00e1s tarde ELHA), que es la abreviatura de \"Liemke H\u00f6velhof\", surgi\u00f3 una empresa del sector el\u00e9ctrico hacia 1930<\/div><\/div><div class=\"column mb-3 col-4 col-md-6\"><a href=\"https:\/\/www.elha.de\/es\/unternehmen\/das-elha-team\/\" class=\"elha-image-link border\"><img loading=\"lazy\" decoding=\"async\" width=\"460\" height=\"307\" src=\"https:\/\/www.elha.de\/wp-content\/uploads\/GF-Shooting-Gruppe-EDIT-460x307.webp\" class=\"attachment-cropimage size-cropimage wp-post-image\" alt=\"Foto de familia de la gesti\u00f3n de ELHA\" srcset=\"https:\/\/www.elha.de\/wp-content\/uploads\/GF-Shooting-Gruppe-EDIT-460x307.webp 460w, https:\/\/www.elha.de\/wp-content\/uploads\/GF-Shooting-Gruppe-EDIT-940x626.webp 940w, https:\/\/www.elha.de\/wp-content\/uploads\/GF-Shooting-Gruppe-EDIT-18x12.webp 18w, https:\/\/www.elha.de\/wp-content\/uploads\/GF-Shooting-Gruppe-EDIT-200x133.webp 200w, https:\/\/www.elha.de\/wp-content\/uploads\/GF-Shooting-Gruppe-EDIT.webp 1280w\" sizes=\"auto, (max-width: 460px) 100vw, 460px\" \/><\/a><div class=\"text-bold mt-1 mb-1\" style=\"font-size:20px;\"><a href=\"https:\/\/www.elha.de\/es\/unternehmen\/das-elha-team\/\">El equipo ELHA<\/a><\/div><div>\nELHA-MASCHINENBAU est\u00e1 respaldada por un equipo de empleados altamente cualificados y motivados que contribuyen significativamente al \u00e9xito a largo plazo de la empresa. El fuerte esp\u00edritu de equipo, el enfoque pragm\u00e1tico y<\/div><\/div><div class=\"column mb-3 col-4 col-md-6\"><a href=\"https:\/\/www.elha.de\/es\/unternehmen\/historie\/\" class=\"elha-image-link border\"><img loading=\"lazy\" decoding=\"async\" width=\"460\" height=\"171\" src=\"https:\/\/www.elha.de\/wp-content\/uploads\/staenderbohrmaschine-banner.jpg\" class=\"attachment-cropimage size-cropimage wp-post-image\" alt=\"\" \/><\/a><div class=\"text-bold mt-1 mb-1\" style=\"font-size:20px;\"><a href=\"https:\/\/www.elha.de\/es\/unternehmen\/historie\/\">Historia<\/a><\/div><div>\n\r\n\tELHA-MASCHINENBAU es una empresa familiar tradicional que lleva m\u00e1s de 90 a\u00f1os haci\u00e9ndose valer gracias a su experiencia y amplios conocimientos en tecnolog\u00eda de mecanizado y dise\u00f1o de m\u00e1quinas.\r\n\tELHA es sin\u00f3nimo de<\/div><\/div><div class=\"column mb-3 col-4 col-md-6\"><a href=\"https:\/\/www.elha.de\/es\/unternehmen\/qualitaet-und-umwelt\/\" class=\"elha-image-link border\"><img loading=\"lazy\" decoding=\"async\" width=\"460\" height=\"171\" src=\"https:\/\/www.elha.de\/wp-content\/uploads\/qualitaet-und-umwelt-banner.jpg\" class=\"attachment-cropimage size-cropimage wp-post-image\" alt=\"\" \/><\/a><div class=\"text-bold mt-1 mb-1\" style=\"font-size:20px;\"><a href=\"https:\/\/www.elha.de\/es\/unternehmen\/qualitaet-und-umwelt\/\">Calidad y medio ambiente<\/a><\/div><div>\nUno de nuestros principales objetivos corporativos es alcanzar los m\u00e1s altos niveles de calidad en nuestros productos y servicios. Igualmente importante es nuestra responsabilidad ecol\u00f3gica con las generaciones actuales y futuras.<\/div><\/div><div class=\"column mb-3 col-4 col-md-6\"><a href=\"https:\/\/www.elha.de\/es\/unternehmen\/einkauf\/\" class=\"elha-image-link border\"><img loading=\"lazy\" decoding=\"async\" width=\"460\" height=\"171\" src=\"https:\/\/www.elha.de\/wp-content\/uploads\/einkauf-banner.jpg\" class=\"attachment-cropimage size-cropimage wp-post-image\" alt=\"Comprar banner\" \/><\/a><div class=\"text-bold mt-1 mb-1\" style=\"font-size:20px;\"><a href=\"https:\/\/www.elha.de\/es\/unternehmen\/einkauf\/\">Compras<\/a><\/div><div>\n\n  Tambi\u00e9n en su vida privada exige buena calidad a un precio competitivo de los productos que compra. Nosotros tenemos las mismas expectativas<\/div><\/div><div class=\"column mb-3 col-4 col-md-6\"><a href=\"https:\/\/www.elha.de\/es\/unternehmen\/informationsmaterial\/\" class=\"elha-image-link border\"><img loading=\"lazy\" decoding=\"async\" width=\"460\" height=\"171\" src=\"https:\/\/www.elha.de\/wp-content\/uploads\/elha-prospekte-banner.jpg\" class=\"attachment-cropimage size-cropimage wp-post-image\" alt=\"\" \/><\/a><div class=\"text-bold mt-1 mb-1\" style=\"font-size:20px;\"><a href=\"https:\/\/www.elha.de\/es\/unternehmen\/informationsmaterial\/\">Material informativo<\/a><\/div><div>\nAqu\u00ed puede descargar nuestros folletos actuales. Puede que necesite Adobe Reader para ver los folletos. Si no dispone de Reader<\/div><\/div><div class=\"column mb-3 col-4 col-md-6\"><a href=\"https:\/\/www.elha.de\/es\/unternehmen\/videos\/\" class=\"elha-image-link border\"><img decoding=\"async\" src=\"https:\/\/www.elha.de\/wp-content\/uploads\/elha-standard.jpg\"><\/a><div class=\"text-bold mt-1 mb-1\" style=\"font-size:20px;\"><a href=\"https:\/\/www.elha.de\/es\/unternehmen\/videos\/\">V\u00eddeos<\/a><\/div><div>\n\n\n\r\n\r\n\t\r\n\t\t\r\n\t\tPel\u00edcula de imagen\r\n\t\r\n\r\n\t\r\n\t\t\r\n\t\tM\u00f3dulos de producci\u00f3n\r\n\t\r\n\r\n\t\r\n\t\t\r\n\t\tFM SMART\r\n\t\r\n\r\n\t\r\n\t\t\r\n\t\tVTM Centros de torneado y fresado verticales\r\n\t\r\n\r\n\t\r\n\t\t\r\n\t\tHistoria del usuario de VTM\r\n\t\r\n\r\n\t\r\n\t\t\r\n\t\tTime-lapse VTM\r\n\t\r\n\r\n\t\r\n\t\t\r\n\t\tLapso de tiempo VTM ht\r\n\t\r\n\r\n\t\r\n\t\t\r\n\t\tGran centro de mecanizado\r\n\t\r\n\n<\/div><\/div><div class=\"column mb-3 col-4 col-md-6\"><a href=\"https:\/\/www.elha.de\/es\/unternehmen\/vertriebspartner\/\" class=\"elha-image-link border\"><img loading=\"lazy\" decoding=\"async\" width=\"460\" height=\"307\" src=\"https:\/\/www.elha.de\/wp-content\/uploads\/vertriebspartner.jpg\" class=\"attachment-cropimage size-cropimage wp-post-image\" alt=\"\" \/><\/a><div class=\"text-bold mt-1 mb-1\" style=\"font-size:20px;\"><a href=\"https:\/\/www.elha.de\/es\/unternehmen\/vertriebspartner\/\">Socio comercial<\/a><\/div><div>\n<\/div><\/div><\/div>\n\n\n\n<p><\/p>","protected":false},"excerpt":{"rendered":"","protected":false},"author":1,"featured_media":0,"parent":0,"menu_order":3,"comment_status":"closed","ping_status":"closed","template":"","meta":{"footnotes":""},"class_list":["post-24","page","type-page","status-publish","hentry"],"blocksy_meta":{"styles_descriptor":{"styles":{"desktop":"","tablet":"","mobile":""},"google_fonts":[],"version":6}},"_links":{"self":[{"href":"https:\/\/www.elha.de\/es\/wp-json\/wp\/v2\/pages\/24","targetHints":{"allow":["GET"]}}],"collection":[{"href":"https:\/\/www.elha.de\/es\/wp-json\/wp\/v2\/pages"}],"about":[{"href":"https:\/\/www.elha.de\/es\/wp-json\/wp\/v2\/types\/page"}],"author":[{"embeddable":true,"href":"https:\/\/www.elha.de\/es\/wp-json\/wp\/v2\/users\/1"}],"replies":[{"embeddable":true,"href":"https:\/\/www.elha.de\/es\/wp-json\/wp\/v2\/comments?post=24"}],"version-history":[{"count":0,"href":"https:\/\/www.elha.de\/es\/wp-json\/wp\/v2\/pages\/24\/revisions"}],"wp:attachment":[{"href":"https:\/\/www.elha.de\/es\/wp-json\/wp\/v2\/media?parent=24"}],"curies":[{"name":"wp","href":"https:\/\/api.w.org\/{rel}","templated":true}]}}