{"id":322,"date":"2016-01-16T17:28:07","date_gmt":"2016-01-16T16:28:07","guid":{"rendered":"https:\/\/www.elha.de\/?page_id=322"},"modified":"2025-09-19T10:59:03","modified_gmt":"2025-09-19T08:59:03","slug":"el-equipo-elha","status":"publish","type":"page","link":"https:\/\/www.elha.de\/es\/unternehmen\/das-elha-team\/","title":{"rendered":"El equipo ELHA"},"content":{"rendered":"<p>ELHA-MASCHINENBAU est\u00e1 respaldada por un equipo de empleados altamente cualificados y motivados que contribuyen significativamente al \u00e9xito a largo plazo de la empresa. Nuestro fuerte esp\u00edritu de equipo, un enfoque pragm\u00e1tico y unas estructuras \u00e1giles con canales de comunicaci\u00f3n cortos nos permiten alcanzar el m\u00e1ximo rendimiento, algo que practicamos a diario y de lo que usted tambi\u00e9n puede beneficiarse si elige ELHA. En nombre de todo nuestro equipo, nos gustar\u00eda presentarle a continuaci\u00f3n con m\u00e1s detalle nuestros principales contactos para nuestros departamentos de gesti\u00f3n y ventas.<\/p>\n\n\n\n<div class=\"wp-block-columns is-layout-flex wp-container-core-columns-is-layout-28f84493 wp-block-columns-is-layout-flex\">\n<div class=\"wp-block-column is-layout-flow wp-block-column-is-layout-flow\" style=\"flex-basis:25%\">\n<figure class=\"wp-block-image size-large\"><img loading=\"lazy\" decoding=\"async\" width=\"627\" height=\"940\" src=\"https:\/\/www.elha.de\/wp-content\/uploads\/GF-Shooting-HGL-627x940.webp\" alt=\"Hans-Georg Liemke\" class=\"wp-image-12863\" srcset=\"https:\/\/www.elha.de\/wp-content\/uploads\/GF-Shooting-HGL-627x940.webp 627w, https:\/\/www.elha.de\/wp-content\/uploads\/GF-Shooting-HGL-307x460.webp 307w, https:\/\/www.elha.de\/wp-content\/uploads\/GF-Shooting-HGL-8x12.webp 8w, https:\/\/www.elha.de\/wp-content\/uploads\/GF-Shooting-HGL-200x300.webp 200w, https:\/\/www.elha.de\/wp-content\/uploads\/GF-Shooting-HGL.webp 854w\" sizes=\"auto, (max-width: 627px) 100vw, 627px\" \/><\/figure>\n<\/div>\n\n\n\n<div class=\"wp-block-column is-layout-flow wp-block-column-is-layout-flow\" style=\"flex-basis:75%\">\n<h2 class=\"wp-block-heading\">Hans-Georg Liemke<\/h2>\n\n\n\n<p><strong>Gesti\u00f3n<\/strong><\/p>\n\n\n\n<p>Tras estudiar ingenier\u00eda mec\u00e1nica en el Instituto Tecnol\u00f3gico de Massachusetts y la Universidad de Stanford, Hans-Georg Liemke trabaj\u00f3 como ingeniero de dise\u00f1o en Plynetics, empresa pionera en prototipado r\u00e1pido, y en la consultora Continuum. Se incorpor\u00f3 a ELHA en 2001 como ingeniero de ventas antes de pasar a formar parte del consejo de administraci\u00f3n en 2005. Sus principales \u00e1reas de responsabilidad son producci\u00f3n, compras y \u00e1reas centrales.<\/p>\n<\/div>\n<\/div>\n\n\n\n<div class=\"wp-block-columns is-layout-flex wp-container-core-columns-is-layout-28f84493 wp-block-columns-is-layout-flex\">\n<div class=\"wp-block-column is-layout-flow wp-block-column-is-layout-flow\" style=\"flex-basis:25%\">\n<figure class=\"wp-block-image size-large\"><img loading=\"lazy\" decoding=\"async\" width=\"627\" height=\"940\" src=\"https:\/\/www.elha.de\/wp-content\/uploads\/GF-Shooting-CL-627x940.webp\" alt=\"\" class=\"wp-image-12861\" srcset=\"https:\/\/www.elha.de\/wp-content\/uploads\/GF-Shooting-CL-627x940.webp 627w, https:\/\/www.elha.de\/wp-content\/uploads\/GF-Shooting-CL-307x460.webp 307w, https:\/\/www.elha.de\/wp-content\/uploads\/GF-Shooting-CL-8x12.webp 8w, https:\/\/www.elha.de\/wp-content\/uploads\/GF-Shooting-CL-200x300.webp 200w, https:\/\/www.elha.de\/wp-content\/uploads\/GF-Shooting-CL.webp 854w\" sizes=\"auto, (max-width: 627px) 100vw, 627px\" \/><\/figure>\n<\/div>\n\n\n\n<div class=\"wp-block-column is-layout-flow wp-block-column-is-layout-flow\" style=\"flex-basis:75%\">\n<h2 class=\"wp-block-heading\">Christof Liemke<\/h2>\n\n\n\n<p><strong>Gesti\u00f3n<\/strong><\/p>\n\n\n\n<p>Christof Liemke estudi\u00f3 ingenier\u00eda el\u00e9ctrica e inform\u00e1tica en la TH Karlsruhe. A continuaci\u00f3n trabaj\u00f3 en la simulaci\u00f3n y programaci\u00f3n de m\u00e1quinas herramienta. Hasta 2008, trabaj\u00f3 en el departamento de software de aplicaciones CNC del fabricante de sistemas de control Beckhoff Automation GmbH. A continuaci\u00f3n, pas\u00f3 al dise\u00f1o el\u00e9ctrico y, un poco m\u00e1s tarde, a la gesti\u00f3n en ELHA. En el \u00e1mbito de la gesti\u00f3n, es responsable de ventas, posventa, desarrollo y planificaci\u00f3n de proyectos.<\/p>\n<\/div>\n<\/div>\n\n\n\n<div style=\"height:50px\" aria-hidden=\"true\" class=\"wp-block-spacer\"><\/div>\n\n\n\n<div class=\"wp-block-columns is-layout-flex wp-container-core-columns-is-layout-28f84493 wp-block-columns-is-layout-flex\">\n<div class=\"wp-block-column is-layout-flow wp-block-column-is-layout-flow\">\n<figure class=\"wp-block-image size-large is-resized wp-duotone-unset-2\"><img loading=\"lazy\" decoding=\"async\" width=\"627\" height=\"940\" src=\"https:\/\/www.elha.de\/wp-content\/uploads\/GF-Shooting-MG-627x940.webp\" alt=\"\" class=\"wp-image-12862\" style=\"width:250px\" srcset=\"https:\/\/www.elha.de\/wp-content\/uploads\/GF-Shooting-MG-627x940.webp 627w, https:\/\/www.elha.de\/wp-content\/uploads\/GF-Shooting-MG-307x460.webp 307w, https:\/\/www.elha.de\/wp-content\/uploads\/GF-Shooting-MG-8x12.webp 8w, https:\/\/www.elha.de\/wp-content\/uploads\/GF-Shooting-MG-200x300.webp 200w, https:\/\/www.elha.de\/wp-content\/uploads\/GF-Shooting-MG.webp 854w\" sizes=\"auto, (max-width: 627px) 100vw, 627px\" \/><\/figure>\n\n\n\n<p style=\"margin-top:-10px;margin-bottom:-10px\"><strong>Matthias Gie\u00dfler<br><\/strong>Gesti\u00f3n t\u00e9cnica<\/p>\n<\/div>\n\n\n\n<div class=\"wp-block-column is-layout-flow wp-block-column-is-layout-flow\">\n<figure class=\"wp-block-image size-large is-resized\"><img loading=\"lazy\" decoding=\"async\" width=\"627\" height=\"940\" src=\"https:\/\/www.elha.de\/wp-content\/uploads\/GF-Shooting-PK-627x940.webp\" alt=\"\" class=\"wp-image-12860\" style=\"width:250px\" srcset=\"https:\/\/www.elha.de\/wp-content\/uploads\/GF-Shooting-PK-627x940.webp 627w, https:\/\/www.elha.de\/wp-content\/uploads\/GF-Shooting-PK-307x460.webp 307w, https:\/\/www.elha.de\/wp-content\/uploads\/GF-Shooting-PK-8x12.webp 8w, https:\/\/www.elha.de\/wp-content\/uploads\/GF-Shooting-PK-200x300.webp 200w, https:\/\/www.elha.de\/wp-content\/uploads\/GF-Shooting-PK.webp 854w\" sizes=\"auto, (max-width: 627px) 100vw, 627px\" \/><\/figure>\n\n\n\n<p style=\"margin-top:-10px;margin-bottom:-10px\"><strong>Patrick Klein<br><\/strong>Jefe de equipo de ventas<\/p>\n<\/div>\n\n\n\n<div class=\"wp-block-column is-layout-flow wp-block-column-is-layout-flow\">\n<figure class=\"wp-block-image size-large is-resized\"><img loading=\"lazy\" decoding=\"async\" width=\"627\" height=\"940\" src=\"https:\/\/www.elha.de\/wp-content\/uploads\/GF-Shooting-SK-627x940.webp\" alt=\"\" class=\"wp-image-12859\" style=\"width:250px\" srcset=\"https:\/\/www.elha.de\/wp-content\/uploads\/GF-Shooting-SK-627x940.webp 627w, https:\/\/www.elha.de\/wp-content\/uploads\/GF-Shooting-SK-307x460.webp 307w, https:\/\/www.elha.de\/wp-content\/uploads\/GF-Shooting-SK-8x12.webp 8w, https:\/\/www.elha.de\/wp-content\/uploads\/GF-Shooting-SK-200x300.webp 200w, https:\/\/www.elha.de\/wp-content\/uploads\/GF-Shooting-SK.webp 854w\" sizes=\"auto, (max-width: 627px) 100vw, 627px\" \/><\/figure>\n\n\n\n<p style=\"margin-top:-10px;margin-bottom:-10px\"><strong>Stefan Klein<br><\/strong>Jefe de equipo de posventa<\/p>\n<\/div>\n<\/div>\n\n\n\n<p><\/p>","protected":false},"excerpt":{"rendered":"<p>ELHA-MASCHINENBAU est\u00e1 respaldada por un equipo de empleados altamente cualificados y motivados que contribuyen significativamente al \u00e9xito a largo plazo de la empresa. El fuerte esp\u00edritu de equipo, el enfoque pragm\u00e1tico y<\/p>","protected":false},"author":1,"featured_media":12870,"parent":24,"menu_order":2,"comment_status":"closed","ping_status":"closed","template":"","meta":{"footnotes":""},"class_list":["post-322","page","type-page","status-publish","has-post-thumbnail","hentry"],"blocksy_meta":{"styles_descriptor":{"styles":{"desktop":"","tablet":"","mobile":""},"google_fonts":[],"version":6}},"_links":{"self":[{"href":"https:\/\/www.elha.de\/es\/wp-json\/wp\/v2\/pages\/322","targetHints":{"allow":["GET"]}}],"collection":[{"href":"https:\/\/www.elha.de\/es\/wp-json\/wp\/v2\/pages"}],"about":[{"href":"https:\/\/www.elha.de\/es\/wp-json\/wp\/v2\/types\/page"}],"author":[{"embeddable":true,"href":"https:\/\/www.elha.de\/es\/wp-json\/wp\/v2\/users\/1"}],"replies":[{"embeddable":true,"href":"https:\/\/www.elha.de\/es\/wp-json\/wp\/v2\/comments?post=322"}],"version-history":[{"count":0,"href":"https:\/\/www.elha.de\/es\/wp-json\/wp\/v2\/pages\/322\/revisions"}],"up":[{"embeddable":true,"href":"https:\/\/www.elha.de\/es\/wp-json\/wp\/v2\/pages\/24"}],"wp:featuredmedia":[{"embeddable":true,"href":"https:\/\/www.elha.de\/es\/wp-json\/wp\/v2\/media\/12870"}],"wp:attachment":[{"href":"https:\/\/www.elha.de\/es\/wp-json\/wp\/v2\/media?parent=322"}],"curies":[{"name":"wp","href":"https:\/\/api.w.org\/{rel}","templated":true}]}}