{"id":327,"date":"2016-01-16T17:39:38","date_gmt":"2016-01-16T16:39:38","guid":{"rendered":"https:\/\/www.elha.de\/?page_id=327"},"modified":"2025-09-17T15:51:11","modified_gmt":"2025-09-17T13:51:11","slug":"acerca-de-nosotros","status":"publish","type":"page","link":"https:\/\/www.elha.de\/es\/unternehmen\/ueber-uns\/","title":{"rendered":"Qui\u00e9nes somos"},"content":{"rendered":"<p>\n\tCon el nombre de LH (m\u00e1s tarde ELHA), abreviatura de \"Liemke H\u00f6velhof\", surgi\u00f3 en torno a 1930 una empresa dedicada a la fabricaci\u00f3n de m\u00e1quinas-herramienta para la industria de la madera y el metal.\n<\/p>\n\n\n\n<p>\n\tEn la actualidad, somos conocidos por nuestros centros de mecanizado personalizados, m\u00e1quinas especiales y m\u00f3dulos de producci\u00f3n. Numerosas industrias, entre ellas fabricantes de cojinetes de gran di\u00e1metro, fabricantes de autom\u00f3viles y sus proveedores, conf\u00edan en nuestra experiencia y nuestros conocimientos en el desarrollo y la realizaci\u00f3n de procesos de mecanizado altamente productivos, as\u00ed como en el dise\u00f1o y la fabricaci\u00f3n de m\u00e1quinas-herramienta y soluciones llave en mano, principalmente de corte de metales.\n<\/p>\n\n\n\n<p>\n    Nuestros 240 empleados trabajan con responsabilidad para mejorar continuamente la calidad de los productos y servicios con el fin de garantizar su fiabilidad y mantenimiento. La satisfacci\u00f3n tanto de nuestros clientes como de nuestros empleados est\u00e1 en primera l\u00ednea de nuestra pol\u00edtica de empresa.\n<\/p>\n\n\n\n<p>\n\tLas m\u00e1quinas y soluciones de fabricaci\u00f3n de ELHA son altamente productivas, fiables, de alta calidad y duraderas. Nuestros empleados son profesionales entusiastas que acompa\u00f1an cada paso de su inversi\u00f3n planificada hasta mucho despu\u00e9s de la puesta en marcha. Le proporcionamos el entusiasmo por la soluci\u00f3n.\n<\/p>","protected":false},"excerpt":{"rendered":"<p>\tCon el nombre de LH (m\u00e1s tarde ELHA), que es la abreviatura de \"Liemke H\u00f6velhof\", surgi\u00f3 una empresa del sector el\u00e9ctrico hacia 1930<\/p>","protected":false},"author":1,"featured_media":598,"parent":24,"menu_order":1,"comment_status":"closed","ping_status":"closed","template":"","meta":{"footnotes":""},"class_list":["post-327","page","type-page","status-publish","has-post-thumbnail","hentry"],"blocksy_meta":{"styles_descriptor":{"styles":{"desktop":"","tablet":"","mobile":""},"google_fonts":[],"version":6}},"_links":{"self":[{"href":"https:\/\/www.elha.de\/es\/wp-json\/wp\/v2\/pages\/327","targetHints":{"allow":["GET"]}}],"collection":[{"href":"https:\/\/www.elha.de\/es\/wp-json\/wp\/v2\/pages"}],"about":[{"href":"https:\/\/www.elha.de\/es\/wp-json\/wp\/v2\/types\/page"}],"author":[{"embeddable":true,"href":"https:\/\/www.elha.de\/es\/wp-json\/wp\/v2\/users\/1"}],"replies":[{"embeddable":true,"href":"https:\/\/www.elha.de\/es\/wp-json\/wp\/v2\/comments?post=327"}],"version-history":[{"count":0,"href":"https:\/\/www.elha.de\/es\/wp-json\/wp\/v2\/pages\/327\/revisions"}],"up":[{"embeddable":true,"href":"https:\/\/www.elha.de\/es\/wp-json\/wp\/v2\/pages\/24"}],"wp:featuredmedia":[{"embeddable":true,"href":"https:\/\/www.elha.de\/es\/wp-json\/wp\/v2\/media\/598"}],"wp:attachment":[{"href":"https:\/\/www.elha.de\/es\/wp-json\/wp\/v2\/media?parent=327"}],"curies":[{"name":"wp","href":"https:\/\/api.w.org\/{rel}","templated":true}]}}