{"id":37,"date":"2015-11-08T00:30:21","date_gmt":"2015-11-07T23:30:21","guid":{"rendered":"https:\/\/www.elha.de\/?page_id=37"},"modified":"2025-03-03T11:35:11","modified_gmt":"2025-03-03T10:35:11","slug":"historia","status":"publish","type":"page","link":"https:\/\/www.elha.de\/es\/unternehmen\/historie\/","title":{"rendered":"Historia"},"content":{"rendered":"<p>\r\n\tELHA-MASCHINENBAU es una empresa familiar tradicional que lleva m\u00e1s de 90 a\u00f1os haciendo valer su experiencia y amplios conocimientos en tecnolog\u00eda de mecanizado y dise\u00f1o de m\u00e1quinas.\r\n\tELHA es sin\u00f3nimo de soluciones econ\u00f3micas en el \u00e1mbito de las tareas de mecanizado m\u00e1s exigentes.\r\n\tELHA evoluciona constantemente para satisfacer las nuevas necesidades de los clientes.\r\n<\/p>\r\n\r\n\r\n\r\n<h2>ELHA con el paso del tiempo<\/h2>\r\n\r\n<div class=\"columns mb-5\">\r\n\t<div class=\"column col-6\">\r\n\t\t<a href=\"https:\/\/www.elha.de\/wp-content\/uploads\/staenderbohrmaschine-1930er.jpg\" class=\"lightbox elha-image-lightbox\">\r\n\t\t\t<img decoding=\"async\" src=\"https:\/\/www.elha.de\/wp-content\/uploads\/staenderbohrmaschine-1930er-460x460.jpg\" alt=\"ELHA taladro de columna 1930\">\r\n\t\t<\/a>\r\n\t<\/div>\r\n\r\n\t<div class=\"column col-6\">\r\n\t\t<h3>1930-1960<\/h3>\r\n\t\t<p>La empresa ELHA surge de un comercio de electricidad en 1930. Bajo la marca LH, Liemke H\u00f6velhof, se fabrican inicialmente m\u00e1quinas-herramienta para la industria local de la madera y el metal. <\/p>\r\n\t\t<p> Tras la Segunda Guerra Mundial, la empresa se especializ\u00f3 en taladradoras, que entonces se comercializaban con el nombre de ELHA. <\/p>\r\n\t<\/div>\r\n<\/div>\r\n\r\n\r\n\r\n\r\n\r\n<div class=\"columns mb-5\">\r\n\t<div class=\"column col-6\">\r\n\t\t<a href=\"https:\/\/www.elha.de\/wp-content\/uploads\/radialbohrmaschine-mehrspindeleinheit-1960er.jpg\" class=\"lightbox elha-image-lightbox\">\r\n\t\t\t<img decoding=\"async\" src=\"https:\/\/www.elha.de\/wp-content\/uploads\/radialbohrmaschine-mehrspindeleinheit-1960er-460x307.jpg\" alt=\"unidad multihusillo para taladradoras radiales elha-1960\">\r\n\t\t<\/a>\r\n\t<\/div>\r\n\r\n\t<div class=\"column col-6\">\r\n\t\t<h3>1960-1970<\/h3>\r\n\t\t<p> La d\u00e9cada de 1960 se caracteriza por la expansi\u00f3n de la empresa: la planta principal, situada en el centro de H\u00f6velhof, se ampl\u00eda con un nuevo edificio administrativo y naves de producci\u00f3n adicionales. <\/p>\r\n\t\t<p> A la hora de desarrollar las m\u00e1quinas, ELHA se centra en las taladradoras radiales y lanza al mercado las primeras unidades multihusillo en una fase temprana. <\/p>\r\n\t<\/div>\r\n<\/div>\r\n\r\n\r\n\r\n\r\n\r\n<div class=\"columns mb-5\">\r\n\t<div class=\"column col-6\">\r\n\t\t<a href=\"https:\/\/www.elha.de\/wp-content\/uploads\/mehrspindelbohrmaschine-1970er.jpg\" class=\"lightbox elha-image-lightbox\">\r\n\t\t\t<img decoding=\"async\" src=\"https:\/\/www.elha.de\/wp-content\/uploads\/mehrspindelbohrmaschine-1970er-460x307.jpg\" alt=\"taladradora multihusillo elha-1970\">\r\n\t\t<\/a>\r\n\t<\/div>\r\n\r\n\t<div class=\"column col-6\">\r\n\t\t<h3>1970-1980<\/h3>\r\n\t\t<p> La idea de la taladradora multihusillo se sigue desarrollando de forma consecuente y el concepto se mejora continuamente mediante el uso de unidades de eje card\u00e1n. <\/p>\r\n\t\t<p> Adem\u00e1s, ELHA ampl\u00eda su gama de productos y construye con \u00e9xito sus primeras m\u00e1quinas de transferencia rotativa. <\/p>\r\n\t<\/div>\r\n<\/div>\r\n\r\n\r\n\r\n\r\n\r\n<div class=\"columns mb-5\">\r\n\t<div class=\"column col-6\">\r\n\t\t<a href=\"https:\/\/www.elha.de\/wp-content\/uploads\/sondermaschine-1980er.jpg\" class=\"lightbox elha-image-lightbox\">\r\n\t\t\t<img decoding=\"async\" src=\"https:\/\/www.elha.de\/wp-content\/uploads\/sondermaschine-1980er-460x307.jpg\" alt=\"elha-m\u00e1quina-especial-1980\">\r\n\t\t<\/a>\r\n\t<\/div>\r\n\r\n\t<div class=\"column col-6\">\r\n\t\t<h3>1980-1990<\/h3>\r\n\t\t<p> ELHA sigue ampli\u00e1ndose y se construyen el actual edificio administrativo y un gran sal\u00f3n de actos. <\/p>\r\n\t\t<p> ELHA afronta as\u00ed nuevos retos y desde los a\u00f1os ochenta produce cada vez m\u00e1s m\u00e1quinas especiales de gran envergadura: desde l\u00edneas de transferencia hasta m\u00e1quinas especiales que se utilizaron, por ejemplo, para procesar los cohetes Ariane 5. <\/p>\r\n\t<\/div>\r\n<\/div>\r\n\r\n\r\n\r\n\r\n\r\n<div class=\"columns mb-5\">\r\n\t<div class=\"column col-6\">\r\n\t\t<a href=\"https:\/\/www.elha.de\/wp-content\/uploads\/fertigungsmodul-fm3x-1990er.jpg\" class=\"lightbox elha-image-lightbox\">\r\n\t\t\t<img decoding=\"async\" src=\"https:\/\/www.elha.de\/wp-content\/uploads\/fertigungsmodul-fm3x-1990er-460x307.jpg\" alt=\"elha-fm3+x-1990\">\r\n\t\t<\/a>\r\n\t<\/div>\r\n\r\n\t<div class=\"column col-6\">\r\n\t\t<h3>1990-2000<\/h3>\r\n\t\t<p> El concepto del m\u00f3dulo de producci\u00f3n FM 3+X surge de una intensa colaboraci\u00f3n con un cliente a finales de los a\u00f1os noventa. Esta m\u00e1quina se presenta al p\u00fablico por primera vez en la EMO 1997.\r\n\t\t<\/p>\r\n\t\t<p> El \u00e9xito continuado de este concepto de m\u00e1quina confirma la decisi\u00f3n de la direcci\u00f3n de ELHA-MASCHINENBAU de crear una nueva \u00e1rea de negocio de m\u00f3dulos de producci\u00f3n en estos a\u00f1os. <\/p>\r\n\t<\/div>\r\n<\/div>\r\n\r\n\r\n\r\n\r\n\r\n<div class=\"columns mb-5\">\r\n\t<div class=\"column col-6\">\r\n\t\t<a href=\"https:\/\/www.elha.de\/wp-content\/uploads\/fertigungsmodul-fm4x-2000er.jpg\" class=\"lightbox elha-image-lightbox mb-3\">\r\n\t\t\t<img decoding=\"async\" src=\"https:\/\/www.elha.de\/wp-content\/uploads\/fertigungsmodul-fm4x-2000er-460x307.jpg\" alt=\"elha-fm4+x-2000\">\r\n\t\t<\/a>\r\n\t\t<a href=\"https:\/\/www.elha.de\/wp-content\/uploads\/spezial-bearbeitungszentrum-2000er.jpg\" class=\"lightbox elha-image-lightbox\">\r\n\t\t\t<img decoding=\"async\" src=\"https:\/\/www.elha.de\/wp-content\/uploads\/spezial-bearbeitungszentrum-2000er-460x307.jpg\" alt=\"elha-spezial-baz-2000\">\r\n\t\t<\/a>\r\n\t<\/div>\r\n\r\n\t<div class=\"column col-6\">\r\n\t\t<h3>2000-2010<\/h3>\r\n\t\t<p> La d\u00e9cada de 2000 volvi\u00f3 a caracterizarse por la expansi\u00f3n y el desarrollo de ELHA. <\/p>\r\n\t\t<p> En 2002, la divisi\u00f3n de m\u00f3dulos de producci\u00f3n recibe su propia planta de montaje en las afueras de H\u00f6velhof, que se ampl\u00eda de nuevo en 2009 hasta un total de 4.000 m\u00b2 de espacio de oficinas y producci\u00f3n. <\/p>\r\n\t\t<p> La serie de m\u00f3dulos de producci\u00f3n se ampl\u00eda para incluir el m\u00f3dulo grande FM4+X hd y el FM3+X hd. El m\u00f3dulo n\u00famero 200 sale de la f\u00e1brica en 2009. <\/p>\r\n\t\t<p> En la divisi\u00f3n XL Manufacturing Systems, ELHA suministra un gran n\u00famero de m\u00e1quinas especiales y centros de mecanizado especiales a una amplia gama de industrias, con especial atenci\u00f3n a la tecnolog\u00eda energ\u00e9tica y los rodamientos giratorios. <\/p>\r\n\t<\/div>\r\n<\/div>\r\n\r\n\r\n\r\n\r\n\r\n<div class=\"columns mb-5\">\r\n\t<div class=\"column col-6\">\r\n\t\t<a href=\"https:\/\/www.elha.de\/wp-content\/uploads\/vertikaldrehmaschine-2010er.jpg\" class=\"lightbox elha-image-lightbox mb-3\">\r\n\t\t\t<img decoding=\"async\" src=\"https:\/\/www.elha.de\/wp-content\/uploads\/vertikaldrehmaschine-2010er-460x307.jpg\" alt=\"Torno vertical\">\r\n\t\t<\/a>\r\n\t\t<a href=\"https:\/\/www.elha.de\/wp-content\/uploads\/elha-team-2018-slide.jpg\" class=\"lightbox elha-image-lightbox\">\r\n\t\t\t<img decoding=\"async\" src=\" https:\/\/www.elha.de\/wp-content\/uploads\/elha-team-2018-slide.jpg\" alt=\" El equipo ELHA\">\r\n\t\t<\/a>\r\n\t<\/div>\r\n\r\n\t<div class=\"column col-6\">\r\n\t\t<h3>2010-2020<\/h3>\r\n\t\t<p> La divisi\u00f3n XL Manufacturing Systems est\u00e1 ampliando su gama de productos para incluir grandes centros de torneado\/fresado vertical (VTM) con un accionamiento directo de mesa ELHA SDD patentado basado en tecnolog\u00eda de motor lineal.<\/p>\r\n\t\t<p> La divisi\u00f3n de m\u00f3dulos de fabricaci\u00f3n FM lanza la serie FM SMART. Se basa en nuestra serie FM y utiliza la tecnolog\u00eda de hilera de husillos para un mecanizado multihusillo flexible.<\/p>\r\n\t\t<p> Simplificaci\u00f3n de las estructuras mediante la fusi\u00f3n de las dos divisiones Sistemas de Fabricaci\u00f3n XL y M\u00f3dulos de Fabricaci\u00f3n para responder con mayor eficacia y agilidad a las necesidades de los clientes.<\/p>\r\n\t\t<p> Desarrollo de iDPS, la soluci\u00f3n de sistema de ELHA para una mayor productividad, eficiencia y transparencia. Se puede acceder a las aplicaciones a trav\u00e9s de dispositivos finales en la red de la empresa o, con la aprobaci\u00f3n del cliente, en todo el mundo a trav\u00e9s del portal de servicio de m\u00e1quinas de ELHA. El acceso desde dispositivos m\u00f3viles tambi\u00e9n est\u00e1 disponible como opci\u00f3n. <\/p>\r\n\t\t<p> Importante perfeccionamiento del almac\u00e9n de hileras de husillos (SRM) para la serie FM SMART. Accionamiento de mesa giratoria Segment Direct Drive (SDD) tecnol\u00f3gicamente mejorado para la serie VTx.<\/p>\r\n\t<\/div>\r\n<\/div>\r\n\r\n\r\n\r\n\r\n\r\n<div class=\"columns mb-5\">\r\n\t<div class=\"column col-6\">\r\n\t\t<a href=\" https:\/\/www.elha.de\/wp-content\/uploads\/business-hands-check.jpg\" class=\"lightbox elha-image-lightbox\">\r\n\t\t\t<img decoding=\"async\" src=\" https:\/\/www.elha.de\/wp-content\/uploads\/business-hands-check.jpg \" alt=\" El equipo ELHA\">\r\n\t\t<\/a>\r\n\t<\/div>\r\n\r\n\t<div class=\"column col-6\">\r\n\t\t<h3>2021<\/h3>\r\n\t\t<p>ELHA est\u00e1 cambiando su estructura de ventas al pasar de la protecci\u00f3n territorial a la protecci\u00f3n de proyectos. Esto significa que ahora las agencias de Alemania pueden captar clientes en todos los territorios.<\/p>\r\n\t\t<p> Nueva serie de m\u00e1quinas VTG: son tornos y rectificadoras verticales de grandes dimensiones. Se utilizan para el acabado de piezas de gran formato mediante rectificado, torneado y taladrado. <\/p>\r\n\t\t<p> Bajo la marca \"Retrofit by ELHA\", contamos con muchos a\u00f1os de experiencia en el campo de las transformaciones, modernizaciones y revisiones generales de m\u00e1quinas. Utilizamos esta experiencia no s\u00f3lo para el reacondicionamiento de nuestros propios sistemas de producci\u00f3n, sino tambi\u00e9n para sistemas de todos los fabricantes de renombre. <\/p>\r\n\t<\/div>\r\n<\/div>\r\n\r\n\r\n\r\n\r\n\r\n<div class=\"columns mb-5\">\r\n\t<div class=\"column col-6\">\r\n\t\t<a href=\" https:\/\/www.elha.de\/wp-content\/uploads\/ELHA-PKM-Frontansicht-1.jpg\" class=\"lightbox elha-image-lightbox\">\r\n\t\t\t<img decoding=\"async\" src=\" https:\/\/www.elha.de\/wp-content\/uploads\/ELHA-PKM-Frontansicht-1.jpg\" alt=\" ELHA PKM\">\r\n\t\t<\/a>\r\n\t<\/div>\r\n\r\n\t<div class=\"column col-6\">\r\n\t\t<h3>2022<\/h3>\r\n\t\t<p> El m\u00f3dulo de cinem\u00e1tica paralela (PKM) se desarroll\u00f3 junto con nuestro socio Cognibotics. El PKM es una m\u00e1quina modular con una estructura innovadora que ofrece alta din\u00e1mica y velocidad de trayectoria con posicionamiento repetible. Combina las ventajas de las m\u00e1quinas herramienta y el procesamiento rob\u00f3tico flexible, permite el procesamiento preciso de componentes de gran tama\u00f1o y act\u00faa como puente tecnol\u00f3gico en la producci\u00f3n.<\/p>\r\n\t<\/div>\r\n<\/div>\r\n\r\n\r\n\r\n\r\n\r\n<div class=\"columns mb-5\">\r\n\t<div class=\"column col-6\">\r\n\t\t<a href=\" https:\/\/www.elha.de\/wp-content\/uploads\/PowerSkiving_ELHA.jpg\" class=\"lightbox elha-image-lightbox\">\r\n\t\t\t<img decoding=\"async\" src=\" https:\/\/www.elha.de\/wp-content\/uploads\/PowerSkiving_ELHA.jpg\" alt=\" ELHA Power Skiving\">\r\n\t\t<\/a>\r\n\t<\/div>\r\n\r\n\t<div class=\"column col-6\">\r\n\t\t<h3>2023<\/h3>\r\n\t\t<p> Ampliaci\u00f3n de los procesos de mecanizado en el m\u00f3dulo para incluir torneado interior y exterior, as\u00ed como tallado de engranajes (power skiving).<\/p>\r\n\t<\/div>\r\n<\/div>","protected":false},"excerpt":{"rendered":"<p>\tELHA-MASCHINENBAU es una empresa familiar tradicional que lleva m\u00e1s de 90 a\u00f1os haci\u00e9ndose valer gracias a su experiencia y amplios conocimientos en tecnolog\u00eda de mecanizado y dise\u00f1o de m\u00e1quinas.<br \/>\n\tAqu\u00ed ELHA significa<\/p>","protected":false},"author":1,"featured_media":586,"parent":24,"menu_order":3,"comment_status":"closed","ping_status":"closed","template":"","meta":{"footnotes":""},"class_list":["post-37","page","type-page","status-publish","has-post-thumbnail","hentry"],"blocksy_meta":{"styles_descriptor":{"styles":{"desktop":"","tablet":"","mobile":""},"google_fonts":[],"version":6}},"_links":{"self":[{"href":"https:\/\/www.elha.de\/es\/wp-json\/wp\/v2\/pages\/37","targetHints":{"allow":["GET"]}}],"collection":[{"href":"https:\/\/www.elha.de\/es\/wp-json\/wp\/v2\/pages"}],"about":[{"href":"https:\/\/www.elha.de\/es\/wp-json\/wp\/v2\/types\/page"}],"author":[{"embeddable":true,"href":"https:\/\/www.elha.de\/es\/wp-json\/wp\/v2\/users\/1"}],"replies":[{"embeddable":true,"href":"https:\/\/www.elha.de\/es\/wp-json\/wp\/v2\/comments?post=37"}],"version-history":[{"count":0,"href":"https:\/\/www.elha.de\/es\/wp-json\/wp\/v2\/pages\/37\/revisions"}],"up":[{"embeddable":true,"href":"https:\/\/www.elha.de\/es\/wp-json\/wp\/v2\/pages\/24"}],"wp:featuredmedia":[{"embeddable":true,"href":"https:\/\/www.elha.de\/es\/wp-json\/wp\/v2\/media\/586"}],"wp:attachment":[{"href":"https:\/\/www.elha.de\/es\/wp-json\/wp\/v2\/media?parent=37"}],"curies":[{"name":"wp","href":"https:\/\/api.w.org\/{rel}","templated":true}]}}