{"id":41,"date":"2015-11-08T00:31:09","date_gmt":"2015-11-07T23:31:09","guid":{"rendered":"https:\/\/www.elha.de\/?page_id=41"},"modified":"2025-05-22T16:03:36","modified_gmt":"2025-05-22T14:03:36","slug":"calidad-y-medio-ambiente","status":"publish","type":"page","link":"https:\/\/www.elha.de\/es\/unternehmen\/qualitaet-und-umwelt\/","title":{"rendered":"Calidad y medio ambiente"},"content":{"rendered":"<p>Uno de nuestros principales objetivos corporativos es alcanzar los m\u00e1s altos niveles de calidad en nuestros productos y servicios. Igualmente importante es nuestra responsabilidad ecol\u00f3gica con las generaciones actuales y futuras, sobre todo en el uso que hacemos de los recursos naturales.<\/p>\n\n\n\n<p>Para poder suministrar a nuestros clientes m\u00e1quinas de alta calidad en el futuro, nuestros productos y procesos se someten a etapas de proceso y ensayo definidas con precisi\u00f3n con el objetivo de un proceso de mejora continua (CIP). El proceso de mejora en ELHA se apoya en diversos m\u00e9todos, como la optimizaci\u00f3n de procesos, la planificaci\u00f3n anticipada de la calidad, la gesti\u00f3n de la calidad y el medio ambiente y las auditor\u00edas internas, por citar s\u00f3lo algunos.<\/p>\n\n\n\n<p>Hemos hecho de la realizaci\u00f3n de los contenidos de esta pol\u00edtica de empresa y del proceso de mejora continua nuestro lema. Por ello, nos comprometemos a cumplir todos los requisitos del sistema interno de gesti\u00f3n de calidad y medio ambiente para aumentar la satisfacci\u00f3n del cliente y optimizar nuestros servicios.<\/p>\n\n\n\n<h2 class=\"wp-block-heading\">Certificados<\/h2>\n\n\n\n\n\n<!-- ENGLISCH (NUR LINKS!) -->\r\n<div class=\"columns\">\r\n\t<div class=\"column col-4\">\r\n\t\t<h5>DIN EN ISO 9001:2015<\/h5>\r\n\t\t<a href=\"https:\/\/www.elha.de\/wp-content\/uploads\/certificate-9001.pdf\" target=\"_blank\" rel=\"noopener noreferrer\" class=\"elha-document-link\">\r\n\t\t\t<img decoding=\"async\" src=\"https:\/\/www.elha.de\/wp-content\/uploads\/certificate-9001-preview.png\" alt=\"Certificado - DIN EN ISO 9001:2015\">\r\n\t\t<\/a>\r\n\t<\/div>\r\n\r\n\t<div class=\"column col-4\">\r\n\t\t<h5>DIN EN ISO 14001:2015<\/h5>\r\n\t\t<a href=\"https:\/\/www.elha.de\/wp-content\/uploads\/certificate-14001.pdf\" target=\"_blank\" rel=\"noopener noreferrer\" class=\"elha-document-link\">\r\n\t\t\t<img decoding=\"async\" src=\"https:\/\/www.elha.de\/wp-content\/uploads\/certificate-14001-preview.png\" alt=\"Certificado - DIN EN ISO 14001:2015\">\r\n\t\t<\/a>\r\n\t<\/div>\r\n<\/div>\n\n\n\n<h2 class=\"wp-block-heading\">Iniciativa sobre el clima<\/h2>\n\n\n\n<p id=\"block-e3def1bf-2383-40f1-a895-5d53f95d83a5\">La eficiencia energ\u00e9tica en la producci\u00f3n y el uso econ\u00f3mico de las materias primas no son s\u00f3lo objetivos estrat\u00e9gicos para ELHA-MASCHINENBAU, sino tambi\u00e9n una obligaci\u00f3n social para nosotros. Por ello, nos complace anunciar que ELHA-MASCHINENBAU participar\u00e1 en el futuro en la iniciativa clim\u00e1tica de la econom\u00eda OWL y se compromete as\u00ed con el uso sostenible de las materias primas y la eficiencia energ\u00e9tica mucho m\u00e1s all\u00e1 de las normas legales.<\/p>\n\n\n\n<p>Como participante en la iniciativa clim\u00e1tica, nuestra intenci\u00f3n es ser completamente neutros en emisiones de CO2 para 2030. Los proyectos incluyen, por ejemplo, opciones alternativas a la calefacci\u00f3n de gas mediante calefacci\u00f3n urbana, energ\u00eda geot\u00e9rmica o sistemas fotovoltaicos, pero tambi\u00e9n la conversi\u00f3n a largo plazo de la flota de veh\u00edculos, que ya est\u00e1 en marcha. Y tambi\u00e9n nuestros propios productos, como el m\u00f3dulo de cinem\u00e1tica paralela de nuevo desarrollo, que es un excelente ejemplo en t\u00e9rminos de eficiencia energ\u00e9tica: baja masa en movimiento, componentes ligeros y s\u00f3lo una fracci\u00f3n de la energ\u00eda necesaria en comparaci\u00f3n con las m\u00e1quinas herramienta convencionales.<\/p>\n\n\n\n<figure class=\"wp-block-image aligncenter size-medium is-resized\"><a href=\"https:\/\/www.ostwestfalen.ihk.de\/unternehmen-entwickeln\/umwelt\/klimainitiative-owl\/\" target=\"_blank\" rel=\" noreferrer noopener nofollow\"><img loading=\"lazy\" decoding=\"async\" width=\"460\" height=\"388\" src=\"https:\/\/www.elha.de\/wp-content\/uploads\/05-BP-Klima-Initiative-Teilnehmer-blau-pos-460x388.jpg\" alt=\"\" class=\"wp-image-11510\" style=\"aspect-ratio:16\/9;object-fit:cover;width:460px\" srcset=\"https:\/\/www.elha.de\/wp-content\/uploads\/05-BP-Klima-Initiative-Teilnehmer-blau-pos-460x388.jpg 460w, https:\/\/www.elha.de\/wp-content\/uploads\/05-BP-Klima-Initiative-Teilnehmer-blau-pos-940x793.jpg 940w, https:\/\/www.elha.de\/wp-content\/uploads\/05-BP-Klima-Initiative-Teilnehmer-blau-pos.jpg 980w\" sizes=\"auto, (max-width: 460px) 100vw, 460px\" \/><\/a><\/figure>","protected":false},"excerpt":{"rendered":"<p>Uno de nuestros principales objetivos corporativos es alcanzar los m\u00e1s altos niveles de calidad en nuestros productos y servicios. Igualmente importante es nuestra responsabilidad ecol\u00f3gica con las generaciones actuales y futuras.<\/p>","protected":false},"author":1,"featured_media":7372,"parent":24,"menu_order":4,"comment_status":"closed","ping_status":"closed","template":"","meta":{"footnotes":""},"class_list":["post-41","page","type-page","status-publish","has-post-thumbnail","hentry"],"blocksy_meta":{"styles_descriptor":{"styles":{"desktop":"","tablet":"","mobile":""},"google_fonts":[],"version":6}},"_links":{"self":[{"href":"https:\/\/www.elha.de\/es\/wp-json\/wp\/v2\/pages\/41","targetHints":{"allow":["GET"]}}],"collection":[{"href":"https:\/\/www.elha.de\/es\/wp-json\/wp\/v2\/pages"}],"about":[{"href":"https:\/\/www.elha.de\/es\/wp-json\/wp\/v2\/types\/page"}],"author":[{"embeddable":true,"href":"https:\/\/www.elha.de\/es\/wp-json\/wp\/v2\/users\/1"}],"replies":[{"embeddable":true,"href":"https:\/\/www.elha.de\/es\/wp-json\/wp\/v2\/comments?post=41"}],"version-history":[{"count":0,"href":"https:\/\/www.elha.de\/es\/wp-json\/wp\/v2\/pages\/41\/revisions"}],"up":[{"embeddable":true,"href":"https:\/\/www.elha.de\/es\/wp-json\/wp\/v2\/pages\/24"}],"wp:featuredmedia":[{"embeddable":true,"href":"https:\/\/www.elha.de\/es\/wp-json\/wp\/v2\/media\/7372"}],"wp:attachment":[{"href":"https:\/\/www.elha.de\/es\/wp-json\/wp\/v2\/media?parent=41"}],"curies":[{"name":"wp","href":"https:\/\/api.w.org\/{rel}","templated":true}]}}