{"id":4669,"date":"2016-06-18T19:12:53","date_gmt":"2016-06-18T17:12:53","guid":{"rendered":"https:\/\/www.elha.de\/?page_id=4669"},"modified":"2025-02-28T10:03:58","modified_gmt":"2025-02-28T09:03:58","slug":"destaca","status":"publish","type":"page","link":"https:\/\/www.elha.de\/es\/maschinen\/vertikale-dreh-fraeszentren\/highlights\/","title":{"rendered":"Destacados"},"content":{"rendered":"<div class=\"columns\">\r\n\t<div class=\"column col-6 col-md-12\">\r\n\t\t<p>La serie VTM le ofrece toda una serie de aspectos destacados que tambi\u00e9n beneficiar\u00e1n a su producci\u00f3n gracias a la productividad, flexibilidad y fiabilidad correspondientes:<\/p>\r\n\t\t<ul>\r\n\t\t\t<li>ELHA SDD: el accionamiento directo de la mesa giratoria con motor de segmentos patentado y m\u00e1xima precisi\u00f3n de posicionamiento y din\u00e1mica<\/li>\r\n\t\t\t<li>Base de la m\u00e1quina s\u00f3lida, calculada por FEM y que ocupa poco espacio, fabricada con componentes compuestos.<\/li>\r\n\t\t\t<li>Gu\u00eda hidrost\u00e1tica y soporte de rodamientos para todos los ejes lineales y giratorios<\/li>\r\n\t\t\t<li>Sofisticado principio modular con opciones de equipamiento flexibles y personalizadas<\/li>\r\n\t\t\t<li>Concepto RAM estable y potente con una innovadora tecnolog\u00eda de accionamiento y fijaci\u00f3n<\/li>\r\n\t\t\t<li>Amplia gama de variantes para almacenes de herramientas y unidades de fijaci\u00f3n<\/li>\r\n\t\t\t<li>Mecanizado simult\u00e1neo de 5 caras\/5 ejes de alta precisi\u00f3n mediante la funci\u00f3n de doble eje C<\/li>\r\n\t\t\t<li>Alta estabilidad t\u00e9rmica y eficiencia energ\u00e9tica gracias a un eficaz concepto de refrigeraci\u00f3n con disipaci\u00f3n controlada del calor y opciones de recuperaci\u00f3n de energ\u00eda<\/li>\r\n\t\t<\/ul>\r\n\t<\/div>\r\n\r\n\t<div class=\"column col-6 col-md-12\">\r\n\t\t<a href=\"https:\/\/www.elha.de\/wp-content\/uploads\/vtm-werkstuecke-beispiele.jpg\"  class=\"lightbox elha-image-lightbox border\">\r\n\t\t\t<img decoding=\"async\" src=\"https:\/\/www.elha.de\/wp-content\/uploads\/vtm-werkstuecke-beispiele-460x307.jpg\" alt=\"Piezas VTM\">\r\n\t\t<\/a>\r\n\t\t<p>Posibles aplicaciones<\/p>\r\n\t<\/div>\r\n<\/div>\r\n\r\n\r\n\r\n<div class=\"columns\">\r\n\t<div class=\"column col-6 col-md-12\">\r\n\t\t\r\n\t\t\r\n\t\t\t<div class=\"elha-youtube-lightbox\"><a href=\"https:\/\/www.youtube-nocookie.com\/embed\/aAjBPTVPuVY\" class=\"lightbox\" rel=\"nofollow noopener\" target=\"_blank\"><img decoding=\"async\" src=\"https:\/\/www.elha.de\/wp-content\/uploads\/vtm-anwenderstory-video.jpg\" alt=\"\"><\/a><span>Acepta la transmisi\u00f3n de datos a YouTube y reproduce el v\u00eddeo - <a href=\"https:\/\/www.elha.de\/es\/declaracion-de-proteccion-de-datos\/\">Pol\u00edtica de privacidad<\/a><\/span><\/div>\r\n\t\t\r\n\t\t<p>Historia de usuario de VTM<\/p>\r\n\t<\/div>\r\n\r\n\t<div class=\"column col-6 col-md-12\">\r\n\t\t\r\n\t\t\r\n\t\t\t<div class=\"elha-youtube-lightbox\"><a href=\"https:\/\/www.youtube-nocookie.com\/embed\/reehd_bjUx8\" class=\"lightbox\" rel=\"nofollow noopener\" target=\"_blank\"><img decoding=\"async\" src=\"https:\/\/www.elha.de\/wp-content\/uploads\/vtm-vertikale-dreh-fraeszentren-video.jpg\" alt=\"\"><\/a><span>Acepta la transmisi\u00f3n de datos a YouTube y reproduce el v\u00eddeo - <a href=\"https:\/\/www.elha.de\/es\/declaracion-de-proteccion-de-datos\/\">Pol\u00edtica de privacidad<\/a><\/span><\/div>\r\n\t\t\r\n\t\t<p>VTM Centros de torneado y fresado verticales<\/p>\r\n\t<\/div>\r\n<\/div>\r\n\r\n\r\n\r\n<div class=\"clearfix\">\r\n\t<a href=\"https:\/\/www.elha.de\/es\/maquinas\/centros-de-fresado-y-torneado-vertical\/sistema-modular\/\" class=\"btn float-right\">p\u00e1gina siguiente&gt;<\/a>\r\n<\/div>","protected":false},"excerpt":{"rendered":"<p>\t\tLa serie VTM le ofrece toda una serie de aspectos destacados que tambi\u00e9n beneficiar\u00e1n a su producci\u00f3n gracias a la productividad, flexibilidad y fiabilidad correspondientes:<\/p>\n<p>\t\t\tELHA<\/p>","protected":false},"author":1,"featured_media":4781,"parent":1647,"menu_order":1,"comment_status":"closed","ping_status":"closed","template":"","meta":{"footnotes":""},"class_list":["post-4669","page","type-page","status-publish","has-post-thumbnail","hentry"],"blocksy_meta":{"styles_descriptor":{"styles":{"desktop":"","tablet":"","mobile":""},"google_fonts":[],"version":6}},"_links":{"self":[{"href":"https:\/\/www.elha.de\/es\/wp-json\/wp\/v2\/pages\/4669","targetHints":{"allow":["GET"]}}],"collection":[{"href":"https:\/\/www.elha.de\/es\/wp-json\/wp\/v2\/pages"}],"about":[{"href":"https:\/\/www.elha.de\/es\/wp-json\/wp\/v2\/types\/page"}],"author":[{"embeddable":true,"href":"https:\/\/www.elha.de\/es\/wp-json\/wp\/v2\/users\/1"}],"replies":[{"embeddable":true,"href":"https:\/\/www.elha.de\/es\/wp-json\/wp\/v2\/comments?post=4669"}],"version-history":[{"count":0,"href":"https:\/\/www.elha.de\/es\/wp-json\/wp\/v2\/pages\/4669\/revisions"}],"up":[{"embeddable":true,"href":"https:\/\/www.elha.de\/es\/wp-json\/wp\/v2\/pages\/1647"}],"wp:featuredmedia":[{"embeddable":true,"href":"https:\/\/www.elha.de\/es\/wp-json\/wp\/v2\/media\/4781"}],"wp:attachment":[{"href":"https:\/\/www.elha.de\/es\/wp-json\/wp\/v2\/media?parent=4669"}],"curies":[{"name":"wp","href":"https:\/\/api.w.org\/{rel}","templated":true}]}}