{"id":4688,"date":"2016-06-18T20:13:03","date_gmt":"2016-06-18T18:13:03","guid":{"rendered":"https:\/\/www.elha.de\/?page_id=4688"},"modified":"2025-05-22T16:50:47","modified_gmt":"2025-05-22T14:50:47","slug":"sistema-modular","status":"publish","type":"page","link":"https:\/\/www.elha.de\/es\/maschinen\/vertikale-dreh-fraeszentren\/baukastensystem\/","title":{"rendered":"El sistema modular VTM"},"content":{"rendered":"<p>\r\n\tEl sistema modular VTM permite configurar las m\u00e1quinas como centros de torneado\/fresado multifuncionales para un mecanizado completo rentable en una gama de di\u00e1metros de mesa de 2.500 - 8.000 mm y alturas de componentes de hasta 5.150 mm. Todas las m\u00e1quinas est\u00e1n equipadas con dos columnas y una o dos unidades de trabajo RAM. Todas las variantes est\u00e1n disponibles opcionalmente con un travesa\u00f1o ajustable (eje W). Otras ventajas de este concepto son la alta fiabilidad y disponibilidad, as\u00ed como las ventajas de costes gracias a componentes de m\u00e1quina probados y estandarizados.\r\n<\/p>\r\n<div>\r\n\t\r\n\t\r\n\t\t<img decoding=\"async\" src=\"https:\/\/www.elha.de\/wp-content\/uploads\/vtm-turning-milling-variants.jpg\" alt=\"Variantes VTM\">\r\n\t\r\n<\/div>\r\n\r\n\r\n\r\n<table>\r\n\t<thead>\r\n\t\t<tr>\r\n\t\t\t<th><\/th>\r\n\t\t\t<th><\/th>\r\n\t\t\t<th>25<\/th>\r\n\t\t\t<th>30<\/th>\r\n\t\t\t<th>35<\/th>\r\n\t\t\t<th>40<\/th>\r\n\t\t\t<th>45<\/th>\r\n\t\t\t<th>50<\/th>\r\n\t\t\t<th>55<\/th>\r\n\t\t\t<th>60<\/th>\r\n\t\t\t<th>70<\/th>\r\n\t\t\t<th>80<\/th>\r\n\t\t<\/tr>\r\n\t<\/thead>\r\n\r\n\t<tbody>\r\n\t\t<tr>\r\n\t\t\t<td>Di\u00e1metro de la mesa<\/td>\r\n\t\t\t<td>mm<\/td>\r\n\t\t\t<td>2.500<\/td>\r\n\t\t\t<td>3.000<\/td>\r\n\t\t\t<td>3.500<\/td>\r\n\t\t\t<td>4.000<\/td>\r\n\t\t\t<td>4.500<\/td>\r\n\t\t\t<td>5.000<\/td>\r\n\t\t\t<td>5.500<\/td>\r\n\t\t\t<td>6.000<\/td>\r\n\t\t\t<td>7.000<\/td>\r\n\t\t\t<td>8.000<\/td>\r\n\t\t<\/tr>\r\n\t\t<tr>\r\n\t\t\t<td>Di\u00e1metro circunferencial<\/td>\r\n\t\t\t<td>mm<\/td>\r\n\t\t\t<td>2.800<\/td>\r\n\t\t\t<td>3.300<\/td>\r\n\t\t\t<td>3.800<\/td>\r\n\t\t\t<td>4.300<\/td>\r\n\t\t\t<td>4.800<\/td>\r\n\t\t\t<td>5.500<\/td>\r\n\t\t\t<td>6.000<\/td>\r\n\t\t\t<td>6.500<\/td>\r\n\t\t\t<td>7.500<\/td>\r\n\t\t\t<td>8.500<\/td>\r\n\t\t<\/tr>\r\n\t\t<tr>\r\n\t\t\t<td>M\u00e1x. Peso de la pieza<\/td>\r\n\t\t\t<td>t<\/td>\r\n\t\t\t<td>15<\/td>\r\n\t\t\t<td>20<\/td>\r\n\t\t\t<td>30<\/td>\r\n\t\t\t<td>40<\/td>\r\n\t\t\t<td>50<\/td>\r\n\t\t\t<td>60<\/td>\r\n\t\t\t<td>70<\/td>\r\n\t\t\t<td>85<\/td>\r\n\t\t\t<td>110<\/td>\r\n\t\t\t<td>140<\/td>\r\n\t\t<\/tr>\r\n\t\t<tr>\r\n\t\t\t<td>M\u00e1x. Altura de giro<\/td>\r\n\t\t\t<td>mm<\/td>\r\n\t\t\t<td colspan=\"10\" class=\"text-center\">5000<\/td>\r\n\t\t<\/tr>\r\n\t\t<tr>\r\n\t\t\t<td>Eje motriz<\/td>\r\n\t\t\t<td>kW<\/td>\r\n\t\t\t<td colspan=\"10\" class=\"text-center\">37 \/ 60 \/ 70<\/td>\r\n\t\t<\/tr>\r\n\t\t<tr>\r\n\t\t\t<td>Secci\u00f3n transversal RAM<\/td>\r\n\t\t\t<td>mm<\/td>\r\n\t\t\t<td colspan=\"10\" class=\"text-center\">360\u00d7400 \/ 500\u00d7500 \/ 600\u00d7600 <\/td>\r\n\t\t<\/tr>\r\n\t\t<tr>\r\n\t\t\t<td>Potencia de accionamiento de la mesa (S1)<\/td>\r\n\t\t\t<td>kW<\/td>\r\n\t\t\t<td colspan=\"10\" class=\"text-center\">Escalable<\/td>\r\n\t\t<\/tr>\r\n\t\t<tr>\r\n\t\t\t<td>Par de la mesa (S1)<\/td>\r\n\t\t\t<td>kNm<\/td>\r\n\t\t\t<td colspan=\"10\" class=\"text-center\">Escalable<\/td>\r\n\t\t<\/tr>\r\n\t\t<tr>\r\n\t\t\t<td>M\u00e1x. Velocidad de la mesa<\/td>\r\n\t\t\t<td>min<sup>-1<\/sup><\/td>\r\n\t\t\t<td colspan=\"10\" class=\"text-center\">Escalable<\/td>\r\n\t\t<\/tr>\r\n\t<\/tbody>\r\n<\/table>\r\n\r\n\r\n\r\n<h2>Potente concepto de RAM<\/h2>\r\n\r\n<div class=\"columns\">\r\n\t<div class=\"column col-8\">\r\n\t\t<p>\r\n\t\t\tLas unidades de trabajo RAM de la serie VTM ofrecen una gama de tecnolog\u00edas innovadoras para un mecanizado de alta precisi\u00f3n estable y preciso, as\u00ed como opciones extremadamente flexibles para los requisitos m\u00e1s diversos en torneado, taladrado y fresado.\r\n\t\t<\/p>\r\n\r\n\t\t<ul>\r\n\t\t\t<li>Amplia gama de configuraciones de potencia, secci\u00f3n transversal y longitud de las juntas<\/li>\r\n\t\t\t<li>Accionamiento del husillo portaherramientas con reductor de 2 etapas integrado en el RAM<\/li>\r\n\t\t\t<li>Eje de transmisi\u00f3n de CFRP para proteger la transmisi\u00f3n y garantizar un alto dinamismo<\/li>\r\n\t\t\t<li>Engranaje de cremallera maestro-esclavo con sujeci\u00f3n el\u00e9ctrica para obtener la m\u00e1xima din\u00e1mica y precisi\u00f3n de posicionamiento en el eje X para procesos r\u00e1pidos de taladrado y roscado.<\/li>\r\n\t\t\t<li>Robusto soporte con acoplamiento Hirth y fuente de alimentaci\u00f3n para conectar una amplia gama de unidades de fijaci\u00f3n, incluidas las autorreconocibles.<\/li>\r\n\t\t<\/ul>\r\n\r\n\t\t<table>\r\n\t\t\t<thead>\r\n\t\t\t\t<tr>\r\n\t\t\t\t\t<th><\/th>\r\n\t\t\t\t\t<th colspan=\"3\" scope=\"col\">Potencia \/ kW (S1)<\/th>\r\n\t\t\t\t\t<th colspan=\"5\" scope=\"col\">Carrera del \u00e9mbolo \/ mm<\/th>\r\n\t\t\t\t<\/tr>\r\n\r\n\t\t\t\t<tr>\r\n\t\t\t\t\t<th>\u00c9mbolo mm<\/th>\r\n\t\t\t\t\t<th>37<\/th>\r\n\t\t\t\t\t<th>60<\/th>\r\n\t\t\t\t\t<th>70<\/th>\r\n\t\t\t\t\t<th>1250<\/th>\r\n\t\t\t\t\t<th>1600<\/th>\r\n\t\t\t\t\t<th>2000<\/th>\r\n\t\t\t\t\t<th>2500<\/th>\r\n\t\t\t\t\t<th>3000<\/th>\r\n\t\t\t\t<\/tr>\r\n\t\t\t<\/thead>\r\n\r\n\t\t\t<tbody>\r\n\t\t\t\t<tr>\r\n\t\t\t\t\t<td>360 x 400<\/td>\r\n\t\t\t\t\t<td>\u25a0<\/td>\r\n\t\t\t\t\t<td>\u25a1<\/td>\r\n\t\t\t\t\t<td><\/td>\r\n\t\t\t\t\t<td>\u25a0<\/td>\r\n\t\t\t\t\t<td>\u25a1<\/td>\r\n\t\t\t\t\t<td>\u25a1<\/td>\r\n\t\t\t\t\t<td><\/td>\r\n\t\t\t\t\t<td><\/td>\r\n\t\t\t\t<\/tr>\r\n\r\n\t\t\t\t<tr>\r\n\t\t\t\t\t<td>500 x 500<\/td>\r\n\t\t\t\t\t<td>\u25a0<\/td>\r\n\t\t\t\t\t<td>\u25a1<\/td>\r\n\t\t\t\t\t<td><\/td>\r\n\t\t\t\t\t<td>\u25a0<\/td>\r\n\t\t\t\t\t<td>\u25a1<\/td>\r\n\t\t\t\t\t<td>\u25a1<\/td>\r\n\t\t\t\t\t<td>\u25a1<\/td>\r\n\t\t\t\t\t<td><\/td>\r\n\t\t\t\t<\/tr>\r\n\r\n\t\t\t\t<tr>\r\n\t\t\t\t\t<td>600 x 600<\/td>\r\n\t\t\t\t\t<td>\u25a0<\/td>\r\n\t\t\t\t\t<td>\u25a1<\/td>\r\n\t\t\t\t\t<td>\u25a1<\/td>\r\n\t\t\t\t\t<td><\/td>\r\n\t\t\t\t\t<td>\u25a0<\/td>\r\n\t\t\t\t\t<td>\u25a1<\/td>\r\n\t\t\t\t\t<td>\u25a1<\/td>\r\n\t\t\t\t\t<td>\u25a1<\/td>\r\n\t\t\t\t<\/tr>\r\n\t\t\t<\/tbody>\r\n\t\t<\/table>\r\n\t<\/div>\r\n\r\n\t<div class=\"column col-4\">\r\n\t\t<a href=\"https:\/\/www.elha.de\/wp-content\/uploads\/vtm-arbeitseinheit.jpg\" class=\"lightbox elha-image-lightbox\">\r\n\t\t\t\r\n\t\t\t\r\n\t\t\t\t<img decoding=\"async\" src=\"https:\/\/www.elha.de\/wp-content\/uploads\/vtm-working-unit.gif\">\r\n\t\t\t\r\n\t\t<\/a>\r\n\t<\/div>\r\n<\/div>\r\n\r\n\r\n\r\n<h2>Procesos y unidades de fijaci\u00f3n<\/h2>\r\n\r\n<div class=\"columns\">\r\n\t<div class=\"column col-3 col-sm-6\">\r\n\t\t<p class=\"mb-1 text-size5\">Girar<\/p>\r\n\t\t<a href=\"https:\/\/www.elha.de\/wp-content\/uploads\/vtm-drehrevolver.jpg\" class=\"lightbox elha-image-lightbox\"><img decoding=\"async\" src=\"https:\/\/www.elha.de\/wp-content\/uploads\/vtm-drehrevolver.jpg\" alt=\"Cabeza - Girar\"><\/a>\r\n\t<\/div>\r\n\r\n\t<div class=\"column col-3 col-sm-6\">\r\n\t\t<p class=\"mb-1 text-size5\">Taladrado | Roscado<\/p>\r\n\t\t<a href=\"https:\/\/www.elha.de\/wp-content\/uploads\/vtm-vertikalkopf.jpg\" class=\"lightbox elha-image-lightbox\"><img decoding=\"async\" src=\"https:\/\/www.elha.de\/wp-content\/uploads\/vtm-vertikalkopf.jpg\" alt=\"Cabezal - Taladrado | Roscado\"><\/a>\r\n\t<\/div>\r\n\r\n\t<div class=\"column col-3 col-sm-6\">\r\n\t\t<p class=\"mb-1 text-size5\">Fresado | Tallado de engranajes<\/p>\r\n\t\t<a href=\"https:\/\/www.elha.de\/wp-content\/uploads\/vtm-schraegachsenkopf.jpg\" class=\"lightbox elha-image-lightbox\"><img decoding=\"async\" src=\"https:\/\/www.elha.de\/wp-content\/uploads\/vtm-schraegachsenkopf.jpg\" alt=\"Cabezal - Fresado | Tallado de engranajes\"><\/a>\r\n\t<\/div>\r\n\r\n\t<div class=\"column col-3 col-sm-6\">\r\n\t\t<p class=\"mb-1 text-size5\">Bucles<\/p>\r\n\t\t<a href=\"https:\/\/www.elha.de\/wp-content\/uploads\/vtm-schleifkopf.jpg\" class=\"lightbox elha-image-lightbox\"><img decoding=\"async\" src=\"https:\/\/www.elha.de\/wp-content\/uploads\/vtm-schleifkopf.jpg\" alt=\"Cabeza - Rectificado\"><\/a>\r\n\t<\/div>\r\n<\/div>\r\n\r\n\r\n\r\n<h2>Almacenes de herramientas y accesorios<\/h2>\r\n\r\n<p>Adem\u00e1s de los sistemas de almac\u00e9n est\u00e1ndar para herramientas y unidades de fijaci\u00f3n, ELHA tambi\u00e9n ofrece soluciones personalizadas para sus requisitos de producci\u00f3n en una amplia gama de tama\u00f1os. Tambi\u00e9n hay disponible una amplia gama de unidades de fijaci\u00f3n compatibles para una gran variedad de aplicaciones.<\/p>\r\n\r\n<div class=\"columns\">\r\n\t<div class=\"column col-6 col-md-12\">\r\n\t\t<a href=\"https:\/\/www.elha.de\/wp-content\/uploads\/tool-arena-roboter.jpg\" class=\"lightbox elha-image-lightbox\"><img decoding=\"async\" src=\"https:\/\/www.elha.de\/wp-content\/uploads\/tool-arena-roboter-460x307.jpg\" alt=\"Tool Arena con robot de cambio de herramientas\"><\/a>\r\n\t\t<p>Tool Arena con robot de cambio de herramientas<\/p>\r\n\t<\/div>\r\n\r\n\t<div class=\"column col-6 col-md-12\">\r\n\t\t<a href=\"https:\/\/www.elha.de\/wp-content\/uploads\/vtm-standardmagazin.jpg\" class=\"lightbox elha-image-lightbox border\"><img decoding=\"async\" src=\"https:\/\/www.elha.de\/wp-content\/uploads\/vtm-standardmagazin-460x307.jpg\" alt=\"ELHA Cargador est\u00e1ndar\"><\/a>\r\n\t\t<p>ELHA Cargador est\u00e1ndar<\/p>\r\n\t<\/div>\r\n<\/div>\r\n\r\n\r\n\r\n<div class=\"clearfix\">\r\n\t<a href=\"https:\/\/www.elha.de\/es\/maquinas\/centros-de-fresado-y-torneado-vertical\/destaca\/\" class=\"btn\">&lt; p\u00e1gina anterior<\/a>\r\n\t<a href=\"https:\/\/www.elha.de\/es\/maquinas\/centros-de-fresado-y-torneado-vertical\/accionamiento-directo-del-segmento-elha-sdd\/\" class=\"btn float-right\">p\u00e1gina siguiente &gt;<\/a>\r\n<\/div>","protected":false},"excerpt":{"rendered":"<p>\tEl sistema modular VTM permite configurar las m\u00e1quinas como centros de torneado\/fresado multifuncionales para un mecanizado completo rentable en una gama de di\u00e1metros de mesa de 2.500 - 8.000 mm y alturas de componentes de hasta<\/p>","protected":false},"author":1,"featured_media":4714,"parent":1647,"menu_order":2,"comment_status":"closed","ping_status":"closed","template":"","meta":{"footnotes":""},"class_list":["post-4688","page","type-page","status-publish","has-post-thumbnail","hentry"],"blocksy_meta":{"styles_descriptor":{"styles":{"desktop":"","tablet":"","mobile":""},"google_fonts":[],"version":6}},"_links":{"self":[{"href":"https:\/\/www.elha.de\/es\/wp-json\/wp\/v2\/pages\/4688","targetHints":{"allow":["GET"]}}],"collection":[{"href":"https:\/\/www.elha.de\/es\/wp-json\/wp\/v2\/pages"}],"about":[{"href":"https:\/\/www.elha.de\/es\/wp-json\/wp\/v2\/types\/page"}],"author":[{"embeddable":true,"href":"https:\/\/www.elha.de\/es\/wp-json\/wp\/v2\/users\/1"}],"replies":[{"embeddable":true,"href":"https:\/\/www.elha.de\/es\/wp-json\/wp\/v2\/comments?post=4688"}],"version-history":[{"count":0,"href":"https:\/\/www.elha.de\/es\/wp-json\/wp\/v2\/pages\/4688\/revisions"}],"up":[{"embeddable":true,"href":"https:\/\/www.elha.de\/es\/wp-json\/wp\/v2\/pages\/1647"}],"wp:featuredmedia":[{"embeddable":true,"href":"https:\/\/www.elha.de\/es\/wp-json\/wp\/v2\/media\/4714"}],"wp:attachment":[{"href":"https:\/\/www.elha.de\/es\/wp-json\/wp\/v2\/media?parent=4688"}],"curies":[{"name":"wp","href":"https:\/\/api.w.org\/{rel}","templated":true}]}}