{"id":4691,"date":"2016-06-18T20:16:48","date_gmt":"2016-06-18T18:16:48","guid":{"rendered":"https:\/\/www.elha.de\/?page_id=4691"},"modified":"2025-03-27T13:33:53","modified_gmt":"2025-03-27T12:33:53","slug":"accionamiento-directo-del-segmento-elha-sdd","status":"publish","type":"page","link":"https:\/\/www.elha.de\/es\/maschinen\/vertikale-dreh-fraeszentren\/elha-sdd-segment-direct-drive\/","title":{"rendered":"ELHA SDD - Segmento de transmisi\u00f3n directa"},"content":{"rendered":"<div class=\"elha-youtube-lightbox\"><a href=\"https:\/\/www.youtube-nocookie.com\/embed\/_WZ7gorxb6A\" class=\"lightbox\" rel=\"nofollow noopener\" target=\"_blank\"><img decoding=\"async\" src=\"https:\/\/www.elha.de\/wp-content\/uploads\/sdd-video-vorschau.jpg\" alt=\"\"><\/a><span>Acepta la transmisi\u00f3n de datos a YouTube y reproduce el v\u00eddeo - <a href=\"https:\/\/www.elha.de\/es\/declaracion-de-proteccion-de-datos\/\">Pol\u00edtica de privacidad<\/a><\/span><\/div>\r\n\r\n\r\n\r\n\r\n<p class=\"mt-4\">El accionamiento de la mesa constituye la pieza central de una m\u00e1quina multitarea vertical y su rendimiento en t\u00e9rminos de precisi\u00f3n y din\u00e1mica de mecanizado es decisivo para las calidades de pieza de trabajo alcanzables y la rentabilidad de la m\u00e1quina. La ELHA establece nuevos est\u00e1ndares a este respecto con el accionamiento directo de la mesa giratoria SDD (Segment Direct Drive) patentado con las siguientes caracter\u00edsticas:<\/p>\r\n\r\n<div class=\"columns\">\r\n\t<div class=\"column col-4 col-md-12\">\r\n\t\t<ul>\r\n\t\t\t<li>Din\u00e1mica excepcional: factor de sacudida significativamente mayor (&gt;100) que con los accionamientos convencionales.<\/li>\r\n\t\t\t<li>Precisi\u00f3n de posicionamiento extremadamente alta de &lt;1\u2033.<\/li>\r\n\t\t\t<li>Excelentes propiedades de interpolaci\u00f3n (transmisi\u00f3n, doble transmisi\u00f3n)<\/li>\r\n\t\t\t<li>Calidad de mecanizado \u00f3ptima, ya que no influyen las frecuencias de engrane de los dientes<\/li>\r\n\t\t\t<li>Muy baja emisi\u00f3n de ruido<\/li>\r\n\t\t<\/ul>\r\n\t<\/div>\r\n\r\n\t<div class=\"column col-4 col-md-12\">\r\n\t\t<ul>\r\n\t\t\t<li>La potencia, el par y la velocidad se pueden escalar libremente utilizando componentes est\u00e1ndar<\/li>\r\n\t\t\t<li>Concentricidad \u00f3ptima gracias a la eliminaci\u00f3n de las fuerzas radiales de accionamiento y los cojinetes radiales hidrost\u00e1ticos<\/li>\r\n\t\t\t<li>Sin componentes mec\u00e1nicos sometidos a desgaste: propiedades de posicionamiento e interpolaci\u00f3n estables a largo plazo<\/li>\r\n\t\t<\/ul>\r\n\t<\/div>\r\n\r\n\t<div class=\"column col-4 col-md-12\">\r\n\t\t<ul>\r\n\t\t\t<li>El funcionamiento sigue siendo posible si fallan segmentos individuales del motor<\/li>\r\n\t\t\t<li>Excelente control termosim\u00e9trico de la temperatura de toda la base de la mesa para minimizar la deformaci\u00f3n<\/li>\r\n\t\t\t<li> Las p\u00e9rdidas t\u00e9rmicas pueden aprovecharse seg\u00fan el principio de la bomba de calor<\/li>\r\n\t\t<\/ul>\r\n\t<\/div>\r\n<\/div>\r\n\r\n\r\n\r\n<div class=\"columns\">\r\n\t<div class=\"column col-8 col-md-12\">\r\n\t\t<a href=\"https:\/\/www.elha.de\/wp-content\/uploads\/segment-direct-drive-rundtisch.jpg\" class=\"lightbox elha-image-lightbox\"><img decoding=\"async\" src=\"https:\/\/www.elha.de\/wp-content\/uploads\/segment-direct-drive-rundtisch.jpg\" alt=\"Tabla VTM\"><\/a>\r\n\t<\/div>\r\n\r\n\t<div class=\"column col-4 col-md-6\">\r\n\t\t\r\n\t\t\r\n\t\t\t<a href=\"https:\/\/www.elha.de\/wp-content\/uploads\/sdd-segmented-direct-drive-graph.png\" class=\"lightbox elha-image-lightbox\"><img decoding=\"async\" src=\"https:\/\/www.elha.de\/wp-content\/uploads\/sdd-segmented-direct-drive-graph.png\" alt=\"Diagrama - ELHA SDD\"><\/a>\r\n\t\t\r\n\t<\/div>\r\n<\/div>\r\n\r\n\r\n\r\n<h2>Plato giratorio SDD ELHA como juego de reequipamiento<\/h2>\r\n<p>\r\n\tGracias a las propiedades modulares de la VTM, la mesa giratoria SDD ELHA tambi\u00e9n se puede utilizar como unidad independiente, por ejemplo, como parte de la reconversi\u00f3n o revisi\u00f3n de m\u00e1quinas existentes. Esto le ofrece la oportunidad de utilizar las excelentes propiedades tecnol\u00f3gicas, din\u00e1micas y de precisi\u00f3n de esta mesa giratoria en su maquinaria existente para lograr importantes beneficios en calidad y productividad.\r\n<\/p>\r\n\r\n\r\n\r\n<h2>Cojinetes y gu\u00edas hidrost\u00e1ticos<\/h2>\r\n<div class=\"columns\">\r\n\t<div class=\"column col-6 col-md-12\">\r\n\t\t<img decoding=\"async\" src=\"https:\/\/www.elha.de\/wp-content\/uploads\/rundtisch-radiallager-460x307.jpg\" alt=\"Rodamiento radial de la mesa giratoria\">\r\n\t\t<p>Rodamiento radial de la mesa giratoria<\/p>\r\n\t<\/div>\r\n\r\n\t<div class=\"column col-6 col-md-12\">\r\n\t\t<img decoding=\"async\" src=\"https:\/\/www.elha.de\/wp-content\/uploads\/rundtisch-axiallager-460x307.jpg\" alt=\"Rodamiento axial de la mesa giratoria\">\r\n\t\t<p>Rodamiento axial de la mesa giratoria<\/p>\r\n\t<\/div>\r\n<\/div>\r\n\r\n\r\n\r\n<div class=\"clearfix\">\r\n\t<a href=\"https:\/\/www.elha.de\/es\/maquinas\/centros-de-fresado-y-torneado-vertical\/sistema-modular\/\" class=\"btn\">&lt; p\u00e1gina anterior<\/a>\r\n\t<a href=\"https:\/\/www.elha.de\/es\/maquinas\/centros-de-fresado-y-torneado-vertical\/5-caras-mecanizado-simultaneo-en-5-ejes\/\" class=\"btn float-right\">p\u00e1gina siguiente &gt;<\/a>\r\n<\/div>","protected":false},"excerpt":{"rendered":"<p>El accionamiento de la mesa constituye la pieza central de una m\u00e1quina multitarea vertical y, con su rendimiento en t\u00e9rminos de precisi\u00f3n y din\u00e1mica de mecanizado, es decisivo para la calidad de las piezas de trabajo y la rentabilidad de la m\u00e1quina.<\/p>","protected":false},"author":1,"featured_media":4723,"parent":1647,"menu_order":3,"comment_status":"closed","ping_status":"closed","template":"","meta":{"footnotes":""},"class_list":["post-4691","page","type-page","status-publish","has-post-thumbnail","hentry"],"blocksy_meta":{"styles_descriptor":{"styles":{"desktop":"","tablet":"","mobile":""},"google_fonts":[],"version":6},"page_title_panel":"","has_hero_section":"default","c5766ddfacde69e730970977ca61f8c4":"","hero_section":"type-1","hero_elements":[{"id":"custom_title","enabled":true,"heading_tag":"h1","title":"P\u00e1gina de inicio"},{"id":"custom_description","enabled":true,"description_visibility":{"desktop":true,"tablet":true,"mobile":false}},{"id":"custom_meta","enabled":false,"meta_elements":[{"id":"author","enabled":true,"label":"Von","has_author_avatar":"yes","avatar_size":25},{"id":"post_date","enabled":true,"label":"Am","date_format_source":"default","date_format":"M j, Y"},{"id":"updated_date","enabled":false,"label":"Am","date_format_source":"default","date_format":"M j, Y"},{"id":"categories","enabled":false,"label":"In","style":"simple"},{"id":"comments","enabled":true}],"page_meta_elements":{"joined":true,"articles_count":true,"comments":true}},{"id":"breadcrumbs","enabled":false}],"d9071d5d3e61a4dc4b0f03a848658b08":"","hero_alignment1":"CT_CSS_SKIP_RULE","hero_margin":40,"hero_alignment2":"center","hero_vertical_alignment":"center","d0514da81e790f6de8e53c7e3673b5c6":"","hero_structure":"narrow","8a948fea95dda184c33964bce6a5c543":"","page_title_bg_type":"featured_image","custom_hero_background":{"attachment_id":null},"parallax":{"desktop":false,"tablet":false,"mobile":false},"e69753d9942f36b766cd3f108e087e93":"","hero_height":"250px","pageTitleFont":{"family":"Default","variation":"Default","size":{"desktop":"32px","tablet":"30px","mobile":"25px"},"line-height":"CT_CSS_SKIP_RULE","letter-spacing":"CT_CSS_SKIP_RULE","text-transform":"CT_CSS_SKIP_RULE","text-decoration":"CT_CSS_SKIP_RULE"},"pageTitleFontColor":{"default":{"color":"CT_CSS_SKIP_RULEDEFAULT"}},"pageMetaFont":{"family":"Default","variation":"n6","size":"12px","line-height":"1.3","letter-spacing":"CT_CSS_SKIP_RULE","text-transform":"uppercase","text-decoration":"CT_CSS_SKIP_RULE"},"pageMetaFontColor":{"default":{"color":"CT_CSS_SKIP_RULEDEFAULT"},"hover":{"color":"CT_CSS_SKIP_RULEDEFAULT"}},"page_meta_button_type_font_colors":{"default":{"color":"CT_CSS_SKIP_RULEDEFAULT"},"hover":{"color":"CT_CSS_SKIP_RULEDEFAULT"}},"page_meta_button_type_background_colors":{"default":{"color":"CT_CSS_SKIP_RULEDEFAULT"},"hover":{"color":"CT_CSS_SKIP_RULEDEFAULT"}},"pageExcerptFont":{"family":"Default","variation":"Default","size":"CT_CSS_SKIP_RULE","line-height":"CT_CSS_SKIP_RULE","letter-spacing":"CT_CSS_SKIP_RULE","text-transform":"CT_CSS_SKIP_RULE","text-decoration":"CT_CSS_SKIP_RULE"},"pageExcerptColor":{"default":{"color":"CT_CSS_SKIP_RULEDEFAULT"}},"breadcrumbsFont":{"family":"Default","variation":"Default","size":"CT_CSS_SKIP_RULE","line-height":"CT_CSS_SKIP_RULE","letter-spacing":"CT_CSS_SKIP_RULE","text-transform":"CT_CSS_SKIP_RULE","text-decoration":"CT_CSS_SKIP_RULE"},"breadcrumbsFontColor":{"default":{"color":"CT_CSS_SKIP_RULEDEFAULT"},"initial":{"color":"CT_CSS_SKIP_RULEDEFAULT"},"hover":{"color":"CT_CSS_SKIP_RULEDEFAULT"}},"pageTitleOverlay":{"default":{"color":"CT_CSS_SKIP_RULE"}},"pageTitleBackground":{"background_type":"color","background_pattern":"type-1","background_image":{"attachment_id":null,"x":0,"y":0},"gradient":"linear-gradient(135deg,rgba(6,147,227,1) 0%,rgb(155,81,224) 100%)","background_repeat":"no-repeat","background_size":"auto","background_attachment":"scroll","patternColor":{"default":{"color":"#e5e7ea"}},"overlayColor":{"default":{"color":"CT_CSS_SKIP_RULE"}},"backgroundColor":{"default":{"color":"var(--theme-palette-color-6)"}}},"pageTitlePadding":{"top":"50px","bottom":"50px","left":"auto","right":"auto","linked":true},"c9c34be8adb5e1a5e8e697639d7c80aa":"","page_structure_type":"default","cbeb301a0540a2228ec2de4984e70e1c":"","content_style_source":"inherit","content_style":"wide","vertical_spacing_source":"inherit","content_area_spacing":"both","background":{"background_type":"color","background_pattern":"type-1","background_image":{"attachment_id":null,"x":0,"y":0},"gradient":"linear-gradient(135deg,rgba(6,147,227,1) 0%,rgb(155,81,224) 100%)","background_repeat":"no-repeat","background_size":"auto","background_attachment":"scroll","patternColor":{"default":{"color":"#e5e7ea"}},"overlayColor":{"default":{"color":"CT_CSS_SKIP_RULE"}},"backgroundColor":{"default":{"color":"CT_CSS_SKIP_RULE"}}},"content_background":{"background_type":"color","background_pattern":"type-1","background_image":{"attachment_id":null,"x":0,"y":0},"gradient":"linear-gradient(135deg,rgba(6,147,227,1) 0%,rgb(155,81,224) 100%)","background_repeat":"no-repeat","background_size":"auto","background_attachment":"scroll","patternColor":{"default":{"color":"#e5e7ea"}},"overlayColor":{"default":{"color":"CT_CSS_SKIP_RULE"}},"backgroundColor":{"default":{"color":"var(--theme-palette-color-8)"}}},"content_boxed_shadow":{"inherit":false,"blur":18,"spread":-6,"v_offset":12,"h_offset":0,"inset":false,"enable":true,"color":{"color":"rgba(34, 56, 101, 0.04)"}},"boxed_content_spacing":{"desktop":{"top":"40px","bottom":"40px","left":"40px","right":"40px","linked":true},"tablet":{"top":"35px","bottom":"35px","left":"35px","right":"35px","linked":true},"mobile":{"top":"20px","bottom":"20px","left":"20px","right":"20px","linked":true}},"content_boxed_radius":{"top":"3px","bottom":"3px","left":"3px","right":"3px","linked":true},"0cf2274f296c041e454f91da5b11e22f":"","disable_featured_image":"yes","disable_header":"no","disable_footer":"no"},"_links":{"self":[{"href":"https:\/\/www.elha.de\/es\/wp-json\/wp\/v2\/pages\/4691","targetHints":{"allow":["GET"]}}],"collection":[{"href":"https:\/\/www.elha.de\/es\/wp-json\/wp\/v2\/pages"}],"about":[{"href":"https:\/\/www.elha.de\/es\/wp-json\/wp\/v2\/types\/page"}],"author":[{"embeddable":true,"href":"https:\/\/www.elha.de\/es\/wp-json\/wp\/v2\/users\/1"}],"replies":[{"embeddable":true,"href":"https:\/\/www.elha.de\/es\/wp-json\/wp\/v2\/comments?post=4691"}],"version-history":[{"count":0,"href":"https:\/\/www.elha.de\/es\/wp-json\/wp\/v2\/pages\/4691\/revisions"}],"up":[{"embeddable":true,"href":"https:\/\/www.elha.de\/es\/wp-json\/wp\/v2\/pages\/1647"}],"wp:featuredmedia":[{"embeddable":true,"href":"https:\/\/www.elha.de\/es\/wp-json\/wp\/v2\/media\/4723"}],"wp:attachment":[{"href":"https:\/\/www.elha.de\/es\/wp-json\/wp\/v2\/media?parent=4691"}],"curies":[{"name":"wp","href":"https:\/\/api.w.org\/{rel}","templated":true}]}}