{"id":4696,"date":"2016-06-18T20:19:38","date_gmt":"2016-06-18T18:19:38","guid":{"rendered":"https:\/\/www.elha.de\/?page_id=4696"},"modified":"2025-03-03T11:41:54","modified_gmt":"2025-03-03T10:41:54","slug":"guia-del-giradiscos-duro-vtm-ht","status":"publish","type":"page","link":"https:\/\/www.elha.de\/es\/maschinen\/vertikale-dreh-fraeszentren\/vtm-ht-hartdrehausfuehrung\/","title":{"rendered":"VTM ht - Gu\u00eda de casas de torneado duro"},"content":{"rendered":"<div class=\"columns mb-4\">\r\n\t<div class=\"column col-6 col-md-12 mb-3\">\r\n\t\t<p>\r\n\t\t\tCon la VTM ht, ELHA ofrece una versi\u00f3n econ\u00f3mica y t\u00e9cnicamente optimizada de la VTM. La VTM ht se ha dise\u00f1ado especialmente para su uso en el mecanizado de acabado mediante torneado en duro, rectificado, taladrado, roscado y fresado, y es especialmente adecuada para aplicaciones como el mecanizado final de grandes anillos de rodamientos de rodillos, bridas y componentes de engranajes. Adem\u00e1s de las caracter\u00edsticas ya conocidas de la VTM, como el dise\u00f1o en material compuesto y el motor de segmento SDD ELHA con potencia personalizada, la VTM ht se distingue en particular por el uso de gu\u00edas de rodillos en los ejes lineales y uno o dos carros transversales con sistemas de montaje independientes para torneado y fresado. La potencia de accionamiento del husillo portaherramientas es de 42 kW en modo S1.\r\n\t\t<\/p>\r\n\t\t<a href=\"https:\/\/www.elha.de\/wp-content\/uploads\/vtm-ht-hartdrehausfuehrung-de.pdf\" target=\"_blank\"  class=\"btn\" rel=\"noopener noreferrer\">Descargar folleto<\/a>\r\n\t<\/div>\r\n\r\n\t<div class=\"column col-6 col-md-12\">\r\n\t\t<div class=\"elha-youtube-lightbox\"><a href=\"https:\/\/www.youtube-nocookie.com\/embed\/q874TwpSr3w\" class=\"lightbox\" rel=\"nofollow noopener\" target=\"_blank\"><img decoding=\"async\" src=\"https:\/\/www.elha.de\/wp-content\/uploads\/zeitraffer-vtm-ht-video-460x307.jpg\" alt=\"\"><\/a><span>Acepta la transmisi\u00f3n de datos a YouTube y reproduce el v\u00eddeo - <a href=\"https:\/\/www.elha.de\/es\/declaracion-de-proteccion-de-datos\/\">Pol\u00edtica de privacidad<\/a><\/span><\/div>\r\n\t<\/div>\r\n<\/div>\r\n\r\n\r\n\r\n<div class=\"columns\">\r\n\t<div class=\"column col-6 col-md-12 mb-3\">\r\n\t\t<a href=\"https:\/\/www.elha.de\/wp-content\/uploads\/vtm-ht-hartdrehmaschine.jpg\" class=\"lightbox elha-image-lightbox\"><img decoding=\"async\" src=\"https:\/\/www.elha.de\/wp-content\/uploads\/vtm-ht-hartdrehmaschine-460x307.jpg\"  alt=\"Ejemplo de instalaci\u00f3n de VTM ht\"><\/a>\r\n\t<\/div>\r\n\r\n\t<div class=\"column col-6 col-md-12\">\r\n\t\t<a href=\"https:\/\/www.elha.de\/wp-content\/uploads\/vtm-ht-arbeitsraum.jpg\" class=\"lightbox elha-image-lightbox\"><img decoding=\"async\" src=\"https:\/\/www.elha.de\/wp-content\/uploads\/vtm-ht-arbeitsraum-460x307.jpg\"  alt=\"VTM ht Interior de la m\u00e1quina\"><\/a>\r\n\t<\/div>\r\n<\/div>\r\n\r\n\r\n\r\n<div>\r\n\t<a href=\"https:\/\/www.elha.de\/es\/maquinas\/centros-de-fresado-y-torneado-vertical\/5-caras-mecanizado-simultaneo-en-5-ejes\/\" class=\"btn\">&lt; p\u00e1gina anterior<\/a>\r\n<\/div>","protected":false},"excerpt":{"rendered":"<p>\t\t\tCon el VTM ht, ELHA ofrece una versi\u00f3n econ\u00f3mica y t\u00e9cnicamente optimizada del VTM. La VTM ht est\u00e1 especialmente dise\u00f1ada para su uso en la<\/p>","protected":false},"author":1,"featured_media":4782,"parent":1647,"menu_order":8,"comment_status":"closed","ping_status":"closed","template":"","meta":{"footnotes":""},"class_list":["post-4696","page","type-page","status-publish","has-post-thumbnail","hentry"],"blocksy_meta":{"styles_descriptor":{"styles":{"desktop":"","tablet":"","mobile":""},"google_fonts":[],"version":6}},"_links":{"self":[{"href":"https:\/\/www.elha.de\/es\/wp-json\/wp\/v2\/pages\/4696","targetHints":{"allow":["GET"]}}],"collection":[{"href":"https:\/\/www.elha.de\/es\/wp-json\/wp\/v2\/pages"}],"about":[{"href":"https:\/\/www.elha.de\/es\/wp-json\/wp\/v2\/types\/page"}],"author":[{"embeddable":true,"href":"https:\/\/www.elha.de\/es\/wp-json\/wp\/v2\/users\/1"}],"replies":[{"embeddable":true,"href":"https:\/\/www.elha.de\/es\/wp-json\/wp\/v2\/comments?post=4696"}],"version-history":[{"count":0,"href":"https:\/\/www.elha.de\/es\/wp-json\/wp\/v2\/pages\/4696\/revisions"}],"up":[{"embeddable":true,"href":"https:\/\/www.elha.de\/es\/wp-json\/wp\/v2\/pages\/1647"}],"wp:featuredmedia":[{"embeddable":true,"href":"https:\/\/www.elha.de\/es\/wp-json\/wp\/v2\/media\/4782"}],"wp:attachment":[{"href":"https:\/\/www.elha.de\/es\/wp-json\/wp\/v2\/media?parent=4696"}],"curies":[{"name":"wp","href":"https:\/\/api.w.org\/{rel}","templated":true}]}}