{"id":4793,"date":"2016-06-21T08:23:10","date_gmt":"2016-06-21T06:23:10","guid":{"rendered":"https:\/\/www.elha.de\/?page_id=4793"},"modified":"2025-02-27T10:44:22","modified_gmt":"2025-02-27T09:44:22","slug":"rtx-5161-centro-de-mecanizado-de-mesa-giratoria-de-2-husillos-d6100","status":"publish","type":"page","link":"https:\/\/www.elha.de\/es\/maschinen\/rundtisch-bearbeitungszentren\/rtx-5161-2-spindel-rundtisch-bearbeitungszentrum-d6100\/","title":{"rendered":"RTX 5161 - Centro de mecanizado de mesa giratoria de 2 husillos \u00d86100"},"content":{"rendered":"<div class=\"columns\">\r\n\r\n\t<div class=\"column col-6 col-md-12\">\r\n\t\t<p>\r\n\t\t\tLa m\u00e1quina es adecuada para operaciones de taladrado vertical de 2 husillos, torneado-fresado, mandrinado, avellanado, escariado y roscado en un c\u00edrculo de pernos. El rendimiento de las unidades es suficiente para taladrar hasta \u00d860 mm en el s\u00f3lido y roscar hasta M56. Cada unidad de mecanizado est\u00e1 equipada con un cabezal de taladrado con engranaje HSK 100. Las herramientas pueden cambiarse autom\u00e1ticamente con ayuda de almacenes de recogida extensibles de 20 posiciones. Durante el mecanizado, los almacenes de herramientas est\u00e1n protegidos de la zona de trabajo por una puerta de seguridad. La combinaci\u00f3n de subestructura y soporte se divide en tres secciones y est\u00e1 fabricada en material compuesto. En la subestructura central est\u00e1 integrada una placa de mesa giratoria lisa con 12 dispositivos de sujeci\u00f3n de accionamiento manual. A pesar de su tama\u00f1o, la m\u00e1quina est\u00e1 equipada con paneles completos. Adem\u00e1s, las grandes puertas correderas facilitan la carga con gr\u00faa.\r\n\t\t<\/p>\r\n\r\n\t\t\r\n\t\t\r\n\t\t\t<a href=\"https:\/\/www.elha.de\/wp-content\/uploads\/rtx-5161-en.pdf\" target=\"_blank\" class=\"btn mb-4\" rel=\"noopener\">Descripci\u00f3n del sistema<\/a>\r\n\t\t\r\n\r\n\t\t<a href=\"https:\/\/www.elha.de\/wp-content\/uploads\/rtx-5161-zeichnung.png\" class=\"lightbox elha-image-lightbox mb-4\">\r\n\t\t\t<img decoding=\"async\" src=\"https:\/\/www.elha.de\/wp-content\/uploads\/rtx-5161-zeichnung-460x307.png\" alt=\"Plano RTX 5161\" >\r\n\t\t<\/a>\r\n\t<\/div>\r\n\r\n\r\n\r\n\t<div class=\"column col-6 col-md-12\">\r\n\t\t<table>\r\n\t\t\t<thead>\r\n\t\t\t\t<tr>\r\n\t\t\t\t\t<th colspan=\"3\">Datos t\u00e9cnicos<\/th>\r\n\t\t\t\t<\/tr>\r\n\t\t\t<\/thead>\r\n\r\n\t\t\t<tbody>\r\n\t\t\t\t<tr>\r\n\t\t\t\t\t<td><strong>Distancias de desplazamiento<\/strong><\/td>\r\n\t\t\t\t\t<td>Eje X<\/td>\r\n\t\t\t\t\t<td>3.800 mm<\/td>\r\n\t\t\t\t<\/tr>\r\n\t\t\t\t<tr>\r\n\t\t\t\t\t<td><\/td>\r\n\t\t\t\t\t<td>Eje Z<\/td>\r\n\t\t\t\t\t<td>1.200 mm<\/td>\r\n\t\t\t\t<\/tr>\r\n\t\t\t\t<tr>\r\n\t\t\t\t\t<td><strong>Avances <\/strong><\/td>\r\n\t\t\t\t\t<td>M\u00e1x. Velocidad m\u00e1xima<\/td>\r\n\t\t\t\t\t<td>1,2 m\/min<\/td>\r\n\t\t\t\t<\/tr>\r\n\t\t\t\t<tr>\r\n\t\t\t\t\t<td><\/td>\r\n\t\t\t\t\t<td>M\u00e1x. Fuerza de avance<\/td>\r\n\t\t\t\t\t<td>20.000 N<\/td>\r\n\t\t\t\t<\/tr>\r\n\t\t\t\t<tr>\r\n\t\t\t\t\t<td><strong>Accionamiento principal <\/strong><\/td>\r\n\t\t\t\t\t<td>Max. Potencia S1 \/ S6<\/td>\r\n\t\t\t\t\t<td>46 \/ 55 kW<\/td>\r\n\t\t\t\t<\/tr>\r\n\t\t\t\t<tr>\r\n\t\t\t\t\t<td><\/td>\r\n\t\t\t\t\t<td>M\u00e1x. Par<\/td>\r\n\t\t\t\t\t<td>586 \/ 2.344 Nm<\/td>\r\n\t\t\t\t<\/tr>\r\n\t\t\t\t<tr>\r\n\t\t\t\t\t<td><\/td>\r\n\t\t\t\t\t<td>M\u00e1x. Velocidad<\/td>\r\n\t\t\t\t\t<td>3.250 rpm<\/td>\r\n\t\t\t\t<\/tr>\r\n\t\t\t\t<tr>\r\n\t\t\t\t\t<td><strong>Mesa redonda <\/strong><\/td>\r\n\t\t\t\t\t<td>Di\u00e1metro<\/td>\r\n\t\t\t\t\t<td>4.450 mm<\/td>\r\n\t\t\t\t<\/tr>\r\n\t\t\t\t<tr>\r\n\t\t\t\t\t<td><\/td>\r\n\t\t\t\t\t<td>Tablero redondo<\/td>\r\n\t\t\t\t\t<td>6.100 mm<\/td>\r\n\t\t\t\t<\/tr>\r\n\t\t\t\t<tr>\r\n\t\t\t\t\t<td><\/td>\r\n\t\t\t\t\t<td>M\u00e1x. Velocidad<\/td>\r\n\t\t\t\t\t<td>6 rpm<\/td>\r\n\t\t\t\t<\/tr>\r\n\t\t\t\t<tr>\r\n\t\t\t\t\t<td><strong>Pieza de trabajo <\/strong><\/td>\r\n\t\t\t\t\t<td>Di\u00e1metro exterior<\/td>\r\n\t\t\t\t\t<td>2.300 - 5.500 mm<\/td>\r\n\t\t\t\t<\/tr>\r\n\t\t\t\t<tr>\r\n\t\t\t\t\t<td><strong> <\/strong><\/td>\r\n\t\t\t\t\t<td>Di\u00e1metro interior<\/td>\r\n\t\t\t\t\t<td>2.200 - 5.400 mm<\/td>\r\n\t\t\t\t<\/tr>\r\n\t\t\t\t<tr>\r\n\t\t\t\t\t<td><strong> <\/strong><\/td>\r\n\t\t\t\t\t<td>M\u00e1x. Altura<\/td>\r\n\t\t\t\t\t<td>500 mm<\/td>\r\n\t\t\t\t<\/tr>\r\n\t\t\t\t<tr>\r\n\t\t\t\t\t<td><\/td>\r\n\t\t\t\t\t<td>M\u00e1x. Peso<\/td>\r\n\t\t\t\t\t<td>10.000 kg<\/td>\r\n\t\t\t\t<\/tr>\r\n\t\t\t\t<tr>\r\n\t\t\t\t\t<td><strong>Revista de herramientas<\/strong><\/td>\r\n\t\t\t\t\t<td>Lugares de trabajo<\/td>\r\n\t\t\t\t\t<td>20<\/td>\r\n\t\t\t\t<\/tr>\r\n\t\t\t\t<tr>\r\n\t\t\t\t\t<td><strong> <\/strong><\/td>\r\n\t\t\t\t\t<td>Portaherramientas<\/td>\r\n\t\t\t\t\t<td>HSK-A 100<\/td>\r\n\t\t\t\t<\/tr>\r\n\t\t\t\t<tr>\r\n\t\t\t\t\t<td><strong>Dimensiones <\/strong><\/td>\r\n\t\t\t\t\t<td>Requisitos de instalaci\u00f3n<\/td>\r\n\t\t\t\t\t<td>11,0 x 8,4 x 6,3 m<\/td>\r\n\t\t\t\t<\/tr>\r\n\t\t\t\t<tr>\r\n\t\t\t\t\t<td><strong> <\/strong><\/td>\r\n\t\t\t\t\t<td>Peso total<\/td>\r\n\t\t\t\t\t<td>176.000 kg<\/td>\r\n\t\t\t\t<\/tr>\r\n\t\t\t<\/tbody>\r\n\t\t<\/table>\r\n\r\n\t<\/div>\r\n<\/div>","protected":false},"excerpt":{"rendered":"<p>\t\t\tLa m\u00e1quina es adecuada para operaciones de taladrado vertical de 2 husillos, torneado-fresado, mandrinado, avellanado, escariado y roscado en un c\u00edrculo de pernos. La potencia de las unidades es suficiente para<\/p>","protected":false},"author":1,"featured_media":7323,"parent":1649,"menu_order":1,"comment_status":"closed","ping_status":"closed","template":"","meta":{"footnotes":""},"class_list":["post-4793","page","type-page","status-publish","has-post-thumbnail","hentry"],"blocksy_meta":{"styles_descriptor":{"styles":{"desktop":"","tablet":"","mobile":""},"google_fonts":[],"version":6}},"_links":{"self":[{"href":"https:\/\/www.elha.de\/es\/wp-json\/wp\/v2\/pages\/4793","targetHints":{"allow":["GET"]}}],"collection":[{"href":"https:\/\/www.elha.de\/es\/wp-json\/wp\/v2\/pages"}],"about":[{"href":"https:\/\/www.elha.de\/es\/wp-json\/wp\/v2\/types\/page"}],"author":[{"embeddable":true,"href":"https:\/\/www.elha.de\/es\/wp-json\/wp\/v2\/users\/1"}],"replies":[{"embeddable":true,"href":"https:\/\/www.elha.de\/es\/wp-json\/wp\/v2\/comments?post=4793"}],"version-history":[{"count":0,"href":"https:\/\/www.elha.de\/es\/wp-json\/wp\/v2\/pages\/4793\/revisions"}],"up":[{"embeddable":true,"href":"https:\/\/www.elha.de\/es\/wp-json\/wp\/v2\/pages\/1649"}],"wp:featuredmedia":[{"embeddable":true,"href":"https:\/\/www.elha.de\/es\/wp-json\/wp\/v2\/media\/7323"}],"wp:attachment":[{"href":"https:\/\/www.elha.de\/es\/wp-json\/wp\/v2\/media?parent=4793"}],"curies":[{"name":"wp","href":"https:\/\/api.w.org\/{rel}","templated":true}]}}