{"id":48,"date":"2015-11-08T00:32:23","date_gmt":"2015-11-07T23:32:23","guid":{"rendered":"https:\/\/www.elha.de\/?page_id=48"},"modified":"2025-04-07T12:13:47","modified_gmt":"2025-04-07T10:13:47","slug":"compras","status":"publish","type":"page","link":"https:\/\/www.elha.de\/es\/unternehmen\/einkauf\/","title":{"rendered":"Compras"},"content":{"rendered":"<p>\n  En su vida privada, tambi\u00e9n espera buena calidad a un precio competitivo de los productos que compra. Nosotros esperamos lo mismo de nuestros proveedores.\n<\/p>\n\n\n\n<p>\n  Para nuestra cadena de suministro, s\u00f3lo buscamos socios de alto rendimiento con los que podamos reforzar y ampliar la competitividad de nuestros productos mediante el progreso tecnol\u00f3gico y la optimizaci\u00f3n constante de los costes en beneficio de nuestros clientes.\n<\/p>\n\n\n\n<h2 class=\"wp-block-heading\">Qu\u00e9 esperamos de nuestros proveedores:<\/h2>\n\n\n\n<ul class=\"wp-block-list\">\n<li>Alta calidad<\/li>\n\n\n\n<li>Certificaci\u00f3n conforme al sistema de gesti\u00f3n de la calidad ISO 9001<\/li>\n\n\n\n<li>Entrega diaria<\/li>\n\n\n\n<li>Servicio de lotes de producci\u00f3n peque\u00f1os y medianos<\/li>\n\n\n\n<li>Efectos anuales de racionalizaci\u00f3n<\/li>\n\n\n\n<li>Flexibilidad en caso de fluctuaciones de la demanda del mercado<\/li>\n\n\n\n<li>Fiabilidad de los compromisos contractuales<\/li>\n\n\n\n<li>Sin dependencias econ\u00f3micas mutuas<\/li>\n<\/ul>\n\n\n\n<h2 class=\"wp-block-heading\">Convi\u00e9rtase en proveedor<\/h2>\n\n\n\n<p>\n\t\u00bfEst\u00e1 interesado en convertirse en proveedor de ELHA? Entonces env\u00ede el formulario cumplimentado por correo electr\u00f3nico a nuestro departamento de compras.\n\tPor favor, proceda de la siguiente manera:\n<\/p>\n\n\n\n<ol class=\"wp-block-list\">\n<li>Descargue el formulario \"Autodeclaraci\u00f3n del proveedor\".<\/li>\n\n\n\n<li>Rellene el formulario por completo y gu\u00e1rdelo en su ordenador.<\/li>\n\n\n\n<li>A continuaci\u00f3n, env\u00ede una copia del formulario guardado y cumplimentado, junto con los documentos adjuntos (certificados, organigramas, etc.).<br> por correo electr\u00f3nico a nuestro departamento de compras. <a href=\"mailto:einkauf@elha.de\">einkauf@elha.de<\/a><\/li>\n<\/ol>\n\n\n\n<p>\n\t<strong>Le agradecemos su cooperaci\u00f3n y esperamos una colaboraci\u00f3n fruct\u00edfera.<\/strong>\n<\/p>\n\n\n\n<p>\r\n  <a href=\"https:\/\/www.elha.de\/wp-content\/uploads\/allgemeine-einkaufsbedingungen.pdf\" class=\"btn mr-2\" target=\"_blank\" rel=\"noopener\">Condiciones de compra (DE)<\/a>\r\n  <a href=\"https:\/\/www.elha.de\/wp-content\/uploads\/lieferantentselbstauskunft.pdf\" class=\"btn\" target=\"_blank\" rel=\"noopener\">Autodivulgaci\u00f3n del proveedor (DE)<\/a>\r\n<\/p>\n\n\n\n<p>\n\tFax: +49 (0) 5257 \/ 508-270<br>\n\t<a href=\"mailto:einkauf@elha.de\">einkauf@elha.de<\/a>\n<\/p>\n\n\n\n<p><\/p>","protected":false},"excerpt":{"rendered":"<p>  Tambi\u00e9n en su vida privada exige buena calidad a un precio competitivo de los productos que compra. Nosotros tenemos las mismas expectativas<\/p>","protected":false},"author":1,"featured_media":5147,"parent":24,"menu_order":5,"comment_status":"closed","ping_status":"closed","template":"","meta":{"footnotes":""},"class_list":["post-48","page","type-page","status-publish","has-post-thumbnail","hentry"],"blocksy_meta":{"styles_descriptor":{"styles":{"desktop":"","tablet":"","mobile":""},"google_fonts":[],"version":6}},"_links":{"self":[{"href":"https:\/\/www.elha.de\/es\/wp-json\/wp\/v2\/pages\/48","targetHints":{"allow":["GET"]}}],"collection":[{"href":"https:\/\/www.elha.de\/es\/wp-json\/wp\/v2\/pages"}],"about":[{"href":"https:\/\/www.elha.de\/es\/wp-json\/wp\/v2\/types\/page"}],"author":[{"embeddable":true,"href":"https:\/\/www.elha.de\/es\/wp-json\/wp\/v2\/users\/1"}],"replies":[{"embeddable":true,"href":"https:\/\/www.elha.de\/es\/wp-json\/wp\/v2\/comments?post=48"}],"version-history":[{"count":0,"href":"https:\/\/www.elha.de\/es\/wp-json\/wp\/v2\/pages\/48\/revisions"}],"up":[{"embeddable":true,"href":"https:\/\/www.elha.de\/es\/wp-json\/wp\/v2\/pages\/24"}],"wp:featuredmedia":[{"embeddable":true,"href":"https:\/\/www.elha.de\/es\/wp-json\/wp\/v2\/media\/5147"}],"wp:attachment":[{"href":"https:\/\/www.elha.de\/es\/wp-json\/wp\/v2\/media?parent=48"}],"curies":[{"name":"wp","href":"https:\/\/api.w.org\/{rel}","templated":true}]}}