{"id":4822,"date":"2016-06-21T08:54:43","date_gmt":"2016-06-21T06:54:43","guid":{"rendered":"https:\/\/www.elha.de\/?page_id=4822"},"modified":"2025-02-27T10:43:51","modified_gmt":"2025-02-27T09:43:51","slug":"rtx-5280-centro-de-mecanizado-de-mesa-giratoria-de-2-husillos-d820","status":"publish","type":"page","link":"https:\/\/www.elha.de\/es\/maschinen\/rundtisch-bearbeitungszentren\/rtx-5280-2-spindel-rundtisch-bearbeitungszentrum-d820\/","title":{"rendered":"RTX 5280 - Centro de mecanizado de mesa giratoria de 2 husillos \u00d8820"},"content":{"rendered":"<div class=\"columns\">\r\n\t<div class=\"column col-6 col-md-12\">\r\n\t\t<p>\r\n\t\t\tLa m\u00e1quina es adecuada para taladrado vertical de 1 o 2 husillos, mandrinado, avellanado, escariado c\u00f3nico y roscado de orificios dispuestos en c\u00edrculos de pernos. La potencia de las dos unidades de husillo est\u00e1 dise\u00f1ada para taladrado macizo de hasta \u00d835 mm y roscado de hasta M24.\r\n\t\t<\/p>\r\n\r\n\t\t<p>\r\n\t\t\tLa base de la m\u00e1quina de una sola pieza con travesa\u00f1o integrado est\u00e1 fabricada con un material compuesto que amortigua las vibraciones. Las superficies de la subestructura est\u00e1n dise\u00f1adas en \u00e1ngulo con respecto al transportador de virutas. En la mesa giratoria de \u00d8820 mm hay integrado un mandril motorizado de 3 mordazas.\r\n\t\t<\/p>\r\n\r\n\t\t<p>\r\n\t\t\tDos cambiadores de herramientas de recogida fija ofrecen espacio para hasta 16 herramientas. La m\u00e1quina est\u00e1 equipada con una zona de trabajo totalmente cerrada. Dos puertas correderas de accionamiento manual se abren para la carga con gr\u00faa.\r\n\t\t<\/p>\r\n\r\n\t\t\r\n\t\t\r\n\t\t\t<a href=\"https:\/\/www.elha.de\/wp-content\/uploads\/rtx-5280-en.pdf\" target=\"_blank\" class=\"btn mb-4\" rel=\"noopener\">Descripci\u00f3n del sistema<\/a>\r\n\t\t\r\n\t<\/div>\r\n\r\n\t<div class=\"column col-6 col-md-12 mb-3\">\r\n\t\t<table>\r\n\t\t\t<thead>\r\n\t\t\t\t<tr>\r\n\t\t\t\t\t<th colspan=\"3\">Datos t\u00e9cnicos<\/th>\r\n\t\t\t\t<\/tr>\r\n\t\t\t<\/thead>\r\n\r\n\t\t\t<tbody>\r\n\t\t\t\t<tr>\r\n\t\t\t\t\t<td><strong>Distancias de desplazamiento<\/strong><\/td>\r\n\t\t\t\t\t<td>Eje X<\/td>\r\n\t\t\t\t\t<td>925 mm<\/td>\r\n\t\t\t\t<\/tr>\r\n\t\t\t\t<tr>\r\n\t\t\t\t\t<td><\/td>\r\n\t\t\t\t\t<td>Eje Z<\/td>\r\n\t\t\t\t\t<td>550 mm<\/td>\r\n\t\t\t\t<\/tr>\r\n\t\t\t\t<tr>\r\n\t\t\t\t\t<td><strong>Avances <\/strong><\/td>\r\n\t\t\t\t\t<td>M\u00e1x. Velocidad m\u00e1xima<\/td>\r\n\t\t\t\t\t<td>30 m\/min<\/td>\r\n\t\t\t\t<\/tr>\r\n\t\t\t\t<tr>\r\n\t\t\t\t\t<td><\/td>\r\n\t\t\t\t\t<td>M\u00e1x. Aceleraci\u00f3n X \/ Z<\/td>\r\n\t\t\t\t\t<td>2,5 \/ 3,0 m\/seg\u00b2.<\/td>\r\n\t\t\t\t<\/tr>\r\n\t\t\t\t<tr>\r\n\t\t\t\t\t<td><\/td>\r\n\t\t\t\t\t<td>M\u00e1x. Fuerza de avance X \/ Z<\/td>\r\n\t\t\t\t\t<td>3.000 \/ 8.000 N<\/td>\r\n\t\t\t\t<\/tr>\r\n\t\t\t\t<tr>\r\n\t\t\t\t\t<td><strong>Accionamiento principal <\/strong><\/td>\r\n\t\t\t\t\t<td>Max. Potencia S1 \/ S6<\/td>\r\n\t\t\t\t\t<td>20 \/ 30 kW<\/td>\r\n\t\t\t\t<\/tr>\r\n\t\t\t\t<tr>\r\n\t\t\t\t\t<td><\/td>\r\n\t\t\t\t\t<td>M\u00e1x. Par S1 \/ S6<\/td>\r\n\t\t\t\t\t<td>95 \/ 143 Nm<\/td>\r\n\t\t\t\t<\/tr>\r\n\t\t\t\t<tr>\r\n\t\t\t\t\t<td><\/td>\r\n\t\t\t\t\t<td>M\u00e1x. Velocidad<\/td>\r\n\t\t\t\t\t<td>6.800 rpm<\/td>\r\n\t\t\t\t<\/tr>\r\n\t\t\t\t<tr>\r\n\t\t\t\t\t<td><strong>Mesa redonda <\/strong><\/td>\r\n\t\t\t\t\t<td>Di\u00e1metro<\/td>\r\n\t\t\t\t\t<td>820 mm<\/td>\r\n\t\t\t\t<\/tr>\r\n\t\t\t\t<tr>\r\n\t\t\t\t\t<td><\/td>\r\n\t\t\t\t\t<td>M\u00e1x. Velocidad<\/td>\r\n\t\t\t\t\t<td>5 rpm<\/td>\r\n\t\t\t\t<\/tr>\r\n\t\t\t\t<tr>\r\n\t\t\t\t\t<td><strong>Pieza de trabajo<\/strong><\/td>\r\n\t\t\t\t\t<td>Di\u00e1metro exterior<\/td>\r\n\t\t\t\t\t<td>500 - 1.500 mm<\/td>\r\n\t\t\t\t<\/tr>\r\n\t\t\t\t<tr>\r\n\t\t\t\t\t<td><strong> <\/strong><\/td>\r\n\t\t\t\t\t<td>Di\u00e1metro interior<\/td>\r\n\t\t\t\t\t<td>180 - 780 mm<\/td>\r\n\t\t\t\t<\/tr>\r\n\t\t\t\t<tr>\r\n\t\t\t\t\t<td><strong> <\/strong><\/td>\r\n\t\t\t\t\t<td>M\u00e1x. Altura<\/td>\r\n\t\t\t\t\t<td>250 mm<\/td>\r\n\t\t\t\t<\/tr>\r\n\t\t\t\t<tr>\r\n\t\t\t\t\t<td><\/td>\r\n\t\t\t\t\t<td>M\u00e1x. Peso<\/td>\r\n\t\t\t\t\t<td>1.500 kg<\/td>\r\n\t\t\t\t<\/tr>\r\n\t\t\t\t<tr>\r\n\t\t\t\t\t<td><strong>Revista de herramientas<\/strong><\/td>\r\n\t\t\t\t\t<td>Lugares de trabajo<\/td>\r\n\t\t\t\t\t<td>16<\/td>\r\n\t\t\t\t<\/tr>\r\n\t\t\t\t<tr>\r\n\t\t\t\t\t<td><\/td>\r\n\t\t\t\t\t<td>Portaherramientas<\/td>\r\n\t\t\t\t\t<td>HSK-A 63<\/td>\r\n\t\t\t\t<\/tr>\r\n\t\t\t\t<tr>\r\n\t\t\t\t\t<td><\/td>\r\n\t\t\t\t\t<td>Longitud de la herramienta<\/td>\r\n\t\t\t\t\t<td>300 mm<\/td>\r\n\t\t\t\t<\/tr>\r\n\t\t\t\t<tr>\r\n\t\t\t\t\t<td><strong>Dimensiones <\/strong><\/td>\r\n\t\t\t\t\t<td>Requisitos de instalaci\u00f3n<\/td>\r\n\t\t\t\t\t<td>5,8 x 3,7 x 3,6 m<\/td>\r\n\t\t\t\t<\/tr>\r\n\t\t\t\t<tr>\r\n\t\t\t\t\t<td><strong> <\/strong><\/td>\r\n\t\t\t\t\t<td>Peso total<\/td>\r\n\t\t\t\t\t<td>28.000 kg<\/td>\r\n\t\t\t\t<\/tr>\r\n\t\t\t<\/tbody>\r\n\t\t<\/table>\r\n\t<\/div>\r\n<\/div>\r\n\r\n\r\n\r\n<div class=\"columns\">\r\n\t<div class=\"column col-6\">\r\n\t\t<a href=\"https:\/\/www.elha.de\/wp-content\/uploads\/rtx-5280-arbeitsraum.jpg\" class=\"lightbox elha-image-lightbox\">\r\n\t\t\t<img decoding=\"async\" src=\"https:\/\/www.elha.de\/wp-content\/uploads\/rtx-5280-arbeitsraum-460x307.jpg\" alt=\"Espacio de trabajo RTX 5280\" >\r\n\t\t<\/a>\r\n\t<\/div>\r\n\r\n\t<div class=\"column col-6\">\r\n\t\t<a href=\"https:\/\/www.elha.de\/wp-content\/uploads\/rtx-5280-rundtisch-bearbeitungszentrum.jpg\" class=\"lightbox elha-image-lightbox\">\r\n\t\t\t<img decoding=\"async\" src=\"https:\/\/www.elha.de\/wp-content\/uploads\/rtx-5280-rundtisch-bearbeitungszentrum-460x307.jpg\" alt=\"\" >\r\n\t\t<\/a>\r\n\t<\/div>\r\n<\/div>","protected":false},"excerpt":{"rendered":"<p>\t\t\tLa m\u00e1quina es adecuada para taladrado vertical de 1 o 2 husillos, mandrinado, avellanado, escariado c\u00f3nico y roscado de orificios dispuestos en c\u00edrculos de orificios. El rendimiento de las dos unidades de husillo<\/p>","protected":false},"author":1,"featured_media":6830,"parent":1649,"menu_order":2,"comment_status":"closed","ping_status":"closed","template":"","meta":{"footnotes":""},"class_list":["post-4822","page","type-page","status-publish","has-post-thumbnail","hentry"],"blocksy_meta":{"styles_descriptor":{"styles":{"desktop":"","tablet":"","mobile":""},"google_fonts":[],"version":6}},"_links":{"self":[{"href":"https:\/\/www.elha.de\/es\/wp-json\/wp\/v2\/pages\/4822","targetHints":{"allow":["GET"]}}],"collection":[{"href":"https:\/\/www.elha.de\/es\/wp-json\/wp\/v2\/pages"}],"about":[{"href":"https:\/\/www.elha.de\/es\/wp-json\/wp\/v2\/types\/page"}],"author":[{"embeddable":true,"href":"https:\/\/www.elha.de\/es\/wp-json\/wp\/v2\/users\/1"}],"replies":[{"embeddable":true,"href":"https:\/\/www.elha.de\/es\/wp-json\/wp\/v2\/comments?post=4822"}],"version-history":[{"count":0,"href":"https:\/\/www.elha.de\/es\/wp-json\/wp\/v2\/pages\/4822\/revisions"}],"up":[{"embeddable":true,"href":"https:\/\/www.elha.de\/es\/wp-json\/wp\/v2\/pages\/1649"}],"wp:featuredmedia":[{"embeddable":true,"href":"https:\/\/www.elha.de\/es\/wp-json\/wp\/v2\/media\/6830"}],"wp:attachment":[{"href":"https:\/\/www.elha.de\/es\/wp-json\/wp\/v2\/media?parent=4822"}],"curies":[{"name":"wp","href":"https:\/\/api.w.org\/{rel}","templated":true}]}}