{"id":4880,"date":"2016-06-21T11:19:08","date_gmt":"2016-06-21T09:19:08","guid":{"rendered":"https:\/\/www.elha.de\/?page_id=4880"},"modified":"2025-02-28T09:20:42","modified_gmt":"2025-02-28T08:20:42","slug":"smx-5239-gran-centro-de-mecanizado-horizontal-de-6-ejes","status":"publish","type":"page","link":"https:\/\/www.elha.de\/es\/maschinen\/spezial-bearbeitungszentren\/smx-5239-6-achsen-horizontal-grossbearbeitungszentrum\/","title":{"rendered":"SMX 5239 - Centro de mecanizado horizontal de gran tama\u00f1o de 6 ejes"},"content":{"rendered":"<div class=\"columns\">\r\n\t<div class=\"column col-6 col-md-12\">\r\n\t\t<p>\r\n\t\t\tEsta m\u00e1quina marca un nuevo hito para los grandes centros de mecanizado horizontal en t\u00e9rminos de dimensiones, estabilidad y flexibilidad. La SMX 5239 se desarroll\u00f3 conceptualmente para el mecanizado de componentes de bastidores de m\u00e1quinas herramienta. La estructura b\u00e1sica consta de una columna s\u00f3lida y m\u00f3vil para el posicionamiento secundario en la que se integra una unidad din\u00e1mica de 2 ejes para realizar los movimientos principales durante el mecanizado. Tambi\u00e9n se ha instalado en esta unidad un ariete redondo giratorio montado hidrost\u00e1ticamente con un generoso di\u00e1metro de 450 mm, que est\u00e1 dise\u00f1ado para alojar unidades de fijaci\u00f3n para una amplia gama de operaciones.\r\n\t\t<\/p>\r\n\r\n\t\t<a href=\"https:\/\/www.elha.de\/wp-content\/uploads\/smx-5239-ohne-verkleidung.jpg\" class=\"lightbox elha-image-lightbox\">\r\n\t\t\t<img decoding=\"async\" src=\"https:\/\/www.elha.de\/wp-content\/uploads\/smx-5239-ohne-verkleidung-460x307.jpg\" alt=\"SMX 5239 - Sin revestimiento\" >\r\n\t\t<\/a>\r\n\r\n\t\t<p>\r\n\t\t\tLa unidad de carnero est\u00e1 equipada con un accionamiento de husillo portaherramientas con una caja de cambios de 2 etapas para altas velocidades\/pares. Una mesa deslizante giratoria de \u00d82000 mm est\u00e1 dispuesta transversalmente a la unidad de trabajo, en la que se pueden sujetar palets de 4500 x 2000. Otro aspecto destacado es la posibilidad de producci\u00f3n sin personal mediante el uso de un sistema autom\u00e1tico de cambio de palets con 3 palets, que pueden cambiarse uno tras otro. Para lograr una gran flexibilidad y reducir al m\u00e1ximo los tiempos de preparaci\u00f3n, en el lateral hay un gran almac\u00e9n para guardar 360 herramientas HSK, que permite el cambio autom\u00e1tico de herramientas mediante robot.\r\n\t\t<\/p>\r\n\r\n\t\t\r\n\t\t\r\n\t\t\t<a href=\"https:\/\/www.elha.de\/wp-content\/uploads\/smx-5239-en.pdf\" target=\"_blank\" class=\"btn mb-4\" rel=\"noopener noreferrer\">Descripci\u00f3n del sistema<\/a>\r\n\t\t\r\n\t<\/div>\r\n\r\n\r\n\r\n\t<div class=\"column col-6 col-md-12\">\r\n\t\t<table>\r\n\t\t\t<thead>\r\n\t\t\t\t<tr>\r\n\t\t\t\t\t<th colspan=\"3\">Datos t\u00e9cnicos<\/th>\r\n\t\t\t\t<\/tr>\r\n\t\t\t<\/thead>\r\n\r\n\t\t\t<tbody>\r\n\t\t\t\t<tr>\r\n\t\t\t\t\t<td><strong>Distancias de desplazamiento<\/strong><\/td>\r\n\t\t\t\t\t<td>Eje X (mesa giratoria)<\/td>\r\n\t\t\t\t\t<td>5600 mm<\/td>\r\n\t\t\t\t<\/tr>\r\n\t\t\t\t<tr>\r\n\t\t\t\t\t<td><\/td>\r\n\t\t\t\t\t<td>Eje Y (carro transversal)<\/td>\r\n\t\t\t\t\t<td>3500 mm<\/td>\r\n\t\t\t\t<\/tr>\r\n\t\t\t\t<tr>\r\n\t\t\t\t\t<td><\/td>\r\n\t\t\t\t\t<td>Eje Z (carnero redondo)<\/td>\r\n\t\t\t\t\t<td>1000 mm<\/td>\r\n\t\t\t\t<\/tr>\r\n\t\t\t\t<tr>\r\n\t\t\t\t\t<td><\/td>\r\n\t\t\t\t\t<td>Eje W (vertical)<\/td>\r\n\t\t\t\t\t<td>2650 mm<\/td>\r\n\t\t\t\t<\/tr>\r\n\t\t\t\t<tr>\r\n\t\t\t\t\t<td><\/td>\r\n\t\t\t\t\t<td>Cambiador de palets<\/td>\r\n\t\t\t\t\t<td>1250 mm<\/td>\r\n\t\t\t\t<\/tr>\r\n\t\t\t\t<tr>\r\n\t\t\t\t\t<td><\/td>\r\n\t\t\t\t\t<td>Cambiador de cabezales<\/td>\r\n\t\t\t\t\t<td>2300 mm<\/td>\r\n\t\t\t\t<\/tr>\r\n\t\t\t\t<tr>\r\n\t\t\t\t\t<td><\/td>\r\n\t\t\t\t\t<td>Precisi\u00f3n de posicionamiento<\/td>\r\n\t\t\t\t\t<td>0,02 \/ 4500 mm<\/td>\r\n\t\t\t\t<\/tr>\r\n\t\t\t\t<tr>\r\n\t\t\t\t\t<td><strong>Accionamiento principal<\/strong><\/td>\r\n\t\t\t\t\t<td>M\u00e1x. Potencia S1<\/td>\r\n\t\t\t\t\t<td>37,7 kW<\/td>\r\n\t\t\t\t<\/tr>\r\n\t\t\t\t<tr>\r\n\t\t\t\t\t<td><\/td>\r\n\t\t\t\t\t<td>GS1: Par m\u00e1x. Par S1 \/ S6<\/td>\r\n\t\t\t\t\t<td>1500 \/ 1920 Nm<\/td>\r\n\t\t\t\t<\/tr>\r\n\t\t\t\t<tr>\r\n\t\t\t\t\t<td><\/td>\r\n\t\t\t\t\t<td>GS2: Par m\u00e1x. Par S1 \/ S6<\/td>\r\n\t\t\t\t\t<td>300 \/ 384 Nm<\/td>\r\n\t\t\t\t<\/tr>\r\n\t\t\t\t<tr>\r\n\t\t\t\t\t<td><\/td>\r\n\t\t\t\t\t<td>Velocidad m\u00e1xima GS1 \/ GS2 \/ S6<\/td>\r\n\t\t\t\t\t<td>1300 \/ 6500 min-1<\/td>\r\n\t\t\t\t<\/tr>\r\n\t\t\t\t<tr>\r\n\t\t\t\t\t<td><strong>Mesa giratoria \/ paleta<\/strong><\/td>\r\n\t\t\t\t\t<td>Di\u00e1metro de la mesa giratoria<\/td>\r\n\t\t\t\t\t<td>2000 mm<\/td>\r\n\t\t\t\t<\/tr>\r\n\t\t\t\t<tr>\r\n\t\t\t\t\t<td><\/td>\r\n\t\t\t\t\t<td>Tama\u00f1o de la paleta<\/td>\r\n\t\t\t\t\t<td>4500 x 2000 mm<\/td>\r\n\t\t\t\t<\/tr>\r\n\t\t\t\t<tr>\r\n\t\t\t\t\t<td><\/td>\r\n\t\t\t\t\t<td>Peso de la pieza<\/td>\r\n\t\t\t\t\t<td>18 t<\/td>\r\n\t\t\t\t<\/tr>\r\n\t\t\t\t<tr>\r\n\t\t\t\t\t<td><\/td>\r\n\t\t\t\t\t<td>Cambiador de palets<\/td>\r\n\t\t\t\t\t<td>3<\/td>\r\n\t\t\t\t<\/tr>\r\n\t\t\t\t<tr>\r\n\t\t\t\t\t<td><strong>Cambiador de cabezales \/ almacenamiento de herramientas<\/strong><\/td>\r\n\t\t\t\t\t<td>Cabezales de fijaci\u00f3n<\/td>\r\n\t\t\t\t\t<td>3<\/td>\r\n\t\t\t\t<\/tr>\r\n\t\t\t\t<tr>\r\n\t\t\t\t\t<td><\/td>\r\n\t\t\t\t\t<td>Lugares de trabajo<\/td>\r\n\t\t\t\t\t<td>360<\/td>\r\n\t\t\t\t<\/tr>\r\n\t\t\t\t<tr>\r\n\t\t\t\t\t<td><\/td>\r\n\t\t\t\t\t<td>Portaherramientas<\/td>\r\n\t\t\t\t\t<td>HSK-A 100<\/td>\r\n\t\t\t\t<\/tr>\r\n\t\t\t\t<tr>\r\n\t\t\t\t\t<td><strong>Dimensiones<\/strong><\/td>\r\n\t\t\t\t\t<td>Requisitos de instalaci\u00f3n<\/td>\r\n\t\t\t\t\t<td>18,5\u00d711,8\u00d75,6 m<\/td>\r\n\t\t\t\t<\/tr>\r\n\t\t\t\t<tr>\r\n\t\t\t\t\t<td><strong> <\/strong><\/td>\r\n\t\t\t\t\t<td>Peso total<\/td>\r\n\t\t\t\t\t<td>180 t<\/td>\r\n\t\t\t\t<\/tr>\r\n\t\t\t<\/tbody>\r\n\t\t<\/table>\r\n\t<\/div>\r\n<\/div>\r\n\r\n\r\n\r\n<div class=\"columns\">\r\n\t<div class=\"column col-6\">\r\n\t\t<div class=\"elha-youtube-lightbox\"><a href=\"https:\/\/www.youtube-nocookie.com\/embed\/T83pPhxapo0\" class=\"lightbox\" rel=\"nofollow noopener\" target=\"_blank\"><img decoding=\"async\" src=\"https:\/\/www.elha.de\/wp-content\/uploads\/smx-5239-video-460x307.jpg\" alt=\"\"><\/a><span>Acepta la transmisi\u00f3n de datos a YouTube y reproduce el v\u00eddeo - <a href=\"https:\/\/www.elha.de\/es\/declaracion-de-proteccion-de-datos\/\">Pol\u00edtica de privacidad<\/a><\/span><\/div>\r\n\t<\/div>\r\n\r\n\t<div class=\"column col-6\">\r\n\t\t<a href=\"https:\/\/www.elha.de\/wp-content\/uploads\/smx-5239-horizontal-grossbearbeitungszentrum.jpg\" class=\"lightbox elha-image-lightbox\">\r\n\t\t\t<img decoding=\"async\" src=\"https:\/\/www.elha.de\/wp-content\/uploads\/smx-5239-horizontal-grossbearbeitungszentrum-460x325.jpg\" alt=\"SMX 5239 02\" >\r\n\t\t<\/a>\r\n\t<\/div>\r\n\r\n\t<div class=\"column col-6\">\r\n\t\t<a href=\"https:\/\/www.elha.de\/wp-content\/uploads\/smx-5239-achsbezeichnungen.jpg\" class=\"lightbox elha-image-lightbox\">\r\n\t\t\t<img decoding=\"async\" src=\"https:\/\/www.elha.de\/wp-content\/uploads\/smx-5239-achsbezeichnungen-460x325.jpg\" alt=\"SMX 5239 03\" >\r\n\t\t<\/a>\r\n\t<\/div>\r\n\r\n\t<div class=\"column col-6\">\r\n\t\t<a href=\"https:\/\/www.elha.de\/wp-content\/uploads\/smx-5239-kopfwechsler-werkzeugwechsler.jpg\" class=\"lightbox elha-image-lightbox\">\r\n\t\t\t<img decoding=\"async\" src=\"https:\/\/www.elha.de\/wp-content\/uploads\/smx-5239-kopfwechsler-werkzeugwechsler-460x325.jpg\" alt=\"SMX 5239 04\" >\r\n\t\t<\/a>\r\n\t<\/div>\r\n\r\n\t<div class=\"column col-6\">\r\n\t\t<a href=\"https:\/\/www.elha.de\/wp-content\/uploads\/smx-5239-schutzverkleidung.jpg\" class=\"lightbox elha-image-lightbox\">\r\n\t\t\t<img decoding=\"async\" src=\"https:\/\/www.elha.de\/wp-content\/uploads\/smx-5239-schutzverkleidung-460x325.jpg\" alt=\"SMX 5239 05\" >\r\n\t\t<\/a>\r\n\t<\/div>\r\n\r\n\t<div class=\"column col-6\">\r\n\t\t<a href=\"https:\/\/www.elha.de\/wp-content\/uploads\/smx-5239-werkzeugwechsel-roboter.jpg\" class=\"lightbox elha-image-lightbox\">\r\n\t\t\t<img decoding=\"async\" src=\"https:\/\/www.elha.de\/wp-content\/uploads\/smx-5239-werkzeugwechsel-roboter-460x325.jpg\" alt=\"SMX 5239 06\" >\r\n\t\t<\/a>\r\n\t<\/div>\r\n<\/div>","protected":false},"excerpt":{"rendered":"<p>\t\t\tEsta m\u00e1quina marca un nuevo hito para los grandes centros de mecanizado horizontal en t\u00e9rminos de dimensiones, estabilidad y flexibilidad. La SMX 5239 se ha dise\u00f1ado para el mecanizado de componentes de bastidores de m\u00e1quinas herramienta.<\/p>","protected":false},"author":1,"featured_media":7400,"parent":1651,"menu_order":0,"comment_status":"closed","ping_status":"closed","template":"","meta":{"footnotes":""},"class_list":["post-4880","page","type-page","status-publish","has-post-thumbnail","hentry"],"blocksy_meta":{"styles_descriptor":{"styles":{"desktop":"","tablet":"","mobile":""},"google_fonts":[],"version":6}},"_links":{"self":[{"href":"https:\/\/www.elha.de\/es\/wp-json\/wp\/v2\/pages\/4880","targetHints":{"allow":["GET"]}}],"collection":[{"href":"https:\/\/www.elha.de\/es\/wp-json\/wp\/v2\/pages"}],"about":[{"href":"https:\/\/www.elha.de\/es\/wp-json\/wp\/v2\/types\/page"}],"author":[{"embeddable":true,"href":"https:\/\/www.elha.de\/es\/wp-json\/wp\/v2\/users\/1"}],"replies":[{"embeddable":true,"href":"https:\/\/www.elha.de\/es\/wp-json\/wp\/v2\/comments?post=4880"}],"version-history":[{"count":0,"href":"https:\/\/www.elha.de\/es\/wp-json\/wp\/v2\/pages\/4880\/revisions"}],"up":[{"embeddable":true,"href":"https:\/\/www.elha.de\/es\/wp-json\/wp\/v2\/pages\/1651"}],"wp:featuredmedia":[{"embeddable":true,"href":"https:\/\/www.elha.de\/es\/wp-json\/wp\/v2\/media\/7400"}],"wp:attachment":[{"href":"https:\/\/www.elha.de\/es\/wp-json\/wp\/v2\/media?parent=4880"}],"curies":[{"name":"wp","href":"https:\/\/api.w.org\/{rel}","templated":true}]}}