{"id":4942,"date":"2016-06-21T13:06:03","date_gmt":"2016-06-21T11:06:03","guid":{"rendered":"https:\/\/www.elha.de\/?page_id=4942"},"modified":"2025-02-28T13:16:08","modified_gmt":"2025-02-28T12:16:08","slug":"centro-de-mecanizado-especial-horizontal-smx-5181-con-cabezal-de-fresado-hv","status":"publish","type":"page","link":"https:\/\/www.elha.de\/es\/maschinen\/spezial-bearbeitungszentren\/smx-5181-horizontales-spezial-bearbeitungszentrum-mit-hv-fraeskopf\/","title":{"rendered":"SMX 5181 - Centro de mecanizado especial horizontal con cabezal de fresado HV"},"content":{"rendered":"<div class=\"columns\">\r\n\t<div class=\"column col-6 col-md-12\">\r\n\t\t<p>\r\n\t\t\tEste centro de mecanizado ha sido dise\u00f1ado para el mecanizado completo de componentes l\u00e1ser planos de TRUMPF. Los conjuntos de la m\u00e1quina est\u00e1n optimizados para el mecanizado din\u00e1mico, de alta precisi\u00f3n y flexible de componentes de gran tama\u00f1o. La subestructura de una sola pieza y el soporte de la m\u00e1quina en material compuesto son intr\u00ednsecamente r\u00edgidos, amortiguan de forma \u00f3ptima las vibraciones y son t\u00e9rmicamente estables.\r\n\t\t<\/p>\r\n\r\n\t\t<p>\r\n\t\t\tLa unidad de trabajo, con un cabezal de fresado en horquilla de nuevo desarrollo y un potente husillo motorizado, es adecuada tanto para el mecanizado de aluminio como de acero. El proceso de cambio de herramienta lo realiza un robot (equipado con una pinza doble). Se dispone de hasta 339 posiciones de herramienta en el campo de herramientas. La mesa giratoria CNC m\u00f3vil est\u00e1 equipada con sistemas de sujeci\u00f3n de punto cero para sujetar palets de sujeci\u00f3n. Un cambiador autom\u00e1tico de palets est\u00e1 dise\u00f1ado para la producci\u00f3n sin personal y puede almacenar hasta 4(5) palets con piezas en bruto en el sistema.\r\n\t\t<\/p>\r\n\r\n\t\t\r\n\r\n\t\t\r\n\t\t\t<a href=\"https:\/\/www.elha.de\/wp-content\/uploads\/smx-5181-en.pdf\" target=\"_blank\" class=\"btn mb-4\" rel=\"noopener noreferrer\">Descripci\u00f3n del sistema<\/a>\r\n\t\t\r\n\r\n\t\t<div class=\"elha-youtube-lightbox mb-4\"><a href=\"https:\/\/www.youtube-nocookie.com\/embed\/vOhaGEoapiU\" class=\"lightbox\" rel=\"nofollow noopener\" target=\"_blank\"><img decoding=\"async\" src=\"https:\/\/www.elha.de\/wp-content\/uploads\/spx-5181-video.jpg\" alt=\"\"><\/a><span>Acepta la transmisi\u00f3n de datos a YouTube y reproduce el v\u00eddeo - <a href=\"https:\/\/www.elha.de\/es\/declaracion-de-proteccion-de-datos\/\">Pol\u00edtica de privacidad<\/a><\/span><\/div>\r\n\t<\/div>\r\n\r\n\t<div class=\"column col-6 col-md-12\">\r\n\t\t<table>\r\n\t\t\t<thead>\r\n\t\t\t\t<tr>\r\n\t\t\t\t\t<th colspan=\"3\">Datos t\u00e9cnicos<\/th>\r\n\t\t\t\t<\/tr>\r\n\t\t\t<\/thead>\r\n\r\n\t\t\t<tbody>\r\n\t\t\t\t<tr>\r\n\t\t\t\t\t<td><strong>Distancias de desplazamiento<\/strong><\/td>\r\n\t\t\t\t\t<td>Eje X<\/td>\r\n\t\t\t\t\t<td>2.800 mm<\/td>\r\n\t\t\t\t<\/tr>\r\n\t\t\t\t<tr>\r\n\t\t\t\t\t<td><\/td>\r\n\t\t\t\t\t<td>Eje Y<\/td>\r\n\t\t\t\t\t<td>1.250 mm<\/td>\r\n\t\t\t\t<\/tr>\r\n\t\t\t\t<tr>\r\n\t\t\t\t\t<td><\/td>\r\n\t\t\t\t\t<td>Eje Z<\/td>\r\n\t\t\t\t\t<td>2.800 mm<\/td>\r\n\t\t\t\t<\/tr>\r\n\t\t\t\t<tr>\r\n\t\t\t\t\t<td><strong>Avances <\/strong><\/td>\r\n\t\t\t\t\t<td>M\u00e1x. Velocidad m\u00e1xima<\/td>\r\n\t\t\t\t\t<td>60 m\/min<\/td>\r\n\t\t\t\t<\/tr>\r\n\t\t\t\t<tr>\r\n\t\t\t\t\t<td><\/td>\r\n\t\t\t\t\t<td>M\u00e1x. Aceleraci\u00f3n<\/td>\r\n\t\t\t\t\t<td>5 m\/seg\u00b2.<\/td>\r\n\t\t\t\t<\/tr>\r\n\t\t\t\t<tr>\r\n\t\t\t\t\t<td><\/td>\r\n\t\t\t\t\t<td>M\u00e1x. Fuerza de avance<\/td>\r\n\t\t\t\t\t<td>10.000 N<\/td>\r\n\t\t\t\t<\/tr>\r\n\t\t\t\t<tr>\r\n\t\t\t\t\t<td><strong>Cabezal giratorio<\/strong><\/td>\r\n\t\t\t\t\t<td>M\u00e1x. Potencia S1<\/td>\r\n\t\t\t\t\t<td>55 kW<\/td>\r\n\t\t\t\t<\/tr>\r\n\t\t\t\t<tr>\r\n\t\t\t\t\t<td><\/td>\r\n\t\t\t\t\t<td>M\u00e1x. Par S1<\/td>\r\n\t\t\t\t\t<td>210 Nm<\/td>\r\n\t\t\t\t<\/tr>\r\n\t\t\t\t<tr>\r\n\t\t\t\t\t<td><\/td>\r\n\t\t\t\t\t<td>M\u00e1x. Velocidad<\/td>\r\n\t\t\t\t\t<td>15.000 rpm<\/td>\r\n\t\t\t\t<\/tr>\r\n\t\t\t\t<tr>\r\n\t\t\t\t\t<td><\/td>\r\n\t\t\t\t\t<td>Gama giratoria<\/td>\r\n\t\t\t\t\t<td>0\u00b0 a 90<\/td>\r\n\t\t\t\t<\/tr>\r\n\t\t\t\t<tr>\r\n\t\t\t\t\t<td><strong>Mesa redonda <\/strong><\/td>\r\n\t\t\t\t\t<td>Tama\u00f1o del tablero<\/td>\r\n\t\t\t\t\t<td>1.000 x 1.000 mm<\/td>\r\n\t\t\t\t<\/tr>\r\n\t\t\t\t<tr>\r\n\t\t\t\t\t<td><\/td>\r\n\t\t\t\t\t<td>M\u00e1x. tama\u00f1o de paleta<\/td>\r\n\t\t\t\t\t<td>1.000 x 1.600 mm<\/td>\r\n\t\t\t\t<\/tr>\r\n\t\t\t\t<tr>\r\n\t\t\t\t\t<td><\/td>\r\n\t\t\t\t\t<td>M\u00e1x. Di\u00e1metro de giro<\/td>\r\n\t\t\t\t\t<td>3.000 mm<\/td>\r\n\t\t\t\t<\/tr>\r\n\t\t\t\t<tr>\r\n\t\t\t\t\t<td><\/td>\r\n\t\t\t\t\t<td>M\u00e1x. Carga de la mesa<\/td>\r\n\t\t\t\t\t<td>10.000 kg<\/td>\r\n\t\t\t\t<\/tr>\r\n\t\t\t\t<tr>\r\n\t\t\t\t\t<td><\/td>\r\n\t\t\t\t\t<td>Precisi\u00f3n de posicionamiento<\/td>\r\n\t\t\t\t\t<td>\u00b11\u2033<\/td>\r\n\t\t\t\t<\/tr>\r\n\t\t\t\t<tr>\r\n\t\t\t\t\t<td><strong>Revista de herramientas<\/strong><\/td>\r\n\t\t\t\t\t<td>Lugares de trabajo<\/td>\r\n\t\t\t\t\t<td>339<\/td>\r\n\t\t\t\t<\/tr>\r\n\t\t\t\t<tr>\r\n\t\t\t\t\t<td><strong> <\/strong><\/td>\r\n\t\t\t\t\t<td>Portaherramientas<\/td>\r\n\t\t\t\t\t<td>HSK-A 100<\/td>\r\n\t\t\t\t<\/tr>\r\n\t\t\t\t<tr>\r\n\t\t\t\t\t<td><strong> <\/strong><\/td>\r\n\t\t\t\t\t<td>Tiempo de cambio de herramienta<\/td>\r\n\t\t\t\t\t<td>7,0 seg.<\/td>\r\n\t\t\t\t<\/tr>\r\n\t\t\t\t<tr>\r\n\t\t\t\t\t<td><strong>Dimensiones <\/strong><\/td>\r\n\t\t\t\t\t<td>Requisitos de instalaci\u00f3n<\/td>\r\n\t\t\t\t\t<td>17,4 x 9,1 x 5,9 m<\/td>\r\n\t\t\t\t<\/tr>\r\n\t\t\t\t<tr>\r\n\t\t\t\t\t<td><strong> <\/strong><\/td>\r\n\t\t\t\t\t<td>Peso total<\/td>\r\n\t\t\t\t\t<td>65.000 kg<\/td>\r\n\t\t\t\t<\/tr>\r\n\t\t\t<\/tbody>\r\n\t\t<\/table>\r\n\t<\/div>\r\n<\/div>\r\n\r\n\r\n\r\n<div class=\"columns\">\r\n\t<div class=\"column col-6 col-md-12\">\r\n\t\t<a href=\"https:\/\/www.elha.de\/wp-content\/uploads\/tool-arena-roboter.jpg\" class=\"lightbox elha-image-lightbox mb-3\">\r\n\t\t\t<img decoding=\"async\" src=\"https:\/\/www.elha.de\/wp-content\/uploads\/tool-arena-roboter-460x307.jpg\" alt=\"Tool Arena con robot de cambio de herramientas\">\r\n\t\t<\/a>\r\n\r\n\t\t<a href=\"https:\/\/www.elha.de\/wp-content\/uploads\/smx-5181-werkzeugwechsel-roboterarena.jpg\" class=\"lightbox elha-image-lightbox mb-3\">\r\n\t\t\t<img decoding=\"async\" src=\"https:\/\/www.elha.de\/wp-content\/uploads\/smx-5181-werkzeugwechsel-roboterarena-460x307.jpg\" alt=\"SMX 5181 BAZ 02\">\r\n\t\t<\/a>\r\n\t<\/div>\r\n\r\n\t<div class=\"column col-6\">\r\n\t\t<a href=\"https:\/\/www.elha.de\/wp-content\/uploads\/smx-5181-fraeskopf-kommandopult.jpg\" class=\"lightbox elha-image-lightbox\"><img decoding=\"async\" src=\"https:\/\/www.elha.de\/wp-content\/uploads\/smx-5181-fraeskopf-kommandopult-627x940.jpg\" alt=\"Unidad de control SMX 5181 con vista a la sala de m\u00e1quinas\"><\/a>\r\n\t<\/div>\r\n<\/div>","protected":false},"excerpt":{"rendered":"<p>\t\t\tEste centro de mecanizado se ha dise\u00f1ado para el mecanizado completo de componentes l\u00e1ser planos de TRUMPF. Los conjuntos de m\u00e1quinas est\u00e1n dise\u00f1ados para el mecanizado din\u00e1mico, de alta precisi\u00f3n y flexible de componentes de gran tama\u00f1o.<\/p>","protected":false},"author":1,"featured_media":4962,"parent":1651,"menu_order":2,"comment_status":"closed","ping_status":"closed","template":"","meta":{"footnotes":""},"class_list":["post-4942","page","type-page","status-publish","has-post-thumbnail","hentry"],"blocksy_meta":{"styles_descriptor":{"styles":{"desktop":"","tablet":"","mobile":""},"google_fonts":[],"version":6}},"_links":{"self":[{"href":"https:\/\/www.elha.de\/es\/wp-json\/wp\/v2\/pages\/4942","targetHints":{"allow":["GET"]}}],"collection":[{"href":"https:\/\/www.elha.de\/es\/wp-json\/wp\/v2\/pages"}],"about":[{"href":"https:\/\/www.elha.de\/es\/wp-json\/wp\/v2\/types\/page"}],"author":[{"embeddable":true,"href":"https:\/\/www.elha.de\/es\/wp-json\/wp\/v2\/users\/1"}],"replies":[{"embeddable":true,"href":"https:\/\/www.elha.de\/es\/wp-json\/wp\/v2\/comments?post=4942"}],"version-history":[{"count":0,"href":"https:\/\/www.elha.de\/es\/wp-json\/wp\/v2\/pages\/4942\/revisions"}],"up":[{"embeddable":true,"href":"https:\/\/www.elha.de\/es\/wp-json\/wp\/v2\/pages\/1651"}],"wp:featuredmedia":[{"embeddable":true,"href":"https:\/\/www.elha.de\/es\/wp-json\/wp\/v2\/media\/4962"}],"wp:attachment":[{"href":"https:\/\/www.elha.de\/es\/wp-json\/wp\/v2\/media?parent=4942"}],"curies":[{"name":"wp","href":"https:\/\/api.w.org\/{rel}","templated":true}]}}