{"id":4977,"date":"2016-06-21T13:42:47","date_gmt":"2016-06-21T11:42:47","guid":{"rendered":"https:\/\/www.elha.de\/?page_id=4977"},"modified":"2025-02-27T10:49:03","modified_gmt":"2025-02-27T09:49:03","slug":"smx-5189-centro-de-mecanizado-horizontal-de-2-husillos","status":"publish","type":"page","link":"https:\/\/www.elha.de\/es\/maschinen\/spezial-bearbeitungszentren\/smx-5189-2-spindel-horizontal-bearbeitungszentrum\/","title":{"rendered":"SMX 5189 - Centro de mecanizado horizontal de 2 husillos"},"content":{"rendered":"<div class=\"columns\">\r\n\t<div class=\"column col-6 col-md-12\">\r\n\t\t<p>\r\n\t\t\tEsta m\u00e1quina se ha dise\u00f1ado para el mecanizado de carcasas de pinzas de freno de camiones en una posici\u00f3n de sujeci\u00f3n. Se pueden mecanizar diferentes variantes de piezas en los mismos dispositivos de sujeci\u00f3n, ya que los puntos de sujeci\u00f3n est\u00e1n dispuestos de forma id\u00e9ntica para todas las variantes de piezas.\r\n\t\t<\/p>\r\n\r\n\t\t<p>\r\n\t\t\tPara el mecanizado complejo, la m\u00e1quina se equip\u00f3 con un puente giratorio (eje A), accionado a ambos lados por motores de par de \u00d8 500 mm. En el puente giratorio se han montado dos mesas giratorias de \u00d8 500 mm (ejes B), accionadas tambi\u00e9n por motores de par. Todos los ejes giratorios est\u00e1n equipados con sujeci\u00f3n hidr\u00e1ulica.\r\n\t\t<\/p>\r\n\r\n\t\t<p>\r\n\t\t\tLas dos unidades de trabajo pueden desplazarse de forma totalmente independiente, lo que permite corregir la longitud y el di\u00e1metro de las herramientas en los tres ejes. La m\u00e1quina tambi\u00e9n est\u00e1 equipada con un almac\u00e9n de herramientas de recogida de 80 posiciones. En el almac\u00e9n caben varios cabezales de taladrado y fresado.\r\n\t\t<\/p>\r\n\r\n\t\t<a href=\"https:\/\/www.elha.de\/wp-content\/uploads\/smx-5189-zeichnung.png\" class=\"lightbox elha-image-lightbox mb-4\">\r\n\t\t\t<img decoding=\"async\" src=\"https:\/\/www.elha.de\/wp-content\/uploads\/smx-5189-zeichnung-460x338.png\" alt=\"SMX 5189 Dibujo\">\r\n\t\t<\/a>\r\n\t<\/div>\r\n\r\n\r\n\r\n\t<div class=\"column col-6 col-md-12\">\r\n\t\t<table class=\"mb-4\">\r\n\t\t\t<thead>\r\n\t\t\t\t<tr>\r\n\t\t\t\t\t<th colspan=\"3\">Datos t\u00e9cnicos<\/th>\r\n\t\t\t\t<\/tr>\r\n\t\t\t<\/thead>\r\n\r\n\t\t\t<tbody>\r\n\t\t\t\t<tr>\r\n\t\t\t\t\t<td><strong>Distancias de desplazamiento<\/strong><\/td>\r\n\t\t\t\t\t<td>Ejes X<\/td>\r\n\t\t\t\t\t<td>500 mm<\/td>\r\n\t\t\t\t<\/tr>\r\n\t\t\t\t<tr>\r\n\t\t\t\t\t<td><\/td>\r\n\t\t\t\t\t<td>Ejes Y (cambio de herramienta)<\/td>\r\n\t\t\t\t\t<td>500 (925) mm<\/td>\r\n\t\t\t\t<\/tr>\r\n\t\t\t\t<tr>\r\n\t\t\t\t\t<td><\/td>\r\n\t\t\t\t\t<td>Ejes Z<\/td>\r\n\t\t\t\t\t<td>500 mm<\/td>\r\n\t\t\t\t<\/tr>\r\n\t\t\t\t<tr>\r\n\t\t\t\t\t<td><strong>Avances <\/strong><\/td>\r\n\t\t\t\t\t<td>M\u00e1x. Velocidad m\u00e1xima<\/td>\r\n\t\t\t\t\t<td>40 m\/min<\/td>\r\n\t\t\t\t<\/tr>\r\n\t\t\t\t<tr>\r\n\t\t\t\t\t<td><\/td>\r\n\t\t\t\t\t<td>M\u00e1x. Aceleraci\u00f3n<\/td>\r\n\t\t\t\t\t<td>4 m\/seg\u00b2.<\/td>\r\n\t\t\t\t<\/tr>\r\n\t\t\t\t<tr>\r\n\t\t\t\t\t<td><\/td>\r\n\t\t\t\t\t<td>M\u00e1x. Fuerza de avance<\/td>\r\n\t\t\t\t\t<td>10.000 N<\/td>\r\n\t\t\t\t<\/tr>\r\n\t\t\t\t<tr>\r\n\t\t\t\t\t<td><strong>Unidad de trabajo<\/strong><\/td>\r\n\t\t\t\t\t<td>Max. Potencia S1 \/ S6<\/td>\r\n\t\t\t\t\t<td>50 \/ 75 kW<\/td>\r\n\t\t\t\t<\/tr>\r\n\t\t\t\t<tr>\r\n\t\t\t\t\t<td><\/td>\r\n\t\t\t\t\t<td>M\u00e1x. Par S1 \/ S6<\/td>\r\n\t\t\t\t\t<td>256 \/ 386 Nm<\/td>\r\n\t\t\t\t<\/tr>\r\n\t\t\t\t<tr>\r\n\t\t\t\t\t<td><\/td>\r\n\t\t\t\t\t<td>M\u00e1x. Velocidad<\/td>\r\n\t\t\t\t\t<td>7.500 rpm<\/td>\r\n\t\t\t\t<\/tr>\r\n\t\t\t\t<tr>\r\n\t\t\t\t\t<td><\/td>\r\n\t\t\t\t\t<td>Distancia entre ejes<\/td>\r\n\t\t\t\t\t<td>800 mm<\/td>\r\n\t\t\t\t<\/tr>\r\n\t\t\t\t<tr>\r\n\t\t\t\t\t<td><strong>Ejes pivotantes<\/strong><\/td>\r\n\t\t\t\t\t<td>Di\u00e1metro ejes A \/ n\u00famero<\/td>\r\n\t\t\t\t\t<td>\u2205 500 mm (1x)<\/td>\r\n\t\t\t\t<\/tr>\r\n\t\t\t\t<tr>\r\n\t\t\t\t\t<td><\/td>\r\n\t\t\t\t\t<td>Di\u00e1metro ejes B \/ cantidad<\/td>\r\n\t\t\t\t\t<td>\u2205 500 mm (2x)<\/td>\r\n\t\t\t\t<\/tr>\r\n\t\t\t\t<tr>\r\n\t\t\t\t\t<td><strong>Revista de herramientas<\/strong><\/td>\r\n\t\t\t\t\t<td>Lugares de trabajo<\/td>\r\n\t\t\t\t\t<td>80<\/td>\r\n\t\t\t\t<\/tr>\r\n\t\t\t\t<tr>\r\n\t\t\t\t\t<td><strong> <\/strong><\/td>\r\n\t\t\t\t\t<td>Portaherramientas<\/td>\r\n\t\t\t\t\t<td>HSK-A 100<\/td>\r\n\t\t\t\t<\/tr>\r\n\t\t\t\t<tr>\r\n\t\t\t\t\t<td><strong> <\/strong><\/td>\r\n\t\t\t\t\t<td>Tiempo de cambio de herramienta<\/td>\r\n\t\t\t\t\t<td>8 segundos<\/td>\r\n\t\t\t\t<\/tr>\r\n\t\t\t\t<tr>\r\n\t\t\t\t\t<td><strong>Dimensiones <\/strong><\/td>\r\n\t\t\t\t\t<td>Requisitos de instalaci\u00f3n<\/td>\r\n\t\t\t\t\t<td>6,0 x 5,2 x 4,5 m<\/td>\r\n\t\t\t\t<\/tr>\r\n\t\t\t\t<tr>\r\n\t\t\t\t\t<td><strong> <\/strong><\/td>\r\n\t\t\t\t\t<td>Peso total<\/td>\r\n\t\t\t\t\t<td>34.000 kg<\/td>\r\n\t\t\t\t<\/tr>\r\n\t\t\t\t<tr>\r\n\t\t\t\t\t<td><strong> <\/strong><\/td>\r\n\t\t\t\t\t<td>Hora de la pieza<\/td>\r\n\t\t\t\t\t<td>133 segundos<\/td>\r\n\t\t\t\t<\/tr>\r\n\t\t\t<\/tbody>\r\n\t\t<\/table>\r\n\r\n\t\t\r\n\t\t\r\n\t\t\t<a href=\"https:\/\/www.elha.de\/wp-content\/uploads\/smx-5189-en.pdf\" target=\"_blank\" class=\"btn\" rel=\"noopener\">Descripci\u00f3n del sistema<\/a>\r\n\t\t\r\n\t<\/div>\r\n<\/div>\r\n\r\n\r\n\r\n<div class=\"columns\">\r\n\t<div class=\"column col-6\">\r\n\t\t<a href=\"https:\/\/www.elha.de\/wp-content\/uploads\/smx-5189-2-spindel-horizontal-bearbeitungszentrum.jpg\" class=\"lightbox elha-image-lightbox\">\r\n\t\t\t<img decoding=\"async\" src=\"https:\/\/www.elha.de\/wp-content\/uploads\/smx-5189-2-spindel-horizontal-bearbeitungszentrum-460x307.jpg\" alt=\"SMX 5189 01\">\r\n\t\t<\/a>\r\n\t<\/div>\r\n\r\n\t<div class=\"column col-6\">\r\n\t\t<a href=\"https:\/\/www.elha.de\/wp-content\/uploads\/smx-5189-zweispindler-schwenkbruecke.jpg\" class=\"lightbox elha-image-lightbox\">\r\n\t\t\t<img decoding=\"async\" src=\"https:\/\/www.elha.de\/wp-content\/uploads\/smx-5189-zweispindler-schwenkbruecke-460x307.jpg\" alt=\"SMX 5189 02\">\r\n\t\t<\/a>\r\n\t<\/div>\r\n<\/div>","protected":false},"excerpt":{"rendered":"<p>\t\t\tEsta m\u00e1quina se ha dise\u00f1ado para el mecanizado de carcasas de pinzas de freno de camiones en una posici\u00f3n de sujeci\u00f3n. Se pueden mecanizar diferentes variantes de piezas en los mismos dispositivos de sujeci\u00f3n, ya que los puntos de sujeci\u00f3n son<\/p>","protected":false},"author":1,"featured_media":4988,"parent":1651,"menu_order":3,"comment_status":"closed","ping_status":"closed","template":"","meta":{"footnotes":""},"class_list":["post-4977","page","type-page","status-publish","has-post-thumbnail","hentry"],"blocksy_meta":{"styles_descriptor":{"styles":{"desktop":"","tablet":"","mobile":""},"google_fonts":[],"version":6}},"_links":{"self":[{"href":"https:\/\/www.elha.de\/es\/wp-json\/wp\/v2\/pages\/4977","targetHints":{"allow":["GET"]}}],"collection":[{"href":"https:\/\/www.elha.de\/es\/wp-json\/wp\/v2\/pages"}],"about":[{"href":"https:\/\/www.elha.de\/es\/wp-json\/wp\/v2\/types\/page"}],"author":[{"embeddable":true,"href":"https:\/\/www.elha.de\/es\/wp-json\/wp\/v2\/users\/1"}],"replies":[{"embeddable":true,"href":"https:\/\/www.elha.de\/es\/wp-json\/wp\/v2\/comments?post=4977"}],"version-history":[{"count":0,"href":"https:\/\/www.elha.de\/es\/wp-json\/wp\/v2\/pages\/4977\/revisions"}],"up":[{"embeddable":true,"href":"https:\/\/www.elha.de\/es\/wp-json\/wp\/v2\/pages\/1651"}],"wp:featuredmedia":[{"embeddable":true,"href":"https:\/\/www.elha.de\/es\/wp-json\/wp\/v2\/media\/4988"}],"wp:attachment":[{"href":"https:\/\/www.elha.de\/es\/wp-json\/wp\/v2\/media?parent=4977"}],"curies":[{"name":"wp","href":"https:\/\/api.w.org\/{rel}","templated":true}]}}