{"id":5001,"date":"2016-06-21T14:38:02","date_gmt":"2016-06-21T12:38:02","guid":{"rendered":"https:\/\/www.elha.de\/?page_id=5001"},"modified":"2025-02-27T10:50:16","modified_gmt":"2025-02-27T09:50:16","slug":"smx-5224-centro-de-mecanizado-horizontal-especial-de-5-ejes-para-el-mecanizado-de-titanio","status":"publish","type":"page","link":"https:\/\/www.elha.de\/es\/maschinen\/spezial-bearbeitungszentren\/smx-5224-horizontales-5-achsen-spezial-bearbeitungszentrum-fuer-titanzerspanung\/","title":{"rendered":"SMX 5224 - Centro de mecanizado especial horizontal de 5 ejes"},"content":{"rendered":"<div class=\"columns\">\r\n\t<div class=\"column col-6 col-md-12\">\r\n\t\t<p>\r\n\t\t\tEste nuevo centro de mecanizado horizontal especial de 5 ejes representa una nueva generaci\u00f3n de m\u00e1quinas ultraestables y potentes con propiedades excepcionales para el mecanizado de los materiales m\u00e1s dif\u00edciles de cortar, como el titanio, el Inconel y otros materiales y aleaciones utilizados principalmente en el sector aeroespacial.\r\n\t\t<\/p>\r\n\r\n\t\t<p>\r\n\t\t\tAqu\u00ed se utiliza el cilindro del eje Z guiado hidrost\u00e1ticamente con un di\u00e1metro ampliado de 450 mm, ya conocido del gran m\u00f3dulo FM 4+X hd. La excelente amortiguaci\u00f3n y estabilidad de este eje y el potente accionamiento de fresado con un husillo de fresado HSK-A 125 de 37 kW, combinados con la m\u00e1quina base de composite, garantizan vol\u00famenes de mecanizado, precisi\u00f3n y acabados superficiales que baten r\u00e9cords. Gracias a la mesa giratoria de 3000 mm de largo y 1000 mm de ancho con mesa giratoria integrada de 1000 mm, se puede fabricar una amplia gama de piezas, desde piezas de chasis hasta grandes componentes estructurales, no s\u00f3lo en el sector aeroespacial.\r\n\t\t<\/p>\r\n\r\n\t\t\r\n\t\t\r\n\t\t\t<a href=\"https:\/\/www.elha.de\/wp-content\/uploads\/smx-5224-en.pdf\" target=\"_blank\" class=\"btn mb-4\" rel=\"noopener\">Descripci\u00f3n del sistema<\/a>\r\n\t\t\r\n\r\n\t\t<a href=\"https:\/\/www.elha.de\/wp-content\/uploads\/smx-5224-zeichnung.png\" class=\"lightbox elha-image-lightbox mb-4\">\r\n\t\t\t<img decoding=\"async\" src=\"https:\/\/www.elha.de\/wp-content\/uploads\/smx-5224-zeichnung-460x316.png\" alt=\"SMX 5224 Dibujo\">\r\n\t\t<\/a>\r\n\t<\/div>\r\n\r\n\t<div class=\"column col-6 col-md-12\">\r\n\t\t<table class=\"mb-3\">\r\n\t\t\t<thead>\r\n\t\t\t\t<tr>\r\n\t\t\t\t\t<th colspan=\"3\">Datos t\u00e9cnicos<\/th>\r\n\t\t\t\t<\/tr>\r\n\t\t\t<\/thead>\r\n\t\t\t<tbody>\r\n\t\t\t\t<tr>\r\n\t\t\t\t\t<td><strong>Distancias de desplazamiento<\/strong><\/td>\r\n\t\t\t\t\t<td>Eje X<\/td>\r\n\t\t\t\t\t<td>2.500 mm<\/td>\r\n\t\t\t\t<\/tr>\r\n\t\t\t\t<tr>\r\n\t\t\t\t\t<td><\/td>\r\n\t\t\t\t\t<td>Eje Y<\/td>\r\n\t\t\t\t\t<td>1.150 mm<\/td>\r\n\t\t\t\t<\/tr>\r\n\t\t\t\t<tr>\r\n\t\t\t\t\t<td><strong><br><\/strong><\/td>\r\n\t\t\t\t\t<td>Eje Z<\/td>\r\n\t\t\t\t\t<td>1.000 mm<\/td>\r\n\t\t\t\t<\/tr>\r\n\t\t\t\t<tr>\r\n\t\t\t\t\t<td><strong>Avances <\/strong><\/td>\r\n\t\t\t\t\t<td>M\u00e1x. Velocidad X \/ Y \/ Z<\/td>\r\n\t\t\t\t\t<td>30 \/ 30 \/ 48 m\/min<\/td>\r\n\t\t\t\t<\/tr>\r\n\t\t\t\t<tr>\r\n\t\t\t\t\t<td><\/td>\r\n\t\t\t\t\t<td>M\u00e1x. Aceleraci\u00f3n X \/ Y \/ Z<\/td>\r\n\t\t\t\t\t<td>1,3 \/ 3 \/ 4 m\/seg\u00b2.<\/td>\r\n\t\t\t\t<\/tr>\r\n\t\t\t\t<tr>\r\n\t\t\t\t\t<td><\/td>\r\n\t\t\t\t\t<td>M\u00e1x. Fuerza de avance<\/td>\r\n\t\t\t\t\t<td>20.000 N<\/td>\r\n\t\t\t\t<\/tr>\r\n\t\t\t\t<tr>\r\n\t\t\t\t\t<td><strong>Accionamiento principal <\/strong><\/td>\r\n\t\t\t\t\t<td>M\u00e1x. Potencia S1<\/td>\r\n\t\t\t\t\t<td>37,7 kW<\/td>\r\n\t\t\t\t<\/tr>\r\n\t\t\t\t<tr>\r\n\t\t\t\t\t<td><\/td>\r\n\t\t\t\t\t<td>Par m\u00e1x. Par S1 (1 \/ 2)<\/td>\r\n\t\t\t\t\t<td>1.425 \/ 285 Nm<\/td>\r\n\t\t\t\t<\/tr>\r\n\t\t\t\t<tr>\r\n\t\t\t\t\t<td><\/td>\r\n\t\t\t\t\t<td>M\u00e1x. Velocidad<\/td>\r\n\t\t\t\t\t<td>4.000 rpm<\/td>\r\n\t\t\t\t<\/tr>\r\n\t\t\t\t<tr>\r\n\t\t\t\t\t<td><strong><br><\/strong><\/td>\r\n\t\t\t\t\t<td>Di\u00e1metro del cilindro<\/td>\r\n\t\t\t\t\t<td>450 mm<\/td>\r\n\t\t\t\t<\/tr>\r\n\t\t\t\t<tr>\r\n\t\t\t\t\t<td><strong>Puente \/ Mesa giratoria<\/strong><\/td>\r\n\t\t\t\t\t<td>Puente giratorio<\/td>\r\n\t\t\t\t\t<td>3.000 x 1.000 mm<\/td>\r\n\t\t\t\t<\/tr>\r\n\t\t\t\t<tr>\r\n\t\t\t\t\t<td><strong><br><\/strong><\/td>\r\n\t\t\t\t\t<td>Di\u00e1metro de pinza reversible<\/td>\r\n\t\t\t\t\t<td>800 mm<\/td>\r\n\t\t\t\t<\/tr>\r\n\t\t\t\t<tr>\r\n\t\t\t\t\t<td><strong> <\/strong><\/td>\r\n\t\t\t\t\t<td>Di\u00e1metro de la mesa<\/td>\r\n\t\t\t\t\t<td>1.000 mm<\/td>\r\n\t\t\t\t<\/tr>\r\n\t\t\t\t<tr>\r\n\t\t\t\t\t<td><strong>Revista de herramientas<\/strong><\/td>\r\n\t\t\t\t\t<td>Lugares de trabajo<\/td>\r\n\t\t\t\t\t<td>60<\/td>\r\n\t\t\t\t<\/tr>\r\n\t\t\t\t<tr>\r\n\t\t\t\t\t<td><\/td>\r\n\t\t\t\t\t<td>Portaherramientas<\/td>\r\n\t\t\t\t\t<td>HSK-A 125<\/td>\r\n\t\t\t\t<\/tr>\r\n\t\t\t\t<tr>\r\n\t\t\t\t\t<td><\/td>\r\n\t\t\t\t\t<td>Longitud \/ di\u00e1metro de la herramienta<\/td>\r\n\t\t\t\t\t<td>500 \/ \u2205250 mm<\/td>\r\n\t\t\t\t<\/tr>\r\n\t\t\t\t<tr>\r\n\t\t\t\t\t<td><strong>Dimensiones <\/strong><\/td>\r\n\t\t\t\t\t<td>Requisitos de instalaci\u00f3n<\/td>\r\n\t\t\t\t\t<td>11,8 x 7,9 x 4,8 m<\/td>\r\n\t\t\t\t<\/tr>\r\n\t\t\t\t<tr>\r\n\t\t\t\t\t<td><strong> <\/strong><\/td>\r\n\t\t\t\t\t<td>Peso total<\/td>\r\n\t\t\t\t\t<td>70.000 kg<\/td>\r\n\t\t\t\t<\/tr>\r\n\t\t\t<\/tbody>\r\n\t\t<\/table>\r\n\t<\/div>\r\n<\/div>\r\n\r\n\r\n\r\n<div class=\"columns\">\r\n\t<div class=\"column col-6\">\r\n\t\t<a href=\"https:\/\/www.elha.de\/wp-content\/uploads\/smx-5224-spezial-bearbeitungszentrum.jpg\" class=\"lightbox elha-image-lightbox\">\r\n\t\t\t<img decoding=\"async\" src=\"https:\/\/www.elha.de\/wp-content\/uploads\/smx-5224-spezial-bearbeitungszentrum-460x307.jpg\" alt=\"SMX 5224 01\">\r\n\t\t<\/a>\r\n\t<\/div>\r\n\r\n\t<div class=\"column col-6\">\r\n\t\t<a href=\"https:\/\/www.elha.de\/wp-content\/uploads\/smx-5224-titanzerspanung.jpg\" class=\"lightbox elha-image-lightbox\">\r\n\t\t\t<img decoding=\"async\" src=\"https:\/\/www.elha.de\/wp-content\/uploads\/smx-5224-titanzerspanung-460x307.jpg\" alt=\"SMX 5224 03\">\r\n\t\t<\/a>\r\n\t<\/div>\r\n<\/div>","protected":false},"excerpt":{"rendered":"<p>\t\t\tEste nuevo centro de mecanizado horizontal especial de 5 ejes representa una nueva generaci\u00f3n de m\u00e1quinas ultraestables y potentes con propiedades excepcionales para el mecanizado de los materiales m\u00e1s dif\u00edciles de cortar como el titanio, Inconel<\/p>","protected":false},"author":1,"featured_media":5018,"parent":1651,"menu_order":4,"comment_status":"closed","ping_status":"closed","template":"","meta":{"footnotes":""},"class_list":["post-5001","page","type-page","status-publish","has-post-thumbnail","hentry"],"blocksy_meta":{"styles_descriptor":{"styles":{"desktop":"","tablet":"","mobile":""},"google_fonts":[],"version":6}},"_links":{"self":[{"href":"https:\/\/www.elha.de\/es\/wp-json\/wp\/v2\/pages\/5001","targetHints":{"allow":["GET"]}}],"collection":[{"href":"https:\/\/www.elha.de\/es\/wp-json\/wp\/v2\/pages"}],"about":[{"href":"https:\/\/www.elha.de\/es\/wp-json\/wp\/v2\/types\/page"}],"author":[{"embeddable":true,"href":"https:\/\/www.elha.de\/es\/wp-json\/wp\/v2\/users\/1"}],"replies":[{"embeddable":true,"href":"https:\/\/www.elha.de\/es\/wp-json\/wp\/v2\/comments?post=5001"}],"version-history":[{"count":0,"href":"https:\/\/www.elha.de\/es\/wp-json\/wp\/v2\/pages\/5001\/revisions"}],"up":[{"embeddable":true,"href":"https:\/\/www.elha.de\/es\/wp-json\/wp\/v2\/pages\/1651"}],"wp:featuredmedia":[{"embeddable":true,"href":"https:\/\/www.elha.de\/es\/wp-json\/wp\/v2\/media\/5018"}],"wp:attachment":[{"href":"https:\/\/www.elha.de\/es\/wp-json\/wp\/v2\/media?parent=5001"}],"curies":[{"name":"wp","href":"https:\/\/api.w.org\/{rel}","templated":true}]}}