{"id":5024,"date":"2016-06-21T15:14:27","date_gmt":"2016-06-21T13:14:27","guid":{"rendered":"https:\/\/www.elha.de\/?page_id=5024"},"modified":"2025-02-28T10:02:55","modified_gmt":"2025-02-28T09:02:55","slug":"spx-5207-centro-de-mecanizado-de-taladrado-profundo-de-6-husillos","status":"publish","type":"page","link":"https:\/\/www.elha.de\/es\/maschinen\/sondermaschinen\/spx-5207-6-spindel-tiefloch-bohr-bearbeitungszentrum\/","title":{"rendered":"SPX 5207 - Centro de taladrado profundo y mecanizado de 6 husillos"},"content":{"rendered":"<div class=\"columns\">\r\n\t<div class=\"column col-6 col-md-12\">\r\n\t\t<p>La m\u00e1quina es adecuada para el taladrado horizontal profundo con 6 husillos de orificios en c\u00edrculos de pernos. Las unidades de trabajo de husillo motorizadas est\u00e1n dispuestas a 6x 60\u00b0 sobre una placa base y pueden controlarse por CNC al di\u00e1metro respectivo.<\/p>\r\n\r\n\t\t<p>El plato motorizado de 3 garras \u00d81.250 est\u00e1 montado en una unidad de mesa giratoria m\u00f3vil. Esto garantiza una accesibilidad \u00f3ptima durante la carga y descarga. La base de la m\u00e1quina, de una sola pieza, est\u00e1 fabricada en material compuesto y amortigua las vibraciones de forma \u00f3ptima.<\/p>\r\n\r\n\t\t<p>Los orificios de perforaci\u00f3n con un di\u00e1metro de 6-16 mm se completan en una carrera de trabajo. Las unidades de trabajo est\u00e1n equipadas con dispositivos de gu\u00eda de broca ajustables hidr\u00e1ulicamente para la perforaci\u00f3n puntual.<\/p>\r\n\r\n\t\t<a href=\"https:\/\/www.elha.de\/wp-content\/uploads\/spx-5207-zeichnung.png\" class=\"lightbox elha-image-lightbox mb-3\">\r\n\t\t\t<img decoding=\"async\" src=\"https:\/\/www.elha.de\/wp-content\/uploads\/spx-5207-zeichnung-460x305.png\" alt=\"SPX 5207 dibujo\">\r\n\t\t<\/a>\r\n\t<\/div>\r\n\r\n\t<div class=\"column col-6 col-md-12\">\r\n\t\t<table class=\"mb-4\">\r\n\t\t\t<thead>\r\n\t\t\t\t<tr>\r\n\t\t\t\t\t<th colspan=\"3\">Datos t\u00e9cnicos<\/th>\r\n\t\t\t\t<\/tr>\r\n\t\t\t<\/thead>\r\n\r\n\t\t\t<tbody>\r\n\t\t\t\t<tr>\r\n\t\t\t\t\t<td><strong>Distancias de desplazamiento<\/strong><\/td>\r\n\t\t\t\t\t<td>Eje X (1-6)<\/td>\r\n\t\t\t\t\t<td>530 mm<\/td>\r\n\t\t\t\t<\/tr>\r\n\t\t\t\t<tr>\r\n\t\t\t\t\t<td><\/td>\r\n\t\t\t\t\t<td>Eje Z<\/td>\r\n\t\t\t\t\t<td>1.400 mm<\/td>\r\n\t\t\t\t<\/tr>\r\n\t\t\t\t<tr>\r\n\t\t\t\t\t<td><strong><\/strong><\/td>\r\n\t\t\t\t\t<td>Sondeos<\/td>\r\n\t\t\t\t\t<td>470 mm<\/td>\r\n\t\t\t\t<\/tr>\r\n\t\t\t\t<tr>\r\n\t\t\t\t\t<td><strong>Avances <\/strong><\/td>\r\n\t\t\t\t\t<td>M\u00e1x. Velocidad m\u00e1xima<\/td>\r\n\t\t\t\t\t<td>20 m\/min<\/td>\r\n\t\t\t\t<\/tr>\r\n\t\t\t\t<tr>\r\n\t\t\t\t\t<td><\/td>\r\n\t\t\t\t\t<td>M\u00e1x. Aceleraci\u00f3n X \/ Z<\/td>\r\n\t\t\t\t\t<td>4 \/ 1,4 m\/s<\/td>\r\n\t\t\t\t<\/tr>\r\n\t\t\t\t<tr>\r\n\t\t\t\t\t<td><\/td>\r\n\t\t\t\t\t<td>M\u00e1x. Fuerza de avance Z<\/td>\r\n\t\t\t\t\t<td>60.000 N<\/td>\r\n\t\t\t\t<\/tr>\r\n\t\t\t\t<tr>\r\n\t\t\t\t\t<td><strong>Accionamiento principal <\/strong><\/td>\r\n\t\t\t\t\t<td>Max. Potencia S1 \/ S6<\/td>\r\n\t\t\t\t\t<td>13 \/ 16,9 kW<\/td>\r\n\t\t\t\t<\/tr>\r\n\t\t\t\t<tr>\r\n\t\t\t\t\t<td><\/td>\r\n\t\t\t\t\t<td>M\u00e1x. Par S1 \/ S6<\/td>\r\n\t\t\t\t\t<td>49,7 \/ 64,6 Nm<\/td>\r\n\t\t\t\t<\/tr>\r\n\t\t\t\t<tr>\r\n\t\t\t\t\t<td><\/td>\r\n\t\t\t\t\t<td>M\u00e1x. Velocidad<\/td>\r\n\t\t\t\t\t<td>8.000 rpm<\/td>\r\n\t\t\t\t<\/tr>\r\n\t\t\t\t<tr>\r\n\t\t\t\t\t<td><strong><\/strong><\/td>\r\n\t\t\t\t\t<td>Portaherramientas<\/td>\r\n\t\t\t\t\t<td>HSK 63 mm<\/td>\r\n\t\t\t\t<\/tr>\r\n\t\t\t\t<tr>\r\n\t\t\t\t\t<td><strong>Mesa redonda<\/strong><\/td>\r\n\t\t\t\t\t<td>Di\u00e1metro<\/td>\r\n\t\t\t\t\t<td>1.250 mm<\/td>\r\n\t\t\t\t<\/tr>\r\n\t\t\t\t<tr>\r\n\t\t\t\t\t<td><strong><\/strong><\/td>\r\n\t\t\t\t\t<td>M\u00e1x. Velocidad<\/td>\r\n\t\t\t\t\t<td>5 rpm<\/td>\r\n\t\t\t\t<\/tr>\r\n\t\t\t\t<tr>\r\n\t\t\t\t\t<td><strong>Pieza de trabajo <\/strong><\/td>\r\n\t\t\t\t\t<td>Di\u00e1metro exterior<\/td>\r\n\t\t\t\t\t<td>780 - 1.500 mm<\/td>\r\n\t\t\t\t<\/tr>\r\n\t\t\t\t<tr>\r\n\t\t\t\t\t<td><strong><\/strong><\/td>\r\n\t\t\t\t\t<td>Di\u00e1metro del c\u00edrculo primitivo<\/td>\r\n\t\t\t\t\t<td>510 - 1.450 mm<\/td>\r\n\t\t\t\t<\/tr>\r\n\t\t\t\t<tr>\r\n\t\t\t\t\t<td><\/td>\r\n\t\t\t\t\t<td>M\u00e1x. Peso<\/td>\r\n\t\t\t\t\t<td>1.500 kg<\/td>\r\n\t\t\t\t<\/tr>\r\n\t\t\t\t<tr>\r\n\t\t\t\t\t<td><strong>Dimensiones <\/strong><\/td>\r\n\t\t\t\t\t<td>Requisitos de instalaci\u00f3n<\/td>\r\n\t\t\t\t\t<td>10,4 x 6,2 x 4,3 m<\/td>\r\n\t\t\t\t<\/tr>\r\n\t\t\t\t<tr>\r\n\t\t\t\t\t<td><strong> <\/strong><\/td>\r\n\t\t\t\t\t<td>Peso total<\/td>\r\n\t\t\t\t\t<td>62.000 kg<\/td>\r\n\t\t\t\t<\/tr>\r\n\t\t\t<\/tbody>\r\n\t\t<\/table>\r\n\r\n\t\t\r\n\t\t\r\n\t\t\t<a href=\"https:\/\/www.elha.de\/wp-content\/uploads\/spx-5207-en.pdf\" target=\"_blank\" class=\"btn\" rel=\"noopener noreferrer\">Descripci\u00f3n del sistema<\/a>\r\n\t\t\r\n\t<\/div>\r\n<\/div>\r\n\r\n\r\n\r\n<div class=\"columns\">\r\n\t<div class=\"column col-6 col-md-12\">\r\n\t\t<div class=\"elha-youtube-lightbox\"><a href=\"https:\/\/www.youtube-nocookie.com\/embed\/fsx4Lmdaxeo\" class=\"lightbox\" rel=\"nofollow noopener\" target=\"_blank\"><img decoding=\"async\" src=\"https:\/\/www.elha.de\/wp-content\/uploads\/spx-5207-video.jpg\" alt=\"\"><\/a><span>Acepta la transmisi\u00f3n de datos a YouTube y reproduce el v\u00eddeo - <a href=\"https:\/\/www.elha.de\/es\/declaracion-de-proteccion-de-datos\/\">Pol\u00edtica de privacidad<\/a><\/span><\/div>\r\n\r\n\t\t<a href=\"https:\/\/www.elha.de\/wp-content\/uploads\/spx-5207-6-spindel-tiefloch-bohr-bearbeitungszentrum2.jpg\" class=\"lightbox elha-image-lightbox mt-3 mb-3\">\r\n\t\t\t<img decoding=\"async\" src=\"https:\/\/www.elha.de\/wp-content\/uploads\/spx-5207-6-spindel-tiefloch-bohr-bearbeitungszentrum2-460x307.jpg\" alt=\"SPX 5207 01\">\r\n\t\t<\/a>\r\n\t<\/div>\r\n\r\n\t<div class=\"column col-6 col-md-8\">\r\n\t\t<a href=\"https:\/\/www.elha.de\/wp-content\/uploads\/spx-5207-6-spindel-tiefloch-bohr-bearbeitungszentrum.jpg\" class=\"lightbox elha-image-lightbox\">\r\n\t\t\t<img decoding=\"async\" src=\"https:\/\/www.elha.de\/wp-content\/uploads\/spx-5207-6-spindel-tiefloch-bohr-bearbeitungszentrum-665x940.jpg\" alt=\"SPX 5207 02\">\r\n\t\t<\/a>\r\n\t<\/div>\r\n<\/div>","protected":false},"excerpt":{"rendered":"<p>\t\tLa m\u00e1quina es adecuada para el taladrado horizontal profundo con 6 husillos de orificios situados en c\u00edrculos de pernos. Para ello, las unidades de trabajo de husillo motorizadas est\u00e1n dispuestas a 6x 60\u00b0 sobre una placa base y<\/p>","protected":false},"author":1,"featured_media":6832,"parent":1653,"menu_order":1,"comment_status":"closed","ping_status":"closed","template":"","meta":{"footnotes":""},"class_list":["post-5024","page","type-page","status-publish","has-post-thumbnail","hentry"],"blocksy_meta":{"styles_descriptor":{"styles":{"desktop":"","tablet":"","mobile":""},"google_fonts":[],"version":6}},"_links":{"self":[{"href":"https:\/\/www.elha.de\/es\/wp-json\/wp\/v2\/pages\/5024","targetHints":{"allow":["GET"]}}],"collection":[{"href":"https:\/\/www.elha.de\/es\/wp-json\/wp\/v2\/pages"}],"about":[{"href":"https:\/\/www.elha.de\/es\/wp-json\/wp\/v2\/types\/page"}],"author":[{"embeddable":true,"href":"https:\/\/www.elha.de\/es\/wp-json\/wp\/v2\/users\/1"}],"replies":[{"embeddable":true,"href":"https:\/\/www.elha.de\/es\/wp-json\/wp\/v2\/comments?post=5024"}],"version-history":[{"count":0,"href":"https:\/\/www.elha.de\/es\/wp-json\/wp\/v2\/pages\/5024\/revisions"}],"up":[{"embeddable":true,"href":"https:\/\/www.elha.de\/es\/wp-json\/wp\/v2\/pages\/1653"}],"wp:featuredmedia":[{"embeddable":true,"href":"https:\/\/www.elha.de\/es\/wp-json\/wp\/v2\/media\/6832"}],"wp:attachment":[{"href":"https:\/\/www.elha.de\/es\/wp-json\/wp\/v2\/media?parent=5024"}],"curies":[{"name":"wp","href":"https:\/\/api.w.org\/{rel}","templated":true}]}}