{"id":5093,"date":"2016-06-22T13:25:42","date_gmt":"2016-06-22T11:25:42","guid":{"rendered":"https:\/\/www.elha.de\/?page_id=5093"},"modified":"2025-02-27T10:54:19","modified_gmt":"2025-02-27T09:54:19","slug":"taladradora-de-carriles-spx-5134","status":"publish","type":"page","link":"https:\/\/www.elha.de\/es\/maschinen\/sondermaschinen\/spx-5134-schienenbohranlage\/","title":{"rendered":"SPX 5134 - Taladradora de ra\u00edles"},"content":{"rendered":"<div class=\"columns\">\r\n\t<div class=\"column col-6 col-md-12\">\r\n\t\t<p>Esta m\u00e1quina es adecuada para taladrar y biselar por ambos lados perfiles de carril de diversas formas y dimensiones. El taladrado se realiza con una unidad de 2 ejes orientable \u00b115\u00b0. Esta unidad est\u00e1 equipada con un cambiador de herramientas adicional de 6 posiciones. El biselado posterior de los taladros se realiza con una unidad de 2 ejes no orientable en el lado opuesto.<\/p>\r\n\r\n\t\t<p>La m\u00e1quina se equip\u00f3 con un software patentado para poder producir chaflanes uniformes en ambos lados a pesar de las grandes tolerancias de la pieza. Este programa permite realizar chaflanes con una tolerancia de \u00b10,3 mm.<\/p>\r\n\r\n\t\t<p>El almac\u00e9n de alimentaci\u00f3n situado junto a la m\u00e1quina puede alojar hasta 10 carriles. Un transportador de rodillos de alimentaci\u00f3n transporta a la m\u00e1quina carriles de piezas en bruto con una longitud de hasta 15 metros. La m\u00e1quina est\u00e1 equipada con un dispositivo de posicionamiento de carriles controlado por CNC para posicionar con precisi\u00f3n los carriles. Una vez procesados, los ra\u00edles acabados se recogen en un almac\u00e9n de descarga.<\/p>\r\n\r\n\t\t<a href=\"https:\/\/www.elha.de\/wp-content\/uploads\/spx-5134-zeichnung.png\" class=\"lightbox elha-image-lightbox mb-3\">\r\n\t\t\t<img decoding=\"async\" src=\"https:\/\/www.elha.de\/wp-content\/uploads\/spx-5134-zeichnung-460x338.png\" alt=\"SPX 5134 dibujo\">\r\n\t\t<\/a>\r\n\t<\/div>\r\n\r\n\t<div class=\"column col-6 col-md-12\">\r\n\t\t<table class=\"mb-4\">\r\n\t\t\t<thead>\r\n\t\t\t\t<tr>\r\n\t\t\t\t\t<th colspan=\"3\">Datos t\u00e9cnicos<\/th>\r\n\t\t\t\t<\/tr>\r\n\t\t\t<\/thead>\r\n\t\t\t<tbody>\r\n\t\t\t\t<tr>\r\n\t\t\t\t\t<td><strong>Distancias de desplazamiento<\/strong><\/td>\r\n\t\t\t\t\t<td>Ejes Y<\/td>\r\n\t\t\t\t\t<td>100 mm<\/td>\r\n\t\t\t\t<\/tr>\r\n\t\t\t\t<tr>\r\n\t\t\t\t\t<td><\/td>\r\n\t\t\t\t\t<td>Ejes Z<\/td>\r\n\t\t\t\t\t<td>320 mm<\/td>\r\n\t\t\t\t<\/tr>\r\n\t\t\t\t<tr>\r\n\t\t\t\t\t<td><\/td>\r\n\t\t\t\t\t<td>Transporte ferroviario<\/td>\r\n\t\t\t\t\t<td>18.000 mm<\/td>\r\n\t\t\t\t<\/tr>\r\n\t\t\t\t<tr>\r\n\t\t\t\t\t<td><\/td>\r\n\t\t\t\t\t<td>Revista de herramientas<\/td>\r\n\t\t\t\t\t<td>450 mm<\/td>\r\n\t\t\t\t<\/tr>\r\n\t\t\t\t<tr>\r\n\t\t\t\t\t<td><\/td>\r\n\t\t\t\t\t<td>Gama giratoria<\/td>\r\n\t\t\t\t\t<td>\u00b115\u00b0<\/td>\r\n\t\t\t\t<\/tr>\r\n\t\t\t\t<tr>\r\n\t\t\t\t\t<td><strong>Avances <\/strong><\/td>\r\n\t\t\t\t\t<td>M\u00e1x. Velocidad m\u00e1xima<\/td>\r\n\t\t\t\t\t<td>30 m\/min<\/td>\r\n\t\t\t\t<\/tr>\r\n\t\t\t\t<tr>\r\n\t\t\t\t\t<td><\/td>\r\n\t\t\t\t\t<td>Transporte ferroviario<\/td>\r\n\t\t\t\t\t<td>10 m\/min<\/td>\r\n\t\t\t\t<\/tr>\r\n\t\t\t\t<tr>\r\n\t\t\t\t\t<td><strong>Accionamiento principal<\/strong><\/td>\r\n\t\t\t\t\t<td>Max. Potencia S1 \/ S6<\/td>\r\n\t\t\t\t\t<td>20 \/ 25 kW<\/td>\r\n\t\t\t\t<\/tr>\r\n\t\t\t\t<tr>\r\n\t\t\t\t\t<td><\/td>\r\n\t\t\t\t\t<td>M\u00e1x. Velocidad<\/td>\r\n\t\t\t\t\t<td>4.000 rpm<\/td>\r\n\t\t\t\t<\/tr>\r\n\t\t\t\t<tr>\r\n\t\t\t\t\t<td><\/td>\r\n\t\t\t\t\t<td>Portaherramientas<\/td>\r\n\t\t\t\t\t<td>SK 50<\/td>\r\n\t\t\t\t<\/tr>\r\n\t\t\t\t<tr>\r\n\t\t\t\t\t<td><strong>Revista de herramientas <\/strong><\/td>\r\n\t\t\t\t\t<td>Lugares de trabajo<\/td>\r\n\t\t\t\t\t<td>6<\/td>\r\n\t\t\t\t<\/tr>\r\n\t\t\t\t<tr>\r\n\t\t\t\t\t<td><\/td>\r\n\t\t\t\t\t<td>M\u00e1x. Longitud de la herramienta<\/td>\r\n\t\t\t\t\t<td>230 mm<\/td>\r\n\t\t\t\t<\/tr>\r\n\t\t\t\t<tr>\r\n\t\t\t\t\t<td><\/td>\r\n\t\t\t\t\t<td>M\u00e1x. Di\u00e1metro de la herramienta<\/td>\r\n\t\t\t\t\t<td>60 mm<\/td>\r\n\t\t\t\t<\/tr>\r\n\t\t\t\t<tr>\r\n\t\t\t\t\t<td><strong>Revista Parts<\/strong><\/td>\r\n\t\t\t\t\t<td>Longitud de la pieza<\/td>\r\n\t\t\t\t\t<td>1.000-15.000 mm<\/td>\r\n\t\t\t\t<\/tr>\r\n\t\t\t\t<tr>\r\n\t\t\t\t\t<td><strong> <\/strong><\/td>\r\n\t\t\t\t\t<td>Anchura de superposici\u00f3n<\/td>\r\n\t\t\t\t\t<td>2.500 mm<\/td>\r\n\t\t\t\t<\/tr>\r\n\t\t\t\t<tr>\r\n\t\t\t\t\t<td><strong><\/strong><\/td>\r\n\t\t\t\t\t<td>Velocidad de transporte<\/td>\r\n\t\t\t\t\t<td>6 m\/min<\/td>\r\n\t\t\t\t<\/tr>\r\n\t\t\t\t<tr>\r\n\t\t\t\t\t<td><strong>Dimensiones <\/strong><\/td>\r\n\t\t\t\t\t<td>Requisitos de instalaci\u00f3n<\/td>\r\n\t\t\t\t\t<td>37,2 x 6,7 x 3,0 m<\/td>\r\n\t\t\t\t<\/tr>\r\n\t\t\t\t<tr>\r\n\t\t\t\t\t<td><strong> <\/strong><\/td>\r\n\t\t\t\t\t<td>Peso total<\/td>\r\n\t\t\t\t\t<td>37.500 kg<\/td>\r\n\t\t\t\t<\/tr>\r\n\t\t\t<\/tbody>\r\n\t\t<\/table>\r\n\r\n\t\t\r\n\t\t\r\n\t\t\t<a href=\"https:\/\/www.elha.de\/wp-content\/uploads\/spx-5134-en.pdf\" target=\"_blank\" class=\"btn\" rel=\"noopener\">Descripci\u00f3n del sistema<\/a>\r\n\t\t\r\n\t<\/div>\r\n<\/div>\r\n\r\n\r\n\r\n<div class=\"columns\">\r\n\t<div class=\"column col-6\">\r\n\t\t<a href=\"https:\/\/www.elha.de\/wp-content\/uploads\/spx-5134-schienenbohranlage.jpg\" class=\"lightbox elha-image-lightbox\">\r\n\t\t\t<img decoding=\"async\" src=\"https:\/\/www.elha.de\/wp-content\/uploads\/spx-5134-schienenbohranlage-460x345.jpg\" alt=\"SPX 5134 01\">\r\n\t\t<\/a>\r\n\t<\/div>\r\n\r\n\t<div class=\"column col-6\">\r\n\t\t<a href=\"https:\/\/www.elha.de\/wp-content\/uploads\/spx-5134-arbeitseinheiten.jpg\" class=\"lightbox elha-image-lightbox\">\r\n\t\t\t<img decoding=\"async\" src=\"https:\/\/www.elha.de\/wp-content\/uploads\/spx-5134-arbeitseinheiten-460x345.jpg\" alt=\"SPX 5134 02\">\r\n\t\t<\/a>\r\n\t<\/div>\r\n<\/div>","protected":false},"excerpt":{"rendered":"<p>\t\tEsta m\u00e1quina es adecuada para taladrar y biselar por ambos lados perfiles de carril de diversas formas y dimensiones. El taladrado se realiza con una unidad de 2 ejes orientable \u00b115\u00b0.<\/p>","protected":false},"author":1,"featured_media":5103,"parent":1653,"menu_order":4,"comment_status":"closed","ping_status":"closed","template":"","meta":{"footnotes":""},"class_list":["post-5093","page","type-page","status-publish","has-post-thumbnail","hentry"],"blocksy_meta":{"styles_descriptor":{"styles":{"desktop":"","tablet":"","mobile":""},"google_fonts":[],"version":6}},"_links":{"self":[{"href":"https:\/\/www.elha.de\/es\/wp-json\/wp\/v2\/pages\/5093","targetHints":{"allow":["GET"]}}],"collection":[{"href":"https:\/\/www.elha.de\/es\/wp-json\/wp\/v2\/pages"}],"about":[{"href":"https:\/\/www.elha.de\/es\/wp-json\/wp\/v2\/types\/page"}],"author":[{"embeddable":true,"href":"https:\/\/www.elha.de\/es\/wp-json\/wp\/v2\/users\/1"}],"replies":[{"embeddable":true,"href":"https:\/\/www.elha.de\/es\/wp-json\/wp\/v2\/comments?post=5093"}],"version-history":[{"count":0,"href":"https:\/\/www.elha.de\/es\/wp-json\/wp\/v2\/pages\/5093\/revisions"}],"up":[{"embeddable":true,"href":"https:\/\/www.elha.de\/es\/wp-json\/wp\/v2\/pages\/1653"}],"wp:featuredmedia":[{"embeddable":true,"href":"https:\/\/www.elha.de\/es\/wp-json\/wp\/v2\/media\/5103"}],"wp:attachment":[{"href":"https:\/\/www.elha.de\/es\/wp-json\/wp\/v2\/media?parent=5093"}],"curies":[{"name":"wp","href":"https:\/\/api.w.org\/{rel}","templated":true}]}}