{"id":5107,"date":"2016-06-22T13:40:03","date_gmt":"2016-06-22T11:40:03","guid":{"rendered":"https:\/\/www.elha.de\/?page_id=5107"},"modified":"2025-02-27T10:55:44","modified_gmt":"2025-02-27T09:55:44","slug":"centro-de-mecanizado-de-mesa-planetaria-spx-4979","status":"publish","type":"page","link":"https:\/\/www.elha.de\/es\/maschinen\/sondermaschinen\/spx-4979-planetentisch-bearbeitungszentrum\/","title":{"rendered":"SPX 4979 - Centro de mecanizado de mesa planetaria"},"content":{"rendered":"<div class=\"columns\">\r\n\t<div class=\"column col-6 col-sm-12\">\r\n\t\t<p>La m\u00e1quina es adecuada para mecanizar consolas de tren de rodaje izquierdas o derechas de fundici\u00f3n en fr\u00edo de aluminio en una sola operaci\u00f3n de sujeci\u00f3n. Mecanizado de 5 caras sujetando las piezas en mesas planetarias CNC. Carga y descarga autom\u00e1ticas con un cargador de p\u00f3rtico CNC de 2 ejes. Almacenamiento de piezas en cinta transportadora acumuladora.<\/p>\r\n\r\n\t\t<table class=\"mb-4\">\r\n\t\t\t<thead>\r\n\t\t\t\t<tr>\r\n\t\t\t\t\t<th colspan=\"2\">Datos t\u00e9cnicos<\/th>\r\n\t\t\t\t<\/tr>\r\n\t\t\t<\/thead>\r\n\r\n\t\t\t<tbody>\r\n\t\t\t\t<tr>\r\n\t\t\t\t\t<td>Mesa redonda b\u00e1sica<\/td>\r\n\t\t\t\t\t<td>\u2205 1.800 mm<\/td>\r\n\t\t\t\t<\/tr>\r\n\t\t\t\t<tr>\r\n\t\t\t\t\t<td>Mesas planetarias<\/td>\r\n\t\t\t\t\t<td>\u2205 400 mm (x5)<\/td>\r\n\t\t\t\t<\/tr>\r\n\t\t\t\t<tr>\r\n\t\t\t\t\t<td>Divisi\u00f3n de la tabla planetaria<\/td>\r\n\t\t\t\t\t<td>360 x 1\u00b0<\/td>\r\n\t\t\t\t<\/tr>\r\n\t\t\t\t<tr>\r\n\t\t\t\t\t<td>N\u00famero de unidades con torreta<\/td>\r\n\t\t\t\t\t<td>3<\/td>\r\n\t\t\t\t<\/tr>\r\n\t\t\t\t<tr>\r\n\t\t\t\t\t<td>N\u00famero de unidades con MSK<\/td>\r\n\t\t\t\t\t<td>1<\/td>\r\n\t\t\t\t<\/tr>\r\n\t\t\t\t<tr>\r\n\t\t\t\t\t<td>Capacidad total instalada <\/td>\r\n\t\t\t\t\t<td>200 KVA<\/td>\r\n\t\t\t\t<\/tr>\r\n\t\t\t\t<tr>\r\n\t\t\t\t\t<td>Necesidad total de instalaci\u00f3n<\/td>\r\n\t\t\t\t\t<td>12,0 x 10,0 m<\/td>\r\n\t\t\t\t<\/tr>\r\n\t\t\t<\/tbody>\r\n\t\t<\/table>\r\n\r\n\t\t\r\n\t<\/div>\r\n\r\n\t<div class=\"column col-6 col-sm-12\">\r\n\t\t<a href=\"https:\/\/www.elha.de\/wp-content\/uploads\/spx-4979-zeichnung.png\" class=\"lightbox elha-image-lightbox\">\r\n\t\t\t<img decoding=\"async\" src=\"https:\/\/www.elha.de\/wp-content\/uploads\/spx-4979-zeichnung-811x940.png\" alt=\"SPX 4979 dibujo\">\r\n\t\t<\/a>\r\n\t<\/div>\r\n<\/div>\r\n\r\n\r\n\r\n<div class=\"columns mb-0\">\r\n\t<div class=\"column col-6 mb-3\">\r\n\t\t<a href=\"https:\/\/www.elha.de\/wp-content\/uploads\/spx-4979-planetentisch-bearbeitungszentrum.jpg\" class=\"lightbox elha-image-lightbox\">\r\n\t\t\t<img decoding=\"async\" src=\"https:\/\/www.elha.de\/wp-content\/uploads\/spx-4979-planetentisch-bearbeitungszentrum-460x345.jpg\" alt=\"SPX 4979 01\">\r\n\t\t<\/a>\r\n\t<\/div>\r\n\r\n\t<div class=\"column col-6 mb-3\">\r\n\t\t<a href=\"https:\/\/www.elha.de\/wp-content\/uploads\/spx-4979-revolver-spannvorrichtung.jpg\" class=\"lightbox elha-image-lightbox\">\r\n\t\t\t<img decoding=\"async\" src=\"https:\/\/www.elha.de\/wp-content\/uploads\/spx-4979-revolver-spannvorrichtung-460x345.jpg\" alt=\"SPX 4979 04\">\r\n\t\t<\/a>\r\n\t<\/div>\r\n\r\n\t<div class=\"column col-6 mb-3\">\r\n\t\t<a href=\"https:\/\/www.elha.de\/wp-content\/uploads\/spx-4979-einheit-mehrspindelkopf.jpg\" class=\"lightbox elha-image-lightbox\">\r\n\t\t\t<img decoding=\"async\" src=\"https:\/\/www.elha.de\/wp-content\/uploads\/spx-4979-einheit-mehrspindelkopf-705x940.jpg\" alt=\"SPX 4979 02\">\r\n\t\t<\/a>\r\n\t<\/div>\r\n\r\n\t<div class=\"column col-6 mb-3\">\r\n\t\t<a href=\"https:\/\/www.elha.de\/wp-content\/uploads\/spx-4979-einheit-revolver.jpg\" class=\"lightbox elha-image-lightbox\">\r\n\t\t\t<img decoding=\"async\" src=\"https:\/\/www.elha.de\/wp-content\/uploads\/spx-4979-einheit-revolver-705x940.jpg\" alt=\"SPX 4979 03\">\r\n\t\t<\/a>\r\n\t<\/div>\r\n<\/div>","protected":false},"excerpt":{"rendered":"<p>\t\tLa m\u00e1quina es adecuada para mecanizar consolas de tren de rodaje izquierdas o derechas de fundici\u00f3n en fr\u00edo de aluminio en una sola operaci\u00f3n de sujeci\u00f3n. Mecanizado de 5 caras sujetando las piezas en mesas planetarias CNC. Carga autom\u00e1tica<\/p>","protected":false},"author":1,"featured_media":5118,"parent":1653,"menu_order":5,"comment_status":"closed","ping_status":"closed","template":"","meta":{"footnotes":""},"class_list":["post-5107","page","type-page","status-publish","has-post-thumbnail","hentry"],"blocksy_meta":{"styles_descriptor":{"styles":{"desktop":"","tablet":"","mobile":""},"google_fonts":[],"version":6}},"_links":{"self":[{"href":"https:\/\/www.elha.de\/es\/wp-json\/wp\/v2\/pages\/5107","targetHints":{"allow":["GET"]}}],"collection":[{"href":"https:\/\/www.elha.de\/es\/wp-json\/wp\/v2\/pages"}],"about":[{"href":"https:\/\/www.elha.de\/es\/wp-json\/wp\/v2\/types\/page"}],"author":[{"embeddable":true,"href":"https:\/\/www.elha.de\/es\/wp-json\/wp\/v2\/users\/1"}],"replies":[{"embeddable":true,"href":"https:\/\/www.elha.de\/es\/wp-json\/wp\/v2\/comments?post=5107"}],"version-history":[{"count":0,"href":"https:\/\/www.elha.de\/es\/wp-json\/wp\/v2\/pages\/5107\/revisions"}],"up":[{"embeddable":true,"href":"https:\/\/www.elha.de\/es\/wp-json\/wp\/v2\/pages\/1653"}],"wp:featuredmedia":[{"embeddable":true,"href":"https:\/\/www.elha.de\/es\/wp-json\/wp\/v2\/media\/5118"}],"wp:attachment":[{"href":"https:\/\/www.elha.de\/es\/wp-json\/wp\/v2\/media?parent=5107"}],"curies":[{"name":"wp","href":"https:\/\/api.w.org\/{rel}","templated":true}]}}