{"id":5367,"date":"2017-01-25T11:12:03","date_gmt":"2017-01-25T10:12:03","guid":{"rendered":"https:\/\/www.elha.de\/?page_id=5367"},"modified":"2024-01-12T14:14:28","modified_gmt":"2024-01-12T13:14:28","slug":"eventos","status":"publish","type":"page","link":"https:\/\/www.elha.de\/es\/aktuelles\/events\/","title":{"rendered":"Eventos"},"content":{"rendered":"<!--more-->\n\n\n\n<div class=\"columns\"><div class=\"column col-6 mb-3\"><a href=\"https:\/\/www.elha.de\/es\/events\/jimtof-2026\/\" class=\"elha-image-link border\"><img loading=\"lazy\" decoding=\"async\" width=\"396\" height=\"222\" src=\"https:\/\/www.elha.de\/wp-content\/uploads\/JIMTOF2026-1.jpg\" class=\"attachment-cropimage size-cropimage wp-post-image\" alt=\"\" srcset=\"https:\/\/www.elha.de\/wp-content\/uploads\/JIMTOF2026-1.jpg 396w, https:\/\/www.elha.de\/wp-content\/uploads\/JIMTOF2026-1-18x10.jpg 18w, https:\/\/www.elha.de\/wp-content\/uploads\/JIMTOF2026-1-200x112.jpg 200w\" sizes=\"auto, (max-width: 396px) 100vw, 396px\" \/><\/a><div class=\"text-bold mt-1 mb-1\" style=\"font-size:20px;\"><a href=\"https:\/\/www.elha.de\/es\/events\/jimtof-2026\/\">JIMTOF 2026<\/a><\/div><div>\nFecha: 26 - 31 octubre 2026<br>Ubicaci\u00f3n: Tokio (Jap\u00f3n) <br>Estado: desconocido<br>https:\/\/www.jimtof.org\/en\/\n\n\n\n\n<\/div><\/div><div class=\"column col-6 mb-3\"><a href=\"https:\/\/www.elha.de\/es\/events\/amb-2026\/\" class=\"elha-image-link border\"><img loading=\"lazy\" decoding=\"async\" width=\"460\" height=\"307\" src=\"https:\/\/www.elha.de\/wp-content\/uploads\/logo-messe-amb.png\" class=\"attachment-cropimage size-cropimage wp-post-image\" alt=\"\" \/><\/a><div class=\"text-bold mt-1 mb-1\" style=\"font-size:20px;\"><a href=\"https:\/\/www.elha.de\/es\/events\/amb-2026\/\">AMB 2026<\/a><\/div><div>\nFecha: del 15 al 19 de septiembre de 2026<br>Lugar: Stuttgart<br>Stand: 10C71<br>https:\/\/www.messe-stuttgart.de\/amb\/\n\n\n\n\n\n\n\n\n<\/div><\/div><\/div>\n\n<h2>Eventos anteriores...<\/h2>\n\n<div class=\"columns\"><div class=\"column col-3 col-md-6\"><a href=\"https:\/\/www.elha.de\/es\/events\/biemh-2026\/\" class=\"elha-image-link border\"><img loading=\"lazy\" decoding=\"async\" width=\"460\" height=\"307\" src=\"https:\/\/www.elha.de\/wp-content\/uploads\/biemh-460x307.png\" class=\"attachment-cropimage size-cropimage wp-post-image\" alt=\"\" \/><\/a><div class=\"text-bold mt-1 mb-1\" style=\"font-size:20px;\"><a href=\"https:\/\/www.elha.de\/es\/events\/biemh-2026\/\">BIEMH 2026<\/a><\/div><div>\nFecha: 02-06 marzo 2026<br>Lugar: Bilbao (Espa\u00f1a)<br>Estado: 1 A-04<br>https:\/\/biemh.bilbaoexhibitioncentre.com\/en\/\n\n\n\n\n\n\n\n\n<\/div><\/div><div class=\"column col-3 col-md-6\"><a href=\"https:\/\/www.elha.de\/es\/events\/cimt-2025\/\" class=\"elha-image-link border\"><img loading=\"lazy\" decoding=\"async\" width=\"460\" height=\"307\" src=\"https:\/\/www.elha.de\/wp-content\/uploads\/logo-messe-cimt.jpg\" class=\"attachment-cropimage size-cropimage wp-post-image\" alt=\"\" \/><\/a><div class=\"text-bold mt-1 mb-1\" style=\"font-size:20px;\"><a href=\"https:\/\/www.elha.de\/es\/events\/cimt-2025\/\">CIMT 2025<\/a><\/div><div>\n\n\n\n\nUn a\u00f1o m\u00e1s, participamos en la CIMT de Pek\u00edn, China, con nuestro representante Rieckermann. Del 21.04. al 24.04. estuvimos en la<\/div><\/div><div class=\"column col-3 col-md-6\"><a href=\"https:\/\/www.elha.de\/es\/events\/emo-2025\/\" class=\"elha-image-link border\"><img loading=\"lazy\" decoding=\"async\" width=\"460\" height=\"307\" src=\"https:\/\/www.elha.de\/wp-content\/uploads\/logo-messe-emo.png\" class=\"attachment-cropimage size-cropimage wp-post-image\" alt=\"\" \/><\/a><div class=\"text-bold mt-1 mb-1\" style=\"font-size:20px;\"><a href=\"https:\/\/www.elha.de\/es\/events\/emo-2025\/\">EMO 2025<\/a><\/div><div>\n\n\n\n\nELHA en la EMO 2025 de Hannover\n\n\n\n22-26 de septiembre de 2025 \/ Producci\u00f3n que se adapta, no al rev\u00e9s.\n\n\n\nEn la EMO 2025 podr\u00e1 experimentar c\u00f3mo ELHA-Maschinenbau desarrolla conceptos de m\u00e1quinas<\/div><\/div><div class=\"column col-3 col-md-6\"><a href=\"https:\/\/www.elha.de\/es\/events\/ila-2024\/\" class=\"elha-image-link border\"><img loading=\"lazy\" decoding=\"async\" width=\"460\" height=\"307\" src=\"https:\/\/www.elha.de\/wp-content\/uploads\/ILA_2022_Logo_sRGB_web_positiv_blau_0-460x307.png\" class=\"attachment-cropimage size-cropimage wp-post-image\" alt=\"\" \/><\/a><div class=\"text-bold mt-1 mb-1\" style=\"font-size:20px;\"><a href=\"https:\/\/www.elha.de\/es\/events\/ila-2024\/\">ILA 2024<\/a><\/div><div>\nFecha: 05-09 junio 2024 <br>Ubicaci\u00f3n: Berl\u00edn (Alemania) <br>Stand: Pabell\u00f3n ILA 6, Stand 365 <br>https:\/\/www.ila-berlin.de\/de\n\n\n\n\n<\/div><\/div><\/div>\n\n\n\n<p><\/p>","protected":false},"excerpt":{"rendered":"<p>Fecha: 05-09 junio 2024 <br \/>Ubicaci\u00f3n: Berl\u00edn (Alemania) <br \/>Stand: Pabell\u00f3n ILA 6, Stand 365 <br \/>https:\/\/www.ila-berlin.de\/de<\/p>","protected":false},"author":1,"featured_media":11847,"parent":113,"menu_order":0,"comment_status":"closed","ping_status":"closed","template":"","meta":{"footnotes":""},"class_list":["post-5367","page","type-page","status-publish","has-post-thumbnail","hentry"],"blocksy_meta":{"styles_descriptor":{"styles":{"desktop":"","tablet":"","mobile":""},"google_fonts":[],"version":6}},"_links":{"self":[{"href":"https:\/\/www.elha.de\/es\/wp-json\/wp\/v2\/pages\/5367","targetHints":{"allow":["GET"]}}],"collection":[{"href":"https:\/\/www.elha.de\/es\/wp-json\/wp\/v2\/pages"}],"about":[{"href":"https:\/\/www.elha.de\/es\/wp-json\/wp\/v2\/types\/page"}],"author":[{"embeddable":true,"href":"https:\/\/www.elha.de\/es\/wp-json\/wp\/v2\/users\/1"}],"replies":[{"embeddable":true,"href":"https:\/\/www.elha.de\/es\/wp-json\/wp\/v2\/comments?post=5367"}],"version-history":[{"count":0,"href":"https:\/\/www.elha.de\/es\/wp-json\/wp\/v2\/pages\/5367\/revisions"}],"up":[{"embeddable":true,"href":"https:\/\/www.elha.de\/es\/wp-json\/wp\/v2\/pages\/113"}],"wp:featuredmedia":[{"embeddable":true,"href":"https:\/\/www.elha.de\/es\/wp-json\/wp\/v2\/media\/11847"}],"wp:attachment":[{"href":"https:\/\/www.elha.de\/es\/wp-json\/wp\/v2\/media?parent=5367"}],"curies":[{"name":"wp","href":"https:\/\/api.w.org\/{rel}","templated":true}]}}