{"id":5574,"date":"2016-11-25T09:03:56","date_gmt":"2016-11-25T08:03:56","guid":{"rendered":"https:\/\/www.elha.de\/?page_id=5574"},"modified":"2025-05-22T16:41:34","modified_gmt":"2025-05-22T14:41:34","slug":"aplicacion","status":"publish","type":"page","link":"https:\/\/www.elha.de\/es\/maschinen\/transferzentren\/anwendung\/","title":{"rendered":"FM SMART - Aplicaci\u00f3n"},"content":{"rendered":"<div class=\"columns\">\r\n\t<div class=\"column col-6 col-md-12\">\r\n\t\t<h2 class=\"text-size2\">Nuevo mecanizado multihusillo flexible y altamente productivo<\/h2>\r\n\t\t<p>\r\n\t\t\tELHA-MASCHINENBAU es conocido desde hace muchos a\u00f1os como l\u00edder del mercado de centros de transferencia de alta productividad, principalmente en el \u00e1mbito de la producci\u00f3n de autom\u00f3viles a gran escala. M\u00e1s de 350 unidades instaladas y con procesos en marcha documentan el \u00e9xito de este concepto.\r\n\t\t<\/p>\r\n\t\t<p>\r\n\t\t\tCon la serie FM SMART, ELHA ofrece una flexibilidad sin precedentes en el mecanizado multihusillo para centros de transferencia, por lo que representa una alternativa a los centros de mecanizado convencionales.\r\n\t\t<\/p>\r\n\t<\/div>\r\n\r\n\t<div class=\"column col-6 col-md-12\">\r\n\t\t<h2 class=\"text-size2\">Concepto ideal para:<\/h2>\r\n\t\t<ul>\r\n\t\t\t<li>Cantidades medias y altas<\/li>\r\n\t\t\t<li>Piezas peque\u00f1as y medianas<\/li>\r\n\t\t\t<li>Reequipamiento lo m\u00e1s r\u00e1pido posible<\/li>\r\n\t\t\t<li>Ideal para metales ligeros, aceros (inoxidables) y aleaciones fundidas y forjadas<\/li>\r\n\t\t<\/ul>\r\n\t<\/div>\r\n<\/div>\r\n\r\n\r\n\r\n\r\n\r\n\r\n\t<div class=\"elha-youtube-lightbox\"><a href=\"https:\/\/www.youtube-nocookie.com\/embed\/4OK5EEvEH00\" class=\"lightbox\" rel=\"nofollow noopener\" target=\"_blank\"><img decoding=\"async\" src=\"https:\/\/www.elha.de\/wp-content\/uploads\/fm-smart-video-vorschau.jpg\" alt=\"\"><\/a><span>Acepta la transmisi\u00f3n de datos a YouTube y reproduce el v\u00eddeo - <a href=\"https:\/\/www.elha.de\/es\/declaracion-de-proteccion-de-datos\/\">Pol\u00edtica de privacidad<\/a><\/span><\/div>\r\n\r\n\r\n\r\n\r\n<h2>Ejemplos de piezas<\/h2>\r\n\r\n<div class=\"columns\">\r\n\t<div class=\"column col-4 mb-4\">\r\n\t\t<img decoding=\"async\" src=\"https:\/\/www.elha.de\/wp-content\/uploads\/planetentraeger-460x307.jpg\" alt=\"Pieza - Portaplanetas\">\r\n\t\t<p class=\"mt-1 mb-1 text-size5\">Portaplanetas<\/p>\r\n\t\t<ul>\r\n\t\t\t<li>Acero<\/li>\r\n\t\t\t<li>Mecanizado completo en una posici\u00f3n de sujeci\u00f3n<\/li>\r\n\t\t\t<li>4 piezas al mismo tiempo<\/li>\r\n\t\t<\/ul>\r\n\t<\/div>\r\n\r\n\t<div class=\"column col-4 mb-4\">\r\n\t\t<img decoding=\"async\" src=\"https:\/\/www.elha.de\/wp-content\/uploads\/gelenkstueck-460x307.jpg\" alt=\"Pieza de trabajo - pieza de uni\u00f3n\">\r\n\t\t<p class=\"mt-1 mb-1 text-size5\">Pieza conjunta<\/p>\r\n\t\t<ul>\r\n\t\t\t<li>GGG 70<\/li>\r\n\t\t\t<li>Mecanizado completo en una posici\u00f3n de sujeci\u00f3n<\/li>\r\n\t\t\t<li>2 piezas al mismo tiempo<\/li>\r\n\t\t<\/ul>\r\n\t<\/div>\r\n\r\n\t<div class=\"column col-4 mb-4\">\r\n\t\t<img decoding=\"async\" src=\"https:\/\/www.elha.de\/wp-content\/uploads\/radflansch-460x307.jpg\" alt=\"Pieza de trabajo - pesta\u00f1a de la rueda\">\r\n\t\t<p class=\"mt-1 mb-1 text-size5\">Brida de rueda<\/p>\r\n\t\t<ul>\r\n\t\t\t<li>Fundici\u00f3n gris<\/li>\r\n\t\t\t<li>Mecanizado parcial en una posici\u00f3n de sujeci\u00f3n<\/li>\r\n\t\t\t<li>2 piezas al mismo tiempo<\/li>\r\n\t\t<\/ul>\r\n\t<\/div>\r\n\r\n\t<div class=\"column col-4 mb-4\">\r\n\t\t<img decoding=\"async\" src=\"https:\/\/www.elha.de\/wp-content\/uploads\/pumpengehaeuse-460x307.jpg\" alt=\"Pieza de trabajo - Carcasa de la bomba\">\r\n\t\t<p class=\"mt-1 mb-1 text-size5\">Carcasa de la bomba<\/p>\r\n\t\t<ul>\r\n\t\t\t<li>Aluminio fundido a presi\u00f3n<\/li>\r\n\t\t\t<li>Mecanizado completo en una posici\u00f3n de sujeci\u00f3n<\/li>\r\n\t\t\t<li>3 piezas de trabajo al mismo tiempo<\/li>\r\n\t\t<\/ul>\r\n\t<\/div>\r\n\r\n\t<div class=\"column col-4 mb-4\">\r\n\t\t<img decoding=\"async\" src=\"https:\/\/www.elha.de\/wp-content\/uploads\/lagergehaeuse-turbolader-460x307.jpg\" alt=\"Pieza de trabajo - Caja de cojinetes del turbocompresor\">\r\n\t\t<p class=\"mt-1 mb-1 text-size5\">Alojamiento del cojinete del turbocompresor<\/p>\r\n\t\t<ul>\r\n\t\t\t<li>Acero fundido<\/li>\r\n\t\t\t<li>Mecanizado parcial en una posici\u00f3n de sujeci\u00f3n<\/li>\r\n\t\t\t<li>3 piezas de trabajo al mismo tiempo<\/li>\r\n\t\t<\/ul>\r\n\t<\/div>\r\n\r\n\t<div class=\"column col-4 mb-4\">\r\n\t\t<img decoding=\"async\" src=\"https:\/\/www.elha.de\/wp-content\/uploads\/gehaeusedeckel-460x307.jpg\" alt=\"Pieza de trabajo - Tapa de la carcasa\">\r\n\t\t<p class=\"mt-1 mb-1 text-size5\">Culata<\/p>\r\n\t\t<ul>\r\n\t\t\t<li>Acero forjado<\/li>\r\n\t\t\t<li>Mecanizado completo en dos posiciones de sujeci\u00f3n<\/li>\r\n\t\t\t<li>4 piezas al mismo tiempo<\/li>\r\n\t\t<\/ul>\r\n\t<\/div>\r\n<\/div>\r\n\r\n\r\n\r\n<div class=\"clearfix\">\r\n\t<a href=\"https:\/\/www.elha.de\/es\/maquinas\/centros-de-transferencia\/especificaciones-del-concepto\/\" class=\"btn float-right\">p\u00e1gina siguiente &gt;<\/a>\r\n<\/div>\n\n\n\n<p><\/p>","protected":false},"excerpt":{"rendered":"<p>\t\tNuevo mecanizado multihusillo flexible y altamente productivo<\/p>\n<p>\t\t\tELHA-MASCHINENBAU es conocido desde hace muchos a\u00f1os como l\u00edder del mercado de centros de transferencia de alta productividad, principalmente en el \u00e1mbito de la producci\u00f3n de autom\u00f3viles a gran escala. M\u00e1s de 350 centros instalados<\/p>","protected":false},"author":1,"featured_media":7339,"parent":109,"menu_order":1,"comment_status":"closed","ping_status":"closed","template":"","meta":{"footnotes":""},"class_list":["post-5574","page","type-page","status-publish","has-post-thumbnail","hentry"],"blocksy_meta":{"styles_descriptor":{"styles":{"desktop":"","tablet":"","mobile":""},"google_fonts":[],"version":6}},"_links":{"self":[{"href":"https:\/\/www.elha.de\/es\/wp-json\/wp\/v2\/pages\/5574","targetHints":{"allow":["GET"]}}],"collection":[{"href":"https:\/\/www.elha.de\/es\/wp-json\/wp\/v2\/pages"}],"about":[{"href":"https:\/\/www.elha.de\/es\/wp-json\/wp\/v2\/types\/page"}],"author":[{"embeddable":true,"href":"https:\/\/www.elha.de\/es\/wp-json\/wp\/v2\/users\/1"}],"replies":[{"embeddable":true,"href":"https:\/\/www.elha.de\/es\/wp-json\/wp\/v2\/comments?post=5574"}],"version-history":[{"count":0,"href":"https:\/\/www.elha.de\/es\/wp-json\/wp\/v2\/pages\/5574\/revisions"}],"up":[{"embeddable":true,"href":"https:\/\/www.elha.de\/es\/wp-json\/wp\/v2\/pages\/109"}],"wp:featuredmedia":[{"embeddable":true,"href":"https:\/\/www.elha.de\/es\/wp-json\/wp\/v2\/media\/7339"}],"wp:attachment":[{"href":"https:\/\/www.elha.de\/es\/wp-json\/wp\/v2\/media?parent=5574"}],"curies":[{"name":"wp","href":"https:\/\/api.w.org\/{rel}","templated":true}]}}