{"id":5912,"date":"2016-11-28T10:23:15","date_gmt":"2016-11-28T09:23:15","guid":{"rendered":"https:\/\/www.elha.de\/?page_id=5912"},"modified":"2025-05-22T16:46:16","modified_gmt":"2025-05-22T14:46:16","slug":"equipos-perifericos","status":"publish","type":"page","link":"https:\/\/www.elha.de\/es\/maschinen\/transferzentren\/ausstattung-peripherie\/","title":{"rendered":"Equipos y perif\u00e9ricos"},"content":{"rendered":"<div class=\"columns\">\r\n\t<div class=\"column col-6 col-sm-12\">\r\n\t\t<p>\r\n\t\t\tElija entre una amplia gama de opciones de equipos perif\u00e9ricos y optimice el FM SMART para adaptarlo a sus necesidades.\r\n\t\t<\/p>\r\n\r\n\t\t<table class=\"mb-4\">\r\n\t\t\t<thead>\r\n\t\t\t\t<tr>\r\n\t\t\t\t\t<td class=\"blank\"><\/td>\r\n\t\t\t\t\t<td class=\"blank\">\r\n\t\t\t\t\t\t<img decoding=\"async\" src=\"https:\/\/www.elha.de\/wp-content\/uploads\/fm-smart-serie-1-frontal-337x460.png\" alt=\"FM SMART Serie 1 - sin paneles\">\r\n\t\t\t\t\t<\/td>\r\n\t\t\t\t\t<td class=\"blank\">\r\n\t\t\t\t\t\t<img decoding=\"async\" src=\"https:\/\/www.elha.de\/wp-content\/uploads\/fm-smart-serie-2-frontal-337x460.png\" alt=\"FM SMART Serie 2 - sin paneles\">\r\n\t\t\t\t\t<\/td>\r\n\t\t\t\t<\/tr>\r\n\r\n\t\t\t\t<tr>\r\n\t\t\t\t\t<th>SMART<\/th>\r\n\t\t\t\t\t<th>Serie 1<\/th>\r\n\t\t\t\t\t<th>Serie 2<\/th>\r\n\t\t\t\t<\/tr>\r\n\t\t\t<\/thead>\r\n\r\n\t\t\t<tbody>\r\n\t\t\t\t<tr class=\"dark\">\r\n\t\t\t\t\t<td>LUBRICACI\u00d3N REFRIGERANTE<\/td>\r\n\t\t\t\t\t<td><\/td>\r\n\t\t\t\t\t<td><\/td>\r\n\t\t\t\t<\/tr>\r\n\r\n\t\t\t\t<tr>\r\n\t\t\t\t\t<td>Sistema de refrigeraci\u00f3n, base KSS<\/td>\r\n\t\t\t\t\t<td>\u25cb<\/td>\r\n\t\t\t\t\t<td>\u25cb<\/td>\r\n\t\t\t\t<\/tr>\r\n\r\n\t\t\t\t<tr>\r\n\t\t\t\t\t<td>Sistema de refrigeraci\u00f3n, a base de aceite<\/td>\r\n\t\t\t\t\t<td>\u25cb<\/td>\r\n\t\t\t\t\t<td>\u25cb<\/td>\r\n\t\t\t\t<\/tr>\r\n\r\n\t\t\t\t<tr>\r\n\t\t\t\t\t<td>Bomba de alta presi\u00f3n de tama\u00f1o I o II<\/td>\r\n\t\t\t\t\t<td>\u25cb<\/td>\r\n\t\t\t\t\t<td>\u25cb<\/td>\r\n\t\t\t\t<\/tr>\r\n\r\n\t\t\t\t<tr>\r\n\t\t\t\t\t<td>Filtro doble<\/td>\r\n\t\t\t\t\t<td>\u25cb<\/td>\r\n\t\t\t\t\t<td>\u25cb<\/td>\r\n\t\t\t\t<\/tr>\r\n\r\n\t\t\t\t<tr>\r\n\t\t\t\t\t<td>Transportador de virutas<\/td>\r\n\t\t\t\t\t<td>\u25cb<\/td>\r\n\t\t\t\t\t<td>\u25cb<\/td>\r\n\t\t\t\t<\/tr>\r\n\r\n\t\t\t\t<tr>\r\n\t\t\t\t\t<td>Pistola de lavado<\/td>\r\n\t\t\t\t\t<td>\u25cb<\/td>\r\n\t\t\t\t\t<td>\u25cb<\/td>\r\n\t\t\t\t<\/tr>\r\n\r\n\t\t\t\t<tr class=\"dark\">\r\n\t\t\t\t\t<td>MEC\u00c1NICA<\/td>\r\n\t\t\t\t\t<td><\/td>\r\n\t\t\t\t\t<td><\/td>\r\n\t\t\t\t<\/tr>\r\n\r\n\t\t\t\t<tr>\r\n\t\t\t\t\t<td>Succi\u00f3n<\/td>\r\n\t\t\t\t\t<td>\u25cb<\/td>\r\n\t\t\t\t\t<td>\u25cb<\/td>\r\n\t\t\t\t<\/tr>\r\n\r\n\t\t\t\t<tr>\r\n\t\t\t\t\t<td>Herramientas para dispositivo de sujeci\u00f3n<\/td>\r\n\t\t\t\t\t<td>\u25cb<\/td>\r\n\t\t\t\t\t<td>\u25cb<\/td>\r\n\t\t\t\t<\/tr>\r\n\r\n\t\t\t\t<tr>\r\n\t\t\t\t\t<td>Preparaci\u00f3n para la unidad adicional<\/td>\r\n\t\t\t\t\t<td>X<\/td>\r\n\t\t\t\t\t<td>\u25cb<\/td>\r\n\t\t\t\t<\/tr>\r\n\r\n\t\t\t\t<tr>\r\n\t\t\t\t\t<td>Limpieza de conos<\/td>\r\n\t\t\t\t\t<td>\u25cb<\/td>\r\n\t\t\t\t\t<td>\u25cb<\/td>\r\n\t\t\t\t<\/tr>\r\n\r\n\t\t\t\t<tr>\r\n\t\t\t\t\t<td>Paquete de alta din\u00e1mica<\/td>\r\n\t\t\t\t\t<td>X<\/td>\r\n\t\t\t\t\t<td>\u25cb<\/td>\r\n\t\t\t\t<\/tr>\r\n\r\n\t\t\t\t<tr class=\"dark\">\r\n\t\t\t\t\t<td>AUTOMATIZACI\u00d3N<\/td>\r\n\t\t\t\t\t<td><\/td>\r\n\t\t\t\t\t<td><\/td>\r\n\t\t\t\t<\/tr>\r\n\r\n\t\t\t\t<tr>\r\n\t\t\t\t\t<td>Nivel I<\/td>\r\n\t\t\t\t\t<td>\u2b24<\/td>\r\n\t\t\t\t\t<td>\u2b24<\/td>\r\n\t\t\t\t<\/tr>\r\n\r\n\t\t\t\t<tr>\r\n\t\t\t\t\t<td>Nivel II (con transportador de acumulaci\u00f3n)<\/td>\r\n\t\t\t\t\t<td>\u25cb<\/td>\r\n\t\t\t\t\t<td>\u25cb<\/td>\r\n\t\t\t\t<\/tr>\r\n\r\n\t\t\t\t<tr class=\"dark\">\r\n\t\t\t\t\t<td>ELEKTRO \/ CNC<\/td>\r\n\t\t\t\t\t<td><\/td>\r\n\t\t\t\t\t<td><\/td>\r\n\t\t\t\t<\/tr>\r\n\r\n\t\t\t\t<tr>\r\n\t\t\t\t\t<td>Diagn\u00f3stico a distancia<\/td>\r\n\t\t\t\t\t<td>\u25cb<\/td>\r\n\t\t\t\t\t<td>\u25cb<\/td>\r\n\t\t\t\t<\/tr>\r\n\r\n\t\t\t\t<tr>\r\n\t\t\t\t\t<td>Control de la carga<\/td>\r\n\t\t\t\t\t<td>\u25cb<\/td>\r\n\t\t\t\t\t<td>\u25cb<\/td>\r\n\t\t\t\t<\/tr>\r\n\r\n\t\t\t\t<tr>\r\n\t\t\t\t\t<td>Tienda Molino<\/td>\r\n\t\t\t\t\t<td>\u25cb<\/td>\r\n\t\t\t\t\t<td>\u25cb<\/td>\r\n\t\t\t\t<\/tr>\r\n\r\n\t\t\t\t<tr>\r\n\t\t\t\t\t<td>m\u00e1quina virtual<\/td>\r\n\t\t\t\t\t<td>\u25cb<\/td>\r\n\t\t\t\t\t<td>\u25cb<\/td>\r\n\t\t\t\t<\/tr>\r\n\r\n\t\t\t\t<tr>\r\n\t\t\t\t\t<td>Sonda de medici\u00f3n<\/td>\r\n\t\t\t\t\t<td>\u25cb<\/td>\r\n\t\t\t\t\t<td>\u25cb<\/td>\r\n\t\t\t\t<\/tr>\r\n\r\n\t\t\t\t<tr class=\"dark\">\r\n\t\t\t\t\t<td>INGENIER\u00cdA DE PROCESOS<\/td>\r\n\t\t\t\t\t<td><\/td>\r\n\t\t\t\t\t<td><\/td>\r\n\t\t\t\t<\/tr>\r\n\r\n\t\t\t\t<tr>\r\n\t\t\t\t\t<td>Reducci\u00f3n geom\u00e9trica<\/td>\r\n\t\t\t\t\t<td>\u25cb<\/td>\r\n\t\t\t\t\t<td>\u25cb<\/td>\r\n\t\t\t\t<\/tr>\r\n\r\n\t\t\t\t<tr>\r\n\t\t\t\t\t<td>Plan de herramientas<\/td>\r\n\t\t\t\t\t<td>\u25cb<\/td>\r\n\t\t\t\t\t<td>\u25cb<\/td>\r\n\t\t\t\t<\/tr>\r\n\r\n\t\t\t\t<tr>\r\n\t\t\t\t\t<td>Programaci\u00f3n NC<\/td>\r\n\t\t\t\t\t<td>\u25cb<\/td>\r\n\t\t\t\t\t<td>\u25cb<\/td>\r\n\t\t\t\t<\/tr>\r\n\r\n\t\t\t\t<tr>\r\n\t\t\t\t\t<td>Construcci\u00f3n del dispositivo de sujeci\u00f3n<\/td>\r\n\t\t\t\t\t<td>\u25cb<\/td>\r\n\t\t\t\t\t<td>\u25cb<\/td>\r\n\t\t\t\t<\/tr>\r\n\r\n\t\t\t\t<tr class=\"dark\">\r\n\t\t\t\t\t<td>SERVICIOS<\/td>\r\n\t\t\t\t\t<td><\/td>\r\n\t\t\t\t\t<td><\/td>\r\n\t\t\t\t<\/tr>\r\n\r\n\t\t\t\t<tr>\r\n\t\t\t\t\t<td>Simulaci\u00f3n<\/td>\r\n\t\t\t\t\t<td>\u25cb<\/td>\r\n\t\t\t\t\t<td>\u25cb<\/td>\r\n\t\t\t\t<\/tr>\r\n\r\n\t\t\t\t<tr>\r\n\t\t\t\t\t<td>C\u00e1lculo del tiempo por pieza<\/td>\r\n\t\t\t\t\t<td>\u25cb<\/td>\r\n\t\t\t\t\t<td>\u25cb<\/td>\r\n\t\t\t\t<\/tr>\r\n\r\n\t\t\t\t<tr>\r\n\t\t\t\t\t<td>Transporte<\/td>\r\n\t\t\t\t\t<td>\u25cb<\/td>\r\n\t\t\t\t\t<td>\u25cb<\/td>\r\n\t\t\t\t<\/tr>\r\n\r\n\t\t\t\t<tr>\r\n\t\t\t\t\t<td>Montaje y puesta en marcha<\/td>\r\n\t\t\t\t\t<td>\u25cb<\/td>\r\n\t\t\t\t\t<td>\u25cb<\/td>\r\n\t\t\t\t<\/tr>\r\n\r\n\t\t\t\t<tr>\r\n\t\t\t\t\t<td>Apoyo a la producci\u00f3n<\/td>\r\n\t\t\t\t\t<td>\u25cb<\/td>\r\n\t\t\t\t\t<td>\u25cb<\/td>\r\n\t\t\t\t<\/tr>\r\n\r\n\t\t\t\t<tr class=\"dark\">\r\n\t\t\t\t\t<td>EDUCACI\u00d3N \/ FORMACI\u00d3N<\/td>\r\n\t\t\t\t\t<td><\/td>\r\n\t\t\t\t\t<td><\/td>\r\n\t\t\t\t<\/tr>\r\n\r\n\t\t\t\t<tr>\r\n\t\t\t\t\t<td>Mec\u00e1nica \/ hidr\u00e1ulica<\/td>\r\n\t\t\t\t\t<td>\u25cb<\/td>\r\n\t\t\t\t\t<td>\u25cb<\/td>\r\n\t\t\t\t<\/tr>\r\n\r\n\t\t\t\t<tr>\r\n\t\t\t\t\t<td>Electricidad \/ Electr\u00f3nica<\/td>\r\n\t\t\t\t\t<td>\u25cb<\/td>\r\n\t\t\t\t\t<td>\u25cb<\/td>\r\n\t\t\t\t<\/tr>\r\n\r\n\t\t\t\t<tr>\r\n\t\t\t\t\t<td>Funcionamiento \/ Programaci\u00f3n<\/td>\r\n\t\t\t\t\t<td>\u25cb<\/td>\r\n\t\t\t\t\t<td>\u25cb<\/td>\r\n\t\t\t\t<\/tr>\r\n\r\n\t\t\t\t<tr>\r\n\t\t\t\t\t<td>Fabricaci\u00f3n del dispositivo de sujeci\u00f3n<\/td>\r\n\t\t\t\t\t<td>\u25cb<\/td>\r\n\t\t\t\t\t<td>\u25cb<\/td>\r\n\t\t\t\t<\/tr>\r\n\t\t\t<\/tbody>\r\n\r\n\t\t\t<tfoot>\r\n\t\t\t\t<tr>\r\n\t\t\t\t\t<td colspan=\"3\"> \u2b24 = est\u00e1ndar, \u25cb = opcional, X = no posible<\/td>\r\n\t\t\t\t<\/tr>\r\n\t\t\t<\/tfoot>\r\n\t\t<\/table>\r\n\t<\/div>\r\n\r\n\r\n\r\n\t<div class=\"column col-6 col-sm-12\">\r\n\t\t<div>\r\n\t\t\t<a href=\"https:\/\/www.elha.de\/wp-content\/uploads\/spaenefoerderer-kuehlmittelreinigungsanlage.jpg\" class=\"lightbox elha-image-lightbox\">\r\n\t\t\t\t<img decoding=\"async\" src=\"https:\/\/www.elha.de\/wp-content\/uploads\/spaenefoerderer-kuehlmittelreinigungsanlage-460x307.jpg\" alt=\"Transportador de virutas con sistema de limpieza por refrigerante\">\r\n\t\t\t<\/a>\r\n\t\t\t<p>Transportador de virutas con sistema de limpieza por refrigerante<\/p>\r\n\t\t<\/div>\r\n\r\n\t\t<div>\r\n\t\t\t<a href=\"https:\/\/www.elha.de\/wp-content\/uploads\/absauganlage.jpg\" class=\"lightbox elha-image-lightbox\">\r\n\t\t\t\t<img decoding=\"async\" src=\"https:\/\/www.elha.de\/wp-content\/uploads\/absauganlage-460x307.jpg\" alt=\"Sistema de extracci\u00f3n\">\r\n\t\t\t<\/a>\r\n\t\t\t<p>Sistema de extracci\u00f3n<\/p>\r\n\t\t<\/div>\r\n\r\n\t\t<div>\r\n\t\t\t<a href=\"https:\/\/www.elha.de\/wp-content\/uploads\/werkstuecklade-entladesystem.jpg\" class=\"lightbox elha-image-lightbox\">\r\n\t\t\t\t<img decoding=\"async\" src=\"https:\/\/www.elha.de\/wp-content\/uploads\/werkstuecklade-entladesystem-460x307.jpg\" alt=\"Sistema de carga y descarga de piezas\">\r\n\t\t\t<\/a>\r\n\t\t\t<p>Sistema de carga y descarga de piezas<\/p>\r\n\t\t<\/div>\r\n\r\n\t\t<div class=\"columns\">\r\n\t\t\t<div class=\"column col-6\">\r\n\t\t\t\t<a href=\"https:\/\/www.elha.de\/wp-content\/uploads\/beladehilfe-spannvorrichtung.jpg\" class=\"lightbox elha-image-lightbox\">\r\n\t\t\t\t\t<img decoding=\"async\" src=\"https:\/\/www.elha.de\/wp-content\/uploads\/beladehilfe-spannvorrichtung-279x460.jpg\" alt=\"Ayuda de carga para el dispositivo de sujeci\u00f3n\">\r\n\t\t\t\t<\/a>\r\n\t\t\t\t<p>Ayuda para cambiar el dispositivo de sujeci\u00f3n<\/p>\r\n\t\t\t<\/div>\r\n\r\n\t\t\t<div class=\"column col-6\">\r\n\t\t\t\t<a href=\"https:\/\/www.elha.de\/wp-content\/uploads\/messtaster.jpg\" class=\"lightbox elha-image-lightbox\">\r\n\t\t\t\t\t<img decoding=\"async\" src=\"https:\/\/www.elha.de\/wp-content\/uploads\/messtaster-279x460.jpg\" alt=\"Sonda de medici\u00f3n\">\r\n\t\t\t\t<\/a>\r\n\t\t\t\t<p>Sonda de medici\u00f3n <br>&nbsp;<\/p>\r\n\t\t\t<\/div>\r\n\t\t<\/div>\r\n\r\n\t\t<p class=\"mt-2 text-size4 mb-0\">M\u00e1quina virtual<\/p>\r\n\t\t<p>Con la m\u00e1quina virtual, ELHA ofrece una herramienta de simulaci\u00f3n extremadamente productiva que vincula las propiedades reales de la m\u00e1quina con los datos de proceso del entorno CAD\/CAM del cliente. Esto abre la posibilidad de realizar estudios de mecanizado muy precisos y simulaciones de procesos que incluyen comprobaciones de colisiones en 3D. Esto minimiza el tiempo necesario para las pruebas de viabilidad\/econ\u00f3micas y los procesos de puesta a punto.<\/p>\r\n\t\t<div>\r\n\t\t\t<a href=\"https:\/\/www.elha.de\/wp-content\/uploads\/virtuelle-maschine.jpg\" class=\"lightbox elha-image-lightbox\">\r\n\t\t\t\t<img decoding=\"async\" src=\"https:\/\/www.elha.de\/wp-content\/uploads\/virtuelle-maschine-460x307.jpg\" alt=\"M\u00e1quina virtual\">\r\n\t\t\t<\/a>\r\n\t\t<\/div>\r\n\r\n\t\t<div class=\"columns mt-4\">\r\n\t\t\t<div class=\"column col-6\">\r\n\t\t\t\t<img decoding=\"async\" src=\"https:\/\/www.elha.de\/wp-content\/uploads\/steuerung-siemens-840d-sl-345x460.jpg\" alt=\"Unidad de control SIEMENS 840D sl\">\r\n\t\t\t<\/div>\r\n\r\n\t\t\t<div class=\"column col-6\">\r\n\t\t\t\t<p class=\"text-size4 mb-0\">Unidad de control SIEMENS 840D sl<\/p>\r\n\t\t\t\t<p>El est\u00e1ndar en entornos altamente productivos. Equipado con todos los par\u00e1metros necesarios para el procesamiento.\r\n\t\t\t\t<\/p>\r\n\t\t\t<\/div>\r\n\t\t<\/div>\r\n\t<\/div>\r\n<\/div>\r\n\r\n\r\n\r\n<div>\r\n\t<a href=\"https:\/\/www.elha.de\/es\/maquinas\/centros-de-transferencia\/almacen-de-torretas\/\" class=\"btn\">&lt; p\u00e1gina anterior<\/a>\r\n<\/div>","protected":false},"excerpt":{"rendered":"<p>\t\t\tElija entre una amplia gama de opciones de equipos perif\u00e9ricos y optimice el FM SMART para adaptarlo a sus necesidades.<\/p>\n<p>\t\t\t\t\tSMART<br \/>\n\t\t\t\t\tSerie 1<br \/>\n\t\t\t\t\tSerie 2<\/p>\n<p>\t\t\t\t\tLUBRICACI\u00d3N REFRIGERANTE<\/p>\n<p>\t\t\t\t\tSistema de refrigeraci\u00f3n, base KSS<br \/>\n\t\t\t\t\t\u25cb<br \/>\n\t\t\t\t\t\u25cb<\/p>\n<p>\t\t\t\t\tSistema de refrigeraci\u00f3n, b\u00e1sico<\/p>","protected":false},"author":1,"featured_media":6565,"parent":109,"menu_order":4,"comment_status":"closed","ping_status":"closed","template":"","meta":{"footnotes":""},"class_list":["post-5912","page","type-page","status-publish","has-post-thumbnail","hentry"],"blocksy_meta":{"styles_descriptor":{"styles":{"desktop":"","tablet":"","mobile":""},"google_fonts":[],"version":6},"page_title_panel":"","has_hero_section":"default","399f7c2d4f5887c02c0aab50ee6ceb6c":"","hero_section":"type-1","hero_elements":[{"id":"custom_title","enabled":true,"heading_tag":"h1","title":"P\u00e1gina de inicio"},{"id":"custom_description","enabled":true,"description_visibility":{"desktop":true,"tablet":true,"mobile":false}},{"id":"custom_meta","enabled":false,"meta_elements":[{"id":"author","enabled":true,"label":"Von","has_author_avatar":"yes","avatar_size":25},{"id":"post_date","enabled":true,"label":"Am","date_format_source":"default","date_format":"M j, Y"},{"id":"updated_date","enabled":false,"label":"Am","date_format_source":"default","date_format":"M j, Y"},{"id":"categories","enabled":false,"label":"In","style":"simple"},{"id":"comments","enabled":true}],"page_meta_elements":{"joined":true,"articles_count":true,"comments":true}},{"id":"breadcrumbs","enabled":false}],"5d74a055962fe4b0462c9789d071e529":"","hero_alignment1":"CT_CSS_SKIP_RULE","hero_margin":40,"hero_alignment2":"center","hero_vertical_alignment":"center","fcb3a9251082d4cfd43b5b146e9b16d6":"","hero_structure":"narrow","8a03b1f4fdf9742fe6a86026b9ca4e7e":"","page_title_bg_type":"featured_image","custom_hero_background":{"attachment_id":null},"parallax":{"desktop":false,"tablet":false,"mobile":false},"ea214f8593b158242124015ce5539554":"","hero_height":"250px","pageTitleFont":{"family":"Default","variation":"Default","size":{"desktop":"32px","tablet":"30px","mobile":"25px"},"line-height":"CT_CSS_SKIP_RULE","letter-spacing":"CT_CSS_SKIP_RULE","text-transform":"CT_CSS_SKIP_RULE","text-decoration":"CT_CSS_SKIP_RULE"},"pageTitleFontColor":{"default":{"color":"CT_CSS_SKIP_RULEDEFAULT"}},"pageMetaFont":{"family":"Default","variation":"n6","size":"12px","line-height":"1.3","letter-spacing":"CT_CSS_SKIP_RULE","text-transform":"uppercase","text-decoration":"CT_CSS_SKIP_RULE"},"pageMetaFontColor":{"default":{"color":"CT_CSS_SKIP_RULEDEFAULT"},"hover":{"color":"CT_CSS_SKIP_RULEDEFAULT"}},"page_meta_button_type_font_colors":{"default":{"color":"CT_CSS_SKIP_RULEDEFAULT"},"hover":{"color":"CT_CSS_SKIP_RULEDEFAULT"}},"page_meta_button_type_background_colors":{"default":{"color":"CT_CSS_SKIP_RULEDEFAULT"},"hover":{"color":"CT_CSS_SKIP_RULEDEFAULT"}},"pageExcerptFont":{"family":"Default","variation":"Default","size":"CT_CSS_SKIP_RULE","line-height":"CT_CSS_SKIP_RULE","letter-spacing":"CT_CSS_SKIP_RULE","text-transform":"CT_CSS_SKIP_RULE","text-decoration":"CT_CSS_SKIP_RULE"},"pageExcerptColor":{"default":{"color":"CT_CSS_SKIP_RULEDEFAULT"}},"breadcrumbsFont":{"family":"Default","variation":"Default","size":"CT_CSS_SKIP_RULE","line-height":"CT_CSS_SKIP_RULE","letter-spacing":"CT_CSS_SKIP_RULE","text-transform":"CT_CSS_SKIP_RULE","text-decoration":"CT_CSS_SKIP_RULE"},"breadcrumbsFontColor":{"default":{"color":"CT_CSS_SKIP_RULEDEFAULT"},"initial":{"color":"CT_CSS_SKIP_RULEDEFAULT"},"hover":{"color":"CT_CSS_SKIP_RULEDEFAULT"}},"pageTitleOverlay":{"default":{"color":"CT_CSS_SKIP_RULE"}},"pageTitleBackground":{"background_type":"color","background_pattern":"type-1","background_image":{"attachment_id":null,"x":0,"y":0},"gradient":"linear-gradient(135deg,rgba(6,147,227,1) 0%,rgb(155,81,224) 100%)","background_repeat":"no-repeat","background_size":"auto","background_attachment":"scroll","patternColor":{"default":{"color":"#e5e7ea"}},"overlayColor":{"default":{"color":"CT_CSS_SKIP_RULE"}},"backgroundColor":{"default":{"color":"var(--theme-palette-color-6)"}}},"pageTitlePadding":{"top":"50px","bottom":"50px","left":"auto","right":"auto","linked":true},"8dd7e4d56c57c76c838583adea37442e":"","page_structure_type":"default","7ff1007a2f0f0cd762fc5c3c5415235c":"","content_style_source":"inherit","content_style":"wide","vertical_spacing_source":"inherit","content_area_spacing":"both","background":{"background_type":"color","background_pattern":"type-1","background_image":{"attachment_id":null,"x":0,"y":0},"gradient":"linear-gradient(135deg,rgba(6,147,227,1) 0%,rgb(155,81,224) 100%)","background_repeat":"no-repeat","background_size":"auto","background_attachment":"scroll","patternColor":{"default":{"color":"#e5e7ea"}},"overlayColor":{"default":{"color":"CT_CSS_SKIP_RULE"}},"backgroundColor":{"default":{"color":"CT_CSS_SKIP_RULE"}}},"content_background":{"background_type":"color","background_pattern":"type-1","background_image":{"attachment_id":null,"x":0,"y":0},"gradient":"linear-gradient(135deg,rgba(6,147,227,1) 0%,rgb(155,81,224) 100%)","background_repeat":"no-repeat","background_size":"auto","background_attachment":"scroll","patternColor":{"default":{"color":"#e5e7ea"}},"overlayColor":{"default":{"color":"CT_CSS_SKIP_RULE"}},"backgroundColor":{"default":{"color":"var(--theme-palette-color-8)"}}},"content_boxed_shadow":{"inherit":false,"blur":18,"spread":-6,"v_offset":12,"h_offset":0,"inset":false,"enable":true,"color":{"color":"rgba(34, 56, 101, 0.04)"}},"boxed_content_spacing":{"desktop":{"top":"40px","bottom":"40px","left":"40px","right":"40px","linked":true},"tablet":{"top":"35px","bottom":"35px","left":"35px","right":"35px","linked":true},"mobile":{"top":"20px","bottom":"20px","left":"20px","right":"20px","linked":true}},"content_boxed_radius":{"top":"3px","bottom":"3px","left":"3px","right":"3px","linked":true},"93a6d22cb45285d6220da03931a3e8ac":"","disable_featured_image":"yes","disable_header":"no","disable_footer":"no"},"_links":{"self":[{"href":"https:\/\/www.elha.de\/es\/wp-json\/wp\/v2\/pages\/5912","targetHints":{"allow":["GET"]}}],"collection":[{"href":"https:\/\/www.elha.de\/es\/wp-json\/wp\/v2\/pages"}],"about":[{"href":"https:\/\/www.elha.de\/es\/wp-json\/wp\/v2\/types\/page"}],"author":[{"embeddable":true,"href":"https:\/\/www.elha.de\/es\/wp-json\/wp\/v2\/users\/1"}],"replies":[{"embeddable":true,"href":"https:\/\/www.elha.de\/es\/wp-json\/wp\/v2\/comments?post=5912"}],"version-history":[{"count":0,"href":"https:\/\/www.elha.de\/es\/wp-json\/wp\/v2\/pages\/5912\/revisions"}],"up":[{"embeddable":true,"href":"https:\/\/www.elha.de\/es\/wp-json\/wp\/v2\/pages\/109"}],"wp:featuredmedia":[{"embeddable":true,"href":"https:\/\/www.elha.de\/es\/wp-json\/wp\/v2\/media\/6565"}],"wp:attachment":[{"href":"https:\/\/www.elha.de\/es\/wp-json\/wp\/v2\/media?parent=5912"}],"curies":[{"name":"wp","href":"https:\/\/api.w.org\/{rel}","templated":true}]}}