{"id":6042,"date":"2016-11-29T10:08:38","date_gmt":"2016-11-29T09:08:38","guid":{"rendered":"https:\/\/www.elha.de\/?page_id=6042"},"modified":"2025-05-22T16:27:01","modified_gmt":"2025-05-22T14:27:01","slug":"concepto","status":"publish","type":"page","link":"https:\/\/www.elha.de\/es\/maschinen\/fertigungsmodule\/konzept\/","title":{"rendered":"Concepto"},"content":{"rendered":"<div class=\"columns mb-5\">\r\n\t<div class=\"column col-6 col-md-12\">\r\n\t\t<p>Desde los primeros tiempos del mecanizado de productos industriales en serie, la tecnolog\u00eda de mecanizado se ha desarrollado y mejorado constantemente. Los modernos materiales de los componentes y la constante optimizaci\u00f3n de las tecnolog\u00edas de las herramientas han permitido reducir dr\u00e1sticamente los tiempos de mecanizado.<\/p>\r\n\t\t<p>Tambi\u00e9n se han reducido continuamente los tiempos improductivos no productivos. Sin embargo, esta evoluci\u00f3n a\u00fan no ha ido a la par del aumento de la productividad de los procesos de mecanizado, lo que repercute negativamente en la productividad del proceso global. En particular, cuando se mecaniza con un gran n\u00famero de herramientas diferentes y tiempos de proceso cortos, como el taladrado y el mecanizado de roscas, la productividad se resiente considerablemente de los tiempos improductivos no productivos, por ejemplo debido a los cambios de herramientas y\/o pal\u00e9s.<\/p>\r\n\t\t<p>Esta fue una de las razones decisivas para que ELHA cuestionara todos los conceptos anteriores. El resultado de estos esfuerzos fue el desarrollo y el lanzamiento al mercado con gran \u00e9xito de un ingenioso concepto de mecanizado que ha revolucionado la producci\u00f3n de componentes en serie.<\/p>\r\n\t<\/div>\r\n\r\n\t<div class=\"column col-6 col-md-12\">\r\n\t\t\r\n\r\n\t\t\r\n\t\t\t<div class=\"elha-youtube-lightbox\"><a href=\"https:\/\/www.youtube-nocookie.com\/embed\/afT21fis3AA\" class=\"lightbox\" rel=\"nofollow noopener\" target=\"_blank\"><img decoding=\"async\" src=\"https:\/\/www.elha.de\/wp-content\/uploads\/produktfilm-video.jpg\" alt=\"\"><\/a><span>Acepta la transmisi\u00f3n de datos a YouTube y reproduce el v\u00eddeo - <a href=\"https:\/\/www.elha.de\/es\/declaracion-de-proteccion-de-datos\/\">Pol\u00edtica de privacidad<\/a><\/span><\/div>\r\n\t\t\r\n\r\n\t\t<div class=\"elha-youtube-lightbox mt-3\"><a href=\"https:\/\/www.youtube-nocookie.com\/embed\/_J47VoM6LQE\" class=\"lightbox\" rel=\"nofollow noopener\" target=\"_blank\"><img decoding=\"async\" src=\"https:\/\/www.elha.de\/wp-content\/uploads\/arbeitsablauf-video.jpg\" alt=\"\"><\/a><span>Acepta la transmisi\u00f3n de datos a YouTube y reproduce el v\u00eddeo - <a href=\"https:\/\/www.elha.de\/es\/declaracion-de-proteccion-de-datos\/\">Pol\u00edtica de privacidad<\/a><\/span><\/div>\r\n\t<\/div>\r\n<\/div>\r\n\r\n\r\n\r\n<div class=\"columns\">\r\n\t<div class=\"column col-6\">\r\n\t\t<h2 class=\"bg-red-600 text-light text-center text-size3\">Mecanizado convencional<\/h2>\r\n\t\t<h3 class=\"mt-0 text-size4\">en un centro de mecanizado<\/h3>\r\n\r\n\t\t<ul>\r\n\t\t\t<li>El husillo cambia las herramientas en funci\u00f3n del proceso<\/li>\r\n\t\t\t<li>El husillo de la herramienta se desplaza desde\/hacia la pieza<\/li>\r\n\t\t<\/ul>\r\n\r\n\t\t<h3>Concepto ideal para:<\/h3>\r\n\t\t<ul>\r\n\t\t\t<li>Peque\u00f1as y medianas cantidades<\/li>\r\n\t\t\t<li>Gran n\u00famero de piezas de trabajo y utillajes diferentes<\/li>\r\n\t\t<\/ul>\r\n\r\n\t<\/div>\r\n\r\n\t<div class=\"column col-6\">\r\n\t\t<h2 class=\"bg-green-600 text-light text-center text-size3\">Cambio de paradigma<\/h2>\r\n\t\t<h3 class=\"mt-0 text-size4\">con un m\u00f3dulo de producci\u00f3n FM<\/h3>\r\n\t\t<ul>\r\n\t\t\t<li>Todas las herramientas necesarias se disponen en una posici\u00f3n definida en el espacio de trabajo<\/li>\r\n\t\t\t<li>Cada herramienta dispone de un sistema de sujeci\u00f3n y accionamiento optimizado en los cabezales multihusillo o torretas correspondientes.<\/li>\r\n\t\t\t<li>La mesa de trabajo con el \u00fatil y la(s) pieza(s) se desplaza de una herramienta a otra, con lo que se reducen al m\u00ednimo los tiempos de viruta a viruta.<\/li>\r\n\t\t\t<li>Sin cambio de herramienta en el proceso; sin imprecisiones debidas al cambio de herramienta<\/li>\r\n\t\t\t<li>Posibilidad de sujeci\u00f3n simple\/m\u00faltiple o mecanizado de uno o varios husillos (en funci\u00f3n de la aplicaci\u00f3n)<\/li>\r\n\t\t<\/ul>\r\n\r\n\t\t<h3>Concepto ideal para:<\/h3>\r\n\t\t<ul>\r\n\t\t\t<li>Producci\u00f3n en serie a partir de aprox. 100.000 piezas iguales\/similares al a\u00f1o<\/li>\r\n\t\t\t<li>Piezas peque\u00f1as y medianas<\/li>\r\n\t\t\t<li>N\u00famero limitado de tipos de piezas diferentes<\/li>\r\n\t\t\t<li>N\u00famero moderado de herramientas y posiciones de sujeci\u00f3n diferentes<\/li>\r\n\t\t\t<li>Ideal para metales ligeros, aceros (inoxidables) y aleaciones fundidas y forjadas<\/li>\r\n\t\t<\/ul>\r\n\t<\/div>\r\n<\/div>\r\n\r\n\r\n\r\n<div class=\"p-relative clearfix\">\r\n\t<a href=\"https:\/\/www.elha.de\/es\/maquinas\/modulos-de-produccion\/diseno-de-maquinas\/\" class=\"btn float-right\">p\u00e1gina siguiente &gt;<\/a>\r\n<\/div>","protected":false},"excerpt":{"rendered":"<p>\t\tDesde los primeros tiempos del mecanizado de productos industriales en serie, la tecnolog\u00eda de mecanizado se ha desarrollado y mejorado constantemente. Los modernos materiales de los componentes y la optimizaci\u00f3n constante de las tecnolog\u00edas de las herramientas han dado lugar a<\/p>","protected":false},"author":1,"featured_media":6046,"parent":105,"menu_order":1,"comment_status":"closed","ping_status":"closed","template":"","meta":{"footnotes":""},"class_list":["post-6042","page","type-page","status-publish","has-post-thumbnail","hentry"],"blocksy_meta":{"styles_descriptor":{"styles":{"desktop":"","tablet":"","mobile":""},"google_fonts":[],"version":6}},"_links":{"self":[{"href":"https:\/\/www.elha.de\/es\/wp-json\/wp\/v2\/pages\/6042","targetHints":{"allow":["GET"]}}],"collection":[{"href":"https:\/\/www.elha.de\/es\/wp-json\/wp\/v2\/pages"}],"about":[{"href":"https:\/\/www.elha.de\/es\/wp-json\/wp\/v2\/types\/page"}],"author":[{"embeddable":true,"href":"https:\/\/www.elha.de\/es\/wp-json\/wp\/v2\/users\/1"}],"replies":[{"embeddable":true,"href":"https:\/\/www.elha.de\/es\/wp-json\/wp\/v2\/comments?post=6042"}],"version-history":[{"count":0,"href":"https:\/\/www.elha.de\/es\/wp-json\/wp\/v2\/pages\/6042\/revisions"}],"up":[{"embeddable":true,"href":"https:\/\/www.elha.de\/es\/wp-json\/wp\/v2\/pages\/105"}],"wp:featuredmedia":[{"embeddable":true,"href":"https:\/\/www.elha.de\/es\/wp-json\/wp\/v2\/media\/6046"}],"wp:attachment":[{"href":"https:\/\/www.elha.de\/es\/wp-json\/wp\/v2\/media?parent=6042"}],"curies":[{"name":"wp","href":"https:\/\/api.w.org\/{rel}","templated":true}]}}