{"id":6321,"date":"2016-11-30T08:53:53","date_gmt":"2016-11-30T07:53:53","guid":{"rendered":"https:\/\/www.elha.de\/?page_id=6321"},"modified":"2025-05-22T16:36:29","modified_gmt":"2025-05-22T14:36:29","slug":"ejemplos-de-sistemas-de-automatizacion","status":"publish","type":"page","link":"https:\/\/www.elha.de\/es\/maschinen\/fertigungsmodule\/automatisierung-systembeispiele\/","title":{"rendered":"Automatizaci\u00f3n y ejemplos de sistemas"},"content":{"rendered":"<p>La automatizaci\u00f3n constante y los tiempos de cambio cortos permiten una producci\u00f3n competitiva incluso en pa\u00edses con salarios altos. Teniendo esto en cuenta, las m\u00e1quinas ELHA FM se han desarrollado para su uso en l\u00edneas independientes o interconectadas parcial o totalmente automatizadas, por lo que pueden integrarse eficazmente en los entornos de producci\u00f3n correspondientes.<\/p>\r\n\r\n<h2>Sistem\u00e1tica<\/h2>\r\n<p>El robot de 2 ejes carga los pal\u00e9s de piezas directamente en la zona de trabajo. A continuaci\u00f3n, el dispositivo de sujeci\u00f3n recoge las piezas mediante el m\u00e9todo de recogida. Este proceso permite flexibilidad en la alineaci\u00f3n del transportador de acumulaci\u00f3n de palets. Un robot est\u00e1ndar de 5 ejes con diferentes variantes de pinzas ofrece la mayor flexibilidad posible en la automatizaci\u00f3n. El robot se coloca delante de la zona de trabajo y carga las piezas directamente en el dispositivo de sujeci\u00f3n. Adem\u00e1s, durante el mecanizado pueden realizarse operaciones secundarias como el desbarbado o el etiquetado. Una lanzadera lineal es una soluci\u00f3n t\u00e9cnicamente sencilla para proporcionar las piezas de trabajo en la zona de trabajo. Esto significa que las piezas de trabajo pueden transportarse con un solo eje mec\u00e1nico desde un transportador de acumulaci\u00f3n de palets o tras una carga manual.<\/p>\r\n\r\n<h2>Un m\u00f3dulo con muchas posibilidades<\/h2>\r\n<p>Las soluciones completas automatizadas realizan muchas operaciones diferentes y suelen sustituir a una serie de m\u00e1quinas est\u00e1ndar. Los sistemas completos constan de varias m\u00e1quinas o componentes de sistema interconectados. Se integran m\u00e1quinas CNC especializadas, as\u00ed como unidades externas, por ejemplo para brochado, temple, ensamblaje y mecanizado en duro. Tambi\u00e9n se realizan tareas perif\u00e9ricas como manipulaci\u00f3n, desbarbado, limpieza y lavado.<\/p>\r\n\r\n\r\n\r\n<div class=\"columns\">\r\n\t<div class=\"column col-6\">\r\n\t\t<a href=\"https:\/\/www.elha.de\/wp-content\/uploads\/einzelmodul-manuelle-beschickung.jpg\" class=\"lightbox elha-image-lightbox\">\r\n\t\t\t<img decoding=\"async\" src=\"https:\/\/www.elha.de\/wp-content\/uploads\/einzelmodul-manuelle-beschickung-460x307.jpg\" alt=\"M\u00f3dulo \u00fanico para carga manual\" >\r\n\t\t<\/a>\r\n\t\t<p>M\u00f3dulo \u00fanico para carga manual<\/p>\r\n\t<\/div>\r\n\r\n\t<div class=\"column col-6\">\r\n\t\t<a href=\"https:\/\/www.elha.de\/wp-content\/uploads\/einzelmodul-staufoerderband.jpg\" class=\"lightbox elha-image-lightbox\">\r\n\t\t\t<img decoding=\"async\" src=\"https:\/\/www.elha.de\/wp-content\/uploads\/einzelmodul-staufoerderband-460x307.jpg\" alt=\"M\u00f3dulo individual con cinta transportadora de acumulaci\u00f3n\" >\r\n\t\t<\/a>\r\n\t\t<p>M\u00f3dulo individual con cinta transportadora de acumulaci\u00f3n<\/p>\r\n\t<\/div>\r\n\r\n\t<div class=\"column col-6\">\r\n\t\t<a href=\"https:\/\/www.elha.de\/wp-content\/uploads\/doppelmodul-gemeinsame-verkettung.jpg\" class=\"lightbox elha-image-lightbox\">\r\n\t\t\t<img decoding=\"async\" src=\"https:\/\/www.elha.de\/wp-content\/uploads\/doppelmodul-gemeinsame-verkettung-460x307.jpg\" alt=\"M\u00f3dulo doble con encadenamiento com\u00fan\" >\r\n\t\t<\/a>\r\n\t\t<p>M\u00f3dulo doble con encadenamiento com\u00fan<\/p>\r\n\t<\/div>\r\n\r\n\t<div class=\"column col-6\">\r\n\t\t<a href=\"https:\/\/www.elha.de\/wp-content\/uploads\/automatisierte-fertigungslinie.jpg\" class=\"lightbox elha-image-lightbox\">\r\n\t\t\t<img decoding=\"async\" src=\"https:\/\/www.elha.de\/wp-content\/uploads\/automatisierte-fertigungslinie-460x307.jpg\" alt=\"L\u00ednea de producci\u00f3n automatizada\" >\r\n\t\t<\/a>\r\n\t\t<p>L\u00ednea de producci\u00f3n automatizada<\/p>\r\n\t<\/div>\r\n<\/div>\r\n\r\n\r\n\r\n<h2>Otros ejemplos de sistemas<\/h2>\r\n\r\n<div class=\"columns\">\r\n\t<div class=\"column col-6\">\r\n\t\t<img decoding=\"async\" src=\"https:\/\/www.elha.de\/wp-content\/uploads\/fm3x-einzelmodul-460x238.jpg\" alt=\"FM 3+X como m\u00f3dulo \u00fanico\" >\r\n\t\t<p>FM 3+X como m\u00f3dulo \u00fanico<\/p>\r\n\t<\/div>\r\n\r\n\t<div class=\"column col-6\">\r\n\t\t<img decoding=\"async\" src=\"https:\/\/www.elha.de\/wp-content\/uploads\/fm3x-doppelmodul-460x238.jpg\" alt=\"FM 3+X como m\u00f3dulo doble \" >\r\n\t\t<p>FM 3+X como m\u00f3dulo doble<\/p>\r\n\t<\/div>\r\n\r\n\t<div class=\"column col-12\">\r\n\t\t<img decoding=\"async\" src=\"https:\/\/www.elha.de\/wp-content\/uploads\/fm4x-paarweise-doppelmodul.jpg\" alt=\"FM 4+X por parejas como m\u00f3dulo doble\" >\r\n\t\t<p>FM 4+X por parejas como m\u00f3dulo doble<\/p>\r\n\t<\/div>\r\n\r\n\t<div class=\"column col-12\">\r\n\t\t<img decoding=\"async\" src=\"https:\/\/www.elha.de\/wp-content\/uploads\/fm3x-gesamtverkettung.jpg\" alt=\"FM 3+X con encadenamiento total\" >\r\n\t\t<p>FM 3+X con encadenamiento total<\/p>\r\n\t<\/div>\r\n<\/div>\r\n\r\n\r\n\r\n<div class=\"clearfix mt-5\">\r\n\t<a href=\"https:\/\/www.elha.de\/es\/maquinas\/modulos-de-produccion\/especificaciones-basicas-de-los-tipos-de-maquinas\/\" class=\"btn float-left\">&lt; p\u00e1gina anterior<\/a>\r\n\t<a href=\"https:\/\/www.elha.de\/es\/maquinas\/modulos-de-produccion\/tecnologia-de-procesos\/\" class=\"btn float-right\">p\u00e1gina siguiente &gt;<\/a>\r\n<\/div>","protected":false},"excerpt":{"rendered":"<p>La automatizaci\u00f3n constante y los tiempos de cambio cortos permiten una producci\u00f3n competitiva incluso en pa\u00edses con salarios altos. Como resultado, las m\u00e1quinas ELHA FM son ideales para su uso en l\u00edneas de producci\u00f3n parcial o totalmente automatizadas.<\/p>","protected":false},"author":1,"featured_media":6357,"parent":105,"menu_order":5,"comment_status":"closed","ping_status":"closed","template":"","meta":{"footnotes":""},"class_list":["post-6321","page","type-page","status-publish","has-post-thumbnail","hentry"],"blocksy_meta":{"styles_descriptor":{"styles":{"desktop":"","tablet":"","mobile":""},"google_fonts":[],"version":6}},"_links":{"self":[{"href":"https:\/\/www.elha.de\/es\/wp-json\/wp\/v2\/pages\/6321","targetHints":{"allow":["GET"]}}],"collection":[{"href":"https:\/\/www.elha.de\/es\/wp-json\/wp\/v2\/pages"}],"about":[{"href":"https:\/\/www.elha.de\/es\/wp-json\/wp\/v2\/types\/page"}],"author":[{"embeddable":true,"href":"https:\/\/www.elha.de\/es\/wp-json\/wp\/v2\/users\/1"}],"replies":[{"embeddable":true,"href":"https:\/\/www.elha.de\/es\/wp-json\/wp\/v2\/comments?post=6321"}],"version-history":[{"count":0,"href":"https:\/\/www.elha.de\/es\/wp-json\/wp\/v2\/pages\/6321\/revisions"}],"up":[{"embeddable":true,"href":"https:\/\/www.elha.de\/es\/wp-json\/wp\/v2\/pages\/105"}],"wp:featuredmedia":[{"embeddable":true,"href":"https:\/\/www.elha.de\/es\/wp-json\/wp\/v2\/media\/6357"}],"wp:attachment":[{"href":"https:\/\/www.elha.de\/es\/wp-json\/wp\/v2\/media?parent=6321"}],"curies":[{"name":"wp","href":"https:\/\/api.w.org\/{rel}","templated":true}]}}