{"id":6381,"date":"2016-12-01T10:14:19","date_gmt":"2016-12-01T09:14:19","guid":{"rendered":"https:\/\/www.elha.de\/?page_id=6381"},"modified":"2025-05-22T16:38:47","modified_gmt":"2025-05-22T14:38:47","slug":"tecnologia-de-procesos","status":"publish","type":"page","link":"https:\/\/www.elha.de\/es\/maschinen\/fertigungsmodule\/prozesstechnologie\/","title":{"rendered":"Tecnolog\u00eda de procesos"},"content":{"rendered":"<div class=\"columns\">\r\n\t<div class=\"column col-4 col-md-6 mb-4\">\r\n\t\t<a href=\"https:\/\/www.elha.de\/wp-content\/uploads\/prozesstechnologie-1.jpg\" class=\"lightbox elha-image-lightbox\">\r\n\t\t\t<img decoding=\"async\" src=\"https:\/\/www.elha.de\/wp-content\/uploads\/prozesstechnologie-1-460x307.jpg\" alt=\"Vista: Espacio de trabajo FM 3+X\">\r\n\t\t<\/a>\r\n\t\t<h2 class=\"mt-1 mb-1 text-size5\">Mecanizado de anillos de turbocompresor con 6 husillos<\/h2>\r\n\t\t<p>\r\n\t\t\t<span class=\"label\">FM 3+X<\/span><br>\r\n\t\t\tDispositivo de sujeci\u00f3n con disposici\u00f3n en 2 filas de 3 piezas cada una y unidad de palpador mec\u00e1nico para comprobar los taladros.\r\n\t\t<\/p>\r\n\t<\/div>\r\n\r\n\t<div class=\"column col-4 col-md-6 mb-4\">\r\n\t\t<a href=\"https:\/\/www.elha.de\/wp-content\/uploads\/prozesstechnologie-2.jpg\" class=\"lightbox elha-image-lightbox\">\r\n\t\t\t<img decoding=\"async\" src=\"https:\/\/www.elha.de\/wp-content\/uploads\/prozesstechnologie-2-460x307.jpg\" alt=\"Vista: Espacio de trabajo FM 3+X\">\r\n\t\t<\/a>\r\n\t\t<h2 class=\"mt-1 mb-1 text-size5\">Mecanizado de manguitos de 5 husillos para el suministro de aceite<\/h2>\r\n\t\t<p>\r\n\t\t\t<span class=\"label\">FM 3+X<\/span><br>\r\n\t\t\tConfiguraci\u00f3n con eje rotativo NC adicional (5\u00ba eje) por pieza. Permite la producci\u00f3n altamente productiva de dos piezas de trabajo diferentes.\r\n\t\t<\/p>\r\n\t<\/div>\r\n\r\n\t<div class=\"column col-4 col-md-6 mb-4\">\r\n\t\t<a href=\"https:\/\/www.elha.de\/wp-content\/uploads\/prozesstechnologie-3.jpg\" class=\"lightbox elha-image-lightbox\">\r\n\t\t\t<img decoding=\"async\" src=\"https:\/\/www.elha.de\/wp-content\/uploads\/prozesstechnologie-3-460x307.jpg\" alt=\"Vista: Espacio de trabajo FM 4+X\">\r\n\t\t<\/a>\r\n\t\t<h2 class=\"mt-1 mb-1 text-size5\">Mecanizado de cajas de rodamientos con 2 husillos<\/h2>\r\n\t\t<p>\r\n\t\t\t<span class=\"label\">FM 4+X hd<\/span><br>\r\n\t\t\tFabricado a partir de GG para motores de autom\u00f3viles con unidades de fresado de 10 juegos.\r\n\t\t<\/p>\r\n\t<\/div>\r\n\r\n\t<div class=\"column col-4 col-md-6 mb-4\">\r\n\t\t<a href=\"https:\/\/www.elha.de\/wp-content\/uploads\/prozesstechnologie-4.jpg\" class=\"lightbox elha-image-lightbox\">\r\n\t\t\t<img decoding=\"async\" src=\"https:\/\/www.elha.de\/wp-content\/uploads\/prozesstechnologie-4-460x307.jpg\" alt=\"Vista: Espacio de trabajo FM 3+X\">\r\n\t\t<\/a>\r\n\t\t<h2 class=\"mt-1 mb-1 text-size5\">Utilizaci\u00f3n de herramientas de campana PCD para sustituir operaciones de torneado adicionales<\/h2>\r\n\t\t<p>\r\n\t\t\t<span class=\"label\">FM 3+X<\/span><br>\r\n\t\t\tDise\u00f1o optimizado del proceso: uso de husillos pesados HSK 100 en combinaci\u00f3n con husillos din\u00e1micos HSK 63.\r\n\t\t<\/p>\r\n\t<\/div>\r\n\r\n\t<div class=\"column col-4 col-md-6 mb-4\">\r\n\t\t<a href=\"https:\/\/www.elha.de\/wp-content\/uploads\/prozesstechnologie-5.jpg\" class=\"lightbox elha-image-lightbox\">\r\n\t\t\t<img decoding=\"async\" src=\"https:\/\/www.elha.de\/wp-content\/uploads\/prozesstechnologie-5-460x307.jpg\" alt=\"Vista: Espacio de trabajo FM 3+X\">\r\n\t\t<\/a>\r\n\t\t<h2 class=\"mt-1 mb-1 text-size5\">Mecanizado de horquillas de aluminio para autom\u00f3viles por pares<\/h2>\r\n\t\t<p>\r\n\t\t\t<span class=\"label\">FM 3+X<\/span><br>\r\n\t\t\tProducci\u00f3n de las versiones izquierda y derecha en una sola operaci\u00f3n de sujeci\u00f3n. La disposici\u00f3n angular de los husillos de trabajo permite el mecanizado de operaciones en \u00e1ngulo espacial sin un 5\u00ba eje.\r\n\t\t<\/p>\r\n\t<\/div>\r\n\r\n\t<div class=\"column col-4 col-md-6 mb-4\">\r\n\t\t<a href=\"https:\/\/www.elha.de\/wp-content\/uploads\/prozesstechnologie-6.jpg\" class=\"lightbox elha-image-lightbox\">\r\n\t\t\t<img decoding=\"async\" src=\"https:\/\/www.elha.de\/wp-content\/uploads\/prozesstechnologie-6-460x307.jpg\" alt=\"Vista: Espacio de trabajo FM 3+X\">\r\n\t\t<\/a>\r\n\t\t<h2 class=\"mt-1 mb-1 text-size5\">Dispositivo de sujeci\u00f3n doble para el mecanizado de carcasas de tornillos sinf\u00edn<\/h2>\r\n\t\t<p>\r\n\t\t\t<span class=\"label\">FM 3+X<\/span><br>\r\n\t\t\tLa disposici\u00f3n especial de los husillos permite un mecanizado de alta precisi\u00f3n de los dos taladros principales evitando errores de inversi\u00f3n.\r\n\t\t<\/p>\r\n\t<\/div>\r\n<\/div>\r\n\r\n\r\n\r\n<div>\r\n\t<a href=\"https:\/\/www.elha.de\/es\/maquinas\/modulos-de-produccion\/ejemplos-de-sistemas-de-automatizacion\/\" class=\"btn btn-lg\">&lt; p\u00e1gina anterior<\/a>\r\n<\/div>\n\n\n\n<p><\/p>","protected":false},"excerpt":{"rendered":"<p>\t\tMecanizado de anillos de turbocompresor con 6 husillos<\/p>\n<p>\t\t\tFM 3+X<br \/>\n\t\t\tDispositivo de sujeci\u00f3n con disposici\u00f3n en 2 filas de 3 piezas cada una y unidad de palpador mec\u00e1nico para comprobar los taladros.<\/p>\n<p>\t\tMecanizado de manguitos de 5 husillos para el suministro de aceite<\/p>\n<p>\t\t\tFM<\/p>","protected":false},"author":1,"featured_media":6397,"parent":105,"menu_order":6,"comment_status":"closed","ping_status":"closed","template":"","meta":{"footnotes":""},"class_list":["post-6381","page","type-page","status-publish","has-post-thumbnail","hentry"],"blocksy_meta":{"styles_descriptor":{"styles":{"desktop":"","tablet":"","mobile":""},"google_fonts":[],"version":6}},"_links":{"self":[{"href":"https:\/\/www.elha.de\/es\/wp-json\/wp\/v2\/pages\/6381","targetHints":{"allow":["GET"]}}],"collection":[{"href":"https:\/\/www.elha.de\/es\/wp-json\/wp\/v2\/pages"}],"about":[{"href":"https:\/\/www.elha.de\/es\/wp-json\/wp\/v2\/types\/page"}],"author":[{"embeddable":true,"href":"https:\/\/www.elha.de\/es\/wp-json\/wp\/v2\/users\/1"}],"replies":[{"embeddable":true,"href":"https:\/\/www.elha.de\/es\/wp-json\/wp\/v2\/comments?post=6381"}],"version-history":[{"count":0,"href":"https:\/\/www.elha.de\/es\/wp-json\/wp\/v2\/pages\/6381\/revisions"}],"up":[{"embeddable":true,"href":"https:\/\/www.elha.de\/es\/wp-json\/wp\/v2\/pages\/105"}],"wp:featuredmedia":[{"embeddable":true,"href":"https:\/\/www.elha.de\/es\/wp-json\/wp\/v2\/media\/6397"}],"wp:attachment":[{"href":"https:\/\/www.elha.de\/es\/wp-json\/wp\/v2\/media?parent=6381"}],"curies":[{"name":"wp","href":"https:\/\/api.w.org\/{rel}","templated":true}]}}