{"id":6616,"date":"2016-12-13T13:08:41","date_gmt":"2016-12-13T12:08:41","guid":{"rendered":"https:\/\/www.elha.de\/?page_id=6616"},"modified":"2025-04-07T12:15:06","modified_gmt":"2025-04-07T10:15:06","slug":"competencias","status":"publish","type":"page","link":"https:\/\/www.elha.de\/es\/kompetenzen\/","title":{"rendered":"Experiencia"},"content":{"rendered":"<div class=\"columns\"><div class=\"column mb-3 col-4 col-md-6\"><a href=\"https:\/\/www.elha.de\/es\/kompetenzen\/branchen\/\" class=\"elha-image-link border\"><img loading=\"lazy\" decoding=\"async\" width=\"460\" height=\"307\" src=\"https:\/\/www.elha.de\/wp-content\/uploads\/branchen-automotive.jpg\" class=\"attachment-cropimage size-cropimage wp-post-image\" alt=\"Vista del interior de un motor de autom\u00f3vil con componentes ajustados con precisi\u00f3n: soluciones de fabricaci\u00f3n ELHA para industrias clave.\" \/><\/a><div class=\"text-bold mt-1 mb-1\" style=\"font-size:20px;\"><a href=\"https:\/\/www.elha.de\/es\/kompetenzen\/branchen\/\">Industrias<\/a><\/div><div>\n\r\n\tGracias a d\u00e9cadas de experiencia en la construcci\u00f3n de m\u00e1quinas especiales y al empe\u00f1o por abrir constantemente nuevos campos de actividad con ideas innovadoras para el mecanizado productivo, ELHA ha desarrollado un<\/div><\/div><div class=\"column mb-3 col-4 col-md-6\"><a href=\"https:\/\/www.elha.de\/es\/kompetenzen\/prozessentwicklung\/\" class=\"elha-image-link border\"><img loading=\"lazy\" decoding=\"async\" width=\"460\" height=\"307\" src=\"https:\/\/www.elha.de\/wp-content\/uploads\/mehrspindlige-bearbeitung.jpg\" class=\"attachment-cropimage size-cropimage wp-post-image\" alt=\"\" srcset=\"https:\/\/www.elha.de\/wp-content\/uploads\/mehrspindlige-bearbeitung.jpg 1280w, https:\/\/www.elha.de\/wp-content\/uploads\/mehrspindlige-bearbeitung-460x307.jpg 460w, https:\/\/www.elha.de\/wp-content\/uploads\/mehrspindlige-bearbeitung-940x626.jpg 940w\" sizes=\"auto, (max-width: 460px) 100vw, 460px\" \/><\/a><div class=\"text-bold mt-1 mb-1\" style=\"font-size:20px;\"><a href=\"https:\/\/www.elha.de\/es\/kompetenzen\/prozessentwicklung\/\">Desarrollo de procesos<\/a><\/div><div>\n\r\n\tA lo largo de los a\u00f1os, ELHA ha pasado de ser un mero fabricante de taladradoras de corte de metal y m\u00e1quinas especiales a convertirse en un proveedor de soluciones completas para procesos de fabricaci\u00f3n\r\n\tincluyendo todos los servicios necesarios.<\/div><\/div><div class=\"column mb-3 col-4 col-md-6\"><a href=\"https:\/\/www.elha.de\/es\/kompetenzen\/innovationen\/\" class=\"elha-image-link border\"><img loading=\"lazy\" decoding=\"async\" width=\"455\" height=\"307\" src=\"https:\/\/www.elha.de\/wp-content\/uploads\/hydrostatische-pinole.jpg\" class=\"attachment-cropimage size-cropimage wp-post-image\" alt=\"\" srcset=\"https:\/\/www.elha.de\/wp-content\/uploads\/hydrostatische-pinole.jpg 1280w, https:\/\/www.elha.de\/wp-content\/uploads\/hydrostatische-pinole-940x634.jpg 940w\" sizes=\"auto, (max-width: 455px) 100vw, 455px\" \/><\/a><div class=\"text-bold mt-1 mb-1\" style=\"font-size:20px;\"><a href=\"https:\/\/www.elha.de\/es\/kompetenzen\/innovationen\/\">Innovaciones<\/a><\/div><div>\n\r\n\tSiempre m\u00e1s productivos, siempre m\u00e1s eficientes... \u00a1y mejores que la competencia! Y calidad de todos modos... \u00c9stas son las exigencias que nos plantean nuestros clientes.\r\n\tNos esforzamos por superar estos retos,<\/div><\/div><div class=\"column mb-3 col-4 col-md-6\"><a href=\"https:\/\/www.elha.de\/es\/kompetenzen\/idps-industrie-4-0\/\" class=\"elha-image-link border\"><img loading=\"lazy\" decoding=\"async\" width=\"460\" height=\"171\" src=\"https:\/\/www.elha.de\/wp-content\/uploads\/idps-banner.jpg\" class=\"attachment-cropimage size-cropimage wp-post-image\" alt=\"\" \/><\/a><div class=\"text-bold mt-1 mb-1\" style=\"font-size:20px;\"><a href=\"https:\/\/www.elha.de\/es\/kompetenzen\/idps-industrie-4-0\/\">iDPS (Industria 4.0)<\/a><\/div><div>\n\r\n\tiDPS es la soluci\u00f3n de sistema de ELHA para una mayor productividad, eficacia y transparencia.\r\n\r\n\r\n\r\n\tLas aplicaciones son accesibles a trav\u00e9s de dispositivos finales en la red de la empresa o, con la aprobaci\u00f3n del cliente, en todo el mundo a trav\u00e9s de la red de\r\n\tELHA<\/div><\/div><div class=\"column mb-3 col-4 col-md-6\"><a href=\"https:\/\/www.elha.de\/es\/kompetenzen\/referenzen\/\" class=\"elha-image-link border\"><img loading=\"lazy\" decoding=\"async\" width=\"460\" height=\"307\" src=\"https:\/\/www.elha.de\/wp-content\/uploads\/referenzen-uebersicht.jpg\" class=\"attachment-cropimage size-cropimage wp-post-image\" alt=\"\" srcset=\"https:\/\/www.elha.de\/wp-content\/uploads\/referenzen-uebersicht.jpg 920w, https:\/\/www.elha.de\/wp-content\/uploads\/referenzen-uebersicht-460x307.jpg 460w\" sizes=\"auto, (max-width: 460px) 100vw, 460px\" \/><\/a><div class=\"text-bold mt-1 mb-1\" style=\"font-size:20px;\"><a href=\"https:\/\/www.elha.de\/es\/kompetenzen\/referenzen\/\">Referencias<\/a><\/div><div>\n<\/div><\/div><\/div>","protected":false},"excerpt":{"rendered":"","protected":false},"author":1,"featured_media":0,"parent":0,"menu_order":4,"comment_status":"closed","ping_status":"closed","template":"","meta":{"footnotes":""},"class_list":["post-6616","page","type-page","status-publish","hentry"],"blocksy_meta":{"styles_descriptor":{"styles":{"desktop":"","tablet":"","mobile":""},"google_fonts":[],"version":6}},"_links":{"self":[{"href":"https:\/\/www.elha.de\/es\/wp-json\/wp\/v2\/pages\/6616","targetHints":{"allow":["GET"]}}],"collection":[{"href":"https:\/\/www.elha.de\/es\/wp-json\/wp\/v2\/pages"}],"about":[{"href":"https:\/\/www.elha.de\/es\/wp-json\/wp\/v2\/types\/page"}],"author":[{"embeddable":true,"href":"https:\/\/www.elha.de\/es\/wp-json\/wp\/v2\/users\/1"}],"replies":[{"embeddable":true,"href":"https:\/\/www.elha.de\/es\/wp-json\/wp\/v2\/comments?post=6616"}],"version-history":[{"count":0,"href":"https:\/\/www.elha.de\/es\/wp-json\/wp\/v2\/pages\/6616\/revisions"}],"wp:attachment":[{"href":"https:\/\/www.elha.de\/es\/wp-json\/wp\/v2\/media?parent=6616"}],"curies":[{"name":"wp","href":"https:\/\/api.w.org\/{rel}","templated":true}]}}