{"id":6618,"date":"2017-01-25T11:05:16","date_gmt":"2017-01-25T10:05:16","guid":{"rendered":"https:\/\/www.elha.de\/?page_id=6618"},"modified":"2025-05-22T16:23:59","modified_gmt":"2025-05-22T14:23:59","slug":"desarrollo-de-procesos","status":"publish","type":"page","link":"https:\/\/www.elha.de\/es\/kompetenzen\/prozessentwicklung\/","title":{"rendered":"Desarrollo de procesos"},"content":{"rendered":"<p>\r\n\tA lo largo de los a\u00f1os, ELHA ha pasado de ser un mero fabricante de taladradoras de corte de metal y m\u00e1quinas especiales a convertirse en un proveedor de soluciones completas para procesos de fabricaci\u00f3n\r\n\tincluyendo todos los servicios necesarios. Nuestro punto de partida es su pieza de trabajo. A partir de ella desarrollamos y realizamos\r\n\tla soluci\u00f3n de fabricaci\u00f3n \u00f3ptima y personalizada, ya sea sobre la base de conceptos de m\u00e1quinas de eficacia probada o seg\u00fan requisitos individuales.\r\n\tconceptos de m\u00e1quina o seg\u00fan conceptos individuales espec\u00edficos de la aplicaci\u00f3n. Nuestra cartera de servicios abarca, por tanto, desde servicios de ingenier\u00eda individuales\r\n\tpor ejemplo, el desarrollo de procesos, el dise\u00f1o y la construcci\u00f3n de m\u00e1quinas y dispositivos, hasta soluciones completas llave en mano con automatizaci\u00f3n, incluido el apoyo a la producci\u00f3n y la asistencia posterior con todos los servicios asociados habituales.\r\n\tcon todos los servicios asociados t\u00edpicos. Esto convierte a ELHA en su socio competente y fiable cuando se trata de\r\n\tsoluciones de m\u00e1xima calidad y rendimiento. \r\n<\/p>\r\n\r\n\r\n\r\n<div class=\"columns\">\r\n\t<div class=\"column col-4\">\r\n\t\t<a href=\"https:\/\/www.elha.de\/wp-content\/uploads\/mehrspindlige-bearbeitung.jpg\" class=\"lightbox elha-image-lightbox\">\r\n\t\t\t<img decoding=\"async\" src=\"https:\/\/www.elha.de\/wp-content\/uploads\/mehrspindlige-bearbeitung-460x307.jpg\" alt=\"Perforaci\u00f3n\" title=\"\">\r\n\t\t<\/a>\r\n\t\t<p>Mecanizado multihusillo de piezas de automoci\u00f3n<\/p>\r\n\t<\/div>\r\n\r\n\t<div class=\"column col-4\">\r\n\t\t<a href=\"https:\/\/www.elha.de\/wp-content\/uploads\/zerspanung-drehen.jpg\" class=\"lightbox elha-image-lightbox\">\r\n\t\t\t<img decoding=\"async\" src=\"https:\/\/www.elha.de\/wp-content\/uploads\/zerspanung-drehen-460x307.jpg\" alt=\"Girar\" title=\"\">\r\n\t\t<\/a>\r\n\t\t<p>Torneado, taladrado y roscado de r\u00f3tulas y coronas giratorias<\/p>\r\n\t<\/div>\r\n\r\n\t<div class=\"column col-4\">\r\n\t\t<a href=\"https:\/\/www.elha.de\/wp-content\/uploads\/smx-5224-titanzerspanung.jpg\" class=\"lightbox elha-image-lightbox\">\r\n\t\t\t<img decoding=\"async\" src=\"https:\/\/www.elha.de\/wp-content\/uploads\/smx-5224-titanzerspanung-460x307.jpg\" alt=\"F\u00e4sen\" title=\"\">\r\n\t\t<\/a>\r\n\t\t<p>Fresado de alto rendimiento de componentes de titanio<\/p>\r\n\t<\/div>\r\n<\/div>\r\n\r\n\r\n\r\n<h2>El desarrollo del proceso ELHA de un vistazo<\/h2>\r\n\r\n<p>\r\n\tDescubra aqu\u00ed c\u00f3mo ELHA convierte sus requisitos en la realizaci\u00f3n de su soluci\u00f3n llave en mano paso a paso.\r\n\trealizaci\u00f3n de su soluci\u00f3n llave en mano. Adem\u00e1s, ELHA le ofrece como servicio\r\n\tla posibilidad de realizar fases de servicio individuales del desarrollo del proceso, por ejemplo, estudios de viabilidad\/proceso,\r\n\tconceptos aproximados y detallados, c\u00e1lculos de rentabilidad y servicios de dise\u00f1o,\r\n\tsimulaciones de procesos y otros servicios a petici\u00f3n.\r\n<\/p>\r\n\r\n<div id=\"pfeile\" class=\"mt-4 mb-5\">\r\n\t<div id=\"pfeil5\" class=\"grau1\" data-text=\"text5\">Producci\u00f3n<\/div>\r\n\t<div id=\"pfeil4\" class=\"grau2\" data-text=\"text4\">Realizaci\u00f3n<\/div>\r\n\t<div id=\"pfeil3\" class=\"grau1\" data-text=\"text3\">Validaci\u00f3n<\/div>\r\n\t<div id=\"pfeil2\" class=\"grau2\" data-text=\"text2\">Concepto<\/div>\r\n\t<div id=\"pfeil1\" class=\"grau1\" data-text=\"text1\">Requisito<br>analice<\/div>\r\n<\/div>\r\n\r\n\r\n\r\n<div id=\"texte\">\r\n\t<div id=\"text1\" class=\"columns\">\r\n\t\t<div class=\"column col-6\">\r\n\t\t\t<img decoding=\"async\" src=\"https:\/\/www.elha.de\/wp-content\/uploads\/anforderungsanalyse.jpg\">\r\n\t\t<\/div>\r\n\t\t<div class=\"column col-6\">\r\n\t\t\t<h3>An\u00e1lisis de las necesidades<\/h3>\r\n\t\t\t<ul>\r\n\t\t\t\t<li>Coordinaci\u00f3n conjunta de todos los requisitos t\u00e9cnicos, de programaci\u00f3n y comerciales y de las condiciones l\u00edmite.<\/li>\r\n\t\t\t\t<li>An\u00e1lisis detallado de las posibilidades de implantaci\u00f3n econ\u00f3mica y eficaz con una soluci\u00f3n ELHA<\/li>\r\n\t\t\t<\/ul>\r\n\t\t<\/div>\r\n\t<\/div>\r\n\r\n\t<div id=\"text2\" class=\"columns\">\r\n\t\t<div class=\"column col-6\">\r\n\t\t\t<img decoding=\"async\" src=\"https:\/\/www.elha.de\/wp-content\/uploads\/konstruktion-arbeitsplatz.jpg\">\r\n\t\t<\/div>\r\n\t\t<div class=\"column col-6\">\r\n\t\t\t<h3>Concepto<\/h3>\r\n\t\t\t<ul>\r\n\t\t\t\t<li>Desarrollo de soluciones propuestas basadas en un cat\u00e1logo de requisitos acordado y priorizado conjuntamente.<\/li>\r\n\t\t\t\t<li>Dise\u00f1o conceptual basado en un modelo conceptual de varias etapas con distintas fases de detallado y un proceso estructurado paso a paso para desarrollar la soluci\u00f3n de producci\u00f3n \u00f3ptima.<\/li>\r\n\t\t\t\t<li>\u00c1mbito coordinado con respecto al desarrollo de los fundamentos del proceso y los enfoques tecnol\u00f3gicos de las m\u00e1quinas asociadas en cada fase de dise\u00f1o.<\/li>\r\n\t\t\t<\/ul>\r\n\t\t<\/div>\r\n\t<\/div>\r\n\r\n\t<div id=\"text3\" class=\"columns\">\r\n\t\t<div class=\"column col-6\">\r\n\t\t\t<img decoding=\"async\" src=\"https:\/\/www.elha.de\/wp-content\/uploads\/virtuelle-maschine-fm.jpg\">\r\n\t\t<\/div>\r\n\t\t<div class=\"column col-6\">\r\n\t\t\t<h3>Validaci\u00f3n<\/h3>\r\n\t\t\t<ul>\r\n\t\t\t\t<li>Especificaci\u00f3n iterativa y validaci\u00f3n del concepto de soluci\u00f3n final<\/li>\r\n\t\t\t\t<li>Realizaci\u00f3n de todas las pruebas de mecanizado, simulaciones y an\u00e1lisis de sistemas necesarios o solicitados.<\/li>\r\n\t\t\t<\/ul>\r\n\t\t<\/div>\r\n\t<\/div>\r\n\r\n\t<div id=\"text4\" class=\"columns\">\r\n\t\t<div class=\"column col-6\">\r\n\t\t\t<img decoding=\"async\" src=\"https:\/\/www.elha.de\/wp-content\/uploads\/maschinenmontage.jpg\">\r\n\t\t<\/div>\r\n\t\t<div class=\"column col-6\">\r\n\t\t\t<h3>Realizaci\u00f3n<\/h3>\r\n\t\t\t<ul>\r\n\t\t\t\t<li>Ingenier\u00eda de realizaci\u00f3n de tecnolog\u00eda de procesos y m\u00e1quinas, incluida la gesti\u00f3n de proyectos<\/li>\r\n\t\t\t\t<li>Puesta en marcha y funcionamiento del sistema de producci\u00f3n en la planta suministradora<\/li>\r\n\t\t\t\t<li>Pruebas funcionales y de aceptaci\u00f3n del proceso en la planta del proveedor<\/li>\r\n\t\t\t\t<li>A petici\u00f3n, funcionamiento de prueba durante un periodo acordado en la planta suministradora<\/li>\r\n\t\t\t\t<li>Entrega llave en mano y puesta en marcha del sistema en su planta<\/li>\r\n\t\t\t\t<li>Aceptaci\u00f3n final, incluidos todos los alcances de entrega, funcionales y de proceso acordados en su planta<\/li>\r\n\t\t\t<\/ul>\r\n\t\t<\/div>\r\n\t<\/div>\r\n\r\n\t<div id=\"text5\" class=\"columns\">\r\n\t\t<div class=\"column col-6\">\r\n\t\t\t<img decoding=\"async\" src=\"https:\/\/www.elha.de\/wp-content\/uploads\/fm-fertigungsmodule-fm3x-banner-460x307.jpg\">\r\n\t\t<\/div>\r\n\t\t<div class=\"column col-6\">\r\n\t\t\t<h3>Producci\u00f3n<\/h3>\r\n\t\t\t<ul>\r\n\t\t\t\t<li>Formaci\u00f3n competente del personal de explotaci\u00f3n y mantenimiento<\/li>\r\n\t\t\t\t<li>Apoyo durante la fase de puesta en marcha de la producci\u00f3n \/ operaci\u00f3n de prueba<\/li>\r\n\t\t\t\t<li>Apoyo\/asesoramiento espec\u00edfico del proyecto para su personal antes, durante y despu\u00e9s de la puesta en servicio<\/li>\r\n\t\t\t\t<li>Servicio efectivo ELHA\r\n\t\t\t\t\t<ul>\r\n\t\t\t\t\t\t<li>Tiempo de respuesta corto<\/li>\r\n\t\t\t\t\t\t<li>Diagn\u00f3stico a distancia eficaz<\/li>\r\n\t\t\t\t\t\t<li>Tramitaci\u00f3n r\u00e1pida y sin complicaciones<\/li>\r\n\t\t\t\t\t\t<li>Alta disponibilidad de piezas de repuesto y de desgaste<\/li>\r\n\t\t\t\t\t<\/ul>\r\n\t\t\t\t<\/li>\r\n\t\t\t<\/ul>\r\n\t\t<\/div>\r\n\t<\/div>\r\n<\/div>\r\n\r\n<p class=\"text-center mt-5\">\r\n\t<a href=\"https:\/\/www.elha.de\/es\/contacto\/\" class=\"btn btn-primary btn-lg\">P\u00f3ngase en contacto con nosotros<\/a>\r\n<\/p>\n\n\n\n<style>\n\t#pfeile { position: relative; height: 80px; }\n\n\t#pfeile > div {\n\t\tposition: absolute;\n\t\twidth: 23.4%;\n\t\theight: 100%;\n\t\tpadding: 26px 0 0 10px;\n\t\ttext-align: center;\n\t\tcursor: pointer;\n\t\tbackground-repeat: no-repeat;\n\t\tbackground-size: 100% 100%;\n\t}\n\n\t#pfeil1 { left: 0; padding-left: 0 !important; padding-top: 14px !important; }\n\t#pfeil2 { left: 19%; }\n\t#pfeil3 { left: 38%; }\n\t#pfeil4 { left: 57%; }\n\t#pfeil5 { left: 76%; }\n\t\t\n\t#pfeile > div.grau1 {\n\t\tbackground-image: url(\"https:\/\/www.elha.de\/wp-content\/uploads\/prozess-pfeil-grau1.png\");\n\t}\n\n\t#pfeile > div.grau2 {\n\t\tbackground-image: url(\"https:\/\/www.elha.de\/wp-content\/uploads\/prozess-pfeil-grau2.png\");\n\t}\n\n\t#pfeile > div.aktiv {\n\t\tbackground-image: url(\"https:\/\/www.elha.de\/wp-content\/uploads\/prozess-pfeil-blau.png\");\n\t\tcolor: #fff;\n\t}\n\n\t@media only screen and (max-width: 480px) {\n\t\t#pfeile { display: none; }\n\t\t#texte > div { display: block !important; margin-bottom: 64px; }\n\t}\n<\/style>\n\n\n\n<script>\n\tjQuery(window).ready(function() {\n\t\tjQuery('#texte > div').hide();\n\t\tjQuery('#text1').show();\n\t\tjQuery('#pfeil1').addClass('aktiv');\n\n\t\tjQuery('#pfeile > div').click(function(event) {\n\t\t\tevent.stopPropagation();\n\t\t\tvar data = jQuery(event.currentTarget).data('text');\n\n\t\t\tjQuery('#texte > div').hide();\n\t\t\tjQuery('#' + data).show();\n\n\t\t\tjQuery('#pfeile > div').removeClass('aktiv');\n\t\t\tjQuery(event.currentTarget).addClass('aktiv');\n\t\t});\n\t});\n<\/script>","protected":false},"excerpt":{"rendered":"<p>\tELHA hat sich im Laufe der Zeit vom reinen Hersteller f\u00fcr spanabhebende Bohr- und Sondermaschinen zum Anbieter von kompletten Fertigungsprozessl\u00f6sungen<br \/>\n\tinklusive aller daf\u00fcr erforderlichen Dienstleistungen weiterentwickelt.<\/p>","protected":false},"author":1,"featured_media":7334,"parent":6616,"menu_order":2,"comment_status":"closed","ping_status":"closed","template":"","meta":{"footnotes":""},"class_list":["post-6618","page","type-page","status-publish","has-post-thumbnail","hentry"],"blocksy_meta":{"styles_descriptor":{"styles":{"desktop":"","tablet":"","mobile":""},"google_fonts":[],"version":6},"page_title_panel":"","has_hero_section":"default","e56dbd72c45bc34b1599ee010aa185ed":"","hero_section":"type-1","hero_elements":[{"id":"custom_title","enabled":true,"heading_tag":"h1","title":"P\u00e1gina de inicio"},{"id":"custom_description","enabled":true,"description_visibility":{"desktop":true,"tablet":true,"mobile":false}},{"id":"custom_meta","enabled":false,"meta_elements":[{"id":"author","enabled":true,"label":"Von","has_author_avatar":"yes","avatar_size":25},{"id":"post_date","enabled":true,"label":"Am","date_format_source":"default","date_format":"M j, Y"},{"id":"comments","enabled":true}],"page_meta_elements":{"joined":true,"articles_count":true,"comments":true}},{"id":"breadcrumbs","enabled":false}],"40298df995729fa1c18cb69f1ea421bf":"","hero_alignment1":"CT_CSS_SKIP_RULE","hero_margin":40,"hero_alignment2":"center","hero_vertical_alignment":"center","e4b29d22e95c649bb1228b2df46744e2":"","hero_structure":"narrow","17171343e67d834dcaef1aa70e48fecb":"","page_title_bg_type":"featured_image","custom_hero_background":{"attachment_id":null},"parallax":{"desktop":false,"tablet":false,"mobile":false},"1702bba169455a5baca0fb24864295cb":"","hero_height":"250px","pageTitleFont":{"family":"Default","variation":"Default","size":{"desktop":"32px","tablet":"30px","mobile":"25px"},"line-height":"CT_CSS_SKIP_RULE","letter-spacing":"CT_CSS_SKIP_RULE","text-transform":"CT_CSS_SKIP_RULE","text-decoration":"CT_CSS_SKIP_RULE"},"pageTitleFontColor":{"default":{"color":"CT_CSS_SKIP_RULEDEFAULT"}},"309581beb2fd7be0aa3591e3cf73b56b":"","pageMetaFont":{"family":"Default","variation":"n6","size":"12px","line-height":"1.3","letter-spacing":"CT_CSS_SKIP_RULE","text-transform":"uppercase","text-decoration":"CT_CSS_SKIP_RULE"},"pageMetaFontColor":{"default":{"color":"CT_CSS_SKIP_RULEDEFAULT"},"hover":{"color":"CT_CSS_SKIP_RULEDEFAULT"}},"page_meta_button_type_font_colors":{"default":{"color":"CT_CSS_SKIP_RULEDEFAULT"},"hover":{"color":"CT_CSS_SKIP_RULEDEFAULT"}},"page_meta_button_type_background_colors":{"default":{"color":"CT_CSS_SKIP_RULEDEFAULT"},"hover":{"color":"CT_CSS_SKIP_RULEDEFAULT"}},"7a292ca438997924514c80aa8a39a7fb":"","pageExcerptFont":{"family":"Default","variation":"Default","size":"CT_CSS_SKIP_RULE","line-height":"CT_CSS_SKIP_RULE","letter-spacing":"CT_CSS_SKIP_RULE","text-transform":"CT_CSS_SKIP_RULE","text-decoration":"CT_CSS_SKIP_RULE"},"pageExcerptColor":{"default":{"color":"CT_CSS_SKIP_RULEDEFAULT"}},"8e06fb1f632194ddc0472c9b826a79cd":"","breadcrumbsFont":{"family":"Default","variation":"n6","size":"12px","line-height":"CT_CSS_SKIP_RULE","letter-spacing":"CT_CSS_SKIP_RULE","text-transform":"uppercase","text-decoration":"CT_CSS_SKIP_RULE"},"breadcrumbsFontColor":{"default":{"color":"CT_CSS_SKIP_RULEDEFAULT"},"initial":{"color":"CT_CSS_SKIP_RULEDEFAULT"},"hover":{"color":"CT_CSS_SKIP_RULEDEFAULT"}},"f4d89d51844b004b0e19ae28d59051a3":"","pageTitleOverlay":{"default":{"color":"CT_CSS_SKIP_RULE"}},"59c8e785bf0cb5c5b0b9f315d04bfacb":"","pageTitleBackground":{"background_type":"color","background_pattern":"type-1","background_image":{"attachment_id":null,"x":0,"y":0},"gradient":"linear-gradient(135deg,rgba(6,147,227,1) 0%,rgb(155,81,224) 100%)","background_repeat":"no-repeat","background_size":"auto","background_attachment":"scroll","patternColor":{"default":{"color":"#e5e7ea"}},"overlayColor":{"default":{"color":"CT_CSS_SKIP_RULE"}},"backgroundColor":{"default":{"color":"var(--theme-palette-color-6)"}}},"aaab4912fc0bd5a8d0d5f114dff66862":"","pageTitlePadding":{"top":"50px","bottom":"50px","left":"auto","right":"auto","linked":true},"fe82f2eecdc48ca1aadd6e63a9fda781":"","page_structure_type":"default","3eb8f43206c41bf35bc65463c1621a87":"","content_style_source":"inherit","content_style":"wide","vertical_spacing_source":"inherit","content_area_spacing":"both","background":{"background_type":"color","background_pattern":"type-1","background_image":{"attachment_id":null,"x":0,"y":0},"gradient":"linear-gradient(135deg,rgba(6,147,227,1) 0%,rgb(155,81,224) 100%)","background_repeat":"no-repeat","background_size":"auto","background_attachment":"scroll","patternColor":{"default":{"color":"#e5e7ea"}},"overlayColor":{"default":{"color":"CT_CSS_SKIP_RULE"}},"backgroundColor":{"default":{"color":"CT_CSS_SKIP_RULE"}}},"content_background":{"background_type":"color","background_pattern":"type-1","background_image":{"attachment_id":null,"x":0,"y":0},"gradient":"linear-gradient(135deg,rgba(6,147,227,1) 0%,rgb(155,81,224) 100%)","background_repeat":"no-repeat","background_size":"auto","background_attachment":"scroll","patternColor":{"default":{"color":"#e5e7ea"}},"overlayColor":{"default":{"color":"CT_CSS_SKIP_RULE"}},"backgroundColor":{"default":{"color":"var(--theme-palette-color-8)"}}},"content_boxed_shadow":{"inherit":false,"blur":18,"spread":-6,"v_offset":12,"h_offset":0,"inset":false,"enable":true,"color":{"color":"rgba(34, 56, 101, 0.04)"}},"boxed_content_spacing":{"desktop":{"top":"40px","bottom":"40px","left":"40px","right":"40px","linked":true},"tablet":{"top":"35px","bottom":"35px","left":"35px","right":"35px","linked":true},"mobile":{"top":"20px","bottom":"20px","left":"20px","right":"20px","linked":true}},"content_boxed_radius":{"top":"3px","bottom":"3px","left":"3px","right":"3px","linked":true},"1085fc888c5790bb58eeb1d24e18e28f":"","disable_featured_image":"yes","disable_header":"no","disable_footer":"no"},"_links":{"self":[{"href":"https:\/\/www.elha.de\/es\/wp-json\/wp\/v2\/pages\/6618","targetHints":{"allow":["GET"]}}],"collection":[{"href":"https:\/\/www.elha.de\/es\/wp-json\/wp\/v2\/pages"}],"about":[{"href":"https:\/\/www.elha.de\/es\/wp-json\/wp\/v2\/types\/page"}],"author":[{"embeddable":true,"href":"https:\/\/www.elha.de\/es\/wp-json\/wp\/v2\/users\/1"}],"replies":[{"embeddable":true,"href":"https:\/\/www.elha.de\/es\/wp-json\/wp\/v2\/comments?post=6618"}],"version-history":[{"count":0,"href":"https:\/\/www.elha.de\/es\/wp-json\/wp\/v2\/pages\/6618\/revisions"}],"up":[{"embeddable":true,"href":"https:\/\/www.elha.de\/es\/wp-json\/wp\/v2\/pages\/6616"}],"wp:featuredmedia":[{"embeddable":true,"href":"https:\/\/www.elha.de\/es\/wp-json\/wp\/v2\/media\/7334"}],"wp:attachment":[{"href":"https:\/\/www.elha.de\/es\/wp-json\/wp\/v2\/media?parent=6618"}],"curies":[{"name":"wp","href":"https:\/\/api.w.org\/{rel}","templated":true}]}}