{"id":6703,"date":"2017-01-25T11:05:48","date_gmt":"2017-01-25T10:05:48","guid":{"rendered":"https:\/\/www.elha.de\/?page_id=6703"},"modified":"2025-03-07T14:44:26","modified_gmt":"2025-03-07T13:44:26","slug":"innovaciones","status":"publish","type":"page","link":"https:\/\/www.elha.de\/es\/kompetenzen\/innovationen\/","title":{"rendered":"Innovaciones"},"content":{"rendered":"<p class=\"mb-5\">\r\n\tSiempre m\u00e1s productivos, siempre m\u00e1s eficientes... \u00a1y mejores que la competencia! Y calidad en cualquier caso... \u00c9stas son las exigencias que nos plantean nuestros clientes.\r\n\tEn nuestro empe\u00f1o por superar estos retos, hemos desarrollado e implementado numerosas innovaciones en tecnolog\u00eda de m\u00e1quinas en el transcurso de nuestros muchos a\u00f1os de trabajo en el \u00e1mbito\r\n\tde soluciones de procesos de mecanizado, tambi\u00e9n hemos desarrollado muchas innovaciones de tecnolog\u00eda de m\u00e1quinas, que a menudo suponen la ventaja decisiva para nuestros\r\n\tclientes y, por tanto, el factor decisivo a favor de una soluci\u00f3n ELHA. Conozca aqu\u00ed algunas de estas innovaciones y tecnolog\u00edas clave y\r\n\tconv\u00e9nzase de la fuerza innovadora asociada que caracteriza a ELHA.\r\n<\/p>\r\n\r\n\r\n\r\n<div class=\"columns mb-5\">\r\n\t<div class=\"column col-6 col-md-12\">\r\n\t\t<img decoding=\"async\" src=\"https:\/\/www.elha.de\/wp-content\/uploads\/mehrspindelbearbeitung-460x307.jpg\" alt=\"Mecanizado multihusillo\">\r\n\t<\/div>\r\n\r\n\t<div class=\"column col-6 col-md-12\">\r\n\t\t<h2>Tecnolog\u00eda multihusillo<\/h2>\r\n\t\t<p>\r\n\t\t\tEl atributo \"altamente productivo\" ha estado indisolublemente unido al nombre ELHA durante d\u00e9cadas. Tanto antes como ahora, el uso del taladrado multihusillo\r\n\t\t\t\u00a1y fresado en innumerables versiones es una clave importante para ello! Ya sea para la inserci\u00f3n \"de una sola vez\" de patrones de taladrado complejos o\r\n\t\t\tcientos de taladros en formato serie o el mecanizado multihusillo simult\u00e1neo de varios componentes. En una amplia variedad de m\u00e1quinas y\r\n\t\t\tHemos implementado esta tecnolog\u00eda de forma fiable en una amplia variedad de conceptos de m\u00e1quinas y sistemas, como m\u00e1quinas de transferencia lineal, de transferencia o rotativas. Las \u00faltimas innovaciones en este \u00e1mbito incluyen la\r\n\t\t\tajuste fino del husillo en cabezales multihusillo, que permite ajustar manualmente la posici\u00f3n y el \u00e1ngulo del eje del husillo con una precisi\u00f3n de \u00b5m.\r\n\t\t<\/p>\r\n\t\t\r\n\t\t\r\n\t\t\t<a href=\"https:\/\/www.elha.de\/wp-content\/uploads\/flyer-multi-spindle-technology-en.pdf\" class=\"btn\" target=\"_blank\" rel=\"noopener noreferrer\">Ajuste fino del volante<\/a>\r\n\t\t\r\n\t<\/div>\r\n<\/div>\r\n\r\n\r\n\r\n\r\n\r\n<div class=\"columns mb-5\">\r\n\t<div class=\"column col-6 col-md-12\">\r\n\t\t<img decoding=\"async\" src=\"https:\/\/www.elha.de\/wp-content\/uploads\/fm-smart-video-460x307.jpg\" alt=\"Torreta de husillo\">\r\n\t<\/div>\r\n\r\n\t<div class=\"column col-6 col-md-12\">\r\n\t\t<h2>ELHA SRR - La torreta de la serie de husillos<\/h2>\r\n\t\t<p>\r\n\t\t\tLa productividad y la flexibilidad ya no se excluyen mutuamente. Para alcanzar este objetivo en el \u00e1mbito de la tecnolog\u00eda de centros de transferencia altamente productivos\r\n\t\t\ten los m\u00f3dulos de producci\u00f3n ELHA, hemos desarrollado la torreta de hileras de husillos. Esto no s\u00f3lo permite un potente mecanizado de 2 a 4 husillos con herramientas accionadas directamente\r\n\t\t\tcon herramientas accionadas directamente, sino que tambi\u00e9n proporciona la capacidad de herramientas necesaria y una c\u00f3moda capacidad de cambio de herramientas, al igual que con el centro de mecanizado.\r\n\t\t\ty elimina los tiempos improductivos provocados por los cambios de herramienta en la pr\u00e1ctica gracias a la rapid\u00edsima indexaci\u00f3n.\r\n\t\t<\/p>\r\n\t\t<a href=\"https:\/\/www.elha.de\/es\/maquinas\/centros-de-transferencia\/almacen-de-torretas\/\" class=\"btn\">\r\n\t\t\tInformaci\u00f3n sobre la torreta\r\n\t\t<\/a>\r\n\t<\/div>\r\n<\/div>\r\n\r\n\r\n\r\n\r\n\r\n<div class=\"columns mb-5\">\r\n\t<div class=\"column col-6 col-md-12\">\r\n\t\t<img decoding=\"async\" src=\"https:\/\/www.elha.de\/wp-content\/uploads\/hydrostatische-pinole-460x307.jpg\" alt=\"Pluma hidrost\u00e1tica\">\r\n\t<\/div>\r\n\r\n\t<div class=\"column col-6 col-md-12\">\r\n\t\t<h2>La tecnolog\u00eda h<\/h2>\r\n\t\t<p>\r\n\t\t\tEn nuestros esfuerzos por aumentar significativamente la estabilidad del mecanizado y la amortiguaci\u00f3n de vibraciones en el m\u00f3dulo de producci\u00f3n ELHA, nuestro camino nos llev\u00f3 al desarrollo y uso de la tecnolog\u00eda patentada\r\n\t\t\th patentada. Se trata de una gran ca\u00f1a guiada hidrost\u00e1ticamente que realiza tanto el movimiento lineal como el rotacional del portapiezas.\r\n\t\t\tmovimiento de rotaci\u00f3n del portapiezas. En combinaci\u00f3n con un accionamiento doble altamente din\u00e1mico en el sentido longitudinal y de par en el\r\n\t\t\tdirecci\u00f3n de rotaci\u00f3n, esta tecnolog\u00eda maximiza la productividad y la precisi\u00f3n del mecanizado. La tecnolog\u00eda h\r\n\t\t\ttambi\u00e9n se utiliz\u00f3 como ca\u00f1a de husillo en otras m\u00e1quinas especiales en las que se requer\u00eda la m\u00e1xima estabilidad y precisi\u00f3n,\r\n\t\t\tpara el mecanizado de alto rendimiento de componentes de titanio, por ejemplo.\r\n\t\t<\/p>\r\n\t<\/div>\r\n<\/div>\r\n\r\n\r\n\r\n\r\n\r\n<div class=\"columns mb-5\">\r\n\t<div class=\"column col-6 col-md-12\">\r\n\t\t<img decoding=\"async\" src=\"https:\/\/www.elha.de\/wp-content\/uploads\/segment-direct-drive-460x307.jpg\" alt=\"Segmento Direct Drive\">\r\n\t<\/div>\r\n\r\n\t<div class=\"column col-6 col-md-12\">\r\n\t\t<h2>ELHA SDD - Segmento de transmisi\u00f3n directa<\/h2>\r\n\t\t<p>\r\n\t\t\tLa tecnolog\u00eda de motores lineales sin contacto se ha establecido desde hace tiempo en el mecanizado de precisi\u00f3n altamente din\u00e1mico en centros de mecanizado.\r\n\t\t\tELHA ha llevado esta tecnolog\u00eda un paso m\u00e1s all\u00e1 y la ha implementado en forma de accionamiento de mesa giratoria patentado. El resultado son las mejores\r\n\t\t\tmesas giratorias y divisoras del mundo en la gama de di\u00e1metros de 2-8 m en t\u00e9rminos de precisi\u00f3n de posicionamiento (\u00b11\") y din\u00e1mica. Esto convierte al SDD ELHA en la primera opci\u00f3n\r\n\t\t\tpara el mecanizado de interpolaci\u00f3n din\u00e1mico y de alta precisi\u00f3n y para el mecanizado de indexaci\u00f3n altamente productivo de patrones de orificios, por ejemplo\r\n\t\t\ten cojinetes de giro y bridas. \r\n\t\t<\/p>\r\n\t\t<a href=\"https:\/\/www.elha.de\/es\/maquinas\/centros-de-fresado-y-torneado-vertical\/accionamiento-directo-del-segmento-elha-sdd\/\" class=\"btn\">\r\n\t\t\tInformaci\u00f3n Segmento Direct Drive\r\n\t\t<\/a>\r\n\t<\/div>\r\n<\/div>\r\n\r\n\r\n\r\n\r\n\r\n<div class=\"columns mb-5\">\r\n\t<div class=\"column col-6 col-md-12\">\r\n\t\t<div class=\"elha-youtube-lightbox\"><a href=\"https:\/\/www.youtube-nocookie.com\/embed\/WUN0jyd4mDE\" class=\"lightbox\" rel=\"nofollow noopener\" target=\"_blank\"><img decoding=\"async\" src=\"https:\/\/www.elha.de\/wp-content\/uploads\/virtuelle-maschine-video-460x307.jpg\" alt=\"\"><\/a><span>Acepta la transmisi\u00f3n de datos a YouTube y reproduce el v\u00eddeo - <a href=\"https:\/\/www.elha.de\/es\/declaracion-de-proteccion-de-datos\/\">Pol\u00edtica de privacidad<\/a><\/span><\/div>\r\n\t<\/div>\r\n\r\n\t<div class=\"column col-6 col-md-12\">\r\n\t\t<h2>M\u00e1quina virtual<\/h2>\r\n\t\t<p>\r\n\t\t\tCon la m\u00e1quina virtual, ELHA ofrece una herramienta de simulaci\u00f3n extremadamente productiva que vincula las propiedades reales de la m\u00e1quina con los datos de proceso del entorno CAD\/CAM del cliente.\r\n\t\t\tEsto abre la posibilidad de realizar estudios de mecanizado muy precisos y simulaciones de procesos que incluyen comprobaciones de colisiones en 3D.\r\n\t\t\tEsto minimiza el tiempo necesario para las pruebas de viabilidad\/econ\u00f3micas y los procesos de puesta a punto.\r\n\t\t<\/p>\r\n\t\t\r\n\t<\/div>\r\n<\/div>\n\n\n\n<h2 class=\"wp-block-heading\">BSFZ<\/h2>\n\n\n\n<p>Desde junio de 2023, podemos llevar el sello oficial del Ministerio Federal despu\u00e9s de que nuestro concepto de desarrollo de SRM recibiera una decisi\u00f3n positiva del Centro de Certificaci\u00f3n de Subvenciones a la Investigaci\u00f3n (BSFZ).<\/p>\n\n\n\n<p>La concesi\u00f3n del sello exclusivo BSFZ confirma que, como empresa, podemos optar a financiaci\u00f3n y participamos activamente en investigaci\u00f3n y desarrollo. Es un premio a nuestra experiencia innovadora y demuestra que nos esforzamos continuamente por encontrar soluciones avanzadas que satisfagan las necesidades de nuestros clientes e impulsen el avance del sector.<\/p>\n\n\n\n<p>Estamos orgullosos de llevar este prestigioso sello y seguiremos esforz\u00e1ndonos por impulsar nuestras actividades de investigaci\u00f3n y desarrollo para ofrecer soluciones innovadoras que satisfagan a nuestros clientes.<\/p>\n\n\n\n<p>Obtenga m\u00e1s informaci\u00f3n sobre nuestros desarrollos y p\u00f3ngase en contacto con nosotros hoy mismo para saber c\u00f3mo podemos ayudarle a alcanzar sus objetivos de producci\u00f3n y tecnolog\u00eda.<\/p>\n\n\n\n<figure class=\"wp-block-image aligncenter size-medium is-resized\"><a href=\"https:\/\/www.bescheinigung-forschungszulage.de\/bsfz-siegel\" target=\"_blank\" rel=\" noreferrer noopener nofollow\"><img loading=\"lazy\" decoding=\"async\" width=\"460\" height=\"460\" src=\"https:\/\/www.elha.de\/wp-content\/uploads\/BSFZ_Siegel_RGB_2x-460x460.png\" alt=\"\" class=\"wp-image-11622\" style=\"width:300px\" srcset=\"https:\/\/www.elha.de\/wp-content\/uploads\/BSFZ_Siegel_RGB_2x-460x460.png 460w, https:\/\/www.elha.de\/wp-content\/uploads\/BSFZ_Siegel_RGB_2x-940x940.png 940w, https:\/\/www.elha.de\/wp-content\/uploads\/BSFZ_Siegel_RGB_2x-150x150.png 150w, https:\/\/www.elha.de\/wp-content\/uploads\/BSFZ_Siegel_RGB_2x-1536x1536.png 1536w, https:\/\/www.elha.de\/wp-content\/uploads\/BSFZ_Siegel_RGB_2x.png 2000w\" sizes=\"auto, (max-width: 460px) 100vw, 460px\" \/><\/a><\/figure>","protected":false},"excerpt":{"rendered":"<p>\tSiempre m\u00e1s productivos, siempre m\u00e1s eficientes... \u00a1y mejores que la competencia! Y calidad de todos modos... \u00c9stas son las exigencias que nos plantean nuestros clientes.<br \/>\n\tEn un esfuerzo por dominar estos retos,<\/p>","protected":false},"author":1,"featured_media":7518,"parent":6616,"menu_order":4,"comment_status":"closed","ping_status":"closed","template":"","meta":{"footnotes":""},"class_list":["post-6703","page","type-page","status-publish","has-post-thumbnail","hentry"],"blocksy_meta":{"styles_descriptor":{"styles":{"desktop":"","tablet":"","mobile":""},"google_fonts":[],"version":6},"page_title_panel":"","has_hero_section":"default","003515be99ccb5dfbaf01d41e7042e5f":"","hero_section":"type-1","hero_elements":[{"id":"custom_title","enabled":true,"heading_tag":"h1","title":"P\u00e1gina de inicio"},{"id":"custom_description","enabled":true,"description_visibility":{"desktop":true,"tablet":true,"mobile":false}},{"id":"custom_meta","enabled":false,"meta_elements":[{"id":"author","enabled":true,"label":"Von","has_author_avatar":"yes","avatar_size":25},{"id":"post_date","enabled":true,"label":"Am","date_format_source":"default","date_format":"M j, Y"},{"id":"comments","enabled":true}],"page_meta_elements":{"joined":true,"articles_count":true,"comments":true}},{"id":"breadcrumbs","enabled":false}],"d6fbc26d74331a24b9aab3855ebc039e":"","hero_alignment1":"CT_CSS_SKIP_RULE","hero_margin":40,"hero_alignment2":"center","hero_vertical_alignment":"center","cf1979b628a0cc1d55a6e176effee7e2":"","hero_structure":"narrow","05d47558587afba5a8fe68fd738b9fc0":"","page_title_bg_type":"featured_image","custom_hero_background":{"attachment_id":null},"parallax":{"desktop":false,"tablet":false,"mobile":false},"100ae0aacefef996ed879522389f4398":"","hero_height":"250px","pageTitleFont":{"family":"Default","variation":"Default","size":{"desktop":"32px","tablet":"30px","mobile":"25px"},"line-height":"CT_CSS_SKIP_RULE","letter-spacing":"CT_CSS_SKIP_RULE","text-transform":"CT_CSS_SKIP_RULE","text-decoration":"CT_CSS_SKIP_RULE"},"pageTitleFontColor":{"default":{"color":"CT_CSS_SKIP_RULEDEFAULT"}},"f8f91e580dfc7018003fcf865dc88616":"","pageMetaFont":{"family":"Default","variation":"n6","size":"12px","line-height":"1.3","letter-spacing":"CT_CSS_SKIP_RULE","text-transform":"uppercase","text-decoration":"CT_CSS_SKIP_RULE"},"pageMetaFontColor":{"default":{"color":"CT_CSS_SKIP_RULEDEFAULT"},"hover":{"color":"CT_CSS_SKIP_RULEDEFAULT"}},"page_meta_button_type_font_colors":{"default":{"color":"CT_CSS_SKIP_RULEDEFAULT"},"hover":{"color":"CT_CSS_SKIP_RULEDEFAULT"}},"page_meta_button_type_background_colors":{"default":{"color":"CT_CSS_SKIP_RULEDEFAULT"},"hover":{"color":"CT_CSS_SKIP_RULEDEFAULT"}},"c05ab2986c71494d1eaff4c3fc1bc62c":"","pageExcerptFont":{"family":"Default","variation":"Default","size":"CT_CSS_SKIP_RULE","line-height":"CT_CSS_SKIP_RULE","letter-spacing":"CT_CSS_SKIP_RULE","text-transform":"CT_CSS_SKIP_RULE","text-decoration":"CT_CSS_SKIP_RULE"},"pageExcerptColor":{"default":{"color":"CT_CSS_SKIP_RULEDEFAULT"}},"e06a915aa1bf5d4465a36b568373c318":"","breadcrumbsFont":{"family":"Default","variation":"n6","size":"12px","line-height":"CT_CSS_SKIP_RULE","letter-spacing":"CT_CSS_SKIP_RULE","text-transform":"uppercase","text-decoration":"CT_CSS_SKIP_RULE"},"breadcrumbsFontColor":{"default":{"color":"CT_CSS_SKIP_RULEDEFAULT"},"initial":{"color":"CT_CSS_SKIP_RULEDEFAULT"},"hover":{"color":"CT_CSS_SKIP_RULEDEFAULT"}},"12888b318aaa747fc38920c57a01292b":"","pageTitleOverlay":{"default":{"color":"CT_CSS_SKIP_RULE"}},"567b779463ded12a12630f4e3dda2aa1":"","pageTitleBackground":{"background_type":"color","background_pattern":"type-1","background_image":{"attachment_id":null,"x":0,"y":0},"gradient":"linear-gradient(135deg,rgba(6,147,227,1) 0%,rgb(155,81,224) 100%)","background_repeat":"no-repeat","background_size":"auto","background_attachment":"scroll","patternColor":{"default":{"color":"#e5e7ea"}},"overlayColor":{"default":{"color":"CT_CSS_SKIP_RULE"}},"backgroundColor":{"default":{"color":"var(--theme-palette-color-6)"}}},"8de8473437ecc4c33cc023ee8f459e06":"","pageTitlePadding":{"top":"50px","bottom":"50px","left":"auto","right":"auto","linked":true},"e9bd054138b2c50fa60c620dcc548d46":"","page_structure_type":"default","34d0bbcf15acaec91270a7aa4174ad3c":"","content_style_source":"inherit","content_style":"wide","vertical_spacing_source":"inherit","content_area_spacing":"both","background":{"background_type":"color","background_pattern":"type-1","background_image":{"attachment_id":null,"x":0,"y":0},"gradient":"linear-gradient(135deg,rgba(6,147,227,1) 0%,rgb(155,81,224) 100%)","background_repeat":"no-repeat","background_size":"auto","background_attachment":"scroll","patternColor":{"default":{"color":"#e5e7ea"}},"overlayColor":{"default":{"color":"CT_CSS_SKIP_RULE"}},"backgroundColor":{"default":{"color":"CT_CSS_SKIP_RULE"}}},"content_background":{"background_type":"color","background_pattern":"type-1","background_image":{"attachment_id":null,"x":0,"y":0},"gradient":"linear-gradient(135deg,rgba(6,147,227,1) 0%,rgb(155,81,224) 100%)","background_repeat":"no-repeat","background_size":"auto","background_attachment":"scroll","patternColor":{"default":{"color":"#e5e7ea"}},"overlayColor":{"default":{"color":"CT_CSS_SKIP_RULE"}},"backgroundColor":{"default":{"color":"var(--theme-palette-color-8)"}}},"content_boxed_shadow":{"inherit":false,"blur":18,"spread":-6,"v_offset":12,"h_offset":0,"inset":false,"enable":true,"color":{"color":"rgba(34, 56, 101, 0.04)"}},"boxed_content_spacing":{"desktop":{"top":"40px","bottom":"40px","left":"40px","right":"40px","linked":true},"tablet":{"top":"35px","bottom":"35px","left":"35px","right":"35px","linked":true},"mobile":{"top":"20px","bottom":"20px","left":"20px","right":"20px","linked":true}},"content_boxed_radius":{"top":"3px","bottom":"3px","left":"3px","right":"3px","linked":true},"c596bb92ac4c76364ba9ba7cdeb2ae79":"","disable_featured_image":"yes","disable_header":"no","disable_footer":"no"},"_links":{"self":[{"href":"https:\/\/www.elha.de\/es\/wp-json\/wp\/v2\/pages\/6703","targetHints":{"allow":["GET"]}}],"collection":[{"href":"https:\/\/www.elha.de\/es\/wp-json\/wp\/v2\/pages"}],"about":[{"href":"https:\/\/www.elha.de\/es\/wp-json\/wp\/v2\/types\/page"}],"author":[{"embeddable":true,"href":"https:\/\/www.elha.de\/es\/wp-json\/wp\/v2\/users\/1"}],"replies":[{"embeddable":true,"href":"https:\/\/www.elha.de\/es\/wp-json\/wp\/v2\/comments?post=6703"}],"version-history":[{"count":0,"href":"https:\/\/www.elha.de\/es\/wp-json\/wp\/v2\/pages\/6703\/revisions"}],"up":[{"embeddable":true,"href":"https:\/\/www.elha.de\/es\/wp-json\/wp\/v2\/pages\/6616"}],"wp:featuredmedia":[{"embeddable":true,"href":"https:\/\/www.elha.de\/es\/wp-json\/wp\/v2\/media\/7518"}],"wp:attachment":[{"href":"https:\/\/www.elha.de\/es\/wp-json\/wp\/v2\/media?parent=6703"}],"curies":[{"name":"wp","href":"https:\/\/api.w.org\/{rel}","templated":true}]}}