{"id":8250,"date":"2018-05-03T09:31:06","date_gmt":"2018-05-03T07:31:06","guid":{"rendered":"https:\/\/www.elha.de\/?page_id=8250"},"modified":"2026-01-22T10:44:20","modified_gmt":"2026-01-22T09:44:20","slug":"idps-industria-4-0","status":"publish","type":"page","link":"https:\/\/www.elha.de\/es\/kompetenzen\/idps-industrie-4-0\/","title":{"rendered":"iDPS (Industria 4.0)"},"content":{"rendered":"<p>\r\n\tiDPS es la soluci\u00f3n de sistema de ELHA para una mayor productividad, eficacia y transparencia.\r\n<\/p>\r\n\r\n<p>\r\n\tSe puede acceder a las aplicaciones a trav\u00e9s de dispositivos finales en la red de la empresa o, con el consentimiento del cliente, en todo el mundo a trav\u00e9s del\r\n\tELHA Machine Service Portal. Opcionalmente, se pueden ofrecer interfaces para dispositivos m\u00f3viles.\r\n<\/p>\r\n\r\n<p>\r\n\tLa base de las aplicaciones es un PC industrial integrado en la m\u00e1quina con una base de datos\r\n\tcuadros de mando y una innovadora soluci\u00f3n de acceso remoto. Es posible realizar ampliaciones personalizadas.\r\n<\/p>\r\n\r\n<div class=\"elha-youtube-lightbox\"><a href=\"https:\/\/www.youtube-nocookie.com\/embed\/ACUk09f5rFs\" class=\"lightbox\" rel=\"nofollow noopener\" target=\"_blank\"><img decoding=\"async\" src=\"https:\/\/www.elha.de\/wp-content\/uploads\/idps-video-vorschau.jpg\" alt=\"\"><\/a><span>Acepta la transmisi\u00f3n de datos a YouTube y reproduce el v\u00eddeo - <a href=\"https:\/\/www.elha.de\/es\/declaracion-de-proteccion-de-datos\/\">Pol\u00edtica de privacidad<\/a><\/span><\/div>\r\n\r\n\r\n\r\n<h2>Sus ventajas<\/h2>\r\n\r\n<ul>\r\n\t<li>Muy alta transparencia de proceso \/ m\u00e1quina<\/li>\r\n\t<li>Amplias opciones de an\u00e1lisis y diagn\u00f3stico<\/li>\r\n\t<li>Informaci\u00f3n b\u00e1sica para el mantenimiento predictivo<\/li>\r\n\t<li>Servicio r\u00e1pido de asistencia<\/li>\r\n\t<li>Las aplicaciones est\u00e1n disponibles en la m\u00e1quina, en la red de la empresa y en todo el mundo<\/li>\r\n\t<li>Acceso remoto seguro que puede controlar el cliente<\/li>\r\n<\/ul>\r\n\r\n\r\n\r\n\r\n\r\n\r\n\t<p class=\"mt-5 mb-5\">\r\n\t\t<img decoding=\"async\" src=\"https:\/\/www.elha.de\/wp-content\/uploads\/idps-packages.gif\">\r\n\t<\/p>\r\n\t<p class=\"text-center\">\r\n\t\t<a href=\"https:\/\/www.elha.de\/wp-content\/uploads\/iDPS-EN-2026.pdf\" class=\"btn btn-primary btn-lg mr-4\" target=\"_blank\" rel=\"noopener noreferrer\">Descargar folleto<\/a>\r\n\t\t<a href=\"https:\/\/www.elha.de\/es\/contacto\/\" class=\"btn btn-primary btn-lg\">P\u00f3ngase en contacto con nosotros<\/a>\r\n\t<\/p>","protected":false},"excerpt":{"rendered":"<p>\tiDPS es la soluci\u00f3n de sistema de ELHA para una mayor productividad, eficacia y transparencia.<\/p>\n<p>\tLas aplicaciones est\u00e1n disponibles a trav\u00e9s de dispositivos finales en la red de la empresa o, con el consentimiento del cliente, en todo el mundo a trav\u00e9s del<br \/>\n\tELHA<\/p>","protected":false},"author":1,"featured_media":8252,"parent":6616,"menu_order":5,"comment_status":"closed","ping_status":"closed","template":"","meta":{"footnotes":""},"class_list":["post-8250","page","type-page","status-publish","has-post-thumbnail","hentry"],"blocksy_meta":{"styles_descriptor":{"styles":{"desktop":"","tablet":"","mobile":""},"google_fonts":[],"version":6}},"_links":{"self":[{"href":"https:\/\/www.elha.de\/es\/wp-json\/wp\/v2\/pages\/8250","targetHints":{"allow":["GET"]}}],"collection":[{"href":"https:\/\/www.elha.de\/es\/wp-json\/wp\/v2\/pages"}],"about":[{"href":"https:\/\/www.elha.de\/es\/wp-json\/wp\/v2\/types\/page"}],"author":[{"embeddable":true,"href":"https:\/\/www.elha.de\/es\/wp-json\/wp\/v2\/users\/1"}],"replies":[{"embeddable":true,"href":"https:\/\/www.elha.de\/es\/wp-json\/wp\/v2\/comments?post=8250"}],"version-history":[{"count":0,"href":"https:\/\/www.elha.de\/es\/wp-json\/wp\/v2\/pages\/8250\/revisions"}],"up":[{"embeddable":true,"href":"https:\/\/www.elha.de\/es\/wp-json\/wp\/v2\/pages\/6616"}],"wp:featuredmedia":[{"embeddable":true,"href":"https:\/\/www.elha.de\/es\/wp-json\/wp\/v2\/media\/8252"}],"wp:attachment":[{"href":"https:\/\/www.elha.de\/es\/wp-json\/wp\/v2\/media?parent=8250"}],"curies":[{"name":"wp","href":"https:\/\/api.w.org\/{rel}","templated":true}]}}