{"id":8809,"date":"2019-11-28T09:01:58","date_gmt":"2019-11-28T08:01:58","guid":{"rendered":"https:\/\/www.elha.de\/?page_id=8809"},"modified":"2025-05-23T09:49:34","modified_gmt":"2025-05-23T07:49:34","slug":"buscamos-socios-comerciales","status":"publish","type":"page","link":"https:\/\/www.elha.de\/es\/wir-suchen-vertriebspartner\/","title":{"rendered":"Buscamos socios comerciales"},"content":{"rendered":"<p>\r\n\tELHA es una mediana empresa familiar alemana en su tercera generaci\u00f3n con unos 240 empleados. Ya estamos representados con nuestros productos en Jap\u00f3n, China, Corea, EE.UU., M\u00e9xico y muchos pa\u00edses europeos. Disponemos de socios de servicio en todos estos pa\u00edses para garantizar una asistencia \u00f3ptima al cliente.\r\n<\/p>\r\n\r\n<p>\r\n\tAdem\u00e1s, ELHA es fabricante de m\u00e1quinas herramienta (mecanizado) para las siguientes industrias:\r\n<\/p>\r\n\r\n<ul>\r\n\t<li>Industria del autom\u00f3vil\r\n\t\t<ul>\r\n\t\t\t<li>M\u00f3dulos de producci\u00f3n (para cantidades superiores a 500.000 piezas \/ a\u00f1o)<\/li>\r\n\t\t<\/ul>\r\n\t<\/li>\r\n\t<li>Energ\u00eda \/ Grandes rodamientos\r\n\t\t<ul>\r\n\t\t\t<li>Centros de torneado y fresado verticales<\/li>\r\n\t\t\t<li>Centros de mecanizado de mesa giratoria<\/li>\r\n\t\t<\/ul>\r\n\t<\/li>\r\n\t<li>Aeroespacial \/ Mecanizado general\r\n\t\t<ul>\r\n\t\t\t<li>Centros de mecanizado especiales<\/li>\r\n\t\t\t<li>M\u00e1quinas especiales<\/li>\r\n\t\t<\/ul>\r\n\t<\/li>\r\n<\/ul>\r\n\r\n<p>\r\n\tCon el fin de hacer crecer el negocio de ELHA, estamos interesados en ampliar nuestro mercado y nuestra red de distribuci\u00f3n. Por ello, buscamos un nuevo distribuidor local en su pa\u00eds que est\u00e9 motivado para promocionar y vender m\u00e1quinas ELHA.\r\n<\/p>\r\n\r\n<h2>Lo que esperamos:<\/h2>\r\n<p>\r\n\tComo socio de ventas de ELHA, tendr\u00e1 las siguientes tareas y responsabilidades:\r\n<\/p>\r\n\r\n<ul>\r\n\t<li>B\u00fasqueda de nuevos clientes y mantenimiento del contacto con los clientes existentes en su mercado<\/li>\r\n\t<li>Identificaci\u00f3n y captaci\u00f3n proactivas de clientes (potenciales)<\/li>\r\n\t<li>Seguimiento y realizaci\u00f3n de nuevos proyectos y participaci\u00f3n activa en exposiciones de maquinaria.<\/li>\r\n<\/ul>\r\n\r\n<p>\r\n\tAdem\u00e1s, como distribuidor de ELHA, esperamos que haya trabajado o vendido m\u00e1quinas CNC en su mercado. Que no trabaje actualmente con otros fabricantes de m\u00e1quinas CNC que produzcan m\u00e1quinas similares a las m\u00e1quinas CNC de ELHA. Y lo ideal es que disponga de su propio equipo de servicio o de un socio de servicio para ofrecer la mejor asistencia posible a nuestros clientes.\r\n<\/p>\r\n\r\n<h2>Lo que ofrecemos:<\/h2>\r\n<p>\r\n\tComo socio de ventas de ELHA, le garantizamos una asistencia t\u00e9cnica completa para todas las cuestiones t\u00e9cnicas. Y por \u00faltimo, pero no por ello menos importante, recibir\u00e1 una comisi\u00f3n por cada m\u00e1quina que venda.\r\n<\/p>\r\n\r\n<p>\r\n\tSi est\u00e1 interesado en convertirse en socio de ventas de ELHA, p\u00f3ngase en contacto con nosotros.\r\n<\/p>\r\n\r\n<p>\r\n\t<a href=\"https:\/\/www.elha.de\/es\/contacto\/\" class=\"btn btn-primary btn-lg\">P\u00f3ngase en contacto con nosotros<\/a>\r\n<\/p>","protected":false},"excerpt":{"rendered":"<p>\tELHA es una mediana empresa familiar alemana en su tercera generaci\u00f3n con unos 240 empleados. Nuestros productos ya est\u00e1n disponibles en Jap\u00f3n, China, Corea y Estados Unidos,<\/p>","protected":false},"author":1,"featured_media":8804,"parent":0,"menu_order":18,"comment_status":"closed","ping_status":"closed","template":"","meta":{"footnotes":""},"class_list":["post-8809","page","type-page","status-publish","has-post-thumbnail","hentry"],"blocksy_meta":{"styles_descriptor":{"styles":{"desktop":"","tablet":"","mobile":""},"google_fonts":[],"version":6}},"_links":{"self":[{"href":"https:\/\/www.elha.de\/es\/wp-json\/wp\/v2\/pages\/8809","targetHints":{"allow":["GET"]}}],"collection":[{"href":"https:\/\/www.elha.de\/es\/wp-json\/wp\/v2\/pages"}],"about":[{"href":"https:\/\/www.elha.de\/es\/wp-json\/wp\/v2\/types\/page"}],"author":[{"embeddable":true,"href":"https:\/\/www.elha.de\/es\/wp-json\/wp\/v2\/users\/1"}],"replies":[{"embeddable":true,"href":"https:\/\/www.elha.de\/es\/wp-json\/wp\/v2\/comments?post=8809"}],"version-history":[{"count":0,"href":"https:\/\/www.elha.de\/es\/wp-json\/wp\/v2\/pages\/8809\/revisions"}],"wp:featuredmedia":[{"embeddable":true,"href":"https:\/\/www.elha.de\/es\/wp-json\/wp\/v2\/media\/8804"}],"wp:attachment":[{"href":"https:\/\/www.elha.de\/es\/wp-json\/wp\/v2\/media?parent=8809"}],"curies":[{"name":"wp","href":"https:\/\/api.w.org\/{rel}","templated":true}]}}