{"id":90,"date":"2025-12-17T10:17:38","date_gmt":"2025-12-17T09:17:38","guid":{"rendered":"https:\/\/www.elha.de\/?page_id=90"},"modified":"2026-01-16T10:08:29","modified_gmt":"2026-01-16T09:08:29","slug":"imprimir","status":"publish","type":"page","link":"https:\/\/www.elha.de\/es\/impressum\/","title":{"rendered":"Pie de imprenta"},"content":{"rendered":"<p>\r\n    El responsable del contenido de este sitio web es\r\n<\/p>\r\n<p>\r\n    <b>ELHA-MASCHINENBAU Liemke GmbH &amp; Co. KG<\/b><br>\r\n\tAllee 16<br>\r\n\t33161 H\u00f6velhof<br>\r\n\tTel\u00e9fono: 05257 \/ 508-0<br>\r\n\tFax: 05257 \/ 508-118<br>\r\n\tE-Mail: <a href=\"mailto:info@elha.de\">info@elha.de<\/a><br>\r\n\tForma jur\u00eddica: GmbH &amp; Co. SOCIEDAD LIMITADA<br>\r\n\tDomicilio social de la empresa: H\u00f6velhof<br>\r\n\tJuzgado de registro: Juzgado de Primera Instancia de Paderborn<br>\r\n\tN\u00famero de registro: HRA 4107<br>\r\n\tN\u00famero de identificaci\u00f3n fiscal: DE 126 228 395<br>\r\n\tSocio personalmente responsable: ELHA-MASCHINENBAU Beteiligungs GmbH<br>\r\n\tN\u00famero de registro: HRB 18260<br>\r\n<\/p>\r\n<p>\r\nResponsable del contenido seg\u00fan \u00a7 18 Abs. 2 MStV:<br>\r\n<\/p>\r\n<p>\r\n    <b>ELHA-MASCHINENBAU Liemke GmbH &amp; Co. KG<\/b><br>\r\n\tAllee 16<br>\r\n\t33161 H\u00f6velhof<br>\r\n<\/p>\r\n\r\n<h2>Responsabilidad por los contenidos<\/h2>\r\n\r\n<p>\r\n    Los contenidos de nuestras p\u00e1ginas se han elaborado con el mayor esmero. Sin embargo, no podemos asumir ninguna responsabilidad por la exactitud, integridad y actualidad de los contenidos. Como proveedor de servicios, somos responsables de nuestros propios contenidos en estas p\u00e1ginas de acuerdo con la legislaci\u00f3n general. El operador de este sitio web no se hace responsable de los da\u00f1os causados por el uso de la informaci\u00f3n o los datos facilitados.\r\n<\/p>\r\n\r\n\r\n\r\n<h2>Responsabilidad de los enlaces<\/h2>\r\n\r\n<p>\r\n    Nuestro sitio web contiene enlaces a sitios web externos de terceros sobre cuyo contenido no tenemos ninguna influencia. Por lo tanto, no podemos aceptar ninguna responsabilidad por este contenido de terceros. El respectivo proveedor u operador de las p\u00e1ginas es siempre responsable del contenido de las p\u00e1ginas enlazadas. Las p\u00e1ginas enlazadas fueron revisadas en el momento de la vinculaci\u00f3n para detectar posibles infracciones legales. En el momento de establecer el enlace no se detectaron contenidos ilegales. Sin embargo, no es razonable un control permanente de los contenidos de las p\u00e1ginas enlazadas sin pruebas concretas de una infracci\u00f3n. Si tenemos conocimiento de alguna infracci\u00f3n legal, eliminaremos dichos enlaces inmediatamente.\r\n<\/p>\r\n\r\n\r\n\r\n<h2>Copyright<\/h2>\r\n\r\n<p>\r\n    Los contenidos y obras creados por los operadores del sitio en estas p\u00e1ginas est\u00e1n sujetos a la legislaci\u00f3n alemana sobre derechos de autor. La reproducci\u00f3n, el procesamiento, la distribuci\u00f3n y cualquier tipo de utilizaci\u00f3n fuera de los l\u00edmites de la ley de derechos de autor requieren el consentimiento por escrito del respectivo autor o creador. Las descargas y copias de este sitio s\u00f3lo est\u00e1n permitidas para uso privado y no comercial. En la medida en que el contenido de este sitio no haya sido creado por el operador, se respetar\u00e1n los derechos de autor de terceros. Si tenemos conocimiento de alguna infracci\u00f3n legal, eliminaremos dicho contenido inmediatamente.\r\n<\/p>","protected":false},"excerpt":{"rendered":"<p>    El responsable del contenido de este sitio web es<\/p>\n<p>    ELHA-MASCHINENBAU Liemke GmbH &amp; Co. KG<br \/>\n\tAllee 16<br \/>\n\t33161 H\u00f6velhof<br \/>\n\tTel\u00e9fono: 05257 \/ 508-0<br \/>\n\tFax:<\/p>","protected":false},"author":1,"featured_media":0,"parent":0,"menu_order":11,"comment_status":"closed","ping_status":"closed","template":"","meta":{"footnotes":""},"class_list":["post-90","page","type-page","status-publish","hentry"],"blocksy_meta":{"styles_descriptor":{"styles":{"desktop":"","tablet":"","mobile":""},"google_fonts":[],"version":6}},"_links":{"self":[{"href":"https:\/\/www.elha.de\/es\/wp-json\/wp\/v2\/pages\/90","targetHints":{"allow":["GET"]}}],"collection":[{"href":"https:\/\/www.elha.de\/es\/wp-json\/wp\/v2\/pages"}],"about":[{"href":"https:\/\/www.elha.de\/es\/wp-json\/wp\/v2\/types\/page"}],"author":[{"embeddable":true,"href":"https:\/\/www.elha.de\/es\/wp-json\/wp\/v2\/users\/1"}],"replies":[{"embeddable":true,"href":"https:\/\/www.elha.de\/es\/wp-json\/wp\/v2\/comments?post=90"}],"version-history":[{"count":0,"href":"https:\/\/www.elha.de\/es\/wp-json\/wp\/v2\/pages\/90\/revisions"}],"wp:attachment":[{"href":"https:\/\/www.elha.de\/es\/wp-json\/wp\/v2\/media?parent=90"}],"curies":[{"name":"wp","href":"https:\/\/api.w.org\/{rel}","templated":true}]}}