{"id":101,"date":"2015-11-08T20:26:06","date_gmt":"2015-11-08T19:26:06","guid":{"rendered":"https:\/\/www.elha.de\/?page_id=101"},"modified":"2025-07-30T15:08:13","modified_gmt":"2025-07-30T13:08:13","slug":"branches","status":"publish","type":"page","link":"https:\/\/www.elha.de\/fr\/kompetenzen\/branchen\/","title":{"rendered":"Branches"},"content":{"rendered":"<p class=\"mb-5\">\r\n\tGr\u00e2ce \u00e0 des dizaines d'ann\u00e9es d'exp\u00e9rience dans la construction de machines sp\u00e9ciales et \u00e0 la volont\u00e9 d'ouvrir sans cesse de nouveaux champs d'activit\u00e9 avec des id\u00e9es innovantes pour un usinage productif, ELHA a acquis un vaste savoir-faire en mati\u00e8re de solutions. Les solutions de fabrication ELHA pour les secteurs cl\u00e9s offrent des technologies sur mesure pour de nombreuses industries utilisant des machines-outils. D\u00e9couvrez ici les secteurs cl\u00e9s dans lesquels ELHA est pr\u00e9sent.\r\n<\/p>\r\n\r\n<div class=\"columns mb-5\">\r\n\t<div class=\"column col-6\">\r\n\t\t<img decoding=\"async\" src=\"https:\/\/www.elha.de\/wp-content\/uploads\/branchen-automotive.jpg\" alt=\"Automobile\">\r\n\t<\/div>\r\n\r\n\t<div class=\"column col-6\">\r\n\t\t<h2>Automobile<\/h2>\r\n\t\t<p>\r\n\t\t\tELHA propose aux OEM et aux sous-traitants de l'industrie automobile des solutions de fabrication hautement productives bas\u00e9es sur les modules de fabrication FM. Il s'agit de centres de transfert sans changeur d'outils avec des temps morts minimaux et des processus d'usinage efficaces gr\u00e2ce \u00e0 des entra\u00eenements d'outils optimis\u00e9s pour la fabrication en grande s\u00e9rie de pi\u00e8ces automobiles et de mat\u00e9riaux de toutes sortes.\r\n\t\t<\/p>\r\n\t<\/div>\r\n<\/div>\r\n\r\n\r\n\r\n<div class=\"columns mb-5\">\r\n\t<div class=\"column col-6\">\r\n\t\t<img decoding=\"async\" src=\"https:\/\/www.elha.de\/wp-content\/uploads\/branchen-energie.jpg\" alt=\"\u00c9nergie\">\r\n\t<\/div>\r\n\r\n\t<div class=\"column col-6\">\r\n\t\t<h2>\u00c9nergie<\/h2>\r\n\t\t<p>\r\n\t\t\tGrandes pi\u00e8ces \u00e0 usiner, haute pr\u00e9cision, efficacit\u00e9 et flexibilit\u00e9 lors de l'usinage m\u00e9canique. Telles sont les exigences \u00e9lev\u00e9es pos\u00e9es \u00e0 la technologie des machines dans presque tous les domaines de fabrication de la technique \u00e9nerg\u00e9tique. Pour relever ces d\u00e9fis, ELHA vous propose des technologies sur mesure sous la forme de centres de tournage-fraisage verticaux pour les grandes pi\u00e8ces, de centres d'usinage sp\u00e9ciaux et de machines sp\u00e9ciales.\r\n\t\t<\/p>\r\n\t<\/div>\r\n<\/div>\r\n\r\n\r\n\r\n<div class=\"columns mb-5\">\r\n\t<div class=\"column col-6\">\r\n\t\t<img decoding=\"async\" src=\"https:\/\/www.elha.de\/wp-content\/uploads\/branchen-grosswaelzlager-460x307.jpg\" alt=\"Palier \u00e0 roulement de grande taille\">\r\n\t<\/div>\r\n\r\n\t<div class=\"column col-6\">\r\n\t\t<h2>Grands roulements \/ couronnes d'orientation<\/h2>\r\n\t\t<p>\r\n\t\t\tUne pr\u00e9cision d'usinage et une qualit\u00e9 de surface maximales lors du tournage, en particulier des surfaces de roulement, ainsi qu'un per\u00e7age et un filetage puissants et dynamiques sont les plus grands d\u00e9fis \u00e0 relever lors de la fabrication de grands roulements. Profitez de la longue exp\u00e9rience de ELHA dans ce domaine et des solutions de fabrication rentables que ELHA peut vous proposer.\r\n\t\t<\/p>\r\n\t<\/div>\r\n<\/div>\r\n\r\n\r\n\r\n<div class=\"columns mb-5\">\r\n\t<div class=\"column col-6\">\r\n\t\t<img decoding=\"async\" src=\"https:\/\/www.elha.de\/wp-content\/uploads\/infrastructure-rails.jpg\" alt=\"Infrastructure\">\r\n\t<\/div>\r\n\r\n\t<div class=\"column col-6\">\r\n\t\t<h2>Infrastructure<\/h2>\r\n\t\t<p>\r\n\t\t\tDes unit\u00e9s de travail robustes, des broches de fraisage puissantes et de longues courses - ce sont les \u00e9l\u00e9ments cl\u00e9s de notre technologie de machines pour l'usinage exigeant de rails.\r\n\t\t\tELHA d\u00e9veloppe des solutions sur mesure qui r\u00e9pondent aux exigences \u00e9lev\u00e9es dans ce domaine.\r\n\t\t\tEt ELHA peut \u00e9galement proposer des solutions d'am\u00e9lioration de la productivit\u00e9 pour les composants associ\u00e9s tels que les bogues de support.\r\n\t\t<\/p>\r\n\t<\/div>\r\n<\/div>\r\n\r\n\r\n<div class=\"columns mb-5\">\r\n\t<div class=\"column col-6\">\r\n\t\t<img decoding=\"async\" src=\"https:\/\/www.elha.de\/wp-content\/uploads\/defence2.png\" alt=\"Image symbolique pour les applications de fabrication militaires : char de combat avec la marine, l&#039;arm\u00e9e de l&#039;air et les troupes au sol - est synonyme de composants complexes, de mat\u00e9riaux tr\u00e8s r\u00e9sistants et d&#039;usinage aux processus s\u00fbrs dans la technique de d\u00e9fense.\">\r\n\t<\/div>\r\n\r\n\t<div class=\"column col-6\">\r\n\t\t<h2>D\u00e9fense<\/h2>\r\n\t\t<p>\r\n\t\t\tMat\u00e9riaux hautement r\u00e9sistants, processus soumis \u00e0 documentation et s\u00e9curit\u00e9 maximale des processus : la fabrication dans le domaine de la technologie militaire impose des exigences particuli\u00e8res. ELHA d\u00e9veloppe \u00e0 cet effet des solutions m\u00e9caniques pr\u00e9cises et fiables pour les composants de petite et grande taille. Qu'il s'agisse de bo\u00eetiers, de composants de ch\u00e2ssis ou d'interfaces pour capteurs, nos machines garantissent qualit\u00e9, tra\u00e7abilit\u00e9 et efficacit\u00e9, m\u00eame pour des lots de taille variable. Faites confiance \u00e0 notre longue exp\u00e9rience et \u00e0 notre technologie d'usinage fiable \u00ab Made in Germany \u00bb.\r\n\t\t<\/p>\r\n\t<\/div>\r\n<\/div>\r\n\r\n\r\n<div class=\"columns mb-5\">\r\n\t<div class=\"column col-6\">\r\n\t\t<img decoding=\"async\" src=\"https:\/\/www.elha.de\/wp-content\/uploads\/branchen-aerospace.jpg\" alt=\"A\u00e9rospatiale\">\r\n\t<\/div>\r\n\r\n\t<div class=\"column col-6\">\r\n\t\t<h2>A\u00e9rospatiale<\/h2>\r\n\t\t<p>\r\n\t\t\tUne grande stabilit\u00e9 de la machine, des broches de fraisage puissantes et stables pour des mat\u00e9riaux difficiles \u00e0 usiner comme le titane ainsi qu'une pr\u00e9cision absolue caract\u00e9risent la plupart des applications dans le domaine de l'a\u00e9ronautique et de l'a\u00e9rospatiale. ELHA vous propose des solutions rentables pour ces applications sous la forme de grands centres de tournage-fraisage verticaux et de centres d'usinage sp\u00e9ciaux offrant des performances de pointe et une fiabilit\u00e9 maximale.\r\n\t\t<\/p>\r\n\t<\/div>\r\n<\/div>\r\n\r\n\r\n<div class=\"columns mb-5\">\r\n\t<div class=\"column col-6\">\r\n\t\t<img decoding=\"async\" src=\"https:\/\/www.elha.de\/wp-content\/uploads\/branchen-maschinenbau.jpg\" alt=\"G\u00e9nie m\u00e9canique\">\r\n\t<\/div>\r\n\r\n\t<div class=\"column col-6\">\r\n\t\t<h2>G\u00e9nie m\u00e9canique<\/h2>\r\n\t\t<p>\r\n\t\t\tPour le large \u00e9ventail d'applications dans le domaine de la construction m\u00e9canique, il existe toujours des exigences en mati\u00e8re de fabrication par enl\u00e8vement de copeaux qui ne sont pas r\u00e9alisables de mani\u00e8re judicieuse sur le plan technologique ou \u00e9conomique avec des solutions standard. ELHA est votre partenaire id\u00e9al, fort de plusieurs d\u00e9cennies d'exp\u00e9rience dans le d\u00e9veloppement et la construction de machines sp\u00e9ciales de tous types, dot\u00e9es de technologies innovantes, d'une fiabilit\u00e9 maximale et d'une qualit\u00e9 sup\u00e9rieure Made in Germany. La gamme s'\u00e9tend des grands centres de fraisage-tournage verticaux aux centres d'usinage sp\u00e9ciaux, en passant par les tables rotatives\/plan\u00e9taires et autres machines sp\u00e9ciales.\r\n\t\t<\/p>\r\n\t<\/div>\r\n<\/div>","protected":false},"excerpt":{"rendered":"<p>\tGr\u00e2ce \u00e0 des dizaines d'ann\u00e9es d'exp\u00e9rience dans la construction de machines sp\u00e9ciales et \u00e0 la volont\u00e9 d'ouvrir toujours plus de nouveaux champs d'activit\u00e9 gr\u00e2ce \u00e0 des id\u00e9es innovantes pour un usinage productif, ELHA s'est forg\u00e9 une solide r\u00e9putation.<\/p>","protected":false},"author":1,"featured_media":6593,"parent":6616,"menu_order":1,"comment_status":"closed","ping_status":"closed","template":"","meta":{"footnotes":""},"class_list":["post-101","page","type-page","status-publish","has-post-thumbnail","hentry"],"blocksy_meta":{"styles_descriptor":{"styles":{"desktop":"","tablet":"","mobile":""},"google_fonts":[],"version":6},"page_title_panel":"","has_hero_section":"default","b7c9dadb909e85cc64920ea2b17f3992":"","hero_section":"type-1","hero_elements":[{"id":"custom_title","enabled":true,"heading_tag":"h1","title":"Page d'accueil"},{"id":"custom_description","enabled":true,"description_visibility":{"desktop":true,"tablet":true,"mobile":false}},{"id":"custom_meta","enabled":false,"meta_elements":[{"id":"author","enabled":true,"label":"Von","has_author_avatar":"yes","avatar_size":25},{"id":"post_date","enabled":true,"label":"Am","date_format_source":"default","date_format":"M j, Y"},{"id":"comments","enabled":true}],"page_meta_elements":{"joined":true,"articles_count":true,"comments":true}},{"id":"breadcrumbs","enabled":false}],"c6bb72f75c11df6691cfb7bef04e05b0":"","hero_alignment1":"CT_CSS_SKIP_RULE","hero_margin":40,"hero_alignment2":"center","hero_vertical_alignment":"center","1c2619b916c4ca4349c29532d10eee46":"","hero_structure":"narrow","9becdf007a86588afe645449f08e16a8":"","page_title_bg_type":"featured_image","custom_hero_background":{"attachment_id":null},"parallax":{"desktop":false,"tablet":false,"mobile":false},"1cfb5f3d26de05ac8942784cae29e7cc":"","hero_height":"250px","pageTitleFont":{"family":"Default","variation":"Default","size":{"desktop":"32px","tablet":"30px","mobile":"25px"},"line-height":"CT_CSS_SKIP_RULE","letter-spacing":"CT_CSS_SKIP_RULE","text-transform":"CT_CSS_SKIP_RULE","text-decoration":"CT_CSS_SKIP_RULE"},"pageTitleFontColor":{"default":{"color":"CT_CSS_SKIP_RULEDEFAULT"}},"da0f20432b252a6a4ff64e490f4ca4b9":"","pageMetaFont":{"family":"Default","variation":"n6","size":"12px","line-height":"1.3","letter-spacing":"CT_CSS_SKIP_RULE","text-transform":"uppercase","text-decoration":"CT_CSS_SKIP_RULE"},"pageMetaFontColor":{"default":{"color":"CT_CSS_SKIP_RULEDEFAULT"},"hover":{"color":"CT_CSS_SKIP_RULEDEFAULT"}},"page_meta_button_type_font_colors":{"default":{"color":"CT_CSS_SKIP_RULEDEFAULT"},"hover":{"color":"CT_CSS_SKIP_RULEDEFAULT"}},"page_meta_button_type_background_colors":{"default":{"color":"CT_CSS_SKIP_RULEDEFAULT"},"hover":{"color":"CT_CSS_SKIP_RULEDEFAULT"}},"3484ebcafb880545cb8a7c4e58bd07fd":"","pageExcerptFont":{"family":"Default","variation":"Default","size":"CT_CSS_SKIP_RULE","line-height":"CT_CSS_SKIP_RULE","letter-spacing":"CT_CSS_SKIP_RULE","text-transform":"CT_CSS_SKIP_RULE","text-decoration":"CT_CSS_SKIP_RULE"},"pageExcerptColor":{"default":{"color":"CT_CSS_SKIP_RULEDEFAULT"}},"dc7ef1e4e1bb474119f5ae39513c2afd":"","breadcrumbsFont":{"family":"Default","variation":"n6","size":"12px","line-height":"CT_CSS_SKIP_RULE","letter-spacing":"CT_CSS_SKIP_RULE","text-transform":"uppercase","text-decoration":"CT_CSS_SKIP_RULE"},"breadcrumbsFontColor":{"default":{"color":"CT_CSS_SKIP_RULEDEFAULT"},"initial":{"color":"CT_CSS_SKIP_RULEDEFAULT"},"hover":{"color":"CT_CSS_SKIP_RULEDEFAULT"}},"cda927a8b2f46d54a9da858387a93808":"","pageTitleOverlay":{"default":{"color":"CT_CSS_SKIP_RULE"}},"88cda62591c15d0960491b933e90d8bf":"","pageTitleBackground":{"background_type":"color","background_pattern":"type-1","background_image":{"attachment_id":null,"x":0,"y":0},"gradient":"linear-gradient(135deg,rgba(6,147,227,1) 0%,rgb(155,81,224) 100%)","background_repeat":"no-repeat","background_size":"auto","background_attachment":"scroll","patternColor":{"default":{"color":"#e5e7ea"}},"overlayColor":{"default":{"color":"CT_CSS_SKIP_RULE"}},"backgroundColor":{"default":{"color":"var(--theme-palette-color-6)"}}},"9cca3867d58fe6ad967e330affe1dc9a":"","pageTitlePadding":{"top":"50px","bottom":"50px","left":"auto","right":"auto","linked":true},"f5ae910180e3ae52fb89f368b0ecbac3":"","page_structure_type":"default","7f40a5bc0490adf98aa0f48a0b88a882":"","content_style_source":"inherit","content_style":"wide","vertical_spacing_source":"inherit","content_area_spacing":"both","background":{"background_type":"color","background_pattern":"type-1","background_image":{"attachment_id":null,"x":0,"y":0},"gradient":"linear-gradient(135deg,rgba(6,147,227,1) 0%,rgb(155,81,224) 100%)","background_repeat":"no-repeat","background_size":"auto","background_attachment":"scroll","patternColor":{"default":{"color":"#e5e7ea"}},"overlayColor":{"default":{"color":"CT_CSS_SKIP_RULE"}},"backgroundColor":{"default":{"color":"CT_CSS_SKIP_RULE"}}},"content_background":{"background_type":"color","background_pattern":"type-1","background_image":{"attachment_id":null,"x":0,"y":0},"gradient":"linear-gradient(135deg,rgba(6,147,227,1) 0%,rgb(155,81,224) 100%)","background_repeat":"no-repeat","background_size":"auto","background_attachment":"scroll","patternColor":{"default":{"color":"#e5e7ea"}},"overlayColor":{"default":{"color":"CT_CSS_SKIP_RULE"}},"backgroundColor":{"default":{"color":"var(--theme-palette-color-8)"}}},"content_boxed_shadow":{"inherit":false,"blur":18,"spread":-6,"v_offset":12,"h_offset":0,"inset":false,"enable":true,"color":{"color":"rgba(34, 56, 101, 0.04)"}},"boxed_content_spacing":{"desktop":{"top":"40px","bottom":"40px","left":"40px","right":"40px","linked":true},"tablet":{"top":"35px","bottom":"35px","left":"35px","right":"35px","linked":true},"mobile":{"top":"20px","bottom":"20px","left":"20px","right":"20px","linked":true}},"content_boxed_radius":{"top":"3px","bottom":"3px","left":"3px","right":"3px","linked":true},"34a482aed54dd7783ad2ba88f0007270":"","disable_featured_image":"yes","disable_header":"no","disable_footer":"no"},"_links":{"self":[{"href":"https:\/\/www.elha.de\/fr\/wp-json\/wp\/v2\/pages\/101","targetHints":{"allow":["GET"]}}],"collection":[{"href":"https:\/\/www.elha.de\/fr\/wp-json\/wp\/v2\/pages"}],"about":[{"href":"https:\/\/www.elha.de\/fr\/wp-json\/wp\/v2\/types\/page"}],"author":[{"embeddable":true,"href":"https:\/\/www.elha.de\/fr\/wp-json\/wp\/v2\/users\/1"}],"replies":[{"embeddable":true,"href":"https:\/\/www.elha.de\/fr\/wp-json\/wp\/v2\/comments?post=101"}],"version-history":[{"count":0,"href":"https:\/\/www.elha.de\/fr\/wp-json\/wp\/v2\/pages\/101\/revisions"}],"up":[{"embeddable":true,"href":"https:\/\/www.elha.de\/fr\/wp-json\/wp\/v2\/pages\/6616"}],"wp:featuredmedia":[{"embeddable":true,"href":"https:\/\/www.elha.de\/fr\/wp-json\/wp\/v2\/media\/6593"}],"wp:attachment":[{"href":"https:\/\/www.elha.de\/fr\/wp-json\/wp\/v2\/media?parent=101"}],"curies":[{"name":"wp","href":"https:\/\/api.w.org\/{rel}","templated":true}]}}