{"id":105,"date":"2015-11-08T20:26:58","date_gmt":"2015-11-08T19:26:58","guid":{"rendered":"https:\/\/www.elha.de\/?page_id=105"},"modified":"2026-01-22T08:38:53","modified_gmt":"2026-01-22T07:38:53","slug":"modules-de-finition","status":"publish","type":"page","link":"https:\/\/www.elha.de\/fr\/maschinen\/fertigungsmodule\/","title":{"rendered":"Modules de fabrication"},"content":{"rendered":"<p class=\"mb-5\">\r\n\tDans le domaine des modules de production ELHA, nous \u00e9laborons avec nos clients des solutions hautement productives et sur mesure pour l'usinage par enl\u00e8vement de copeaux de pi\u00e8ces principalement automobiles. En tant que leader du march\u00e9 dans le domaine des centres de transfert, nous couvrons les dimensions de pi\u00e8ces les plus diverses avec les trois tailles FM 3+X, FM 3+X hd et FM 4+X hd.\r\n<\/p>\r\n\r\n<div class=\"columns\"><div class=\"column mb-3 col-4 col-md-6\"><a href=\"https:\/\/www.elha.de\/fr\/maschinen\/fertigungsmodule\/konzept\/\" class=\"elha-image-link border\"><img loading=\"lazy\" decoding=\"async\" width=\"460\" height=\"171\" src=\"https:\/\/www.elha.de\/wp-content\/uploads\/fm-fertigungsmodule-banner.jpg\" class=\"attachment-cropimage size-cropimage wp-post-image\" alt=\"\" \/><\/a><div class=\"text-bold mt-1 mb-1\" style=\"font-size:20px;\"><a href=\"https:\/\/www.elha.de\/fr\/maschinen\/fertigungsmodule\/konzept\/\">Concept<\/a><\/div><div>\n\r\n\t\r\n\t\tDepuis les premiers jours de l'usinage de produits industriels de masse, la technologie d'usinage a \u00e9t\u00e9 constamment d\u00e9velopp\u00e9e et am\u00e9lior\u00e9e. Les mat\u00e9riaux modernes utilis\u00e9s pour la fabrication des pi\u00e8ces et l'optimisation constante des technologies d'outillage ont conduit \u00e0 l'\u00e9mergence de nouveaux produits.<\/div><\/div><div class=\"column mb-3 col-4 col-md-6\"><a href=\"https:\/\/www.elha.de\/fr\/maschinen\/fertigungsmodule\/maschinenaufbau\/\" class=\"elha-image-link border\"><img loading=\"lazy\" decoding=\"async\" width=\"460\" height=\"307\" src=\"https:\/\/www.elha.de\/wp-content\/uploads\/fm-aufbau-vorschau.jpg\" class=\"attachment-cropimage size-cropimage wp-post-image\" alt=\"\" \/><\/a><div class=\"text-bold mt-1 mb-1\" style=\"font-size:20px;\"><a href=\"https:\/\/www.elha.de\/fr\/maschinen\/fertigungsmodule\/maschinenaufbau\/\">Structure de la machine<\/a><\/div><div>\n\r\n\t\r\n\t\r\n\t\r\n\r\n\t\r\n\t\t\r\n\t\r\n\r\n\t\r\n\t\t\r\n\t\r\n\r\n\t\r\n\t\t\r\n\t\r\n\r\n\t\r\n\t\t\r\n\t\r\n\r\n\t\r\n\t\t\r\n\t\r\n\r\n\t\r\n\t\t\r\n\t\r\n\r\n\r\n\r\n\r\n\r\n\t\r\n\t\tUne productivit\u00e9 maximale\r\n\t\tgr\u00e2ce \u00e0 l'utilisation exclusive de<br \/>des t\u00eates multibroches optimis\u00e9es pour les processus\r\n\t\r\n\r\n\t\r\n\t\tFlexibilit\u00e9 maximale\r\n\t\tavec jusqu'\u00e0 4 tourelles en ligne de broches et<br \/>128 outils \u00e0 entra\u00eenement direct<br \/>(voir aussi FM SMART)\r\n\t\r\n\r\n\r\n<\/div><\/div><div class=\"column mb-3 col-4 col-md-6\"><a href=\"https:\/\/www.elha.de\/fr\/maschinen\/fertigungsmodule\/basismaschinentypen-spezifikationen\/\" class=\"elha-image-link border\"><img loading=\"lazy\" decoding=\"async\" width=\"460\" height=\"171\" src=\"https:\/\/www.elha.de\/wp-content\/uploads\/fm-fertigungsmodule-fm3x-banner.jpg\" class=\"attachment-cropimage size-cropimage wp-post-image\" alt=\"\" \/><\/a><div class=\"text-bold mt-1 mb-1\" style=\"font-size:20px;\"><a href=\"https:\/\/www.elha.de\/fr\/maschinen\/fertigungsmodule\/basismaschinentypen-spezifikationen\/\">Types de machines de base &amp; sp\u00e9cifications<\/a><\/div><div>\n\t\r\n\t\t\r\n\t\t\r\n\t\t\tFM 3+X\r\n\t\t\tnotre best-seller\r\n\t\t\t\r\n\t\t\r\n\t\tLe FM 3+X est le mod\u00e8le le plus vendu et le premier choix pour les pi\u00e8ces de petite et moyenne taille en m\u00e9taux l\u00e9gers et en acier.\r\n\t\t\r\n\r\n\t\t\r\n\t\t\r\n\t\t\tFM 3+X hd\r\n\t\t\tpour l'usinage lourd\r\n\t\t\t\r\n\t\t\r\n\t\tGr\u00e2ce \u00e0<\/div><\/div><div class=\"column mb-3 col-4 col-md-6\"><a href=\"https:\/\/www.elha.de\/fr\/maschinen\/fertigungsmodule\/automatisierung-systembeispiele\/\" class=\"elha-image-link border\"><img loading=\"lazy\" decoding=\"async\" width=\"460\" height=\"171\" src=\"https:\/\/www.elha.de\/wp-content\/uploads\/automatisierung-banner.jpg\" class=\"attachment-cropimage size-cropimage wp-post-image\" alt=\"Automatisation banni\u00e8re\" \/><\/a><div class=\"text-bold mt-1 mb-1\" style=\"font-size:20px;\"><a href=\"https:\/\/www.elha.de\/fr\/maschinen\/fertigungsmodule\/automatisierung-systembeispiele\/\">Automatisation &amp; exemples de syst\u00e8mes<\/a><\/div><div>\nUne automatisation cons\u00e9quente et des temps de changement d'\u00e9quipement courts permettent une production comp\u00e9titive m\u00eame dans les pays \u00e0 hauts salaires. Les machines ELHA FM sont donc parfaitement adapt\u00e9es \u00e0 une utilisation dans des ateliers de production partiellement ou enti\u00e8rement automatis\u00e9s.<\/div><\/div><div class=\"column mb-3 col-4 col-md-6\"><a href=\"https:\/\/www.elha.de\/fr\/maschinen\/fertigungsmodule\/prozesstechnologie\/\" class=\"elha-image-link border\"><img loading=\"lazy\" decoding=\"async\" width=\"460\" height=\"171\" src=\"https:\/\/www.elha.de\/wp-content\/uploads\/prozesstechnologie-banner.jpg\" class=\"attachment-cropimage size-cropimage wp-post-image\" alt=\"Vues Banni\u00e8re\" \/><\/a><div class=\"text-bold mt-1 mb-1\" style=\"font-size:20px;\"><a href=\"https:\/\/www.elha.de\/fr\/maschinen\/fertigungsmodule\/prozesstechnologie\/\">Technologie des processus<\/a><\/div><div>\n\r\n\t\r\n\t\t\r\n\t\t\t\r\n\t\t\r\n\t\tUsinage \u00e0 6 broches de bagues de turbocompresseur\r\n\t\t\r\n\t\t\tFM 3+X<br>\r\n\t\t\tDispositif de serrage avec disposition en 2 rang\u00e9es de 3 pi\u00e8ces chacune ainsi qu'une unit\u00e9 de palpeur m\u00e9canique pour le contr\u00f4le des al\u00e9sages.\r\n\t\t\r\n\t\r\n\r\n\t\r\n\t\t\r\n\t\t\t\r\n\t\t\r\n\t\tUsinage \u00e0 5 broches de douilles pour l'alimentation en huile\r\n\t\t\r\n\t\t\tFM<\/div><\/div><\/div>\r\n\r\n<p class=\"text-center\">\r\n\t\r\n\t\r\n\t\t<a href=\"https:\/\/www.elha.de\/wp-content\/uploads\/2026-ELHA-Fertigungsmodul-EN.pdf\" class=\"btn btn-primary btn-lg mr-4\" target=\"_blank\" rel=\"noopener\">T\u00e9l\u00e9charger le prospectus<\/a>\r\n\t\r\n\t<a href=\"https:\/\/www.elha.de\/fr\/contact\/\" class=\"btn btn-primary btn-lg\">Prendre contact<\/a>\r\n<\/p>\n\n\n\n<p><\/p>","protected":false},"excerpt":{"rendered":"<p>\t\tUsinage \u00e0 6 broches de bagues de turbocompresseur<\/p>\n<p>\t\t\tFM 3+X<br \/>\n\t\t\tDispositif de serrage avec disposition en 2 rang\u00e9es de 3 pi\u00e8ces chacune ainsi qu'une unit\u00e9 de palpeur m\u00e9canique pour le contr\u00f4le des al\u00e9sages.<\/p>\n<p>\t\tUsinage \u00e0 5 broches de douilles pour l'alimentation en huile<\/p>\n<p>\t\t\tFM<\/p>","protected":false},"author":1,"featured_media":4054,"parent":1416,"menu_order":1,"comment_status":"closed","ping_status":"closed","template":"","meta":{"footnotes":""},"class_list":["post-105","page","type-page","status-publish","has-post-thumbnail","hentry"],"blocksy_meta":{"styles_descriptor":{"styles":{"desktop":"","tablet":"","mobile":""},"google_fonts":[],"version":6},"page_title_panel":"","has_hero_section":"default","8fdf270743d079f520ee240b995941c8":"","hero_section":"type-1","hero_elements":[{"id":"custom_title","enabled":true,"heading_tag":"h1","title":"Page d'accueil"},{"id":"custom_description","enabled":true,"description_visibility":{"desktop":true,"tablet":true,"mobile":false}},{"id":"custom_meta","enabled":false,"meta_elements":[{"id":"author","enabled":true,"label":"Von","has_author_avatar":"yes","avatar_size":25},{"id":"post_date","enabled":true,"label":"Am","date_format_source":"default","date_format":"M j, Y"},{"id":"comments","enabled":true}],"page_meta_elements":{"joined":true,"articles_count":true,"comments":true}},{"id":"breadcrumbs","enabled":false}],"94fe65fcb551dc30e58780fee32ae817":"","hero_alignment1":"CT_CSS_SKIP_RULE","hero_margin":40,"hero_alignment2":"center","hero_vertical_alignment":"center","4c5183f4b3b315ce1023b7d344b796d2":"","hero_structure":"narrow","2b1f28582311f36c4485e61476d56a7b":"","page_title_bg_type":"featured_image","custom_hero_background":{"attachment_id":null},"parallax":{"desktop":false,"tablet":false,"mobile":false},"c0757c1d44c86aa653af4cb537e87185":"","hero_height":"250px","pageTitleFont":{"family":"Default","variation":"Default","size":{"desktop":"32px","tablet":"30px","mobile":"25px"},"line-height":"CT_CSS_SKIP_RULE","letter-spacing":"CT_CSS_SKIP_RULE","text-transform":"CT_CSS_SKIP_RULE","text-decoration":"CT_CSS_SKIP_RULE"},"pageTitleFontColor":{"default":{"color":"CT_CSS_SKIP_RULEDEFAULT"}},"0c3ecb7f4a5c57d71ec9292ede0adf51":"","pageMetaFont":{"family":"Default","variation":"n6","size":"12px","line-height":"1.3","letter-spacing":"CT_CSS_SKIP_RULE","text-transform":"uppercase","text-decoration":"CT_CSS_SKIP_RULE"},"pageMetaFontColor":{"default":{"color":"CT_CSS_SKIP_RULEDEFAULT"},"hover":{"color":"CT_CSS_SKIP_RULEDEFAULT"}},"page_meta_button_type_font_colors":{"default":{"color":"CT_CSS_SKIP_RULEDEFAULT"},"hover":{"color":"CT_CSS_SKIP_RULEDEFAULT"}},"page_meta_button_type_background_colors":{"default":{"color":"CT_CSS_SKIP_RULEDEFAULT"},"hover":{"color":"CT_CSS_SKIP_RULEDEFAULT"}},"844622f3f83a007d70a2befb2fadf6c2":"","pageExcerptFont":{"family":"Default","variation":"Default","size":"CT_CSS_SKIP_RULE","line-height":"CT_CSS_SKIP_RULE","letter-spacing":"CT_CSS_SKIP_RULE","text-transform":"CT_CSS_SKIP_RULE","text-decoration":"CT_CSS_SKIP_RULE"},"pageExcerptColor":{"default":{"color":"CT_CSS_SKIP_RULEDEFAULT"}},"b9f5cd593ef203c7d6cadd65778a08c4":"","breadcrumbsFont":{"family":"Default","variation":"n6","size":"12px","line-height":"CT_CSS_SKIP_RULE","letter-spacing":"CT_CSS_SKIP_RULE","text-transform":"uppercase","text-decoration":"CT_CSS_SKIP_RULE"},"breadcrumbsFontColor":{"default":{"color":"CT_CSS_SKIP_RULEDEFAULT"},"initial":{"color":"CT_CSS_SKIP_RULEDEFAULT"},"hover":{"color":"CT_CSS_SKIP_RULEDEFAULT"}},"22c903016ef899f1b752ff106a3b3abf":"","pageTitleOverlay":{"default":{"color":"CT_CSS_SKIP_RULE"}},"1afe9d820990ffd3b47a8f001fa2ce1d":"","pageTitleBackground":{"background_type":"color","background_pattern":"type-1","background_image":{"attachment_id":null,"x":0,"y":0},"gradient":"linear-gradient(135deg,rgba(6,147,227,1) 0%,rgb(155,81,224) 100%)","background_repeat":"no-repeat","background_size":"auto","background_attachment":"scroll","patternColor":{"default":{"color":"#e5e7ea"}},"overlayColor":{"default":{"color":"CT_CSS_SKIP_RULE"}},"backgroundColor":{"default":{"color":"var(--theme-palette-color-6)"}}},"5432b05834cae4f154ea660d7d188905":"","pageTitlePadding":{"top":"50px","bottom":"50px","left":"auto","right":"auto","linked":true},"940371c40c2156ae81de02ad840e7ce7":"","page_structure_type":"default","0e7f4e5d487cfa63e8525a9d89cfb309":"","content_style_source":"inherit","content_style":"wide","vertical_spacing_source":"inherit","content_area_spacing":"both","background":{"background_type":"color","background_pattern":"type-1","background_image":{"attachment_id":null,"x":0,"y":0},"gradient":"linear-gradient(135deg,rgba(6,147,227,1) 0%,rgb(155,81,224) 100%)","background_repeat":"no-repeat","background_size":"auto","background_attachment":"scroll","patternColor":{"default":{"color":"#e5e7ea"}},"overlayColor":{"default":{"color":"CT_CSS_SKIP_RULE"}},"backgroundColor":{"default":{"color":"CT_CSS_SKIP_RULE"}}},"content_background":{"background_type":"color","background_pattern":"type-1","background_image":{"attachment_id":null,"x":0,"y":0},"gradient":"linear-gradient(135deg,rgba(6,147,227,1) 0%,rgb(155,81,224) 100%)","background_repeat":"no-repeat","background_size":"auto","background_attachment":"scroll","patternColor":{"default":{"color":"#e5e7ea"}},"overlayColor":{"default":{"color":"CT_CSS_SKIP_RULE"}},"backgroundColor":{"default":{"color":"var(--theme-palette-color-8)"}}},"content_boxed_shadow":{"inherit":false,"blur":18,"spread":-6,"v_offset":12,"h_offset":0,"inset":false,"enable":true,"color":{"color":"rgba(34, 56, 101, 0.04)"}},"boxed_content_spacing":{"desktop":{"top":"40px","bottom":"40px","left":"40px","right":"40px","linked":true},"tablet":{"top":"35px","bottom":"35px","left":"35px","right":"35px","linked":true},"mobile":{"top":"20px","bottom":"20px","left":"20px","right":"20px","linked":true}},"content_boxed_radius":{"top":"3px","bottom":"3px","left":"3px","right":"3px","linked":true},"7a2731ca8e0a4c2ad7580c8b9f41141c":"","disable_featured_image":"yes","disable_header":"no","disable_footer":"no"},"_links":{"self":[{"href":"https:\/\/www.elha.de\/fr\/wp-json\/wp\/v2\/pages\/105","targetHints":{"allow":["GET"]}}],"collection":[{"href":"https:\/\/www.elha.de\/fr\/wp-json\/wp\/v2\/pages"}],"about":[{"href":"https:\/\/www.elha.de\/fr\/wp-json\/wp\/v2\/types\/page"}],"author":[{"embeddable":true,"href":"https:\/\/www.elha.de\/fr\/wp-json\/wp\/v2\/users\/1"}],"replies":[{"embeddable":true,"href":"https:\/\/www.elha.de\/fr\/wp-json\/wp\/v2\/comments?post=105"}],"version-history":[{"count":0,"href":"https:\/\/www.elha.de\/fr\/wp-json\/wp\/v2\/pages\/105\/revisions"}],"up":[{"embeddable":true,"href":"https:\/\/www.elha.de\/fr\/wp-json\/wp\/v2\/pages\/1416"}],"wp:featuredmedia":[{"embeddable":true,"href":"https:\/\/www.elha.de\/fr\/wp-json\/wp\/v2\/media\/4054"}],"wp:attachment":[{"href":"https:\/\/www.elha.de\/fr\/wp-json\/wp\/v2\/media?parent=105"}],"curies":[{"name":"wp","href":"https:\/\/api.w.org\/{rel}","templated":true}]}}