{"id":109,"date":"2015-11-08T20:27:49","date_gmt":"2015-11-08T19:27:49","guid":{"rendered":"https:\/\/www.elha.de\/?page_id=109"},"modified":"2026-01-22T08:40:25","modified_gmt":"2026-01-22T07:40:25","slug":"centres-de-transfert","status":"publish","type":"page","link":"https:\/\/www.elha.de\/fr\/maschinen\/transferzentren\/","title":{"rendered":"Centres de transfert"},"content":{"rendered":"<p>ELHA-MASCHINENBAU est connu depuis de nombreuses ann\u00e9es comme le leader du march\u00e9 des centres de transfert \u00e0 haute productivit\u00e9, principalement dans le domaine de la production automobile en grande s\u00e9rie. Plus de 350 unit\u00e9s install\u00e9es et rod\u00e9es avec des processus documentent le succ\u00e8s de ce concept.<\/p>\r\n\r\n<p class=\"mb-5\">Avec la nouvelle s\u00e9rie FM SMART, ELHA offre d\u00e9sormais une flexibilit\u00e9 d'usinage multibroche inconnue jusqu'\u00e0 pr\u00e9sent sur les centres transfert et constitue ainsi une alternative aux centres d'usinage conventionnels.<\/p>\r\n\r\n<div class=\"columns\"><div class=\"column mb-3 col-4 col-md-6\"><a href=\"https:\/\/www.elha.de\/fr\/maschinen\/transferzentren\/anwendung\/\" class=\"elha-image-link border\"><img loading=\"lazy\" decoding=\"async\" width=\"460\" height=\"171\" src=\"https:\/\/www.elha.de\/wp-content\/uploads\/fm-smart-banner.jpg\" class=\"attachment-cropimage size-cropimage wp-post-image\" alt=\"\" \/><\/a><div class=\"text-bold mt-1 mb-1\" style=\"font-size:20px;\"><a href=\"https:\/\/www.elha.de\/fr\/maschinen\/transferzentren\/anwendung\/\">FM SMART - Application<\/a><\/div><div>\n\r\n\t\r\n\t\tL'usinage multibroche flexible et hautement productif fait peau neuve\r\n\t\t\r\n\t\t\tELHA-MASCHINENBAU est connu depuis de nombreuses ann\u00e9es comme leader du march\u00e9 des centres de transfert \u00e0 haute productivit\u00e9, principalement dans le domaine de la production automobile en grande s\u00e9rie. Plus de 350 machines install\u00e9es<\/div><\/div><div class=\"column mb-3 col-4 col-md-6\"><a href=\"https:\/\/www.elha.de\/fr\/maschinen\/transferzentren\/konzept-spezifikationen\/\" class=\"elha-image-link border\"><img loading=\"lazy\" decoding=\"async\" width=\"460\" height=\"307\" src=\"https:\/\/www.elha.de\/wp-content\/uploads\/fm-smart-konzept-vorschau.jpg\" class=\"attachment-cropimage size-cropimage wp-post-image\" alt=\"Concept &amp; sp\u00e9cification Thumbnail\" \/><\/a><div class=\"text-bold mt-1 mb-1\" style=\"font-size:20px;\"><a href=\"https:\/\/www.elha.de\/fr\/maschinen\/transferzentren\/konzept-spezifikationen\/\">Concept &amp; sp\u00e9cifications<\/a><\/div><div>\n\r\n\t\r\n\t\t\r\n\t\t\t\r\n\t\t\r\n\t\tFM SMART s\u00e9rie 1\r\n\t\t\r\n\t\t\tBase ELHA Module de fabrication FM 3+X avec cadre en fonte, unit\u00e9 de travail \u00e0 4 axes guid\u00e9s par roulement et entra\u00eenements d'axes \u00e0 vis \u00e0 billes\r\n\t\t\tMax. 2 unit\u00e9s de tourelle \u00e0 broches (SRR) ou de magasin de broches (SRM) avec 8 outils chacune<\/div><\/div><div class=\"column mb-3 col-4 col-md-6\"><a href=\"https:\/\/www.elha.de\/fr\/maschinen\/transferzentren\/spindelreihenrevolver-magazin\/\" class=\"elha-image-link border\"><img loading=\"lazy\" decoding=\"async\" width=\"399\" height=\"307\" src=\"https:\/\/www.elha.de\/wp-content\/uploads\/revolver-vierspindlig-160mm.jpg\" class=\"attachment-cropimage size-cropimage wp-post-image\" alt=\"\" \/><\/a><div class=\"text-bold mt-1 mb-1\" style=\"font-size:20px;\"><a href=\"https:\/\/www.elha.de\/fr\/maschinen\/transferzentren\/spindelreihenrevolver-magazin\/\">Tourelle &amp; magasin en ligne de broches<\/a><\/div><div>\n\r\n\t\r\n\t\t\r\n\t\tSRR\r\n\t\tTourelle \u00e0 vis en ligne | Caract\u00e9ristiques\r\n\t\t\r\n\t\t\tDes broches compl\u00e8tes sont pivot\u00e9es en position\r\n\t\t\tFixation par denture Hirth\r\n\t\t\tBroche r\u00e9glable avec pr\u00e9cision dans la plage \u00b110 \u03bcm\r\n\t\t\tMod\u00e8le de broche au choix\r\n\t\t\r\n\t\r\n\r\n\t\r\n\t\t\r\n\t\tSRM\r\n\t\tMagasin de rang\u00e9es de broches | Caract\u00e9ristiques\r\n\t\t\r\n\t\t\tMotobroches classiques dans un bo\u00eetier commun\r\n\t\t\tTambour de magasin ferm\u00e9<\/div><\/div><div class=\"column mb-3 col-4 col-md-6\"><a href=\"https:\/\/www.elha.de\/fr\/maschinen\/transferzentren\/ausstattung-peripherie\/\" class=\"elha-image-link border\"><img loading=\"lazy\" decoding=\"async\" width=\"460\" height=\"307\" src=\"https:\/\/www.elha.de\/wp-content\/uploads\/fm-smart-peripherie-vorschau.jpg\" class=\"attachment-cropimage size-cropimage wp-post-image\" alt=\"\u00c9quipement &amp; P\u00e9riph\u00e9riques Vignette\" \/><\/a><div class=\"text-bold mt-1 mb-1\" style=\"font-size:20px;\"><a href=\"https:\/\/www.elha.de\/fr\/maschinen\/transferzentren\/ausstattung-peripherie\/\">\u00c9quipement &amp; P\u00e9riph\u00e9riques<\/a><\/div><div>\n\r\n\t\r\n\t\t\r\n\t\t\tChoisissez parmi une multitude de variantes possibles pour l'\u00e9quipement p\u00e9riph\u00e9rique et optimisez le FM SMART en fonction de vos besoins.\r\n\t\t\r\n\r\n\t\t\r\n\t\t\t\r\n\t\t\t\t\r\n\t\t\t\t\t\r\n\t\t\t\t\t\r\n\t\t\t\t\t\t\r\n\t\t\t\t\t\r\n\t\t\t\t\t\r\n\t\t\t\t\t\t\r\n\t\t\t\t\t\r\n\t\t\t\t\r\n\r\n\t\t\t\t\r\n\t\t\t\t\tSMART\r\n\t\t\t\t\tS\u00e9rie 1\r\n\t\t\t\t\tS\u00e9rie 2\r\n\t\t\t\t\r\n\t\t\t\r\n\r\n\t\t\t\r\n\t\t\t\t\r\n\t\t\t\t\tLUBRIFICATION PAR REFROIDISSEMENT\r\n\t\t\t\t\t\r\n\t\t\t\t\t\r\n\t\t\t\t\r\n\r\n\t\t\t\t\r\n\t\t\t\t\tSyst\u00e8me de refroidissement, base KSS\r\n\t\t\t\t\t\u25cb\r\n\t\t\t\t\t\u25cb\r\n\t\t\t\t\r\n\r\n\t\t\t\t\r\n\t\t\t\t\tSyst\u00e8me de refroidissement, base<\/div><\/div><\/div>\r\n\r\n<p class=\"text-center\">\r\n\t\r\n\t\r\n\t\t<a href=\"https:\/\/www.elha.de\/wp-content\/uploads\/2026-ELHA-Fertigungsmodul-EN.pdf\" target=\"_blank\" class=\"btn btn-primary btn-lg mr-4\" rel=\"noopener\">T\u00e9l\u00e9charger le prospectus<\/a>\r\n\t\r\n\t<a href=\"https:\/\/www.elha.de\/fr\/contact\/\"  class=\"btn btn-primary btn-lg\">Prendre contact<\/a>\r\n<\/p>","protected":false},"excerpt":{"rendered":"<p>\t\t\tChoisissez parmi une multitude de variantes possibles pour l'\u00e9quipement p\u00e9riph\u00e9rique et optimisez le FM SMART en fonction de vos besoins.<\/p>\n<p>\t\t\t\t\tSMART<br \/>\n\t\t\t\t\tS\u00e9rie 1<br \/>\n\t\t\t\t\tS\u00e9rie 2<\/p>\n<p>\t\t\t\t\tLUBRIFICATION PAR REFROIDISSEMENT<\/p>\n<p>\t\t\t\t\tSyst\u00e8me de refroidissement, base KSS<br \/>\n\t\t\t\t\t\u25cb<br \/>\n\t\t\t\t\t\u25cb<\/p>\n<p>\t\t\t\t\tSyst\u00e8me de refroidissement, base<\/p>","protected":false},"author":1,"featured_media":4053,"parent":1416,"menu_order":2,"comment_status":"closed","ping_status":"closed","template":"","meta":{"footnotes":""},"class_list":["post-109","page","type-page","status-publish","has-post-thumbnail","hentry"],"blocksy_meta":{"styles_descriptor":{"styles":{"desktop":"","tablet":"","mobile":""},"google_fonts":[],"version":6},"page_title_panel":"","has_hero_section":"default","78f61789d2921f576709591f465ec59b":"","hero_section":"type-1","hero_elements":[{"id":"custom_title","enabled":true,"heading_tag":"h1","title":"Page d'accueil"},{"id":"custom_description","enabled":true,"description_visibility":{"desktop":true,"tablet":true,"mobile":false}},{"id":"custom_meta","enabled":false,"meta_elements":[{"id":"author","enabled":true,"label":"Von","has_author_avatar":"yes","avatar_size":25},{"id":"post_date","enabled":true,"label":"Am","date_format_source":"default","date_format":"M j, Y"},{"id":"comments","enabled":true}],"page_meta_elements":{"joined":true,"articles_count":true,"comments":true}},{"id":"breadcrumbs","enabled":false}],"ac720bc019103839ac6227285e7e5274":"","hero_alignment1":"CT_CSS_SKIP_RULE","hero_margin":40,"hero_alignment2":"center","hero_vertical_alignment":"center","4097177d9631e7b2488d78238b3df756":"","hero_structure":"narrow","c666a959fea430187ab9feae96a72b5f":"","page_title_bg_type":"featured_image","custom_hero_background":{"attachment_id":null},"parallax":{"desktop":false,"tablet":false,"mobile":false},"d84239a0a3d0c5ee349cd31ba2d16e56":"","hero_height":"250px","pageTitleFont":{"family":"Default","variation":"Default","size":{"desktop":"32px","tablet":"30px","mobile":"25px"},"line-height":"CT_CSS_SKIP_RULE","letter-spacing":"CT_CSS_SKIP_RULE","text-transform":"CT_CSS_SKIP_RULE","text-decoration":"CT_CSS_SKIP_RULE"},"pageTitleFontColor":{"default":{"color":"CT_CSS_SKIP_RULEDEFAULT"}},"pageMetaFont":{"family":"Default","variation":"n6","size":"12px","line-height":"1.3","letter-spacing":"CT_CSS_SKIP_RULE","text-transform":"uppercase","text-decoration":"CT_CSS_SKIP_RULE"},"pageMetaFontColor":{"default":{"color":"CT_CSS_SKIP_RULEDEFAULT"},"hover":{"color":"CT_CSS_SKIP_RULEDEFAULT"}},"page_meta_button_type_font_colors":{"default":{"color":"CT_CSS_SKIP_RULEDEFAULT"},"hover":{"color":"CT_CSS_SKIP_RULEDEFAULT"}},"page_meta_button_type_background_colors":{"default":{"color":"CT_CSS_SKIP_RULEDEFAULT"},"hover":{"color":"CT_CSS_SKIP_RULEDEFAULT"}},"pageExcerptFont":{"family":"Default","variation":"Default","size":"CT_CSS_SKIP_RULE","line-height":"CT_CSS_SKIP_RULE","letter-spacing":"CT_CSS_SKIP_RULE","text-transform":"CT_CSS_SKIP_RULE","text-decoration":"CT_CSS_SKIP_RULE"},"pageExcerptColor":{"default":{"color":"CT_CSS_SKIP_RULEDEFAULT"}},"breadcrumbsFont":{"family":"Default","variation":"Default","size":"CT_CSS_SKIP_RULE","line-height":"CT_CSS_SKIP_RULE","letter-spacing":"CT_CSS_SKIP_RULE","text-transform":"CT_CSS_SKIP_RULE","text-decoration":"CT_CSS_SKIP_RULE"},"breadcrumbsFontColor":{"default":{"color":"CT_CSS_SKIP_RULEDEFAULT"},"initial":{"color":"CT_CSS_SKIP_RULEDEFAULT"},"hover":{"color":"CT_CSS_SKIP_RULEDEFAULT"}},"pageTitleOverlay":{"default":{"color":"CT_CSS_SKIP_RULE"}},"pageTitleBackground":{"background_type":"color","background_pattern":"type-1","background_image":{"attachment_id":null,"x":0,"y":0},"gradient":"linear-gradient(135deg,rgba(6,147,227,1) 0%,rgb(155,81,224) 100%)","background_repeat":"no-repeat","background_size":"auto","background_attachment":"scroll","patternColor":{"default":{"color":"#e5e7ea"}},"overlayColor":{"default":{"color":"CT_CSS_SKIP_RULE"}},"backgroundColor":{"default":{"color":"var(--theme-palette-color-6)"}}},"pageTitlePadding":{"top":"50px","bottom":"50px","left":"auto","right":"auto","linked":true},"8764a768d35831a3c97c5011de1fbabc":"","page_structure_type":"default","ffe185a7705aee522be8951c41d83e8a":"","content_style_source":"inherit","content_style":"wide","vertical_spacing_source":"inherit","content_area_spacing":"both","background":{"background_type":"color","background_pattern":"type-1","background_image":{"attachment_id":null,"x":0,"y":0},"gradient":"linear-gradient(135deg,rgba(6,147,227,1) 0%,rgb(155,81,224) 100%)","background_repeat":"no-repeat","background_size":"auto","background_attachment":"scroll","patternColor":{"default":{"color":"#e5e7ea"}},"overlayColor":{"default":{"color":"CT_CSS_SKIP_RULE"}},"backgroundColor":{"default":{"color":"CT_CSS_SKIP_RULE"}}},"content_background":{"background_type":"color","background_pattern":"type-1","background_image":{"attachment_id":null,"x":0,"y":0},"gradient":"linear-gradient(135deg,rgba(6,147,227,1) 0%,rgb(155,81,224) 100%)","background_repeat":"no-repeat","background_size":"auto","background_attachment":"scroll","patternColor":{"default":{"color":"#e5e7ea"}},"overlayColor":{"default":{"color":"CT_CSS_SKIP_RULE"}},"backgroundColor":{"default":{"color":"var(--theme-palette-color-8)"}}},"content_boxed_shadow":{"inherit":false,"blur":18,"spread":-6,"v_offset":12,"h_offset":0,"inset":false,"enable":true,"color":{"color":"rgba(34, 56, 101, 0.04)"}},"boxed_content_spacing":{"desktop":{"top":"40px","bottom":"40px","left":"40px","right":"40px","linked":true},"tablet":{"top":"35px","bottom":"35px","left":"35px","right":"35px","linked":true},"mobile":{"top":"20px","bottom":"20px","left":"20px","right":"20px","linked":true}},"content_boxed_radius":{"top":"3px","bottom":"3px","left":"3px","right":"3px","linked":true},"6e68410f9e1317110e7a2ebc631c4ab2":"","disable_featured_image":"yes","disable_header":"no","disable_footer":"no"},"_links":{"self":[{"href":"https:\/\/www.elha.de\/fr\/wp-json\/wp\/v2\/pages\/109","targetHints":{"allow":["GET"]}}],"collection":[{"href":"https:\/\/www.elha.de\/fr\/wp-json\/wp\/v2\/pages"}],"about":[{"href":"https:\/\/www.elha.de\/fr\/wp-json\/wp\/v2\/types\/page"}],"author":[{"embeddable":true,"href":"https:\/\/www.elha.de\/fr\/wp-json\/wp\/v2\/users\/1"}],"replies":[{"embeddable":true,"href":"https:\/\/www.elha.de\/fr\/wp-json\/wp\/v2\/comments?post=109"}],"version-history":[{"count":0,"href":"https:\/\/www.elha.de\/fr\/wp-json\/wp\/v2\/pages\/109\/revisions"}],"up":[{"embeddable":true,"href":"https:\/\/www.elha.de\/fr\/wp-json\/wp\/v2\/pages\/1416"}],"wp:featuredmedia":[{"embeddable":true,"href":"https:\/\/www.elha.de\/fr\/wp-json\/wp\/v2\/media\/4053"}],"wp:attachment":[{"href":"https:\/\/www.elha.de\/fr\/wp-json\/wp\/v2\/media?parent=109"}],"curies":[{"name":"wp","href":"https:\/\/api.w.org\/{rel}","templated":true}]}}