{"id":11611,"date":"2023-05-16T10:45:13","date_gmt":"2023-05-16T08:45:13","guid":{"rendered":"https:\/\/www.elha.de\/?page_id=11611"},"modified":"2026-02-19T08:39:14","modified_gmt":"2026-02-19T07:39:14","slug":"conformite","status":"publish","type":"page","link":"https:\/\/www.elha.de\/fr\/compliance\/","title":{"rendered":"Conformit\u00e9"},"content":{"rendered":"<p>Me Carola Sieling et Me Anne-Kathrin Titze sont les m\u00e9diateurs de la soci\u00e9t\u00e9 ELHA-MASCHINENBAU Liemke GmbH &amp; Co. KG pour les questions de conformit\u00e9. Les m\u00e9diateurs sont \u00e0 la disposition des collaborateurs et des tiers en tant qu'interlocuteurs externes ind\u00e9pendants en cas d'informations sur des d\u00e9lits et des violations de la loi. Ils font \u00e9galement office de service interne de signalement conform\u00e9ment \u00e0 la loi sur la protection des lanceurs d'alerte.<\/p>\n\n\n\n<p>Me Carola Sieling et Me Anne-Kathrin Titze sont tenues au secret professionnel et, sur demande, elles donneront suite \u00e0 toute information sans la nommer. Une transmission des informations \u00e0 la soci\u00e9t\u00e9 ELHA-MASCHINENBAU Liemke GmbH &amp; Co. KG n'aura lieu qu'apr\u00e8s consultation et en accord avec la personne ayant fourni l'information. L'objectif est d'aider l'entreprise \u00e0 \u00e9lucider les violations de la conformit\u00e9 et \u00e0 signaler les infractions conform\u00e9ment \u00e0 la loi sur la protection des lanceurs d'alerte, sans que la personne qui a donn\u00e9 l'alerte ait \u00e0 craindre des inconv\u00e9nients.<\/p>\n\n\n\n<h2 class=\"wp-block-heading has-palette-color-1-color has-text-color has-link-color wp-elements-3ff8a13b50f08648cd31d162eb03498b\">Coordonn\u00e9es<\/h2>\n\n\n\n<p><strong>M\u00e9diateurs<\/strong><br>Avocate Carola Sieling et avocate Anne-Kathrin Titze<br>Cabinet Sieling<br>5, rue Klingender<br>DE-33100 Paderborn<br><br>T\u00e9l\u00e9phone : +49 5251 1428742<br>T\u00e9l\u00e9copieur : +49 5251 1428744<br>Courrier \u00e9lectronique : <a href=\"mailto:ombudsperson.elha-maschinenbau@kanzlei-sieling.de\">ombudsperson.elha-maschinenbau@kanzlei-sieling.de<\/a><\/p>\n\n\n\n<p><\/p>","protected":false},"excerpt":{"rendered":"<p>Me Carola Sieling et Me Anne-Kathrin Titze sont les m\u00e9diateurs de la soci\u00e9t\u00e9 ELHA-MASCHINENBAU Liemke GmbH &amp; Co. KG pour les questions de conformit\u00e9. Les m\u00e9diateurs sont \u00e0 la disposition des<\/p>","protected":false},"author":26,"featured_media":11612,"parent":0,"menu_order":13,"comment_status":"closed","ping_status":"closed","template":"","meta":{"footnotes":""},"class_list":["post-11611","page","type-page","status-publish","has-post-thumbnail","hentry"],"blocksy_meta":[],"_links":{"self":[{"href":"https:\/\/www.elha.de\/fr\/wp-json\/wp\/v2\/pages\/11611","targetHints":{"allow":["GET"]}}],"collection":[{"href":"https:\/\/www.elha.de\/fr\/wp-json\/wp\/v2\/pages"}],"about":[{"href":"https:\/\/www.elha.de\/fr\/wp-json\/wp\/v2\/types\/page"}],"author":[{"embeddable":true,"href":"https:\/\/www.elha.de\/fr\/wp-json\/wp\/v2\/users\/26"}],"replies":[{"embeddable":true,"href":"https:\/\/www.elha.de\/fr\/wp-json\/wp\/v2\/comments?post=11611"}],"version-history":[{"count":0,"href":"https:\/\/www.elha.de\/fr\/wp-json\/wp\/v2\/pages\/11611\/revisions"}],"wp:featuredmedia":[{"embeddable":true,"href":"https:\/\/www.elha.de\/fr\/wp-json\/wp\/v2\/media\/11612"}],"wp:attachment":[{"href":"https:\/\/www.elha.de\/fr\/wp-json\/wp\/v2\/media?parent=11611"}],"curies":[{"name":"wp","href":"https:\/\/api.w.org\/{rel}","templated":true}]}}