{"id":12021,"date":"2024-05-15T16:16:34","date_gmt":"2024-05-15T14:16:34","guid":{"rendered":"https:\/\/www.elha.de\/?page_id=12021"},"modified":"2025-05-23T09:30:17","modified_gmt":"2025-05-23T07:30:17","slug":"accessibilite","status":"publish","type":"page","link":"https:\/\/www.elha.de\/fr\/barrierefreiheit\/","title":{"rendered":"Accessibilit\u00e9"},"content":{"rendered":"<p>Cette d\u00e9claration a \u00e9t\u00e9 \u00e9tablie le 15.05.2024 et est bas\u00e9e sur l'auto-\u00e9valuation.<\/p>\n\n\n\n<p>La loi sur le renforcement de l'accessibilit\u00e9 (Barrierefreiheitsst\u00e4rkungsgesetz, BFSG) est la transposition en droit allemand de la loi europ\u00e9enne sur l'accessibilit\u00e9 et oblige les entreprises allemandes \u00e0 \u00eatre accessibles.<\/p>\n\n\n\n<p>ELHA-MASCHINENBAU s'efforce de rendre le site www.elha.de accessible \u00e0 tous. Ce site est largement compatible avec BFSG.<\/p>\n\n\n\n<p><strong>Les points suivants peuvent constituer une restriction :<\/strong><\/p>\n\n\n\n<ul class=\"wp-block-list\">\n<li>Certaines images ne contiennent pas de textes alternatifs<\/li>\n\n\n\n<li>Les formulaires de saisie ne contiennent pas d'alternatives \u00e0 CAPTCHA<\/li>\n\n\n\n<li>Les vid\u00e9os ne contiennent pas de sous-titres<\/li>\n<\/ul>\n\n\n\n<p><strong>L'acc\u00e8s aux contenus suivants est limit\u00e9 :<\/strong><\/p>\n\n\n\n<ul class=\"wp-block-list\">\n<li>Machines \/ Modules de production \/ Structure de la machine : non contr\u00f4lable par clavier<\/li>\n\n\n\n<li>Machines \/ Module de cin\u00e9matique parall\u00e8le : mod\u00e8le 3D non contr\u00f4lable par clavier<\/li>\n\n\n\n<li>Entreprise \/ Distributeurs : Carte g\u00e9n\u00e9rale non contr\u00f4lable par clavier<\/li>\n<\/ul>\n\n\n\n<p>Si vous remarquez des lacunes en mati\u00e8re d'accessibilit\u00e9, vous pouvez nous contacter via notre <a href=\"https:\/\/www.elha.de\/fr\/contact\/\">Formulaire de contact<\/a> nous contacter.<\/p>","protected":false},"excerpt":{"rendered":"<p>Cette d\u00e9claration a \u00e9t\u00e9 \u00e9tablie le 15.05.2024 et est bas\u00e9e sur l'auto-\u00e9valuation.<\/p>\n<p>La loi sur le renforcement de l'accessibilit\u00e9 (BFSG) est la transposition en droit allemand de la loi europ\u00e9enne sur l'accessibilit\u00e9 et oblige les entreprises allemandes \u00e0<\/p>","protected":false},"author":1,"featured_media":0,"parent":0,"menu_order":14,"comment_status":"closed","ping_status":"closed","template":"","meta":{"footnotes":""},"class_list":["post-12021","page","type-page","status-publish","hentry"],"blocksy_meta":[],"_links":{"self":[{"href":"https:\/\/www.elha.de\/fr\/wp-json\/wp\/v2\/pages\/12021","targetHints":{"allow":["GET"]}}],"collection":[{"href":"https:\/\/www.elha.de\/fr\/wp-json\/wp\/v2\/pages"}],"about":[{"href":"https:\/\/www.elha.de\/fr\/wp-json\/wp\/v2\/types\/page"}],"author":[{"embeddable":true,"href":"https:\/\/www.elha.de\/fr\/wp-json\/wp\/v2\/users\/1"}],"replies":[{"embeddable":true,"href":"https:\/\/www.elha.de\/fr\/wp-json\/wp\/v2\/comments?post=12021"}],"version-history":[{"count":0,"href":"https:\/\/www.elha.de\/fr\/wp-json\/wp\/v2\/pages\/12021\/revisions"}],"wp:attachment":[{"href":"https:\/\/www.elha.de\/fr\/wp-json\/wp\/v2\/media?parent=12021"}],"curies":[{"name":"wp","href":"https:\/\/api.w.org\/{rel}","templated":true}]}}