{"id":12074,"date":"2024-06-04T12:17:23","date_gmt":"2024-06-04T10:17:23","guid":{"rendered":"https:\/\/www.elha.de\/?page_id=12074"},"modified":"2025-05-23T08:57:26","modified_gmt":"2025-05-23T06:57:26","slug":"3dmd","status":"publish","type":"page","link":"https:\/\/www.elha.de\/fr\/maschinen\/parallelkinematik-module\/3dmd\/","title":{"rendered":"Fabrication additive avec des modules cin\u00e9matiques parall\u00e8les : proc\u00e9d\u00e9 3DMD avec usinage de grandes pi\u00e8ces"},"content":{"rendered":"<h2 class=\"wp-block-heading\">Qu'est-ce que la proc\u00e9dure 3DMD ?<\/h2>\n\n\n\n<p>Le d\u00e9p\u00f4t dynamique de mat\u00e9riaux (3DMD) combine le rechargement par laser \u00e0 base de poudre et la fabrication additive de composants m\u00e9talliques. Dans ce proc\u00e9d\u00e9, un laser fait fondre le mat\u00e9riau qui est ensuite d\u00e9pos\u00e9 sur un substrat. Cette m\u00e9thode acc\u00e9l\u00e8re la production, r\u00e9duit la consommation d'\u00e9nergie et minimise les distorsions.<\/p>\n\n\n\n<h2 class=\"wp-block-heading\">Le d\u00e9fi de la taille dans la fabrication additive<\/h2>\n\n\n\n<p>La fabrication additive a une limite remarquable : alors qu'elle produit des petites pi\u00e8ces avec une grande pr\u00e9cision, les grands composants manquent souvent de d\u00e9tails et de qualit\u00e9. Le module cin\u00e9matique hybride parall\u00e8le, \u00e9quip\u00e9 d'un proc\u00e9d\u00e9 DED (d\u00e9p\u00f4t d'\u00e9nergie dirig\u00e9) ou 3DMD, s'attaque \u00e0 ce probl\u00e8me et permet de fabriquer de mani\u00e8re \u00e9conomique de grands composants sans perte de pr\u00e9cision.<\/p>\n\n\n\n<h2 class=\"wp-block-heading\">Polyvalence et applications de la 3DMD<\/h2>\n\n\n\n<p>\u00c0 l'origine, le proc\u00e9d\u00e9 3DMD \u00e9tait principalement utilis\u00e9 pour le rev\u00eatement de composants. Cependant, sa capacit\u00e9 \u00e0 traiter diff\u00e9rents alliages et m\u00e9taux gr\u00e2ce \u00e0 une alimentation en poudre bas\u00e9e sur des buses le rend extr\u00eamement polyvalent. Parmi les applications, on peut citer<\/p>\n\n\n\n<ul class=\"wp-block-list\">\n<li>Rev\u00eatements de protection qui prolongent la dur\u00e9e de vie des composants<\/li>\n\n\n\n<li>Traitements de surface sp\u00e9cialis\u00e9s<\/li>\n\n\n\n<li>Caract\u00e9ristiques de renforcement pour la construction l\u00e9g\u00e8re, qui permettent de r\u00e9duire les co\u00fbts des mat\u00e9riaux<\/li>\n\n\n\n<li>R\u00e9paration de composants et fabrication additive traditionnelle<\/li>\n<\/ul>\n\n\n\n<div class=\"wp-block-media-text is-stacked-on-mobile\" style=\"grid-template-columns:48% auto\"><figure class=\"wp-block-media-text__media\"><img loading=\"lazy\" decoding=\"async\" width=\"467\" height=\"388\" src=\"https:\/\/www.elha.de\/wp-content\/uploads\/Ponticon-extruder-detail-not-installed.png\" alt=\"\" class=\"wp-image-12281 size-full\" srcset=\"https:\/\/www.elha.de\/wp-content\/uploads\/Ponticon-extruder-detail-not-installed.png 467w, https:\/\/www.elha.de\/wp-content\/uploads\/Ponticon-extruder-detail-not-installed-460x382.png 460w\" sizes=\"auto, (max-width: 467px) 100vw, 467px\" \/><\/figure><div class=\"wp-block-media-text__content\">\n<h2 class=\"wp-block-heading\">Sp\u00e9cifications de la machine pour une performance optimale du 3DMD<\/h2>\n\n\n\n<p>La mise en \u0153uvre du proc\u00e9d\u00e9 3DMD n\u00e9cessite des machines qui permettent \u00e0 la fois des op\u00e9rations rapides et une tr\u00e8s grande pr\u00e9cision, tout en pr\u00e9sentant une grande rigidit\u00e9 et des capacit\u00e9s dynamiques. La conception du module cin\u00e9matique parall\u00e8le permet d'atteindre des taux de surface \u00e9lev\u00e9s, jusqu'\u00e0 1 000 cm\u00b2\/min, et des taux de volume de construction jusqu'\u00e0 600 cm\u00b3\/h. Il est sp\u00e9cialement con\u00e7u pour maintenir une vitesse constante dans toutes les directions et orientations afin de rester aussi proche que possible du moule final et de favoriser une production efficace.<\/p>\n<\/div><\/div>\n\n\n\n<div style=\"height:50px\" aria-hidden=\"true\" class=\"wp-block-spacer\"><\/div>\n\n\n\n<h2 class=\"wp-block-heading\">Fabrication de pr\u00e9cision de grandes pi\u00e8ces : L'int\u00e9gration de 3DMD dans le module cin\u00e9matique parall\u00e8le (PKM)<\/h2>\n\n\n\n<p>ELHA-MASCHINENBAU a travaill\u00e9 avec <a href=\"https:\/\/www.cognibotics.com\/en\" rel=\"nofollow noopener\" target=\"_blank\">Cognibotics <\/a>et le partenaire technologique <a href=\"https:\/\/ponticon.de\/en\/\" rel=\"nofollow noopener\" target=\"_blank\">Ponticon<\/a> a int\u00e9gr\u00e9 avec succ\u00e8s le proc\u00e9d\u00e9 de d\u00e9p\u00f4t dynamique de mat\u00e9riaux (3DMD) dans le PKM. Cette collaboration a donn\u00e9 naissance \u00e0 un syst\u00e8me polyvalent capable de ma\u00eetriser la fabrication et le r\u00e9usinage par enl\u00e8vement de copeaux de composants compliqu\u00e9s dans une multitude d'alliages et de m\u00e9taux \u00e9l\u00e9mentaires.&nbsp;<\/p>\n\n\n\n<ul class=\"wp-block-list\">\n<li>Le module hybride \u00e0 cin\u00e9matique parall\u00e8le prend en charge aussi bien la fabrication que le post-usinage de pi\u00e8ces compliqu\u00e9es en diff\u00e9rents alliages et m\u00e9taux en un seul serrage. Cela comprend\n<ul class=\"wp-block-list\">\n<li>Fabrication additive<\/li>\n\n\n\n<li>Rev\u00eatement<\/li>\n\n\n\n<li>R\u00e9paration<\/li>\n\n\n\n<li>Reprise et usinage dans le m\u00eame serrage<\/li>\n<\/ul>\n<\/li>\n\n\n\n<li><strong>Production \u00e0 grande \u00e9chelle<\/strong>: Prend en charge la fabrication de composants de grande taille dans une zone de travail allant jusqu'\u00e0 3 x 2 m\u00e8tres dans les dimensions Y x Z, avec une grande zone dans la dimension X, ce qui garantit des r\u00e9sultats pr\u00e9cis et des structures presque r\u00e9ticulaires.<\/li>\n\n\n\n<li><strong>Une dynamique exceptionnelle<\/strong>: atteint des acc\u00e9l\u00e9rations maximales de 2,5 G, ce qui augmente consid\u00e9rablement la vitesse de fabrication et les capacit\u00e9s op\u00e9rationnelles, en particulier pour les changements de direction et la pr\u00e9cision des contours.<\/li>\n\n\n\n<li><strong>Fabrication de microstructures<\/strong>: cr\u00e9e des microstructures 3D avec une \u00e9paisseur de paroi minimale de 500 \u03bcm et une rugosit\u00e9 de surface d'environ 20 \u03bcm.<\/li>\n<\/ul>\n\n\n\n<div class=\"elha-youtube-lightbox\"><a href=\"https:\/\/www.youtube-nocookie.com\/embed\/D-Etv-_tdkg\" class=\"lightbox\" rel=\"nofollow noopener\" target=\"_blank\"><img decoding=\"async\" src=\"https:\/\/www.elha.de\/wp-content\/uploads\/Thumbnail-Additive-Fertigung.jpg\" alt=\"\"><\/a><span>Accepter la transmission des donn\u00e9es \u00e0 YouTube et lire la vid\u00e9o - <a href=\"https:\/\/www.elha.de\/fr\/declaration-de-protection-des-donnees\/\">D\u00e9claration de confidentialit\u00e9<\/a><\/span><\/div>\n\n\n\n<div style=\"height:50px\" aria-hidden=\"true\" class=\"wp-block-spacer\"><\/div>\n\n\n\n<h2 class=\"wp-block-heading\">La fabrication additive hybride mobile comme solution cl\u00e9 en main<\/h2>\n\n\n\n<p>En outre, une version plus compacte du PKM a \u00e9t\u00e9 con\u00e7ue pour tenir dans un conteneur standard de 40 pieds et offrir un espace de travail de 1,2 x 1,2 x 2,5 m\u00e8tres. Cette conception permet un transport facile et favorise la fabrication additive et l'usinage dans une seule installation. Il offre la polyvalence n\u00e9cessaire pour g\u00e9rer \u00e0 la fois la production et les r\u00e9parations, que ce soit en interne ou sur site. De plus, un syst\u00e8me de calibrage avanc\u00e9 r\u00e9tablit rapidement la pr\u00e9cision apr\u00e8s le transport et assure une pr\u00e9cision constante dans tous les environnements.<\/p>\n\n\n\n<div class=\"elha-youtube-lightbox\"><a href=\"https:\/\/www.youtube-nocookie.com\/embed\/xCw57h0mDZU\" class=\"lightbox\" rel=\"nofollow noopener\" target=\"_blank\"><img decoding=\"async\" src=\"https:\/\/www.elha.de\/wp-content\/uploads\/Screenshot-2024-11-06-143623.png\" alt=\"\"><\/a><span>Accepter la transmission des donn\u00e9es \u00e0 YouTube et lire la vid\u00e9o - <a href=\"https:\/\/www.elha.de\/fr\/declaration-de-protection-des-donnees\/\">D\u00e9claration de confidentialit\u00e9<\/a><\/span><\/div>\n\n\n\n<div style=\"height:50px\" aria-hidden=\"true\" class=\"wp-block-spacer\"><\/div>\n\n\n\n<div class=\"wp-block-group is-layout-constrained wp-block-group-is-layout-constrained\">\n<div class=\"wp-block-group is-layout-constrained wp-block-group-is-layout-constrained\">\n<div class=\"wp-block-group is-layout-constrained wp-block-group-is-layout-constrained\">\n<div class=\"wp-block-group is-layout-constrained wp-block-group-is-layout-constrained\">\n<div class=\"wp-block-group is-layout-constrained wp-block-group-is-layout-constrained\">\n<div class=\"wp-block-group is-layout-constrained wp-block-group-is-layout-constrained\">\n<h2 class=\"wp-block-heading\">Informations g\u00e9n\u00e9rales sur la proc\u00e9dure 3DMD<\/h2>\n<\/div>\n\n\n\n<p>En collaboration avec Ponticon, nous nous sommes focalis\u00e9s sur le proc\u00e9d\u00e9 dit 3DMD qui, en combinaison avec le module cin\u00e9matique parall\u00e8le, garantit des taux de production extr\u00eamement rapides et pr\u00e9cis. L'espace de travail, qui peut atteindre 4.000 x 3.000 x 2.000 mm sur le PKM et offre la possibilit\u00e9 d'un usinage en 3 et 5 axes, ouvre de nouvelles dimensions pour la fabrication additive.<\/p>\n<\/div>\n\n\n\n<p><strong>Rapide<\/strong><br>La cin\u00e9matique hautement dynamique du PKM permet des rendements de surface jusqu'\u00e0 1.000 cm\u00b2\/min et des taux de construction jusqu'\u00e0 600 cm\u00b3\/h.<\/p>\n<\/div>\n\n\n\n<p><strong>Pr\u00e9cis<\/strong><br>La cin\u00e9matique hautement dynamique permet des rendements de surface jusqu'\u00e0 1.000 cm\u00b2\/min et des taux de construction jusqu'\u00e0 600 cm\u00b3\/h.<\/p>\n<\/div>\n\n\n\n<p><strong>Flexible<\/strong><br>Combinaison de diff\u00e9rents syst\u00e8mes d'alliages et de m\u00e9taux \u00e9l\u00e9mentaires avec une alimentation en poudre bas\u00e9e sur des buses.<\/p>\n<\/div>\n\n\n\n<figure class=\"wp-block-image size-large is-resized\"><img loading=\"lazy\" decoding=\"async\" width=\"940\" height=\"203\" src=\"https:\/\/www.elha.de\/wp-content\/uploads\/ELHAxPonticon-banner-940x203.png\" alt=\"\" class=\"wp-image-12060\" style=\"width:940px;height:auto\" srcset=\"https:\/\/www.elha.de\/wp-content\/uploads\/ELHAxPonticon-banner-940x203.png 940w, https:\/\/www.elha.de\/wp-content\/uploads\/ELHAxPonticon-banner-460x100.png 460w, https:\/\/www.elha.de\/wp-content\/uploads\/ELHAxPonticon-banner.png 980w\" sizes=\"auto, (max-width: 940px) 100vw, 940px\" \/><\/figure>\n<\/div>\n\n\n\n<div class=\"wp-block-columns is-layout-flex wp-container-core-columns-is-layout-28f84493 wp-block-columns-is-layout-flex\">\n<div class=\"wp-block-column is-layout-flow wp-block-column-is-layout-flow\">\n<h3 class=\"wp-block-heading\">Placage au laser<\/h3>\n\n\n\n<figure class=\"wp-block-image size-large\"><img loading=\"lazy\" decoding=\"async\" width=\"940\" height=\"529\" src=\"https:\/\/www.elha.de\/wp-content\/uploads\/3dmd-laser-cladding-940x529.png\" alt=\"\" class=\"wp-image-12053\" srcset=\"https:\/\/www.elha.de\/wp-content\/uploads\/3dmd-laser-cladding-940x529.png 940w, https:\/\/www.elha.de\/wp-content\/uploads\/3dmd-laser-cladding-460x259.png 460w, https:\/\/www.elha.de\/wp-content\/uploads\/3dmd-laser-cladding.png 1280w\" sizes=\"auto, (max-width: 940px) 100vw, 940px\" \/><\/figure>\n<\/div>\n\n\n\n<div class=\"wp-block-column is-layout-flow wp-block-column-is-layout-flow\">\n<h3 class=\"wp-block-heading\">Rev\u00eatement laser<\/h3>\n\n\n\n<figure class=\"wp-block-image size-large\"><img loading=\"lazy\" decoding=\"async\" width=\"940\" height=\"516\" src=\"https:\/\/www.elha.de\/wp-content\/uploads\/3dmd-laser-coating-940x516.jpg\" alt=\"\" class=\"wp-image-12054\" srcset=\"https:\/\/www.elha.de\/wp-content\/uploads\/3dmd-laser-coating-940x516.jpg 940w, https:\/\/www.elha.de\/wp-content\/uploads\/3dmd-laser-coating-460x252.jpg 460w, https:\/\/www.elha.de\/wp-content\/uploads\/3dmd-laser-coating.jpg 1280w\" sizes=\"auto, (max-width: 940px) 100vw, 940px\" \/><\/figure>\n<\/div>\n<\/div>\n\n\n\n<div style=\"height:50px\" aria-hidden=\"true\" class=\"wp-block-spacer\"><\/div>\n\n\n\n<hr class=\"wp-block-separator has-alpha-channel-opacity is-style-wide\"\/>\n\n\n\n<div class=\"wp-block-columns is-layout-flex wp-container-core-columns-is-layout-28f84493 wp-block-columns-is-layout-flex\">\n<div class=\"wp-block-column is-layout-flow wp-block-column-is-layout-flow\" style=\"flex-basis:70%\">\n<p><strong>En savoir plus sur le PKM :<\/strong><br>Cliquez ici pour acc\u00e9der \u00e0 la page d'aper\u00e7u<\/p>\n\n\n\n<div class=\"wp-block-buttons is-layout-flex wp-block-buttons-is-layout-flex\">\n<div class=\"wp-block-button\"><a class=\"wp-block-button__link wp-element-button\" href=\"https:\/\/www.elha.de\/fr\/machines\/modules-de-cinematique-parallele\/\">En savoir plus<\/a><\/div>\n<\/div>\n<\/div>\n\n\n\n<div class=\"wp-block-column is-layout-flow wp-block-column-is-layout-flow\" style=\"flex-basis:66.66%\">\n<figure class=\"wp-block-image size-full is-resized has-custom-border\"><img loading=\"lazy\" decoding=\"async\" width=\"915\" height=\"600\" src=\"https:\/\/www.elha.de\/wp-content\/uploads\/ELHA-PKM-Frontansicht-1.jpg\" alt=\"\" class=\"wp-image-11573\" style=\"border-style:none;border-width:0px;border-radius:0px;width:278px;height:auto\" srcset=\"https:\/\/www.elha.de\/wp-content\/uploads\/ELHA-PKM-Frontansicht-1.jpg 915w, https:\/\/www.elha.de\/wp-content\/uploads\/ELHA-PKM-Frontansicht-1-460x302.jpg 460w\" sizes=\"auto, (max-width: 915px) 100vw, 915px\" \/><\/figure>\n<\/div>\n<\/div>\n\n\n\n<div class=\"wp-block-group is-layout-constrained wp-block-group-is-layout-constrained\">\n<div class=\"wp-block-columns is-layout-flex wp-container-core-columns-is-layout-28f84493 wp-block-columns-is-layout-flex\">\n<div class=\"wp-block-column is-layout-flow wp-block-column-is-layout-flow\" style=\"flex-basis:50%\">\n<p><strong>Contactez-nous :<\/strong><br>Vous voulez en savoir plus sur le PKM ?<\/p>\n\n\n\n<div class=\"wp-block-buttons is-layout-flex wp-block-buttons-is-layout-flex\">\n<div class=\"wp-block-button\"><a class=\"wp-block-button__link wp-element-button\" href=\"https:\/\/www.elha.de\/fr\/contact\/\">Vers le formulaire<\/a><\/div>\n<\/div>\n<\/div>\n\n\n\n<div class=\"wp-block-column is-layout-flow wp-block-column-is-layout-flow\" style=\"flex-basis:33.33%\">\n<figure class=\"wp-block-image size-full is-resized\"><img loading=\"lazy\" decoding=\"async\" width=\"940\" height=\"627\" src=\"https:\/\/www.elha.de\/wp-content\/uploads\/elha-maschinenbau-werk2.jpg\" alt=\"\" class=\"wp-image-981\" style=\"width:281px;height:auto\" srcset=\"https:\/\/www.elha.de\/wp-content\/uploads\/elha-maschinenbau-werk2.jpg 940w, https:\/\/www.elha.de\/wp-content\/uploads\/elha-maschinenbau-werk2-460x307.jpg 460w\" sizes=\"auto, (max-width: 940px) 100vw, 940px\" \/><\/figure>\n<\/div>\n<\/div>\n<\/div>","protected":false},"excerpt":{"rendered":"<p>Qu'est-ce que la proc\u00e9dure 3DMD ?<\/p>\n<p>Le d\u00e9p\u00f4t dynamique de mat\u00e9riaux (3DMD) combine le rechargement par laser \u00e0 base de poudre et la fabrication additive de composants m\u00e9talliques. Dans ce proc\u00e9d\u00e9, un laser fait fondre le mat\u00e9riau,<\/p>","protected":false},"author":26,"featured_media":12054,"parent":11617,"menu_order":2,"comment_status":"closed","ping_status":"closed","template":"","meta":{"footnotes":""},"class_list":["post-12074","page","type-page","status-publish","has-post-thumbnail","hentry"],"blocksy_meta":[],"_links":{"self":[{"href":"https:\/\/www.elha.de\/fr\/wp-json\/wp\/v2\/pages\/12074","targetHints":{"allow":["GET"]}}],"collection":[{"href":"https:\/\/www.elha.de\/fr\/wp-json\/wp\/v2\/pages"}],"about":[{"href":"https:\/\/www.elha.de\/fr\/wp-json\/wp\/v2\/types\/page"}],"author":[{"embeddable":true,"href":"https:\/\/www.elha.de\/fr\/wp-json\/wp\/v2\/users\/26"}],"replies":[{"embeddable":true,"href":"https:\/\/www.elha.de\/fr\/wp-json\/wp\/v2\/comments?post=12074"}],"version-history":[{"count":0,"href":"https:\/\/www.elha.de\/fr\/wp-json\/wp\/v2\/pages\/12074\/revisions"}],"up":[{"embeddable":true,"href":"https:\/\/www.elha.de\/fr\/wp-json\/wp\/v2\/pages\/11617"}],"wp:featuredmedia":[{"embeddable":true,"href":"https:\/\/www.elha.de\/fr\/wp-json\/wp\/v2\/media\/12054"}],"wp:attachment":[{"href":"https:\/\/www.elha.de\/fr\/wp-json\/wp\/v2\/media?parent=12074"}],"curies":[{"name":"wp","href":"https:\/\/api.w.org\/{rel}","templated":true}]}}