{"id":12076,"date":"2024-06-04T14:06:05","date_gmt":"2024-06-04T12:06:05","guid":{"rendered":"https:\/\/www.elha.de\/?page_id=12076"},"modified":"2025-05-23T08:56:28","modified_gmt":"2025-05-23T06:56:28","slug":"coupe-a-grande-vitesse","status":"publish","type":"page","link":"https:\/\/www.elha.de\/fr\/maschinen\/parallelkinematik-module\/high-speed-cutting\/","title":{"rendered":"D\u00e9coupe \u00e0 grande vitesse (HSC)"},"content":{"rendered":"<h2 class=\"wp-block-heading\">D\u00e9coupe \u00e0 grande vitesse de grandes h\u00e9lices de bateau : relever les d\u00e9fis avec des modules cin\u00e9matiques parall\u00e8les<\/h2>\n\n\n\n<figure class=\"wp-block-image size-full\"><img loading=\"lazy\" decoding=\"async\" width=\"940\" height=\"529\" src=\"https:\/\/www.elha.de\/wp-content\/uploads\/SigmaTau-pkm-HSC-application-MMG-propeller.jpg\" alt=\"SigmaTau \/ PKM pour les applications de d\u00e9coupe \u00e0 grande vitesse comme une h\u00e9lice de MMG.\" class=\"wp-image-12215\" srcset=\"https:\/\/www.elha.de\/wp-content\/uploads\/SigmaTau-pkm-HSC-application-MMG-propeller.jpg 940w, https:\/\/www.elha.de\/wp-content\/uploads\/SigmaTau-pkm-HSC-application-MMG-propeller-460x259.jpg 460w\" sizes=\"auto, (max-width: 940px) 100vw, 940px\" \/><\/figure>\n\n\n\n<h2 class=\"wp-block-heading\">Les d\u00e9fis actuels du fraisage \u00e0 grande vitesse de grandes h\u00e9lices de bateau<\/h2>\n\n\n\n<p>L'usinage de grandes h\u00e9lices de bateau pr\u00e9sente plusieurs d\u00e9fis. En raison de la taille de ces composants, il est n\u00e9cessaire de disposer de machines avanc\u00e9es permettant un usinage rapide, fiable et pr\u00e9cis. Les aspects importants sont les suivants<\/p>\n\n\n\n<ul class=\"wp-block-list\">\n<li><strong>Temps de traitement :<\/strong> Des taux d'enl\u00e8vement de copeaux \u00e9lev\u00e9s sont essentiels pour respecter les d\u00e9lais de production.<\/li>\n\n\n\n<li><strong>Qualit\u00e9 de la surface :<\/strong> Un \u00e9tat de surface de haute qualit\u00e9 est essentiel pour optimiser les performances d'une h\u00e9lice. L'obtention d'une excellente qualit\u00e9 de surface pendant le processus d'usinage peut r\u00e9duire consid\u00e9rablement les co\u00fbts d'exploitation, car les \u00e9tapes de finition suppl\u00e9mentaires, comme l'augmentation du temps de polissage, peuvent \u00eatre r\u00e9duites au minimum.<\/li>\n<\/ul>\n\n\n\n<h2 class=\"wp-block-heading\">Comment les modules cin\u00e9matiques parall\u00e8les (PKM) ma\u00eetrisent l'usinage \u00e0 grande vitesse de grandes pi\u00e8ces en fonte<\/h2>\n\n\n\n<p>Gr\u00e2ce \u00e0 ses caract\u00e9ristiques uniques, le PKM a d\u00e9montr\u00e9 ses performances en mati\u00e8re de fraisage \u00e0 grande vitesse :<\/p>\n\n\n\n<ul class=\"wp-block-list\">\n<li><strong>Traitement rapide et pr\u00e9cis :<\/strong> La combinaison d'une structure rigide et l\u00e9g\u00e8re garantit des performances constantes, m\u00eame \u00e0 des avances \u00e9lev\u00e9es, ce qui r\u00e9duit le temps d'usinage et augmente la fiabilit\u00e9.<\/li>\n\n\n\n<li><strong>Grand espace de travail :<\/strong> Le PKM est con\u00e7u pour des composants de grande taille et offre suffisamment de place pour des composants massifs.<\/li>\n\n\n\n<li><strong>Design compact :<\/strong> Cette conception minimise les investissements initiaux dans les fondations et offre une flexibilit\u00e9 d'adaptation aux installations existantes. En outre, la structure modulaire l\u00e9g\u00e8re permet de r\u00e9duire consid\u00e9rablement la consommation d'\u00e9nergie par rapport aux solutions traditionnelles.<\/li>\n\n\n\n<li><strong>Fixation unique :<\/strong> Le grand volume de travail et la port\u00e9e de la machine permettent d'usiner un c\u00f4t\u00e9 complet de l'h\u00e9lice sans avoir \u00e0 refaire le serrage.<\/li>\n<\/ul>\n\n\n\n<div class=\"elha-youtube-lightbox\"><a href=\"https:\/\/www.youtube-nocookie.com\/embed\/NcHrPPTe8sc\" class=\"lightbox\" rel=\"nofollow noopener\" target=\"_blank\"><img decoding=\"async\" src=\"https:\/\/www.elha.de\/wp-content\/uploads\/Thumbnail-MMG-Propeller.png\" alt=\"\"><\/a><span>Accepter la transmission des donn\u00e9es \u00e0 YouTube et lire la vid\u00e9o - <a href=\"https:\/\/www.elha.de\/fr\/declaration-de-protection-des-donnees\/\">D\u00e9claration de confidentialit\u00e9<\/a><\/span><\/div>\n\n\n\n<h2 class=\"wp-block-heading\">Une qualit\u00e9 de surface exceptionnelle gr\u00e2ce aux modules cin\u00e9matiques parall\u00e8les<\/h2>\n\n\n\n<p>Le PKM utilise des techniques avanc\u00e9es pour obtenir des surfaces exceptionnelles :<\/p>\n\n\n\n<ul class=\"wp-block-list\">\n<li><strong>Simulation de processus :<\/strong> Planification pr\u00e9cise des trajectoires et des outils gr\u00e2ce au jumeau num\u00e9rique<\/li>\n\n\n\n<li><strong>Mouvement sur 5 axes :<\/strong> La capacit\u00e9 du PKM \u00e0 se d\u00e9placer librement autour de l'h\u00e9lice, sans singularit\u00e9s, garantit une pr\u00e9cision constante des contours.<\/li>\n\n\n\n<li><strong>R\u00e9alignement rapide des outils :<\/strong> R\u00e9alignement des outils 5 fois plus rapide gr\u00e2ce \u00e0 une acc\u00e9l\u00e9ration \u00e9lev\u00e9e et une cin\u00e9matique parall\u00e8le.<\/li>\n\n\n\n<li><strong>Calibrage et compensation :<\/strong> Augmente la pr\u00e9cision de la machine et compense les influences externes.<\/li>\n<\/ul>\n\n\n\n<div class=\"wp-block-media-text is-stacked-on-mobile\" style=\"grid-template-columns:49% auto\"><figure class=\"wp-block-media-text__media\"><img loading=\"lazy\" decoding=\"async\" width=\"940\" height=\"529\" src=\"https:\/\/www.elha.de\/wp-content\/uploads\/SigmaTau-pkm-HSC-application-MMG-propeller-team.jpg\" alt=\"SigmaTau \/ PKM pour les applications de d\u00e9coupe \u00e0 grande vitesse comme une grande h\u00e9lice de MMG. L&#039;\u00e9quipe qui travaille sur le SigmaTau pr\u00e9sente le r\u00e9sultat de la d\u00e9coupe \u00e0 grande vitesse sur l&#039;h\u00e9lice.\" class=\"wp-image-12217 size-full\" srcset=\"https:\/\/www.elha.de\/wp-content\/uploads\/SigmaTau-pkm-HSC-application-MMG-propeller-team.jpg 940w, https:\/\/www.elha.de\/wp-content\/uploads\/SigmaTau-pkm-HSC-application-MMG-propeller-team-460x259.jpg 460w\" sizes=\"auto, (max-width: 940px) 100vw, 940px\" \/><\/figure><div class=\"wp-block-media-text__content\">\n<p style=\"padding-top:0;padding-right:0;padding-bottom:0;padding-left:0\">D\u00e9monstration et validation de processus conjointes de ELHA-MASCHINENBAU et Cognibotics \u00e0 Lund, en Su\u00e8de, avec le fabricant d'h\u00e9lices MMG et le fabricant d'outils Pokolm.<\/p>\n<\/div><\/div>\n\n\n\n<p><strong><strong>Klaus Saffian - directeur de production chez MMG :<\/strong><\/strong><\/p>\n\n\n\n<p>\"En tant que fabricant de grandes h\u00e9lices de bateau, nous avons \u00e9t\u00e9 confront\u00e9s \u00e0 de nombreux d\u00e9fis concernant le co\u00fbt de l'usinage \u00e0 grande vitesse de nos grands composants.<br>C'est pourquoi nous avons test\u00e9 le robot SigmaTau ST 3000 et sommes extr\u00eamement impressionn\u00e9s par ses performances. Le ST 3000 traite des pi\u00e8ces moul\u00e9es de diff\u00e9rentes tailles avec une efficacit\u00e9 remarquable, et ses temps d'usinage comp\u00e9titifs nous aident \u00e0 r\u00e9pondre \u00e0 nos exigences de production. La qualit\u00e9 exceptionnelle de la surface r\u00e9duit les \u00e9tapes ult\u00e9rieures de polissage, ce qui rend notre processus plus rapide et moins co\u00fbteux\".<\/p>\n\n\n\n<h2 class=\"wp-block-heading\">Informations g\u00e9n\u00e9rales sur le travail des m\u00e9taux<\/h2>\n\n\n\n<p><strong>Rapide<\/strong><br>Vitesse de broche jusqu'\u00e0 80.000tr\/min, vitesse d'avance jusqu'\u00e0 50m\/min. <br>D\u00e9viation rapide de l'outil gr\u00e2ce \u00e0 la cin\u00e9matique saccad\u00e9e et parall\u00e8le.<\/p>\n\n\n\n<p><strong>Pr\u00e9cis<\/strong><br>Haute pr\u00e9cision des contours et grande r\u00e9p\u00e9tabilit\u00e9.<\/p>\n\n\n\n<div class=\"elha-youtube-lightbox\"><a href=\"https:\/\/www.youtube-nocookie.com\/embed\/wiarOrI8ncI\" class=\"lightbox\" rel=\"nofollow noopener\" target=\"_blank\"><img decoding=\"async\" src=\"https:\/\/www.elha.de\/wp-content\/uploads\/thumbnail-pkm-machining-examples.jpg\" alt=\"\"><\/a><span>Accepter la transmission des donn\u00e9es \u00e0 YouTube et lire la vid\u00e9o - <a href=\"https:\/\/www.elha.de\/fr\/declaration-de-protection-des-donnees\/\">D\u00e9claration de confidentialit\u00e9<\/a><\/span><\/div>\n\n\n\n<div style=\"height:50px\" aria-hidden=\"true\" class=\"wp-block-spacer\"><\/div>\n\n\n\n<div class=\"wp-block-columns is-layout-flex wp-container-core-columns-is-layout-28f84493 wp-block-columns-is-layout-flex\">\n<div class=\"wp-block-column is-layout-flow wp-block-column-is-layout-flow\">\n<p><strong>Visitez MMG :<\/strong><br>Cliquez ici pour acc\u00e9der au site web<\/p>\n\n\n\n<div class=\"wp-block-buttons is-layout-flex wp-container-core-buttons-is-layout-6f59021e wp-block-buttons-is-layout-flex\" style=\"margin-top:0;margin-bottom:0\">\n<div class=\"wp-block-button\"><a class=\"wp-block-button__link wp-element-button\" href=\"https:\/\/mecklenburger-metallguss.com\/\" rel=\"nofollow noopener\" target=\"_blank\">En savoir plus<\/a><\/div>\n<\/div>\n<\/div>\n\n\n\n<div class=\"wp-block-column is-layout-flow wp-block-column-is-layout-flow\">\n<p><strong>En savoir plus sur le PKM :<\/strong><br>Retour \u00e0 la page d'aper\u00e7u<\/p>\n\n\n\n<div class=\"wp-block-buttons is-layout-flex wp-block-buttons-is-layout-flex\">\n<div class=\"wp-block-button\"><a class=\"wp-block-button__link wp-element-button\" href=\"https:\/\/www.elha.de\/fr\/machines\/modules-de-cinematique-parallele\/\">En savoir plus<\/a><\/div>\n<\/div>\n<\/div>\n\n\n\n<div class=\"wp-block-column is-layout-flow wp-block-column-is-layout-flow\">\n<p><strong><strong>Contactez-nous :<\/strong><\/strong><br>Vous avez des questions sur le PKM ?<\/p>\n\n\n\n<div class=\"wp-block-buttons is-layout-flex wp-block-buttons-is-layout-flex\">\n<div class=\"wp-block-button\"><a class=\"wp-block-button__link wp-element-button\" href=\"https:\/\/www.elha.de\/fr\/contact\/\">Vers le formulaire<\/a><\/div>\n<\/div>\n<\/div>\n<\/div>","protected":false},"excerpt":{"rendered":"<p>D\u00e9coupe \u00e0 grande vitesse de grandes h\u00e9lices de bateau : relever les d\u00e9fis avec des modules cin\u00e9matiques parall\u00e8les<\/p>\n<p>Les d\u00e9fis actuels du fraisage \u00e0 grande vitesse de grandes h\u00e9lices de bateau<\/p>\n<p>Die Bearbeitung gro\u00dfer Schiffspropeller, stellt mehrere Herausforderungen dar. Aufgrund der Gr\u00f6\u00dfe<\/p>","protected":false},"author":26,"featured_media":0,"parent":11617,"menu_order":4,"comment_status":"closed","ping_status":"closed","template":"","meta":{"footnotes":""},"class_list":["post-12076","page","type-page","status-publish","hentry"],"blocksy_meta":[],"_links":{"self":[{"href":"https:\/\/www.elha.de\/fr\/wp-json\/wp\/v2\/pages\/12076","targetHints":{"allow":["GET"]}}],"collection":[{"href":"https:\/\/www.elha.de\/fr\/wp-json\/wp\/v2\/pages"}],"about":[{"href":"https:\/\/www.elha.de\/fr\/wp-json\/wp\/v2\/types\/page"}],"author":[{"embeddable":true,"href":"https:\/\/www.elha.de\/fr\/wp-json\/wp\/v2\/users\/26"}],"replies":[{"embeddable":true,"href":"https:\/\/www.elha.de\/fr\/wp-json\/wp\/v2\/comments?post=12076"}],"version-history":[{"count":0,"href":"https:\/\/www.elha.de\/fr\/wp-json\/wp\/v2\/pages\/12076\/revisions"}],"up":[{"embeddable":true,"href":"https:\/\/www.elha.de\/fr\/wp-json\/wp\/v2\/pages\/11617"}],"wp:attachment":[{"href":"https:\/\/www.elha.de\/fr\/wp-json\/wp\/v2\/media?parent=12076"}],"curies":[{"name":"wp","href":"https:\/\/api.w.org\/{rel}","templated":true}]}}